{"id":1290,"date":"2025-03-15T08:08:43","date_gmt":"2025-03-15T06:08:43","guid":{"rendered":"https:\/\/p688098.mittwaldserver.info\/industrial-systems\/"},"modified":"2026-01-09T12:14:15","modified_gmt":"2026-01-09T10:14:15","slug":"industrial-systems","status":"publish","type":"page","link":"https:\/\/www.aee-intec.at\/en\/industrial-systems\/","title":{"rendered":"Industrial Systems"},"content":{"rendered":"\t\t<div data-elementor-type=\"wp-page\" data-elementor-id=\"1290\" class=\"elementor elementor-1290 elementor-1286\" data-elementor-post-type=\"page\">\n\t\t\t\t<div class=\"elementor-element elementor-element-1269f8f e-flex e-con-boxed e-con e-parent\" data-id=\"1269f8f\" data-element_type=\"container\" data-e-type=\"container\">\n\t\t\t\t\t<div class=\"e-con-inner\">\n\t\t\t\t\t<\/div>\n\t\t\t\t<\/div>\n\t\t<div class=\"elementor-element elementor-element-cba58b3 e-flex e-con-boxed e-con e-parent\" data-id=\"cba58b3\" data-element_type=\"container\" data-e-type=\"container\">\n\t\t\t\t\t<div class=\"e-con-inner\">\n\t\t\t\t<div class=\"elementor-element elementor-element-2a6bfc6 elementor-widget elementor-widget-shortcode\" data-id=\"2a6bfc6\" data-element_type=\"widget\" data-e-type=\"widget\" data-widget_type=\"shortcode.default\">\n\t\t\t\t<div class=\"elementor-widget-container\">\n\t\t\t\t\t\t\t<div class=\"elementor-shortcode\"><div class=\"intec-teamblocks-overview\"><div class=\"topics-team-item\">\n                       <div class=\"row g-5\">\n                            <div class=\"col-12 col-sm-3\">\n                                <a href=\"https:\/\/www.aee-intec.at\/en\/people\/di-wolfgang-gruber-glatzl\/\" class=\"\" ><img decoding=\"async\" src=\"https:\/\/www.aee-intec.at\/wp-content\/uploads\/2025\/02\/bilder1372_400x400_f-300x300.jpg\" alt=\"DI Wolfgang Gruber-Glatzl\" class=\"img-fluid\"><\/a>\n                            <\/div>\n                            <div class=\"col-12 col-sm-8 offset-sm-1\">\n                                <h3 class=\"lead-text\"><a href=\"https:\/\/www.aee-intec.at\/en\/people\/di-wolfgang-gruber-glatzl\/\" class=\"ovr_brd_link\" >DI Wolfgang Gruber-Glatzl<\/a><\/h3>\n                                <div class=\"profile-activity\"><p>Head of department Industrial systems<\/p>\n<\/div>\n                                <div class=\"member-email\"><a href=\"https:\/\/www.aee-intec.at\/en\/people\/di-wolfgang-gruber-glatzl\/\" class=\"\" >e-mail<\/a><\/div>\n                            <\/div>\n                        <\/div>\n                        <\/div><\/div><\/div>\n\t\t\t\t\t\t<\/div>\n\t\t\t\t<\/div>\n\t\t\t\t\t<\/div>\n\t\t\t\t<\/div>\n\t\t<div class=\"elementor-element elementor-element-bfb8c98 e-flex e-con-boxed e-con e-parent\" data-id=\"bfb8c98\" data-element_type=\"container\" data-e-type=\"container\">\n\t\t\t\t\t<div class=\"e-con-inner\">\n\t\t<div class=\"elementor-element elementor-element-49fdb0a e-con-full e-flex e-con e-child\" data-id=\"49fdb0a\" data-element_type=\"container\" data-e-type=\"container\">\n\t\t\t\t<div class=\"elementor-element elementor-element-05ba68a elementor-position-top elementor-widget elementor-widget-image-box\" data-id=\"05ba68a\" data-element_type=\"widget\" data-e-type=\"widget\" data-widget_type=\"image-box.default\">\n\t\t\t\t<div class=\"elementor-widget-container\">\n\t\t\t\t\t<div class=\"elementor-image-box-wrapper\"><figure class=\"elementor-image-box-img\"><a href=\"https:\/\/www.aee-intec.at\/en\/people\/di-anna-gantner\/\" tabindex=\"-1\"><img fetchpriority=\"high\" decoding=\"async\" width=\"800\" height=\"800\" src=\"https:\/\/www.aee-intec.at\/wp-content\/uploads\/2026\/01\/Anna-Gantner_hp-1024x1024.jpg\" class=\"attachment-large size-large wp-image-9267\" alt=\"\" srcset=\"https:\/\/www.aee-intec.at\/wp-content\/uploads\/2026\/01\/Anna-Gantner_hp-1024x1024.jpg 1024w, https:\/\/www.aee-intec.at\/wp-content\/uploads\/2026\/01\/Anna-Gantner_hp-300x300.jpg 300w, https:\/\/www.aee-intec.at\/wp-content\/uploads\/2026\/01\/Anna-Gantner_hp-150x150.jpg 150w, https:\/\/www.aee-intec.at\/wp-content\/uploads\/2026\/01\/Anna-Gantner_hp-768x768.jpg 768w, https:\/\/www.aee-intec.at\/wp-content\/uploads\/2026\/01\/Anna-Gantner_hp.jpg 1080w\" sizes=\"(max-width: 800px) 100vw, 800px\" \/><\/a><\/figure><div class=\"elementor-image-box-content\"><p class=\"elementor-image-box-description\"><a href=\"https:\/\/www.aee-intec.at\/en\/people\/di-anna-gantner\/\">DI<sup>in<\/sup> Anna Gantner<\/a><\/p><\/div><\/div>\t\t\t\t<\/div>\n\t\t\t\t<\/div>\n\t\t\t\t<\/div>\n\t\t<div class=\"elementor-element elementor-element-6a38771 e-con-full e-flex e-con e-child\" data-id=\"6a38771\" data-element_type=\"container\" data-e-type=\"container\">\n\t\t\t\t<div class=\"elementor-element elementor-element-3a4b45d elementor-position-top elementor-widget elementor-widget-image-box\" data-id=\"3a4b45d\" data-element_type=\"widget\" data-e-type=\"widget\" data-widget_type=\"image-box.default\">\n\t\t\t\t<div class=\"elementor-widget-container\">\n\t\t\t\t\t<div class=\"elementor-image-box-wrapper\"><figure class=\"elementor-image-box-img\"><a href=\"https:\/\/www.aee-intec.at\/en\/people\/di-di-jasmin-pfleger\/\" tabindex=\"-1\"><img decoding=\"async\" width=\"400\" height=\"400\" src=\"https:\/\/www.aee-intec.at\/wp-content\/uploads\/2025\/02\/bilder2302_400x400_f.jpg\" class=\"attachment-large size-large wp-image-802\" alt=\"\" srcset=\"https:\/\/www.aee-intec.at\/wp-content\/uploads\/2025\/02\/bilder2302_400x400_f.jpg 400w, https:\/\/www.aee-intec.at\/wp-content\/uploads\/2025\/02\/bilder2302_400x400_f-300x300.jpg 300w, https:\/\/www.aee-intec.at\/wp-content\/uploads\/2025\/02\/bilder2302_400x400_f-150x150.jpg 150w\" sizes=\"(max-width: 400px) 100vw, 400px\" \/><\/a><\/figure><div class=\"elementor-image-box-content\"><p class=\"elementor-image-box-description\"><a href=\"https:\/\/www.aee-intec.at\/en\/people\/di-di-jasmin-pfleger\/\">DI<sup>in<\/sup> DI<sup>in<\/sup> Jasmin Pfleger<\/a><\/p><\/div><\/div>\t\t\t\t<\/div>\n\t\t\t\t<\/div>\n\t\t\t\t<\/div>\n\t\t<div class=\"elementor-element elementor-element-369cc58 e-con-full e-flex e-con e-child\" data-id=\"369cc58\" data-element_type=\"container\" data-e-type=\"container\">\n\t\t\t\t<div class=\"elementor-element elementor-element-9354fc5 elementor-position-top elementor-widget elementor-widget-image-box\" data-id=\"9354fc5\" data-element_type=\"widget\" data-e-type=\"widget\" data-widget_type=\"image-box.default\">\n\t\t\t\t<div class=\"elementor-widget-container\">\n\t\t\t\t\t<div class=\"elementor-image-box-wrapper\"><figure class=\"elementor-image-box-img\"><a href=\"https:\/\/www.aee-intec.at\/en\/people\/josephin-paetzold-m-sc\/\" tabindex=\"-1\"><img decoding=\"async\" width=\"800\" height=\"800\" src=\"https:\/\/www.aee-intec.at\/wp-content\/uploads\/2025\/02\/Josephin-Paetzold_neu_hp.jpg\" class=\"attachment-large size-large wp-image-8411\" alt=\"\" srcset=\"https:\/\/www.aee-intec.at\/wp-content\/uploads\/2025\/02\/Josephin-Paetzold_neu_hp.jpg 1024w, https:\/\/www.aee-intec.at\/wp-content\/uploads\/2025\/02\/Josephin-Paetzold_neu_hp-300x300.jpg 300w, https:\/\/www.aee-intec.at\/wp-content\/uploads\/2025\/02\/Josephin-Paetzold_neu_hp-150x150.jpg 150w, https:\/\/www.aee-intec.at\/wp-content\/uploads\/2025\/02\/Josephin-Paetzold_neu_hp-768x768.jpg 768w\" sizes=\"(max-width: 800px) 100vw, 800px\" \/><\/a><\/figure><div class=\"elementor-image-box-content\"><p class=\"elementor-image-box-description\"> <a href=\"https:\/\/www.aee-intec.at\/en\/people\/josephin-paetzold-m-sc\/\">Josephin Paetzold, M.Sc.<\/a><\/p><\/div><\/div>\t\t\t\t<\/div>\n\t\t\t\t<\/div>\n\t\t\t\t<\/div>\n\t\t<div class=\"elementor-element elementor-element-d0f66d5 e-con-full e-flex e-con e-child\" data-id=\"d0f66d5\" data-element_type=\"container\" data-e-type=\"container\">\n\t\t\t\t<div class=\"elementor-element elementor-element-c3e8e5d elementor-position-top elementor-widget elementor-widget-image-box\" data-id=\"c3e8e5d\" data-element_type=\"widget\" data-e-type=\"widget\" data-widget_type=\"image-box.default\">\n\t\t\t\t<div class=\"elementor-widget-container\">\n\t\t\t\t\t<div class=\"elementor-image-box-wrapper\"><figure class=\"elementor-image-box-img\"><a href=\"https:\/\/www.aee-intec.at\/en\/people\/di-monika-spoerk-duer\/\" tabindex=\"-1\"><img loading=\"lazy\" decoding=\"async\" width=\"400\" height=\"400\" src=\"https:\/\/www.aee-intec.at\/wp-content\/uploads\/2025\/02\/bilder550_400x400_f.jpg\" class=\"attachment-large size-large wp-image-890\" alt=\"\" srcset=\"https:\/\/www.aee-intec.at\/wp-content\/uploads\/2025\/02\/bilder550_400x400_f.jpg 400w, https:\/\/www.aee-intec.at\/wp-content\/uploads\/2025\/02\/bilder550_400x400_f-300x300.jpg 300w, https:\/\/www.aee-intec.at\/wp-content\/uploads\/2025\/02\/bilder550_400x400_f-150x150.jpg 150w\" sizes=\"(max-width: 400px) 100vw, 400px\" \/><\/a><\/figure><div class=\"elementor-image-box-content\"><p class=\"elementor-image-box-description\"><a href=\"https:\/\/www.aee-intec.at\/en\/people\/di-monika-spoerk-duer\/\">DI<sup>in<\/sup> Monika Sp\u00f6rk - D\u00fcr<\/a><\/p><\/div><\/div>\t\t\t\t<\/div>\n\t\t\t\t<\/div>\n\t\t\t\t<\/div>\n\t\t\t\t\t<\/div>\n\t\t\t\t<\/div>\n\t\t<div class=\"elementor-element elementor-element-b194455 e-flex e-con-boxed e-con e-parent\" data-id=\"b194455\" data-element_type=\"container\" data-e-type=\"container\">\n\t\t\t\t\t<div class=\"e-con-inner\">\n\t\t<div class=\"elementor-element elementor-element-0d7ac1d e-con-full e-flex e-con e-child\" data-id=\"0d7ac1d\" data-element_type=\"container\" data-e-type=\"container\">\n\t\t\t\t<div class=\"elementor-element elementor-element-d0d9cc4 elementor-position-top elementor-widget elementor-widget-image-box\" data-id=\"d0d9cc4\" data-element_type=\"widget\" data-e-type=\"widget\" data-widget_type=\"image-box.default\">\n\t\t\t\t<div class=\"elementor-widget-container\">\n\t\t\t\t\t<div class=\"elementor-image-box-wrapper\"><figure class=\"elementor-image-box-img\"><a href=\"https:\/\/www.aee-intec.at\/en\/people\/rene-baumann-b-sc\/\" tabindex=\"-1\"><img loading=\"lazy\" decoding=\"async\" width=\"400\" height=\"400\" src=\"https:\/\/www.aee-intec.at\/wp-content\/uploads\/2025\/02\/bilder2568_400x400_f.jpg\" class=\"attachment-large size-large wp-image-600\" alt=\"\" srcset=\"https:\/\/www.aee-intec.at\/wp-content\/uploads\/2025\/02\/bilder2568_400x400_f.jpg 400w, https:\/\/www.aee-intec.at\/wp-content\/uploads\/2025\/02\/bilder2568_400x400_f-300x300.jpg 300w, https:\/\/www.aee-intec.at\/wp-content\/uploads\/2025\/02\/bilder2568_400x400_f-150x150.jpg 150w\" sizes=\"(max-width: 400px) 100vw, 400px\" \/><\/a><\/figure><div class=\"elementor-image-box-content\"><p class=\"elementor-image-box-description\"><a href=\"https:\/\/www.aee-intec.at\/en\/people\/rene-baumann-b-sc\/\">Ren\u00e9 Baumann, B.Sc.<\/a><\/p><\/div><\/div>\t\t\t\t<\/div>\n\t\t\t\t<\/div>\n\t\t\t\t<\/div>\n\t\t<div class=\"elementor-element elementor-element-27703da e-con-full e-flex e-con e-child\" data-id=\"27703da\" data-element_type=\"container\" data-e-type=\"container\">\n\t\t\t\t<div class=\"elementor-element elementor-element-932c7e0 elementor-position-top elementor-widget elementor-widget-image-box\" data-id=\"932c7e0\" data-element_type=\"widget\" data-e-type=\"widget\" data-widget_type=\"image-box.default\">\n\t\t\t\t<div class=\"elementor-widget-container\">\n\t\t\t\t\t<div class=\"elementor-image-box-wrapper\"><figure class=\"elementor-image-box-img\"><a href=\"https:\/\/www.aee-intec.at\/en\/people\/ing-rudolf-moschik\/\" tabindex=\"-1\"><img loading=\"lazy\" decoding=\"async\" width=\"400\" height=\"400\" src=\"https:\/\/www.aee-intec.at\/wp-content\/uploads\/2025\/02\/bilder145_400x400_f.jpg\" class=\"attachment-large size-large wp-image-886\" alt=\"\" srcset=\"https:\/\/www.aee-intec.at\/wp-content\/uploads\/2025\/02\/bilder145_400x400_f.jpg 400w, https:\/\/www.aee-intec.at\/wp-content\/uploads\/2025\/02\/bilder145_400x400_f-300x300.jpg 300w, https:\/\/www.aee-intec.at\/wp-content\/uploads\/2025\/02\/bilder145_400x400_f-150x150.jpg 150w\" sizes=\"(max-width: 400px) 100vw, 400px\" \/><\/a><\/figure><div class=\"elementor-image-box-content\"><p class=\"elementor-image-box-description\"><a href=\"https:\/\/www.aee-intec.at\/en\/people\/ing-rudolf-moschik\/\">Ing. Rudolf Moschik<\/a><\/p><\/div><\/div>\t\t\t\t<\/div>\n\t\t\t\t<\/div>\n\t\t\t\t<\/div>\n\t\t<div class=\"elementor-element elementor-element-c4b61aa e-con-full e-flex e-con e-child\" data-id=\"c4b61aa\" data-element_type=\"container\" data-e-type=\"container\">\n\t\t\t\t<\/div>\n\t\t<div class=\"elementor-element elementor-element-87dd065 e-con-full e-flex e-con e-child\" data-id=\"87dd065\" data-element_type=\"container\" data-e-type=\"container\">\n\t\t\t\t<\/div>\n\t\t\t\t\t<\/div>\n\t\t\t\t<\/div>\n\t\t\t\t<\/div>\n\t\t","protected":false},"excerpt":{"rendered":"<p>DIin Anna Gantner DIin DIin Jasmin Pfleger Josephin Paetzold, M.Sc. DIin Monika Sp\u00f6rk &#8211; D\u00fcr Ren\u00e9 Baumann, B.Sc. Ing. Rudolf Moschik<\/p>\n","protected":false},"author":2,"featured_media":0,"parent":0,"menu_order":0,"comment_status":"closed","ping_status":"closed","template":"","meta":{"_acf_changed":false,"inline_featured_image":false,"footnotes":""},"class_list":["post-1290","page","type-page","status-publish","hentry"],"acf":[],"yoast_head":"<!-- This site is optimized with the Yoast SEO plugin v27.3 - https:\/\/yoast.com\/product\/yoast-seo-wordpress\/ -->\n<title>Industrial Systems - AEE INTEC<\/title>\n<meta name=\"robots\" content=\"index, follow, max-snippet:-1, max-image-preview:large, max-video-preview:-1\" \/>\n<link rel=\"canonical\" href=\"https:\/\/www.aee-intec.at\/en\/industrial-systems\/\" \/>\n<script type=\"application\/ld+json\" class=\"yoast-schema-graph\">{\"@context\":\"https:\\\/\\\/schema.org\",\"@graph\":[{\"@type\":\"WebPage\",\"@id\":\"https:\\\/\\\/www.aee-intec.at\\\/en\\\/industrial-systems\\\/\",\"url\":\"https:\\\/\\\/www.aee-intec.at\\\/en\\\/industrial-systems\\\/\",\"name\":\"Industrial Systems - AEE INTEC\",\"isPartOf\":{\"@id\":\"https:\\\/\\\/www.aee-intec.at\\\/en\\\/#website\"},\"primaryImageOfPage\":{\"@id\":\"https:\\\/\\\/www.aee-intec.at\\\/en\\\/industrial-systems\\\/#primaryimage\"},\"image\":{\"@id\":\"https:\\\/\\\/www.aee-intec.at\\\/en\\\/industrial-systems\\\/#primaryimage\"},\"thumbnailUrl\":\"https:\\\/\\\/www.aee-intec.at\\\/wp-content\\\/uploads\\\/2026\\\/01\\\/Anna-Gantner_hp-1024x1024.jpg\",\"datePublished\":\"2025-03-15T06:08:43+00:00\",\"dateModified\":\"2026-01-09T10:14:15+00:00\",\"breadcrumb\":{\"@id\":\"https:\\\/\\\/www.aee-intec.at\\\/en\\\/industrial-systems\\\/#breadcrumb\"},\"inLanguage\":\"en-US\",\"potentialAction\":[{\"@type\":\"ReadAction\",\"target\":[\"https:\\\/\\\/www.aee-intec.at\\\/en\\\/industrial-systems\\\/\"]}]},{\"@type\":\"ImageObject\",\"inLanguage\":\"en-US\",\"@id\":\"https:\\\/\\\/www.aee-intec.at\\\/en\\\/industrial-systems\\\/#primaryimage\",\"url\":\"https:\\\/\\\/www.aee-intec.at\\\/wp-content\\\/uploads\\\/2026\\\/01\\\/Anna-Gantner_hp-1024x1024.jpg\",\"contentUrl\":\"https:\\\/\\\/www.aee-intec.at\\\/wp-content\\\/uploads\\\/2026\\\/01\\\/Anna-Gantner_hp-1024x1024.jpg\"},{\"@type\":\"BreadcrumbList\",\"@id\":\"https:\\\/\\\/www.aee-intec.at\\\/en\\\/industrial-systems\\\/#breadcrumb\",\"itemListElement\":[{\"@type\":\"ListItem\",\"position\":1,\"name\":\"Home\",\"item\":\"https:\\\/\\\/www.aee-intec.at\\\/en\\\/home-page\\\/\"},{\"@type\":\"ListItem\",\"position\":2,\"name\":\"Industrial Systems\"}]},{\"@type\":\"WebSite\",\"@id\":\"https:\\\/\\\/www.aee-intec.at\\\/en\\\/#website\",\"url\":\"https:\\\/\\\/www.aee-intec.at\\\/en\\\/\",\"name\":\"AEE - Institut f\u00fcr Nachhaltige Technologien\",\"description\":\"Willkommen bei AEE - Institut f\u00fcr Nachhaltige Technologien - AEE INTEC\",\"publisher\":{\"@id\":\"https:\\\/\\\/www.aee-intec.at\\\/en\\\/#organization\"},\"potentialAction\":[{\"@type\":\"SearchAction\",\"target\":{\"@type\":\"EntryPoint\",\"urlTemplate\":\"https:\\\/\\\/www.aee-intec.at\\\/en\\\/?s={search_term_string}\"},\"query-input\":{\"@type\":\"PropertyValueSpecification\",\"valueRequired\":true,\"valueName\":\"search_term_string\"}}],\"inLanguage\":\"en-US\"},{\"@type\":\"Organization\",\"@id\":\"https:\\\/\\\/www.aee-intec.at\\\/en\\\/#organization\",\"name\":\"AEE - Institut f\u00fcr Nachhaltige Technologien\",\"url\":\"https:\\\/\\\/www.aee-intec.at\\\/en\\\/\",\"logo\":{\"@type\":\"ImageObject\",\"inLanguage\":\"en-US\",\"@id\":\"https:\\\/\\\/www.aee-intec.at\\\/en\\\/#\\\/schema\\\/logo\\\/image\\\/\",\"url\":\"https:\\\/\\\/www.aee-intec.at\\\/wp-content\\\/uploads\\\/2025\\\/02\\\/logo-1.gif\",\"contentUrl\":\"https:\\\/\\\/www.aee-intec.at\\\/wp-content\\\/uploads\\\/2025\\\/02\\\/logo-1.gif\",\"width\":74,\"height\":96,\"caption\":\"AEE - Institut f\u00fcr Nachhaltige Technologien\"},\"image\":{\"@id\":\"https:\\\/\\\/www.aee-intec.at\\\/en\\\/#\\\/schema\\\/logo\\\/image\\\/\"},\"sameAs\":[\"https:\\\/\\\/at.linkedin.com\\\/company\\\/aee-intec\",\"https:\\\/\\\/www.youtube.com\\\/channel\\\/UC7y2Y-8u6IXEJXbVlEy_vew\"]}]}<\/script>\n<!-- \/ Yoast SEO plugin. -->","yoast_head_json":{"title":"Industrial Systems - AEE INTEC","robots":{"index":"index","follow":"follow","max-snippet":"max-snippet:-1","max-image-preview":"max-image-preview:large","max-video-preview":"max-video-preview:-1"},"canonical":"https:\/\/www.aee-intec.at\/en\/industrial-systems\/","schema":{"@context":"https:\/\/schema.org","@graph":[{"@type":"WebPage","@id":"https:\/\/www.aee-intec.at\/en\/industrial-systems\/","url":"https:\/\/www.aee-intec.at\/en\/industrial-systems\/","name":"Industrial Systems - AEE INTEC","isPartOf":{"@id":"https:\/\/www.aee-intec.at\/en\/#website"},"primaryImageOfPage":{"@id":"https:\/\/www.aee-intec.at\/en\/industrial-systems\/#primaryimage"},"image":{"@id":"https:\/\/www.aee-intec.at\/en\/industrial-systems\/#primaryimage"},"thumbnailUrl":"https:\/\/www.aee-intec.at\/wp-content\/uploads\/2026\/01\/Anna-Gantner_hp-1024x1024.jpg","datePublished":"2025-03-15T06:08:43+00:00","dateModified":"2026-01-09T10:14:15+00:00","breadcrumb":{"@id":"https:\/\/www.aee-intec.at\/en\/industrial-systems\/#breadcrumb"},"inLanguage":"en-US","potentialAction":[{"@type":"ReadAction","target":["https:\/\/www.aee-intec.at\/en\/industrial-systems\/"]}]},{"@type":"ImageObject","inLanguage":"en-US","@id":"https:\/\/www.aee-intec.at\/en\/industrial-systems\/#primaryimage","url":"https:\/\/www.aee-intec.at\/wp-content\/uploads\/2026\/01\/Anna-Gantner_hp-1024x1024.jpg","contentUrl":"https:\/\/www.aee-intec.at\/wp-content\/uploads\/2026\/01\/Anna-Gantner_hp-1024x1024.jpg"},{"@type":"BreadcrumbList","@id":"https:\/\/www.aee-intec.at\/en\/industrial-systems\/#breadcrumb","itemListElement":[{"@type":"ListItem","position":1,"name":"Home","item":"https:\/\/www.aee-intec.at\/en\/home-page\/"},{"@type":"ListItem","position":2,"name":"Industrial Systems"}]},{"@type":"WebSite","@id":"https:\/\/www.aee-intec.at\/en\/#website","url":"https:\/\/www.aee-intec.at\/en\/","name":"AEE - Institut f\u00fcr Nachhaltige Technologien","description":"Willkommen bei AEE - Institut f\u00fcr Nachhaltige Technologien - AEE INTEC","publisher":{"@id":"https:\/\/www.aee-intec.at\/en\/#organization"},"potentialAction":[{"@type":"SearchAction","target":{"@type":"EntryPoint","urlTemplate":"https:\/\/www.aee-intec.at\/en\/?s={search_term_string}"},"query-input":{"@type":"PropertyValueSpecification","valueRequired":true,"valueName":"search_term_string"}}],"inLanguage":"en-US"},{"@type":"Organization","@id":"https:\/\/www.aee-intec.at\/en\/#organization","name":"AEE - Institut f\u00fcr Nachhaltige Technologien","url":"https:\/\/www.aee-intec.at\/en\/","logo":{"@type":"ImageObject","inLanguage":"en-US","@id":"https:\/\/www.aee-intec.at\/en\/#\/schema\/logo\/image\/","url":"https:\/\/www.aee-intec.at\/wp-content\/uploads\/2025\/02\/logo-1.gif","contentUrl":"https:\/\/www.aee-intec.at\/wp-content\/uploads\/2025\/02\/logo-1.gif","width":74,"height":96,"caption":"AEE - Institut f\u00fcr Nachhaltige Technologien"},"image":{"@id":"https:\/\/www.aee-intec.at\/en\/#\/schema\/logo\/image\/"},"sameAs":["https:\/\/at.linkedin.com\/company\/aee-intec","https:\/\/www.youtube.com\/channel\/UC7y2Y-8u6IXEJXbVlEy_vew"]}]}},"_links":{"self":[{"href":"https:\/\/www.aee-intec.at\/en\/wp-json\/wp\/v2\/pages\/1290","targetHints":{"allow":["GET"]}}],"collection":[{"href":"https:\/\/www.aee-intec.at\/en\/wp-json\/wp\/v2\/pages"}],"about":[{"href":"https:\/\/www.aee-intec.at\/en\/wp-json\/wp\/v2\/types\/page"}],"author":[{"embeddable":true,"href":"https:\/\/www.aee-intec.at\/en\/wp-json\/wp\/v2\/users\/2"}],"replies":[{"embeddable":true,"href":"https:\/\/www.aee-intec.at\/en\/wp-json\/wp\/v2\/comments?post=1290"}],"version-history":[{"count":0,"href":"https:\/\/www.aee-intec.at\/en\/wp-json\/wp\/v2\/pages\/1290\/revisions"}],"wp:attachment":[{"href":"https:\/\/www.aee-intec.at\/en\/wp-json\/wp\/v2\/media?parent=1290"}],"curies":[{"name":"wp","href":"https:\/\/api.w.org\/{rel}","templated":true}]}}