{"id":1715,"date":"2025-03-21T07:19:45","date_gmt":"2025-03-21T05:19:45","guid":{"rendered":"https:\/\/p688098.mittwaldserver.info\/projektleiterin-m-w-d-fuer-den-thematischen-bereich-staedte-und-netze\/"},"modified":"2025-03-21T07:33:02","modified_gmt":"2025-03-21T05:33:02","slug":"projektleiterin-m-w-d-fuer-den-thematischen-bereich-staedte-und-netze","status":"publish","type":"page","link":"https:\/\/www.aee-intec.at\/en\/projektleiterin-m-w-d-fuer-den-thematischen-bereich-staedte-und-netze\/","title":{"rendered":"Projektleiter*in (m\/w\/d) f\u00fcr den thematischen Bereich \u201eSt\u00e4dte und Netze\u201c"},"content":{"rendered":"\t\t<div data-elementor-type=\"wp-page\" data-elementor-id=\"1715\" class=\"elementor elementor-1715\" data-elementor-post-type=\"page\">\n\t\t\t\t<div class=\"elementor-element elementor-element-0f4bb2d e-flex e-con-boxed e-con e-parent\" data-id=\"0f4bb2d\" data-element_type=\"container\" data-e-type=\"container\">\n\t\t\t\t\t<div class=\"e-con-inner\">\n\t\t\t\t\t<\/div>\n\t\t\t\t<\/div>\n\t\t<div class=\"elementor-element elementor-element-fe99872 e-flex e-con-boxed e-con e-parent\" data-id=\"fe99872\" data-element_type=\"container\" data-e-type=\"container\">\n\t\t\t\t\t<div class=\"e-con-inner\">\n\t\t\t\t<div class=\"elementor-element elementor-element-5d68e27 elementor-widget elementor-widget-text-editor\" data-id=\"5d68e27\" data-element_type=\"widget\" data-e-type=\"widget\" data-widget_type=\"text-editor.default\">\n\t\t\t\t<div class=\"elementor-widget-container\">\n\t\t\t\t\t\t\t\t\t<p><strong>AEE \u2013 Institut f\u00fcr Nachhaltige Technologien (AEE INTEC)<\/strong> ist eine au\u00dferuniversit\u00e4re Forschungseinrichtung und eines der f\u00fchrenden Institute im Bereich angewandter Forschung zu den thematischen Schwerpunkten <strong>Geb\u00e4ude, Industrielle Systeme<\/strong> sowie <strong>St\u00e4dte und Netze und Technologieentwicklung<\/strong>. AEE INTEC besch\u00e4ftigt in Gleisdorf rund 80 Personen aus \u00fcber 10 verschiedenen Nationen.<\/p><p>AEE INTEC besch\u00e4ftigt sich u.a. mit der Effizienzsteigerung und der verst\u00e4rkten Integration erneuerbarer Energietr\u00e4ger in unsere Energieversorgungssysteme und -infrastrukturen. Die Entwicklung innovativer und integrierter Energieversorgungssysteme mit mehreren Energievektoren (u.a. W\u00e4rme, K\u00e4lte, Strom, Gr\u00fcngas, Wasserstoff) und die optimale Nutzung unserer netzgebundenen Versorgungsinfrastrukturen z\u00e4hlt hierbei zu den zentralen Herausforderungen. Den wissenschaftlichen Rahmen bieten hier nationale und internationale Forschungs- und Demonstrationsprojekte. F\u00fcr den Bereich der integrierten Energieversorgungssysteme suchen wir zum n\u00e4chstm\u00f6glichen Termin Unterst\u00fctzung.<\/p><p>\u00a0<\/p><p><strong>Ihre Aufgaben:<\/strong><\/p><ul><li>Inhaltliche Mitarbeit in nationalen und internationalen Forschungsprojekten mit Fokus auf integrierte Energiesysteme<\/li><li>Eigenst\u00e4ndige Bearbeitung von Forschungsfragestellungen<\/li><li>Pr\u00e4sentation und Ver\u00f6ffentlichung der Forschungsergebnisse bei Projektmeetings und Fachkonferenzen<\/li><li>Entwicklung von neuen Forschungsfragen und Ideen zur inhaltlichen und methodischen Weiterentwicklung des Bereiches und des Institutes<\/li><\/ul><p>\u00a0<\/p><p><strong>Ihre Qualifikationen:<\/strong><\/p><ul><li>Tiefgehendes Verst\u00e4ndnis f\u00fcr komplexer und nachhaltiger Energiesysteme, der Einzeltechnologien und der systemischen Herausforderungen<\/li><li>Abgeschlossenes (Fach-) Hochschulstudium im Bereich Umwelt- und Energie(system)technik, Verfahrenstechnik, Geb\u00e4udetechnik, Maschinenbau, Energietechnik oder einer verwandten Fachrichtung<\/li><li>Erfahrung im Projektmanagement und in der Projektakquise<\/li><li>Erfahrung mit wissenschaftlichen Arbeiten in Forschungsprojekten<\/li><li>Sehr gute Deutsch- und Englischkenntnisse in Wort und Schrift<\/li><li>Kommunikative Pers\u00f6nlichkeit mit Organisationstalent und Teamgeist<\/li><li>Spa\u00df an herausfordernden Projekten sowie an der Generierung und Erprobung neuer Ideen<\/li><\/ul><p>\u00a0<\/p><p><strong>Wir bieten Ihnen:<\/strong><\/p><ul><li>Anspruchsvolle und abwechslungsreiche T\u00e4tigkeiten in kooperativen Forschungsprojekten, deren Ergebnisse die Energieversorgung von morgen mitgestalten<\/li><li>Integration und wissenschaftliches Arbeiten in internationalen Expertennetzwerken<\/li><li>Eigenst\u00e4ndiges Gestalten von neuen, interessanten Forschungsthemen<\/li><li>Raum f\u00fcr pers\u00f6nliche Entfaltung sowie fachliche und individuelle Weiterbildungen<\/li><li>Nachhaltige Mobilit\u00e4tskonzepte f\u00fcr Mitarbeiter*innen inkl. Zuschuss zu \u00f6ffentlichen Verkehrsmitteln<\/li><li>Pr\u00e4miensystem und Betriebliche Pensionsvorsorge<\/li><li>Familienfreundliche, flexible Arbeitszeitgestaltung und Home-Office-Regelung<\/li><\/ul><p>\u00a0<\/p><p>F\u00fcr die ausgeschriebene Stelle gilt der Kollektivvertrag der au\u00dferuniversit\u00e4ren Forschung in Abh\u00e4ngigkeit von bereits erworbener Qualifikation und Erfahrung. Das Mindestgehalt betr\u00e4gt \u20ac 57.000, &#8211; brutto\/Jahr.<\/p><p>Ihre Bewerbungsunterlagen senden Sie bitte in elektronischer Form an:<\/p><p><strong>AEE \u2013 Institut f\u00fcr Nachhaltige Technologien<\/strong><br \/>Frau Mag. Margaretha Spencer<br \/>Feldgasse 19, A-8200 Gleisdorf, Tel.: +43 3112 5886-121,<br \/><a href=\"mailto:m.spencer@aee.at\">m.spencer@aee.at<\/a>, <a href=\"https:\/\/www.aee-intec.at\/\" target=\"_blank\" rel=\"noopener\">http:\/\/www.aee-intec.at<\/a><\/p>\t\t\t\t\t\t\t\t<\/div>\n\t\t\t\t<\/div>\n\t\t\t\t\t<\/div>\n\t\t\t\t<\/div>\n\t\t\t\t<\/div>\n\t\t","protected":false},"excerpt":{"rendered":"<p>AEE \u2013 Institut f\u00fcr Nachhaltige Technologien (AEE INTEC) ist eine au\u00dferuniversit\u00e4re Forschungseinrichtung und eines der f\u00fchrenden Institute im Bereich angewandter Forschung zu den thematischen Schwerpunkten Geb\u00e4ude, Industrielle Systeme sowie St\u00e4dte und Netze und Technologieentwicklung. AEE INTEC besch\u00e4ftigt in Gleisdorf rund 80 Personen aus \u00fcber 10 verschiedenen Nationen. AEE INTEC besch\u00e4ftigt sich u.a. mit der Effizienzsteigerung [&hellip;]<\/p>\n","protected":false},"author":2,"featured_media":0,"parent":0,"menu_order":0,"comment_status":"closed","ping_status":"closed","template":"","meta":{"_acf_changed":false,"inline_featured_image":false,"footnotes":""},"class_list":["post-1715","page","type-page","status-publish","hentry"],"acf":[],"yoast_head":"<!-- This site is optimized with the Yoast SEO plugin v27.4 - https:\/\/yoast.com\/product\/yoast-seo-wordpress\/ -->\n<title>Projektleiter*in (m\/w\/d) f\u00fcr den thematischen Bereich \u201eSt\u00e4dte und Netze\u201c - AEE INTEC<\/title>\n<meta name=\"robots\" content=\"index, follow, max-snippet:-1, max-image-preview:large, max-video-preview:-1\" \/>\n<link rel=\"canonical\" href=\"https:\/\/www.aee-intec.at\/en\/projektleiterin-m-w-d-fuer-den-thematischen-bereich-staedte-und-netze\/\" \/>\n<script type=\"application\/ld+json\" class=\"yoast-schema-graph\">{\"@context\":\"https:\\\/\\\/schema.org\",\"@graph\":[{\"@type\":\"WebPage\",\"@id\":\"https:\\\/\\\/www.aee-intec.at\\\/en\\\/projektleiterin-m-w-d-fuer-den-thematischen-bereich-staedte-und-netze\\\/\",\"url\":\"https:\\\/\\\/www.aee-intec.at\\\/en\\\/projektleiterin-m-w-d-fuer-den-thematischen-bereich-staedte-und-netze\\\/\",\"name\":\"Projektleiter*in (m\\\/w\\\/d) f\u00fcr den thematischen Bereich \u201eSt\u00e4dte und Netze\u201c - AEE INTEC\",\"isPartOf\":{\"@id\":\"https:\\\/\\\/www.aee-intec.at\\\/en\\\/#website\"},\"datePublished\":\"2025-03-21T05:19:45+00:00\",\"dateModified\":\"2025-03-21T05:33:02+00:00\",\"breadcrumb\":{\"@id\":\"https:\\\/\\\/www.aee-intec.at\\\/en\\\/projektleiterin-m-w-d-fuer-den-thematischen-bereich-staedte-und-netze\\\/#breadcrumb\"},\"inLanguage\":\"en-US\",\"potentialAction\":[{\"@type\":\"ReadAction\",\"target\":[\"https:\\\/\\\/www.aee-intec.at\\\/en\\\/projektleiterin-m-w-d-fuer-den-thematischen-bereich-staedte-und-netze\\\/\"]}]},{\"@type\":\"BreadcrumbList\",\"@id\":\"https:\\\/\\\/www.aee-intec.at\\\/en\\\/projektleiterin-m-w-d-fuer-den-thematischen-bereich-staedte-und-netze\\\/#breadcrumb\",\"itemListElement\":[{\"@type\":\"ListItem\",\"position\":1,\"name\":\"Home\",\"item\":\"https:\\\/\\\/www.aee-intec.at\\\/en\\\/home-page\\\/\"},{\"@type\":\"ListItem\",\"position\":2,\"name\":\"Projektleiter*in (m\\\/w\\\/d) f\u00fcr den thematischen Bereich \u201eSt\u00e4dte und Netze\u201c\"}]},{\"@type\":\"WebSite\",\"@id\":\"https:\\\/\\\/www.aee-intec.at\\\/en\\\/#website\",\"url\":\"https:\\\/\\\/www.aee-intec.at\\\/en\\\/\",\"name\":\"AEE - Institut f\u00fcr Nachhaltige Technologien\",\"description\":\"Willkommen bei AEE - Institut f\u00fcr Nachhaltige Technologien - AEE INTEC\",\"publisher\":{\"@id\":\"https:\\\/\\\/www.aee-intec.at\\\/en\\\/#organization\"},\"potentialAction\":[{\"@type\":\"SearchAction\",\"target\":{\"@type\":\"EntryPoint\",\"urlTemplate\":\"https:\\\/\\\/www.aee-intec.at\\\/en\\\/?s={search_term_string}\"},\"query-input\":{\"@type\":\"PropertyValueSpecification\",\"valueRequired\":true,\"valueName\":\"search_term_string\"}}],\"inLanguage\":\"en-US\"},{\"@type\":\"Organization\",\"@id\":\"https:\\\/\\\/www.aee-intec.at\\\/en\\\/#organization\",\"name\":\"AEE - Institut f\u00fcr Nachhaltige Technologien\",\"url\":\"https:\\\/\\\/www.aee-intec.at\\\/en\\\/\",\"logo\":{\"@type\":\"ImageObject\",\"inLanguage\":\"en-US\",\"@id\":\"https:\\\/\\\/www.aee-intec.at\\\/en\\\/#\\\/schema\\\/logo\\\/image\\\/\",\"url\":\"https:\\\/\\\/www.aee-intec.at\\\/wp-content\\\/uploads\\\/2025\\\/02\\\/logo-1.gif\",\"contentUrl\":\"https:\\\/\\\/www.aee-intec.at\\\/wp-content\\\/uploads\\\/2025\\\/02\\\/logo-1.gif\",\"width\":74,\"height\":96,\"caption\":\"AEE - Institut f\u00fcr Nachhaltige Technologien\"},\"image\":{\"@id\":\"https:\\\/\\\/www.aee-intec.at\\\/en\\\/#\\\/schema\\\/logo\\\/image\\\/\"},\"sameAs\":[\"https:\\\/\\\/at.linkedin.com\\\/company\\\/aee-intec\",\"https:\\\/\\\/www.youtube.com\\\/channel\\\/UC7y2Y-8u6IXEJXbVlEy_vew\"]}]}<\/script>\n<!-- \/ Yoast SEO plugin. -->","yoast_head_json":{"title":"Projektleiter*in (m\/w\/d) f\u00fcr den thematischen Bereich \u201eSt\u00e4dte und Netze\u201c - AEE INTEC","robots":{"index":"index","follow":"follow","max-snippet":"max-snippet:-1","max-image-preview":"max-image-preview:large","max-video-preview":"max-video-preview:-1"},"canonical":"https:\/\/www.aee-intec.at\/en\/projektleiterin-m-w-d-fuer-den-thematischen-bereich-staedte-und-netze\/","schema":{"@context":"https:\/\/schema.org","@graph":[{"@type":"WebPage","@id":"https:\/\/www.aee-intec.at\/en\/projektleiterin-m-w-d-fuer-den-thematischen-bereich-staedte-und-netze\/","url":"https:\/\/www.aee-intec.at\/en\/projektleiterin-m-w-d-fuer-den-thematischen-bereich-staedte-und-netze\/","name":"Projektleiter*in (m\/w\/d) f\u00fcr den thematischen Bereich \u201eSt\u00e4dte und Netze\u201c - AEE INTEC","isPartOf":{"@id":"https:\/\/www.aee-intec.at\/en\/#website"},"datePublished":"2025-03-21T05:19:45+00:00","dateModified":"2025-03-21T05:33:02+00:00","breadcrumb":{"@id":"https:\/\/www.aee-intec.at\/en\/projektleiterin-m-w-d-fuer-den-thematischen-bereich-staedte-und-netze\/#breadcrumb"},"inLanguage":"en-US","potentialAction":[{"@type":"ReadAction","target":["https:\/\/www.aee-intec.at\/en\/projektleiterin-m-w-d-fuer-den-thematischen-bereich-staedte-und-netze\/"]}]},{"@type":"BreadcrumbList","@id":"https:\/\/www.aee-intec.at\/en\/projektleiterin-m-w-d-fuer-den-thematischen-bereich-staedte-und-netze\/#breadcrumb","itemListElement":[{"@type":"ListItem","position":1,"name":"Home","item":"https:\/\/www.aee-intec.at\/en\/home-page\/"},{"@type":"ListItem","position":2,"name":"Projektleiter*in (m\/w\/d) f\u00fcr den thematischen Bereich \u201eSt\u00e4dte und Netze\u201c"}]},{"@type":"WebSite","@id":"https:\/\/www.aee-intec.at\/en\/#website","url":"https:\/\/www.aee-intec.at\/en\/","name":"AEE - Institut f\u00fcr Nachhaltige Technologien","description":"Willkommen bei AEE - Institut f\u00fcr Nachhaltige Technologien - AEE INTEC","publisher":{"@id":"https:\/\/www.aee-intec.at\/en\/#organization"},"potentialAction":[{"@type":"SearchAction","target":{"@type":"EntryPoint","urlTemplate":"https:\/\/www.aee-intec.at\/en\/?s={search_term_string}"},"query-input":{"@type":"PropertyValueSpecification","valueRequired":true,"valueName":"search_term_string"}}],"inLanguage":"en-US"},{"@type":"Organization","@id":"https:\/\/www.aee-intec.at\/en\/#organization","name":"AEE - Institut f\u00fcr Nachhaltige Technologien","url":"https:\/\/www.aee-intec.at\/en\/","logo":{"@type":"ImageObject","inLanguage":"en-US","@id":"https:\/\/www.aee-intec.at\/en\/#\/schema\/logo\/image\/","url":"https:\/\/www.aee-intec.at\/wp-content\/uploads\/2025\/02\/logo-1.gif","contentUrl":"https:\/\/www.aee-intec.at\/wp-content\/uploads\/2025\/02\/logo-1.gif","width":74,"height":96,"caption":"AEE - Institut f\u00fcr Nachhaltige Technologien"},"image":{"@id":"https:\/\/www.aee-intec.at\/en\/#\/schema\/logo\/image\/"},"sameAs":["https:\/\/at.linkedin.com\/company\/aee-intec","https:\/\/www.youtube.com\/channel\/UC7y2Y-8u6IXEJXbVlEy_vew"]}]}},"_links":{"self":[{"href":"https:\/\/www.aee-intec.at\/en\/wp-json\/wp\/v2\/pages\/1715","targetHints":{"allow":["GET"]}}],"collection":[{"href":"https:\/\/www.aee-intec.at\/en\/wp-json\/wp\/v2\/pages"}],"about":[{"href":"https:\/\/www.aee-intec.at\/en\/wp-json\/wp\/v2\/types\/page"}],"author":[{"embeddable":true,"href":"https:\/\/www.aee-intec.at\/en\/wp-json\/wp\/v2\/users\/2"}],"replies":[{"embeddable":true,"href":"https:\/\/www.aee-intec.at\/en\/wp-json\/wp\/v2\/comments?post=1715"}],"version-history":[{"count":0,"href":"https:\/\/www.aee-intec.at\/en\/wp-json\/wp\/v2\/pages\/1715\/revisions"}],"wp:attachment":[{"href":"https:\/\/www.aee-intec.at\/en\/wp-json\/wp\/v2\/media?parent=1715"}],"curies":[{"name":"wp","href":"https:\/\/api.w.org\/{rel}","templated":true}]}}