{"id":1719,"date":"2025-03-21T08:14:09","date_gmt":"2025-03-21T06:14:09","guid":{"rendered":"https:\/\/p688098.mittwaldserver.info\/human-resources-vertragsmanagement-m-w-d-teil-oder-vollzeit\/"},"modified":"2025-05-15T05:33:35","modified_gmt":"2025-05-15T03:33:35","slug":"human-resources-vertragsmanagement-m-w-d-teil-oder-vollzeit","status":"publish","type":"page","link":"https:\/\/www.aee-intec.at\/en\/human-resources-vertragsmanagement-m-w-d-teil-oder-vollzeit\/","title":{"rendered":"Human Resources &amp; Vertragsmanagement (m\/w\/d) Teil- oder Vollzeit"},"content":{"rendered":"\t\t<div data-elementor-type=\"wp-page\" data-elementor-id=\"1719\" class=\"elementor elementor-1719\" data-elementor-post-type=\"page\">\n\t\t\t\t<div class=\"elementor-element elementor-element-e05cd01 e-flex e-con-boxed e-con e-parent\" data-id=\"e05cd01\" data-element_type=\"container\" data-e-type=\"container\">\n\t\t\t\t\t<div class=\"e-con-inner\">\n\t\t\t\t\t<\/div>\n\t\t\t\t<\/div>\n\t\t<div class=\"elementor-element elementor-element-1750b2f e-flex e-con-boxed e-con e-parent\" data-id=\"1750b2f\" data-element_type=\"container\" data-e-type=\"container\">\n\t\t\t\t\t<div class=\"e-con-inner\">\n\t\t\t\t<div class=\"elementor-element elementor-element-b91a459 elementor-widget elementor-widget-text-editor\" data-id=\"b91a459\" data-element_type=\"widget\" data-e-type=\"widget\" data-widget_type=\"text-editor.default\">\n\t\t\t\t<div class=\"elementor-widget-container\">\n\t\t\t\t\t\t\t\t\t<p>M\u00f6chten Sie Ihre juristische Expertise in einem dynamischen Forschungsumfeld einbringen? <br>Suchen Sie eine Position, die Vertragsrecht mit modernem HR-Management verbindet? Dann werden Sie Teil unseres internationalen Teams! Bei uns erwartet Sie ein Umfeld, in dem Sie Ihre F\u00e4higkeiten und Ideen einbringen k\u00f6nnen, um sowohl rechtliche Rahmenbedingungen zu optimieren als auch die Personalentwicklung voranzutreiben.  <\/p><p><strong>AEE INTEC<\/strong> ist eine f\u00fchrende au\u00dferuniversit\u00e4re Forschungseinrichtung <strong>mit rund 90 Mitarbeiter*innen aus \u00fcber 15 Nationen<\/strong>. Wir forschen an nachhaltigen Technologien f\u00fcr Geb\u00e4ude, industrielle Systeme, St\u00e4dte &amp; Netze sowie Technologieentwicklung.  <\/p><h4> <\/h4><h4>Ihr Aufgabenbereich<\/h4><ul><li><strong>Umfassendes HR-Management von Onboarding bis Offboarding<\/strong><\/li><li>Betreuung von <strong>HR-relevanten Prozessen<\/strong><\/li><li><strong>Recruiting<\/strong> und <strong>Employer Branding<\/strong><\/li><li>Eigenst\u00e4ndige Erstellung, Pr\u00fcfung und Verhandlung <strong>nationaler und internationaler Vertr\u00e4ge<\/strong> (u. a. Konsortial-, Projekt- und Forschungskooperationsvertr\u00e4ge)<\/li><li><strong>Rechtliche Beratung<\/strong> in den Bereichen Arbeitsrecht, Personalwesen und Vertragsgestaltung<\/li><\/ul><h4> <\/h4><h4>Ihr Profil<\/h4><ul><li>Abgeschlossenes Studium im Bereich <strong>Human Resources<\/strong> oder der <strong>Rechtswissenschaften<\/strong> (Universit\u00e4t oder FH)<\/li><li>Mehrj\u00e4hrige Erfahrung im Bereich <strong>HR und\/oder Vertragsrecht<\/strong><\/li><li>Erfahrung mit Vertragswesen im Forschungsumfeld von Vorteil<\/li><li>Kommunikationsst\u00e4rke, Organisationstalent und Teamgeist<\/li><li>Sehr gute Deutsch- und Englischkenntnisse in Wort und Schrift<\/li><\/ul><h4> <\/h4><h4>Unser Angebot<\/h4><ul><li><strong>Sinnstiftende T\u00e4tigkeit<\/strong> in einem international anerkannten Forschungsinstitut<\/li><li>Familienfreundliche, flexible Arbeitszeiten &amp; Home-Office-Regelung<\/li><li><strong>Individuelle Weiterbildungsangebote<\/strong> und pers\u00f6nliche Entwicklungsm\u00f6glichkeiten<\/li><li><strong>Attraktive Benefits<\/strong> wie betriebliche Pensionsvorsorge, Pr\u00e4miensystem und ein nachhaltiges Mobilit\u00e4tskonzepte f\u00fcr Mitarbeiter*innen inkl. Zuschuss zu \u00f6ffentlichen Verkehrsmitteln<\/li><\/ul><p> <\/p><p>F\u00fcr die ausgeschriebene Stelle gilt der Kollektivvertrag der au\u00dferuniversit\u00e4ren Forschung mit einem Mindestjahresgehalt von \u20ac 52.000,- brutto, abh\u00e4ngig von Qualifikation und Erfahrung.<\/p><p><br><strong>Klingt spannend? Wir freuen uns auf Ihre Bewerbung! <\/strong><br>Bitte senden Sie Ihre Unterlagen per E-Mail an:<br><br><strong>AEE \u2013 Institut f\u00fcr Nachhaltige Technologien<\/strong><br>Frau Mag. Margaretha Spencer,<br>Feldgasse 19, A-8200 Gleisdorf, Tel.: +43 3112 5886-121, <br><a href=\"mailto:bewerbungen@aee.at\" target=\"_blank\" rel=\"noopener\">bewerbungen@aee.at<\/a>, <a href=\"http:\/\/www.aee-intec.at\" target=\"_blank\" rel=\"noopener\">http:\/\/www.aee-intec.at<\/a><\/p><p> <\/p>\t\t\t\t\t\t\t\t<\/div>\n\t\t\t\t<\/div>\n\t\t\t\t\t<\/div>\n\t\t\t\t<\/div>\n\t\t\t\t<\/div>\n\t\t","protected":false},"excerpt":{"rendered":"<p>M\u00f6chten Sie Ihre juristische Expertise in einem dynamischen Forschungsumfeld einbringen? Suchen Sie eine Position, die Vertragsrecht mit modernem HR-Management verbindet? Dann werden Sie Teil unseres internationalen Teams! Bei uns erwartet Sie ein Umfeld, in dem Sie Ihre F\u00e4higkeiten und Ideen einbringen k\u00f6nnen, um sowohl rechtliche Rahmenbedingungen zu optimieren als auch die Personalentwicklung voranzutreiben. AEE INTEC [&hellip;]<\/p>\n","protected":false},"author":2,"featured_media":0,"parent":0,"menu_order":0,"comment_status":"closed","ping_status":"closed","template":"","meta":{"_acf_changed":false,"inline_featured_image":false,"footnotes":""},"class_list":["post-1719","page","type-page","status-publish","hentry"],"acf":[],"yoast_head":"<!-- This site is optimized with the Yoast SEO plugin v27.5 - https:\/\/yoast.com\/product\/yoast-seo-wordpress\/ -->\n<title>Human Resources &amp; Vertragsmanagement (m\/w\/d) Teil- oder Vollzeit - AEE INTEC<\/title>\n<meta name=\"robots\" content=\"index, follow, max-snippet:-1, max-image-preview:large, max-video-preview:-1\" \/>\n<link rel=\"canonical\" href=\"https:\/\/www.aee-intec.at\/en\/human-resources-vertragsmanagement-m-w-d-teil-oder-vollzeit\/\" \/>\n<script type=\"application\/ld+json\" class=\"yoast-schema-graph\">{\"@context\":\"https:\\\/\\\/schema.org\",\"@graph\":[{\"@type\":\"WebPage\",\"@id\":\"https:\\\/\\\/www.aee-intec.at\\\/en\\\/human-resources-vertragsmanagement-m-w-d-teil-oder-vollzeit\\\/\",\"url\":\"https:\\\/\\\/www.aee-intec.at\\\/en\\\/human-resources-vertragsmanagement-m-w-d-teil-oder-vollzeit\\\/\",\"name\":\"Human Resources &amp; Vertragsmanagement (m\\\/w\\\/d) Teil- oder Vollzeit - AEE INTEC\",\"isPartOf\":{\"@id\":\"https:\\\/\\\/www.aee-intec.at\\\/en\\\/#website\"},\"datePublished\":\"2025-03-21T06:14:09+00:00\",\"dateModified\":\"2025-05-15T03:33:35+00:00\",\"breadcrumb\":{\"@id\":\"https:\\\/\\\/www.aee-intec.at\\\/en\\\/human-resources-vertragsmanagement-m-w-d-teil-oder-vollzeit\\\/#breadcrumb\"},\"inLanguage\":\"en-US\",\"potentialAction\":[{\"@type\":\"ReadAction\",\"target\":[\"https:\\\/\\\/www.aee-intec.at\\\/en\\\/human-resources-vertragsmanagement-m-w-d-teil-oder-vollzeit\\\/\"]}]},{\"@type\":\"BreadcrumbList\",\"@id\":\"https:\\\/\\\/www.aee-intec.at\\\/en\\\/human-resources-vertragsmanagement-m-w-d-teil-oder-vollzeit\\\/#breadcrumb\",\"itemListElement\":[{\"@type\":\"ListItem\",\"position\":1,\"name\":\"Home\",\"item\":\"https:\\\/\\\/www.aee-intec.at\\\/en\\\/home-page\\\/\"},{\"@type\":\"ListItem\",\"position\":2,\"name\":\"Human Resources &amp; Vertragsmanagement (m\\\/w\\\/d) Teil- oder Vollzeit\"}]},{\"@type\":\"WebSite\",\"@id\":\"https:\\\/\\\/www.aee-intec.at\\\/en\\\/#website\",\"url\":\"https:\\\/\\\/www.aee-intec.at\\\/en\\\/\",\"name\":\"AEE - Institut f\u00fcr Nachhaltige Technologien\",\"description\":\"Willkommen bei AEE - Institut f\u00fcr Nachhaltige Technologien - AEE INTEC\",\"publisher\":{\"@id\":\"https:\\\/\\\/www.aee-intec.at\\\/en\\\/#organization\"},\"potentialAction\":[{\"@type\":\"SearchAction\",\"target\":{\"@type\":\"EntryPoint\",\"urlTemplate\":\"https:\\\/\\\/www.aee-intec.at\\\/en\\\/?s={search_term_string}\"},\"query-input\":{\"@type\":\"PropertyValueSpecification\",\"valueRequired\":true,\"valueName\":\"search_term_string\"}}],\"inLanguage\":\"en-US\"},{\"@type\":\"Organization\",\"@id\":\"https:\\\/\\\/www.aee-intec.at\\\/en\\\/#organization\",\"name\":\"AEE - Institut f\u00fcr Nachhaltige Technologien\",\"url\":\"https:\\\/\\\/www.aee-intec.at\\\/en\\\/\",\"logo\":{\"@type\":\"ImageObject\",\"inLanguage\":\"en-US\",\"@id\":\"https:\\\/\\\/www.aee-intec.at\\\/en\\\/#\\\/schema\\\/logo\\\/image\\\/\",\"url\":\"https:\\\/\\\/www.aee-intec.at\\\/wp-content\\\/uploads\\\/2025\\\/02\\\/logo-1.gif\",\"contentUrl\":\"https:\\\/\\\/www.aee-intec.at\\\/wp-content\\\/uploads\\\/2025\\\/02\\\/logo-1.gif\",\"width\":74,\"height\":96,\"caption\":\"AEE - Institut f\u00fcr Nachhaltige Technologien\"},\"image\":{\"@id\":\"https:\\\/\\\/www.aee-intec.at\\\/en\\\/#\\\/schema\\\/logo\\\/image\\\/\"},\"sameAs\":[\"https:\\\/\\\/at.linkedin.com\\\/company\\\/aee-intec\",\"https:\\\/\\\/www.youtube.com\\\/channel\\\/UC7y2Y-8u6IXEJXbVlEy_vew\"]}]}<\/script>\n<!-- \/ Yoast SEO plugin. -->","yoast_head_json":{"title":"Human Resources &amp; Vertragsmanagement (m\/w\/d) Teil- oder Vollzeit - AEE INTEC","robots":{"index":"index","follow":"follow","max-snippet":"max-snippet:-1","max-image-preview":"max-image-preview:large","max-video-preview":"max-video-preview:-1"},"canonical":"https:\/\/www.aee-intec.at\/en\/human-resources-vertragsmanagement-m-w-d-teil-oder-vollzeit\/","schema":{"@context":"https:\/\/schema.org","@graph":[{"@type":"WebPage","@id":"https:\/\/www.aee-intec.at\/en\/human-resources-vertragsmanagement-m-w-d-teil-oder-vollzeit\/","url":"https:\/\/www.aee-intec.at\/en\/human-resources-vertragsmanagement-m-w-d-teil-oder-vollzeit\/","name":"Human Resources &amp; Vertragsmanagement (m\/w\/d) Teil- oder Vollzeit - AEE INTEC","isPartOf":{"@id":"https:\/\/www.aee-intec.at\/en\/#website"},"datePublished":"2025-03-21T06:14:09+00:00","dateModified":"2025-05-15T03:33:35+00:00","breadcrumb":{"@id":"https:\/\/www.aee-intec.at\/en\/human-resources-vertragsmanagement-m-w-d-teil-oder-vollzeit\/#breadcrumb"},"inLanguage":"en-US","potentialAction":[{"@type":"ReadAction","target":["https:\/\/www.aee-intec.at\/en\/human-resources-vertragsmanagement-m-w-d-teil-oder-vollzeit\/"]}]},{"@type":"BreadcrumbList","@id":"https:\/\/www.aee-intec.at\/en\/human-resources-vertragsmanagement-m-w-d-teil-oder-vollzeit\/#breadcrumb","itemListElement":[{"@type":"ListItem","position":1,"name":"Home","item":"https:\/\/www.aee-intec.at\/en\/home-page\/"},{"@type":"ListItem","position":2,"name":"Human Resources &amp; Vertragsmanagement (m\/w\/d) Teil- oder Vollzeit"}]},{"@type":"WebSite","@id":"https:\/\/www.aee-intec.at\/en\/#website","url":"https:\/\/www.aee-intec.at\/en\/","name":"AEE - Institut f\u00fcr Nachhaltige Technologien","description":"Willkommen bei AEE - Institut f\u00fcr Nachhaltige Technologien - AEE INTEC","publisher":{"@id":"https:\/\/www.aee-intec.at\/en\/#organization"},"potentialAction":[{"@type":"SearchAction","target":{"@type":"EntryPoint","urlTemplate":"https:\/\/www.aee-intec.at\/en\/?s={search_term_string}"},"query-input":{"@type":"PropertyValueSpecification","valueRequired":true,"valueName":"search_term_string"}}],"inLanguage":"en-US"},{"@type":"Organization","@id":"https:\/\/www.aee-intec.at\/en\/#organization","name":"AEE - Institut f\u00fcr Nachhaltige Technologien","url":"https:\/\/www.aee-intec.at\/en\/","logo":{"@type":"ImageObject","inLanguage":"en-US","@id":"https:\/\/www.aee-intec.at\/en\/#\/schema\/logo\/image\/","url":"https:\/\/www.aee-intec.at\/wp-content\/uploads\/2025\/02\/logo-1.gif","contentUrl":"https:\/\/www.aee-intec.at\/wp-content\/uploads\/2025\/02\/logo-1.gif","width":74,"height":96,"caption":"AEE - Institut f\u00fcr Nachhaltige Technologien"},"image":{"@id":"https:\/\/www.aee-intec.at\/en\/#\/schema\/logo\/image\/"},"sameAs":["https:\/\/at.linkedin.com\/company\/aee-intec","https:\/\/www.youtube.com\/channel\/UC7y2Y-8u6IXEJXbVlEy_vew"]}]}},"_links":{"self":[{"href":"https:\/\/www.aee-intec.at\/en\/wp-json\/wp\/v2\/pages\/1719","targetHints":{"allow":["GET"]}}],"collection":[{"href":"https:\/\/www.aee-intec.at\/en\/wp-json\/wp\/v2\/pages"}],"about":[{"href":"https:\/\/www.aee-intec.at\/en\/wp-json\/wp\/v2\/types\/page"}],"author":[{"embeddable":true,"href":"https:\/\/www.aee-intec.at\/en\/wp-json\/wp\/v2\/users\/2"}],"replies":[{"embeddable":true,"href":"https:\/\/www.aee-intec.at\/en\/wp-json\/wp\/v2\/comments?post=1719"}],"version-history":[{"count":0,"href":"https:\/\/www.aee-intec.at\/en\/wp-json\/wp\/v2\/pages\/1719\/revisions"}],"wp:attachment":[{"href":"https:\/\/www.aee-intec.at\/en\/wp-json\/wp\/v2\/media?parent=1719"}],"curies":[{"name":"wp","href":"https:\/\/api.w.org\/{rel}","templated":true}]}}