{"id":1880,"date":"2025-03-24T07:04:23","date_gmt":"2025-03-24T05:04:23","guid":{"rendered":"https:\/\/p688098.mittwaldserver.info\/master-thesis-development-of-a-geodata-based-methodology-for-zoning-innovative-4th-and-5th-generation-district-heating-systems\/"},"modified":"2025-10-02T08:31:40","modified_gmt":"2025-10-02T06:31:40","slug":"master-thesis-development-of-a-geodata-based-methodology-for-zoning-innovative-4th-and-5th-generation-district-heating-systems","status":"publish","type":"page","link":"https:\/\/www.aee-intec.at\/en\/master-thesis-development-of-a-geodata-based-methodology-for-zoning-innovative-4th-and-5th-generation-district-heating-systems\/","title":{"rendered":"Master Thesis: Development of a geodata-based methodology for zoning innovative 4th and 5th generation district heating systems"},"content":{"rendered":"\t\t<div data-elementor-type=\"wp-page\" data-elementor-id=\"1880\" class=\"elementor elementor-1880 elementor-1878\" data-elementor-post-type=\"page\">\n\t\t\t\t<div class=\"elementor-element elementor-element-615dde8 e-flex e-con-boxed e-con e-parent\" data-id=\"615dde8\" data-element_type=\"container\" data-e-type=\"container\">\n\t\t\t\t\t<div class=\"e-con-inner\">\n\t\t\t\t\t<\/div>\n\t\t\t\t<\/div>\n\t\t<div class=\"elementor-element elementor-element-0da0ed7 e-flex e-con-boxed e-con e-parent\" data-id=\"0da0ed7\" data-element_type=\"container\" data-e-type=\"container\">\n\t\t\t\t\t<div class=\"e-con-inner\">\n\t\t\t\t<div class=\"elementor-element elementor-element-f6ca371 elementor-widget elementor-widget-text-editor\" data-id=\"f6ca371\" data-element_type=\"widget\" data-e-type=\"widget\" data-widget_type=\"text-editor.default\">\n\t\t\t\t<div class=\"elementor-widget-container\">\n\t\t\t\t\t\t\t\t\t<p><strong>AEE INTEC<\/strong><\/p><p>AEE \u2013 Institut f\u00fcr Nachhaltige Technologien (AEE INTEC) ist ein au\u00dferuniversit\u00e4res Forschungsinstitut, das im Jahr 1988 gegr\u00fcndet wurde. AEE INTEC besch\u00e4ftigt derzeit rund 85 Mitarbeiter*innen aus acht Nationen und vergibt laufend Bachelor- und Masterarbeiten sowie Praktika. AEE INTEC arbeitet in den thematischen Bereichen \u201eGeb\u00e4ude\u201c, \u201eSt\u00e4dte und Netze\u201c, \u201eTechnologieentwicklung\u201c und \u201eIndustrielle Systeme\u201c an Grundlagen- und anwendungsorientierter Forschung in nationalen und internationalen F&amp;E-Projekte in Kooperationen mit Universit\u00e4ten, FHs, anderen Forschungseinrichtungen und der Industrie. <\/p><p><strong>Forschungsprojekt<\/strong><\/p><p>Im Forschungsprojekt \u201eS\/E\/P \u2013 spatial energy planning for energy transition\u201c arbeitet ein stark interdisziplin\u00e4res Konsortium aus Salzburg, der Steiermark und Wien an der Erarbeitung und Bereitstellung von geodatenbasierten Planungsgrundlagen f\u00fcr r\u00e4umliche W\u00e4rme- und Energieplanung.<\/p><p>Weiterf\u00fchrende Infos:<\/p><ul><li><p><a href=\"https:\/\/www.waermeplanung.at\/\">https:\/\/www.waermeplanung.at<\/a><\/p><\/li><li><p><a href=\"https:\/\/www.aee-intec.at\/en\/project\/spatial-energy-planning-raeumliche-energieplanung-fuer-die-waermewende\/\">https:\/\/www.aee-intec.at\/spatial-energy-planning-raeumliche-energieplanung-fuer-die-waermewende-p237<\/a><\/p><\/li><\/ul><p><strong>Inhalt der Masterarbeit<\/strong><\/p><p>Im Rahmen einer Master Thesis soll ein Zonierungsansatz zur Gebietsausweisung von Eignungsgebieten f\u00fcr innovative W\u00e4rme- und ggf. K\u00e4ltenetze der 4ten und 5ten Generation methodisch erarbeitet, f\u00fcr ein Untersuchungsgebiet mittels GIS-Methoden umgesetzt und evaluiert werden. Es kann dabei auf umfassende r\u00e4umliche Datengrundlagen aus dem Projekt S\/E\/P zur\u00fcckgegriffen werden wie auch auf einen bestehenden Zonierungsansatz f\u00fcr konventionelle Fernw\u00e4rme. <\/p><p>Literatur:<\/p><ul><li><p>Zur Erl\u00e4uterung: 4th \/ 5th generation district heating: <a href=\"https:\/\/doi.org\/10.1016\/j.energy.2021.120520\">https:\/\/doi.org\/10.1016\/j.energy.2021.120520<\/a><\/p><\/li><li><p>Impulsgeber: Zonierungsansatz aus der Schweiz: <a href=\"https:\/\/doi.org\/10.1016\/j.energy.2019.04.044\">https:\/\/doi.org\/10.1016\/j.energy.2019.04.044<\/a><\/p><\/li><\/ul><p>Forschungsthemen und -fragen:<\/p><ul><li>Stand der Forschung und Wissenschaft bei der Zonierung von W\u00e4rme-\/K\u00e4ltenetzen der 4ten und 5ten Generation<\/li><li>Welche (r\u00e4umlichen) Parameter sind zur Gebietsausweisung von innovativen W\u00e4rme- und K\u00e4ltenetzen erforderlich?<\/li><li>Welche Systematik eignet sich zur differenzierten r\u00e4umlichen Ausweisung entsprechender W\u00e4rmenetzgebiete?<\/li><li>Welche Auswirkung haben dynamische Entwicklungen (Abriss, Neubau, Sanierung, Nachverdichtung, Klimawandel) auf die Gebietsausweisungen?<\/li><li>Anforderungsspezifikation, Methodik und Datenkonzept f\u00fcr einen entsprechenden Zonierungsansatz<\/li><li>GIS-Umsetzung (z.B. in Python, SQL, QGIS Graphical Modeler) und pilothafte Visualisierungen f\u00fcr ein Demogebiet<\/li><li>Evaluierung und Diskussion der Ergebnisse<\/li><\/ul><p><strong>Wir erwarten\u2026<\/strong><\/p><ul><li>Laufendes Masterstudium in Geoinformatik \/ Informatik \/ Raumplanung\/ Techn. Studium mit Energiebezug <\/li><li>Erfahrung mit GIS Software und Coding (z.B. ArcGIS, QGIS, r\u00e4umliche Datenbanken, Python)<\/li><li>Affinit\u00e4t zu Programmierung \/ Applikationsentwicklung (v.a. Python)<\/li><li>Interesse am Thema Energietechnologien und Klimaschutz<\/li><li>Kreatives, exaktes, selbst\u00e4ndiges und l\u00f6sungsorientiertes Arbeiten<\/li><li>Sehr gute Deutsch- und\/oder Englischkenntnisse in Wort und Schrift<\/li><\/ul><p><strong>Wir bieten&#8230;<\/strong><\/p><ul><li>Bezahlte Masterarbeit eingebunden in ein f\u00fchrendes nationales Forschungsprojekt<\/li><li>Intensive Betreuung durch qualifizierte, erfahrene Mitarbeiter*innen auf dem Gebiet der r\u00e4umlichen Energieplanung<\/li><li>Einblick in innovative und fach\u00fcbergreifende Forschungsarbeit<\/li><li>Geplante Dauer: 6 Monate (ggf. auch l\u00e4nger); Start: nach Absprache (ab sofort)<\/li><\/ul><p><strong>Kontakt f\u00fcr inhaltliche Fragen und Bewerbungen an<\/strong><\/p><p>Franz Mauthner<a href=\"mailto:f.mauthner@aee.at\"><br>f.mauthner@aee.at<\/a><br>+43 3112\/5886-223<\/p>\t\t\t\t\t\t\t\t<\/div>\n\t\t\t\t<\/div>\n\t\t\t\t\t<\/div>\n\t\t\t\t<\/div>\n\t\t\t\t<\/div>\n\t\t","protected":false},"excerpt":{"rendered":"<p>AEE INTEC AEE \u2013 Institut f\u00fcr Nachhaltige Technologien (AEE INTEC) ist ein au\u00dferuniversit\u00e4res Forschungsinstitut, das im Jahr 1988 gegr\u00fcndet wurde. AEE INTEC besch\u00e4ftigt derzeit rund 85 Mitarbeiter*innen aus acht Nationen und vergibt laufend Bachelor- und Masterarbeiten sowie Praktika. AEE INTEC arbeitet in den thematischen Bereichen \u201eGeb\u00e4ude\u201c, \u201eSt\u00e4dte und Netze\u201c, \u201eTechnologieentwicklung\u201c und \u201eIndustrielle Systeme\u201c an Grundlagen- [&hellip;]<\/p>\n","protected":false},"author":2,"featured_media":0,"parent":0,"menu_order":0,"comment_status":"closed","ping_status":"closed","template":"","meta":{"_acf_changed":false,"inline_featured_image":false,"footnotes":""},"class_list":["post-1880","page","type-page","status-publish","hentry"],"acf":[],"yoast_head":"<!-- This site is optimized with the Yoast SEO plugin v27.4 - https:\/\/yoast.com\/product\/yoast-seo-wordpress\/ -->\n<title>Master Thesis: Development of a geodata-based methodology for zoning innovative 4th and 5th generation district heating systems - AEE INTEC<\/title>\n<meta name=\"robots\" content=\"index, follow, max-snippet:-1, max-image-preview:large, max-video-preview:-1\" \/>\n<link rel=\"canonical\" href=\"https:\/\/www.aee-intec.at\/en\/master-thesis-development-of-a-geodata-based-methodology-for-zoning-innovative-4th-and-5th-generation-district-heating-systems\/\" \/>\n<script type=\"application\/ld+json\" class=\"yoast-schema-graph\">{\"@context\":\"https:\\\/\\\/schema.org\",\"@graph\":[{\"@type\":\"WebPage\",\"@id\":\"https:\\\/\\\/www.aee-intec.at\\\/en\\\/master-thesis-development-of-a-geodata-based-methodology-for-zoning-innovative-4th-and-5th-generation-district-heating-systems\\\/\",\"url\":\"https:\\\/\\\/www.aee-intec.at\\\/en\\\/master-thesis-development-of-a-geodata-based-methodology-for-zoning-innovative-4th-and-5th-generation-district-heating-systems\\\/\",\"name\":\"Master Thesis: Development of a geodata-based methodology for zoning innovative 4th and 5th generation district heating systems - AEE INTEC\",\"isPartOf\":{\"@id\":\"https:\\\/\\\/www.aee-intec.at\\\/en\\\/#website\"},\"datePublished\":\"2025-03-24T05:04:23+00:00\",\"dateModified\":\"2025-10-02T06:31:40+00:00\",\"breadcrumb\":{\"@id\":\"https:\\\/\\\/www.aee-intec.at\\\/en\\\/master-thesis-development-of-a-geodata-based-methodology-for-zoning-innovative-4th-and-5th-generation-district-heating-systems\\\/#breadcrumb\"},\"inLanguage\":\"en-US\",\"potentialAction\":[{\"@type\":\"ReadAction\",\"target\":[\"https:\\\/\\\/www.aee-intec.at\\\/en\\\/master-thesis-development-of-a-geodata-based-methodology-for-zoning-innovative-4th-and-5th-generation-district-heating-systems\\\/\"]}]},{\"@type\":\"BreadcrumbList\",\"@id\":\"https:\\\/\\\/www.aee-intec.at\\\/en\\\/master-thesis-development-of-a-geodata-based-methodology-for-zoning-innovative-4th-and-5th-generation-district-heating-systems\\\/#breadcrumb\",\"itemListElement\":[{\"@type\":\"ListItem\",\"position\":1,\"name\":\"Home\",\"item\":\"https:\\\/\\\/www.aee-intec.at\\\/en\\\/home-page\\\/\"},{\"@type\":\"ListItem\",\"position\":2,\"name\":\"Master Thesis: Development of a geodata-based methodology for zoning innovative 4th and 5th generation district heating systems\"}]},{\"@type\":\"WebSite\",\"@id\":\"https:\\\/\\\/www.aee-intec.at\\\/en\\\/#website\",\"url\":\"https:\\\/\\\/www.aee-intec.at\\\/en\\\/\",\"name\":\"AEE - Institut f\u00fcr Nachhaltige Technologien\",\"description\":\"Willkommen bei AEE - Institut f\u00fcr Nachhaltige Technologien - AEE INTEC\",\"publisher\":{\"@id\":\"https:\\\/\\\/www.aee-intec.at\\\/en\\\/#organization\"},\"potentialAction\":[{\"@type\":\"SearchAction\",\"target\":{\"@type\":\"EntryPoint\",\"urlTemplate\":\"https:\\\/\\\/www.aee-intec.at\\\/en\\\/?s={search_term_string}\"},\"query-input\":{\"@type\":\"PropertyValueSpecification\",\"valueRequired\":true,\"valueName\":\"search_term_string\"}}],\"inLanguage\":\"en-US\"},{\"@type\":\"Organization\",\"@id\":\"https:\\\/\\\/www.aee-intec.at\\\/en\\\/#organization\",\"name\":\"AEE - Institut f\u00fcr Nachhaltige Technologien\",\"url\":\"https:\\\/\\\/www.aee-intec.at\\\/en\\\/\",\"logo\":{\"@type\":\"ImageObject\",\"inLanguage\":\"en-US\",\"@id\":\"https:\\\/\\\/www.aee-intec.at\\\/en\\\/#\\\/schema\\\/logo\\\/image\\\/\",\"url\":\"https:\\\/\\\/www.aee-intec.at\\\/wp-content\\\/uploads\\\/2025\\\/02\\\/logo-1.gif\",\"contentUrl\":\"https:\\\/\\\/www.aee-intec.at\\\/wp-content\\\/uploads\\\/2025\\\/02\\\/logo-1.gif\",\"width\":74,\"height\":96,\"caption\":\"AEE - Institut f\u00fcr Nachhaltige Technologien\"},\"image\":{\"@id\":\"https:\\\/\\\/www.aee-intec.at\\\/en\\\/#\\\/schema\\\/logo\\\/image\\\/\"},\"sameAs\":[\"https:\\\/\\\/at.linkedin.com\\\/company\\\/aee-intec\",\"https:\\\/\\\/www.youtube.com\\\/channel\\\/UC7y2Y-8u6IXEJXbVlEy_vew\"]}]}<\/script>\n<!-- \/ Yoast SEO plugin. -->","yoast_head_json":{"title":"Master Thesis: Development of a geodata-based methodology for zoning innovative 4th and 5th generation district heating systems - AEE INTEC","robots":{"index":"index","follow":"follow","max-snippet":"max-snippet:-1","max-image-preview":"max-image-preview:large","max-video-preview":"max-video-preview:-1"},"canonical":"https:\/\/www.aee-intec.at\/en\/master-thesis-development-of-a-geodata-based-methodology-for-zoning-innovative-4th-and-5th-generation-district-heating-systems\/","schema":{"@context":"https:\/\/schema.org","@graph":[{"@type":"WebPage","@id":"https:\/\/www.aee-intec.at\/en\/master-thesis-development-of-a-geodata-based-methodology-for-zoning-innovative-4th-and-5th-generation-district-heating-systems\/","url":"https:\/\/www.aee-intec.at\/en\/master-thesis-development-of-a-geodata-based-methodology-for-zoning-innovative-4th-and-5th-generation-district-heating-systems\/","name":"Master Thesis: Development of a geodata-based methodology for zoning innovative 4th and 5th generation district heating systems - AEE INTEC","isPartOf":{"@id":"https:\/\/www.aee-intec.at\/en\/#website"},"datePublished":"2025-03-24T05:04:23+00:00","dateModified":"2025-10-02T06:31:40+00:00","breadcrumb":{"@id":"https:\/\/www.aee-intec.at\/en\/master-thesis-development-of-a-geodata-based-methodology-for-zoning-innovative-4th-and-5th-generation-district-heating-systems\/#breadcrumb"},"inLanguage":"en-US","potentialAction":[{"@type":"ReadAction","target":["https:\/\/www.aee-intec.at\/en\/master-thesis-development-of-a-geodata-based-methodology-for-zoning-innovative-4th-and-5th-generation-district-heating-systems\/"]}]},{"@type":"BreadcrumbList","@id":"https:\/\/www.aee-intec.at\/en\/master-thesis-development-of-a-geodata-based-methodology-for-zoning-innovative-4th-and-5th-generation-district-heating-systems\/#breadcrumb","itemListElement":[{"@type":"ListItem","position":1,"name":"Home","item":"https:\/\/www.aee-intec.at\/en\/home-page\/"},{"@type":"ListItem","position":2,"name":"Master Thesis: Development of a geodata-based methodology for zoning innovative 4th and 5th generation district heating systems"}]},{"@type":"WebSite","@id":"https:\/\/www.aee-intec.at\/en\/#website","url":"https:\/\/www.aee-intec.at\/en\/","name":"AEE - Institut f\u00fcr Nachhaltige Technologien","description":"Willkommen bei AEE - Institut f\u00fcr Nachhaltige Technologien - AEE INTEC","publisher":{"@id":"https:\/\/www.aee-intec.at\/en\/#organization"},"potentialAction":[{"@type":"SearchAction","target":{"@type":"EntryPoint","urlTemplate":"https:\/\/www.aee-intec.at\/en\/?s={search_term_string}"},"query-input":{"@type":"PropertyValueSpecification","valueRequired":true,"valueName":"search_term_string"}}],"inLanguage":"en-US"},{"@type":"Organization","@id":"https:\/\/www.aee-intec.at\/en\/#organization","name":"AEE - Institut f\u00fcr Nachhaltige Technologien","url":"https:\/\/www.aee-intec.at\/en\/","logo":{"@type":"ImageObject","inLanguage":"en-US","@id":"https:\/\/www.aee-intec.at\/en\/#\/schema\/logo\/image\/","url":"https:\/\/www.aee-intec.at\/wp-content\/uploads\/2025\/02\/logo-1.gif","contentUrl":"https:\/\/www.aee-intec.at\/wp-content\/uploads\/2025\/02\/logo-1.gif","width":74,"height":96,"caption":"AEE - Institut f\u00fcr Nachhaltige Technologien"},"image":{"@id":"https:\/\/www.aee-intec.at\/en\/#\/schema\/logo\/image\/"},"sameAs":["https:\/\/at.linkedin.com\/company\/aee-intec","https:\/\/www.youtube.com\/channel\/UC7y2Y-8u6IXEJXbVlEy_vew"]}]}},"_links":{"self":[{"href":"https:\/\/www.aee-intec.at\/en\/wp-json\/wp\/v2\/pages\/1880","targetHints":{"allow":["GET"]}}],"collection":[{"href":"https:\/\/www.aee-intec.at\/en\/wp-json\/wp\/v2\/pages"}],"about":[{"href":"https:\/\/www.aee-intec.at\/en\/wp-json\/wp\/v2\/types\/page"}],"author":[{"embeddable":true,"href":"https:\/\/www.aee-intec.at\/en\/wp-json\/wp\/v2\/users\/2"}],"replies":[{"embeddable":true,"href":"https:\/\/www.aee-intec.at\/en\/wp-json\/wp\/v2\/comments?post=1880"}],"version-history":[{"count":0,"href":"https:\/\/www.aee-intec.at\/en\/wp-json\/wp\/v2\/pages\/1880\/revisions"}],"wp:attachment":[{"href":"https:\/\/www.aee-intec.at\/en\/wp-json\/wp\/v2\/media?parent=1880"}],"curies":[{"name":"wp","href":"https:\/\/api.w.org\/{rel}","templated":true}]}}