{"id":1888,"date":"2025-03-24T08:17:49","date_gmt":"2025-03-24T06:17:49","guid":{"rendered":"https:\/\/p688098.mittwaldserver.info\/masters-thesis-evaluation-of-the-storage-potential-of-thermal-component-activation-in-buildings\/"},"modified":"2025-03-24T08:22:15","modified_gmt":"2025-03-24T06:22:15","slug":"masters-thesis-evaluation-of-the-storage-potential-of-thermal-component-activation-in-buildings","status":"publish","type":"page","link":"https:\/\/www.aee-intec.at\/en\/masters-thesis-evaluation-of-the-storage-potential-of-thermal-component-activation-in-buildings\/","title":{"rendered":"Master&#8217;s thesis: Evaluation of the storage potential of thermal component activation in buildings"},"content":{"rendered":"\t\t<div data-elementor-type=\"wp-page\" data-elementor-id=\"1888\" class=\"elementor elementor-1888\" data-elementor-post-type=\"page\">\n\t\t\t\t<div class=\"elementor-element elementor-element-c198c0e e-flex e-con-boxed e-con e-parent\" data-id=\"c198c0e\" data-element_type=\"container\" data-e-type=\"container\">\n\t\t\t\t\t<div class=\"e-con-inner\">\n\t\t\t\t\t<\/div>\n\t\t\t\t<\/div>\n\t\t<div class=\"elementor-element elementor-element-2ac49f3 e-flex e-con-boxed e-con e-parent\" data-id=\"2ac49f3\" data-element_type=\"container\" data-e-type=\"container\">\n\t\t\t\t\t<div class=\"e-con-inner\">\n\t\t\t\t<div class=\"elementor-element elementor-element-a658bb5 elementor-widget elementor-widget-text-editor\" data-id=\"a658bb5\" data-element_type=\"widget\" data-e-type=\"widget\" data-widget_type=\"text-editor.default\">\n\t\t\t\t<div class=\"elementor-widget-container\">\n\t\t\t\t\t\t\t\t\t<h4>AEE &#8211; Institut f\u00fcr Nachhaltige Technologien (AEE INTEC)<\/h4>\n<p>AEE \u2013 Institut f\u00fcr Nachhaltige Technologien (AEE INTEC) ist eine au\u00dferuniversit\u00e4re Forschungs\u00adeinrichtung, die im Jahr 1988 gegr\u00fcndet wurde. AEE INTEC hat derzeit rund 80 MitarbeiterInnen. <\/p>\n<p>AEE INTEC betreibt sowohl Grundlagenforschung als auch anwendungsorientierte Forschung im Bereich thermischer Energiesysteme (Solarthermie, thermische Speicher, Energiesystemanalysen, etc.), im Bereich energieeffizienter Geb\u00e4ude sowie im Bereich Energieeffizienzsteigerung in industriellen Prozessen. Dabei kooperiert AEE INTEC intensiv mit einschl\u00e4gigen Universit\u00e4ten und Fachhoch\u00adschulen und vergibt auch Bachelor- und Masterarbeiten, Dissertationen und div. Praktika.  <\/p>\n<\/p>\n<p><strong>Forschungsprojekt<\/strong><\/p>\n<p>Ziel des Projekts InSite ist es, durch eine nachvollziehbare, einheitliche Datenerhebung, -auswertung und Bewertung die Markteinf\u00fchrung der jeweiligen Innovationen zu beschleunigen. Dazu werden anhand von 10 ausgew\u00e4hlten Demonstrationsprojekten aus den F\u00f6rderprogrammen \u201eStadt der Zukunft\u201c und \u201eSmart City Initiative\u201c prototypisch L\u00f6sungen betrachtet, bewertet und die Ergebnisse gezielt an zuk\u00fcnftige Umsetzer transferiert. Die ausgew\u00e4hlten Objekte werden \u00fcber 24 Monate einem wissenschaftlichen Monitoring und sozialwissenschaftlichen Befragungen unterzogen, um sie in vergleichbarer Weise hinsichtlich ihrer energetischen, \u00f6kologischen und \u00f6konomischen Performance sowie ihrem NutzerInnenkomfort, Flexibilit\u00e4tspotential und Smart-Readiness-Indicator zu bewerten und auf einer \u00f6ffentlich zug\u00e4nglichen, webbasierten Plattform zu ver\u00f6ffentlichen.  <\/p>\n<\/p>\n<p><strong>Inhalt der Masterarbeit<\/strong><\/p>\n<ul>\n<li>Messdatenanalyse und -bewertung von innovativen Geb\u00e4udeversorgungssystemen<\/li>\n<li>Entwicklung und Umsetzung einer webbasierten Plattform f\u00fcr die vergleichende Darstellung der unterschiedlichen Geb\u00e4ude anhand geeigneter Bewertungskriterien<\/li>\n<li>Zusammenfassung der Aktivit\u00e4ten, Methoden und Erkenntnisse innerhalb einer akademischen Arbeit (Masterarbeit)<\/li>\n<\/ul>\n<p><strong>Wir erwarten\u2026<\/strong><\/p>\n<ul>\n<li>selbst\u00e4ndiges und l\u00f6sungsorientiertes Arbeiten<\/li>\n<li>Strukturierte, analytische Arbeitsweise<\/li>\n<li>Grundlagenwissen von Webprogrammierung<\/li>\n<\/ul>\n<p><strong>Wir bieten&#8230; <\/strong><\/p>\n<ul>\n<li>bezahlte Masterarbeit in einem laufenden Forschungsprojekt<\/li>\n<li>Betreuung durch erfahrene Mitarbeiter, kompetente fachliche Unterst\u00fctzung<\/li>\n<li><em>Zeitrahmen:<\/em> Beginn ab sofort, Dauer: 6 Monate<\/li>\n<\/ul>\n<p><strong>Kontakt:<\/strong><\/p>\n<p>Walter Becke<br \/>Tel.: 03112 5886-231<br \/><a href=\"mailto:t.ramschak@aee.at\">w.becke@aee.at<\/a>  <\/p><\/p>\n\t\t\t\t\t\t\t\t<\/div>\n\t\t\t\t<\/div>\n\t\t\t\t\t<\/div>\n\t\t\t\t<\/div>\n\t\t\t\t<\/div>\n\t\t","protected":false},"excerpt":{"rendered":"<p>AEE &#8211; Institut f\u00fcr Nachhaltige Technologien (AEE INTEC) AEE \u2013 Institut f\u00fcr Nachhaltige Technologien (AEE INTEC) ist eine au\u00dferuniversit\u00e4re Forschungs\u00adeinrichtung, die im Jahr 1988 gegr\u00fcndet wurde. AEE INTEC hat derzeit rund 80 MitarbeiterInnen. AEE INTEC betreibt sowohl Grundlagenforschung als auch anwendungsorientierte Forschung im Bereich thermischer Energiesysteme (Solarthermie, thermische Speicher, Energiesystemanalysen, etc.), im Bereich energieeffizienter Geb\u00e4ude [&hellip;]<\/p>\n","protected":false},"author":2,"featured_media":0,"parent":0,"menu_order":0,"comment_status":"closed","ping_status":"closed","template":"","meta":{"_acf_changed":false,"inline_featured_image":false,"footnotes":""},"class_list":["post-1888","page","type-page","status-publish","hentry"],"acf":[],"yoast_head":"<!-- This site is optimized with the Yoast SEO plugin v27.4 - https:\/\/yoast.com\/product\/yoast-seo-wordpress\/ -->\n<title>Master&#039;s thesis: Evaluation of the storage potential of thermal component activation in buildings - AEE INTEC<\/title>\n<meta name=\"robots\" content=\"index, follow, max-snippet:-1, max-image-preview:large, max-video-preview:-1\" \/>\n<link rel=\"canonical\" href=\"https:\/\/www.aee-intec.at\/en\/masters-thesis-evaluation-of-the-storage-potential-of-thermal-component-activation-in-buildings\/\" \/>\n<script type=\"application\/ld+json\" class=\"yoast-schema-graph\">{\"@context\":\"https:\\\/\\\/schema.org\",\"@graph\":[{\"@type\":\"WebPage\",\"@id\":\"https:\\\/\\\/www.aee-intec.at\\\/en\\\/masters-thesis-evaluation-of-the-storage-potential-of-thermal-component-activation-in-buildings\\\/\",\"url\":\"https:\\\/\\\/www.aee-intec.at\\\/en\\\/masters-thesis-evaluation-of-the-storage-potential-of-thermal-component-activation-in-buildings\\\/\",\"name\":\"Master's thesis: Evaluation of the storage potential of thermal component activation in buildings - AEE INTEC\",\"isPartOf\":{\"@id\":\"https:\\\/\\\/www.aee-intec.at\\\/en\\\/#website\"},\"datePublished\":\"2025-03-24T06:17:49+00:00\",\"dateModified\":\"2025-03-24T06:22:15+00:00\",\"breadcrumb\":{\"@id\":\"https:\\\/\\\/www.aee-intec.at\\\/en\\\/masters-thesis-evaluation-of-the-storage-potential-of-thermal-component-activation-in-buildings\\\/#breadcrumb\"},\"inLanguage\":\"en-US\",\"potentialAction\":[{\"@type\":\"ReadAction\",\"target\":[\"https:\\\/\\\/www.aee-intec.at\\\/en\\\/masters-thesis-evaluation-of-the-storage-potential-of-thermal-component-activation-in-buildings\\\/\"]}]},{\"@type\":\"BreadcrumbList\",\"@id\":\"https:\\\/\\\/www.aee-intec.at\\\/en\\\/masters-thesis-evaluation-of-the-storage-potential-of-thermal-component-activation-in-buildings\\\/#breadcrumb\",\"itemListElement\":[{\"@type\":\"ListItem\",\"position\":1,\"name\":\"Home\",\"item\":\"https:\\\/\\\/www.aee-intec.at\\\/en\\\/home-page\\\/\"},{\"@type\":\"ListItem\",\"position\":2,\"name\":\"Master&#8217;s thesis: Evaluation of the storage potential of thermal component activation in buildings\"}]},{\"@type\":\"WebSite\",\"@id\":\"https:\\\/\\\/www.aee-intec.at\\\/en\\\/#website\",\"url\":\"https:\\\/\\\/www.aee-intec.at\\\/en\\\/\",\"name\":\"AEE - Institut f\u00fcr Nachhaltige Technologien\",\"description\":\"Willkommen bei AEE - Institut f\u00fcr Nachhaltige Technologien - AEE INTEC\",\"publisher\":{\"@id\":\"https:\\\/\\\/www.aee-intec.at\\\/en\\\/#organization\"},\"potentialAction\":[{\"@type\":\"SearchAction\",\"target\":{\"@type\":\"EntryPoint\",\"urlTemplate\":\"https:\\\/\\\/www.aee-intec.at\\\/en\\\/?s={search_term_string}\"},\"query-input\":{\"@type\":\"PropertyValueSpecification\",\"valueRequired\":true,\"valueName\":\"search_term_string\"}}],\"inLanguage\":\"en-US\"},{\"@type\":\"Organization\",\"@id\":\"https:\\\/\\\/www.aee-intec.at\\\/en\\\/#organization\",\"name\":\"AEE - Institut f\u00fcr Nachhaltige Technologien\",\"url\":\"https:\\\/\\\/www.aee-intec.at\\\/en\\\/\",\"logo\":{\"@type\":\"ImageObject\",\"inLanguage\":\"en-US\",\"@id\":\"https:\\\/\\\/www.aee-intec.at\\\/en\\\/#\\\/schema\\\/logo\\\/image\\\/\",\"url\":\"https:\\\/\\\/www.aee-intec.at\\\/wp-content\\\/uploads\\\/2025\\\/02\\\/logo-1.gif\",\"contentUrl\":\"https:\\\/\\\/www.aee-intec.at\\\/wp-content\\\/uploads\\\/2025\\\/02\\\/logo-1.gif\",\"width\":74,\"height\":96,\"caption\":\"AEE - Institut f\u00fcr Nachhaltige Technologien\"},\"image\":{\"@id\":\"https:\\\/\\\/www.aee-intec.at\\\/en\\\/#\\\/schema\\\/logo\\\/image\\\/\"},\"sameAs\":[\"https:\\\/\\\/at.linkedin.com\\\/company\\\/aee-intec\",\"https:\\\/\\\/www.youtube.com\\\/channel\\\/UC7y2Y-8u6IXEJXbVlEy_vew\"]}]}<\/script>\n<!-- \/ Yoast SEO plugin. -->","yoast_head_json":{"title":"Master's thesis: Evaluation of the storage potential of thermal component activation in buildings - AEE INTEC","robots":{"index":"index","follow":"follow","max-snippet":"max-snippet:-1","max-image-preview":"max-image-preview:large","max-video-preview":"max-video-preview:-1"},"canonical":"https:\/\/www.aee-intec.at\/en\/masters-thesis-evaluation-of-the-storage-potential-of-thermal-component-activation-in-buildings\/","schema":{"@context":"https:\/\/schema.org","@graph":[{"@type":"WebPage","@id":"https:\/\/www.aee-intec.at\/en\/masters-thesis-evaluation-of-the-storage-potential-of-thermal-component-activation-in-buildings\/","url":"https:\/\/www.aee-intec.at\/en\/masters-thesis-evaluation-of-the-storage-potential-of-thermal-component-activation-in-buildings\/","name":"Master's thesis: Evaluation of the storage potential of thermal component activation in buildings - AEE INTEC","isPartOf":{"@id":"https:\/\/www.aee-intec.at\/en\/#website"},"datePublished":"2025-03-24T06:17:49+00:00","dateModified":"2025-03-24T06:22:15+00:00","breadcrumb":{"@id":"https:\/\/www.aee-intec.at\/en\/masters-thesis-evaluation-of-the-storage-potential-of-thermal-component-activation-in-buildings\/#breadcrumb"},"inLanguage":"en-US","potentialAction":[{"@type":"ReadAction","target":["https:\/\/www.aee-intec.at\/en\/masters-thesis-evaluation-of-the-storage-potential-of-thermal-component-activation-in-buildings\/"]}]},{"@type":"BreadcrumbList","@id":"https:\/\/www.aee-intec.at\/en\/masters-thesis-evaluation-of-the-storage-potential-of-thermal-component-activation-in-buildings\/#breadcrumb","itemListElement":[{"@type":"ListItem","position":1,"name":"Home","item":"https:\/\/www.aee-intec.at\/en\/home-page\/"},{"@type":"ListItem","position":2,"name":"Master&#8217;s thesis: Evaluation of the storage potential of thermal component activation in buildings"}]},{"@type":"WebSite","@id":"https:\/\/www.aee-intec.at\/en\/#website","url":"https:\/\/www.aee-intec.at\/en\/","name":"AEE - Institut f\u00fcr Nachhaltige Technologien","description":"Willkommen bei AEE - Institut f\u00fcr Nachhaltige Technologien - AEE INTEC","publisher":{"@id":"https:\/\/www.aee-intec.at\/en\/#organization"},"potentialAction":[{"@type":"SearchAction","target":{"@type":"EntryPoint","urlTemplate":"https:\/\/www.aee-intec.at\/en\/?s={search_term_string}"},"query-input":{"@type":"PropertyValueSpecification","valueRequired":true,"valueName":"search_term_string"}}],"inLanguage":"en-US"},{"@type":"Organization","@id":"https:\/\/www.aee-intec.at\/en\/#organization","name":"AEE - Institut f\u00fcr Nachhaltige Technologien","url":"https:\/\/www.aee-intec.at\/en\/","logo":{"@type":"ImageObject","inLanguage":"en-US","@id":"https:\/\/www.aee-intec.at\/en\/#\/schema\/logo\/image\/","url":"https:\/\/www.aee-intec.at\/wp-content\/uploads\/2025\/02\/logo-1.gif","contentUrl":"https:\/\/www.aee-intec.at\/wp-content\/uploads\/2025\/02\/logo-1.gif","width":74,"height":96,"caption":"AEE - Institut f\u00fcr Nachhaltige Technologien"},"image":{"@id":"https:\/\/www.aee-intec.at\/en\/#\/schema\/logo\/image\/"},"sameAs":["https:\/\/at.linkedin.com\/company\/aee-intec","https:\/\/www.youtube.com\/channel\/UC7y2Y-8u6IXEJXbVlEy_vew"]}]}},"_links":{"self":[{"href":"https:\/\/www.aee-intec.at\/en\/wp-json\/wp\/v2\/pages\/1888","targetHints":{"allow":["GET"]}}],"collection":[{"href":"https:\/\/www.aee-intec.at\/en\/wp-json\/wp\/v2\/pages"}],"about":[{"href":"https:\/\/www.aee-intec.at\/en\/wp-json\/wp\/v2\/types\/page"}],"author":[{"embeddable":true,"href":"https:\/\/www.aee-intec.at\/en\/wp-json\/wp\/v2\/users\/2"}],"replies":[{"embeddable":true,"href":"https:\/\/www.aee-intec.at\/en\/wp-json\/wp\/v2\/comments?post=1888"}],"version-history":[{"count":0,"href":"https:\/\/www.aee-intec.at\/en\/wp-json\/wp\/v2\/pages\/1888\/revisions"}],"wp:attachment":[{"href":"https:\/\/www.aee-intec.at\/en\/wp-json\/wp\/v2\/media?parent=1888"}],"curies":[{"name":"wp","href":"https:\/\/api.w.org\/{rel}","templated":true}]}}