{"id":1892,"date":"2025-03-24T08:24:26","date_gmt":"2025-03-24T06:24:26","guid":{"rendered":"https:\/\/p688098.mittwaldserver.info\/masters-thesis-development-of-industrial-energy-supply-concepts-with-high-temperature-heat-pumps-for-temperatures-150c\/"},"modified":"2025-03-24T08:29:45","modified_gmt":"2025-03-24T06:29:45","slug":"masters-thesis-development-of-industrial-energy-supply-concepts-with-high-temperature-heat-pumps-for-temperatures-150c","status":"publish","type":"page","link":"https:\/\/www.aee-intec.at\/en\/masters-thesis-development-of-industrial-energy-supply-concepts-with-high-temperature-heat-pumps-for-temperatures-150c\/","title":{"rendered":"Master&#8217;s thesis: Development of industrial energy supply concepts with high-temperature heat pumps for temperatures &gt; 150\u00b0C"},"content":{"rendered":"\t\t<div data-elementor-type=\"wp-page\" data-elementor-id=\"1892\" class=\"elementor elementor-1892\" data-elementor-post-type=\"page\">\n\t\t\t\t<div class=\"elementor-element elementor-element-265bc96 e-flex e-con-boxed e-con e-parent\" data-id=\"265bc96\" data-element_type=\"container\" data-e-type=\"container\">\n\t\t\t\t\t<div class=\"e-con-inner\">\n\t\t\t\t\t<\/div>\n\t\t\t\t<\/div>\n\t\t<div class=\"elementor-element elementor-element-17f32bb e-flex e-con-boxed e-con e-parent\" data-id=\"17f32bb\" data-element_type=\"container\" data-e-type=\"container\">\n\t\t\t\t\t<div class=\"e-con-inner\">\n\t\t\t\t<div class=\"elementor-element elementor-element-67cddef elementor-widget elementor-widget-text-editor\" data-id=\"67cddef\" data-element_type=\"widget\" data-e-type=\"widget\" data-widget_type=\"text-editor.default\">\n\t\t\t\t<div class=\"elementor-widget-container\">\n\t\t\t\t\t\t\t\t\t<h4>AEE INTEC<\/h4><p>AEE \u2013 Institut f\u00fcr Nachhaltige Technologien (AEE INTEC) ist eine au\u00dferuniversit\u00e4re Forschungs\u00aceinrichtung, die im Jahr 1988 gegr\u00fcndet wurde und derzeit rund 90 MitarbeiterInnen besch\u00e4ftigt.<\/p><p>AEE INTEC betreibt sowohl Grundlagenforschung als auch anwendungsorientierte Forschung im Bereich thermischer Ener-giesysteme (Solarthermie, thermische Speicher, Energiesystemanalysen, etc.), im Bereich energieeffizienter Geb\u00e4ude so-wie im Bereich Energieeffizienzsteigerung in industriellen Prozessen. Dabei kooperiert AEE INTEC mit Industriepartnern, Universit\u00e4ten und Fachhoch\u00acschulen.<\/p><h4>\u00a0<\/h4><h4>Forschungsprojekt<\/h4><p>Im Forschungs- und Demonstrationsprojekt \u201eFossilfree4Industry\u201c werden innerhalb des Reallabor WEIZplus und dar\u00fcber hinaus Konzepte f\u00fcr eine CO2 freie Prozessversorgung industrieller Betriebe entwickelt und erprobt. Ein Kernthema ist die Bereitstellung industrieller Prozessw\u00e4rme im Bereich 150 \u00b0C \u2013 200 \u00b0C durch Hochtemperaturw\u00e4rmepumpen. Im Projekt werden gemeinsam mit den Industriepartnern (Andritz Hydro, Siemens Energy, Agrana) geeignete Konzepte f\u00fcr den ge-meinsamen Andritz\/Siemens Standort in Weiz und den Agrana Standort in Gleisdorf untersucht und f\u00fcr eine nachgelagerte Umsetzung vorbereitet. Erg\u00e4nzend dazu sollen aus den gewonnenen Erkenntnissen der konkreten Anwendungsf\u00e4lle brei-tentaugliche und replizierbare Systemkonzepte abgeleitet werden, die sich einfach und verl\u00e4sslich auf Standard-Anwendungsbereiche im industriellen Kontext anwenden lassen.<\/p><h4>\u00a0<\/h4><h4>Inhalt der Masterarbeit<\/h4><ul><li>Mitarbeit in der Erstellung von replizierbaren Integrationskonzepten von Hochtemperatur-W\u00e4rmepumpen in kon-kreten Anwendungsf\u00e4llen aus der Industrie<\/li><li>Ausarbeitung von Quellkonzepten auf Basis erneuerbarer Energietr\u00e4ger wie Abw\u00e4rme, Fernw\u00e4rme, Solarthermie etc. und Erhebung der jeweiligen W\u00e4rmekosten<\/li><li>Technologiescreening verschiedener W\u00e4rmepumpen-Hersteller zur Erhebung am Markt verf\u00fcgbarer Technologien und deren Performance (COP\/JAZ, maximaler Hub, maximal m\u00f6gliche Temperatur, maximal verf\u00fcgbare Leistun-gen, Teillastf\u00e4higkeit etc.)<\/li><li>Einholen von Richtpreisen zur Bewertung der Investitions- und Wartungskosten<\/li><li>Wirtschaftlichkeitsanalysen und Vergleich der Integrationskonzepte basierend auf deren technischer Performance sowie der Investitions- und Betriebskosten, Definition von Grenzkosten<\/li><\/ul><h4>\u00a0<\/h4><h4>Wir erwarten\u2026<\/h4><ul><li>Thematisch geeignete Studienrichtung (Maschinenbau, Verfahrenstechnik, Energietechnik, Umwelttechnik oder verwandtes Fachgebiet)<\/li><li>Interesse an erneuerbaren Energien, thermodynamischen Prozessen und W\u00e4rmepumpentechnologien<\/li><li>Grundkenntnisse in Thermodynamik und W\u00e4rme\u00fcbertragung<\/li><li>Erste Erfahrung im Bereich Wirtschaftlichkeitsberechnungen von Vorteil<\/li><li>Motivation zur interdisziplin\u00e4ren Zusammenarbeit mit Forschungspartnern und Unternehmen<\/li><\/ul><h4>\u00a0<\/h4><h4>Wir bieten&#8230;<\/h4><ul><li>Bezahlte Masterarbeit in einem laufenden Forschungs- und Demonstrationsprojekt<\/li><li>Regelm\u00e4\u00dfige Besuche der Demo-Standorte in Weiz und Gleisdorf und aktiver Austausch mit den ans\u00e4ssigen Un-ternehmen<\/li><li>Mobilit\u00e4tszuschuss und Nutzung der Infrastruktur des Instituts<\/li><li>T\u00e4glich verf\u00fcgbare Betreuung durch erfahrene Mitarbeiter und Zugang zu Firmennetzwerken<\/li><li>Zeitrahmen: Beginn ab sofort, Dauer: 6 Monate<\/li><\/ul><h4>\u00a0<\/h4><h4>Kontakt<\/h4><p>Christoph Rohringer,<br \/>Tel.: 03112 5886-662, <br \/><a href=\"mailto:c.rohringer@aee.at\" target=\"_blank\" rel=\"noopener\">c.rohringer@aee.at<\/a><\/p>\t\t\t\t\t\t\t\t<\/div>\n\t\t\t\t<\/div>\n\t\t\t\t\t<\/div>\n\t\t\t\t<\/div>\n\t\t\t\t<\/div>\n\t\t","protected":false},"excerpt":{"rendered":"<p>AEE INTEC AEE \u2013 Institut f\u00fcr Nachhaltige Technologien (AEE INTEC) ist eine au\u00dferuniversit\u00e4re Forschungs\u00aceinrichtung, die im Jahr 1988 gegr\u00fcndet wurde und derzeit rund 90 MitarbeiterInnen besch\u00e4ftigt. AEE INTEC betreibt sowohl Grundlagenforschung als auch anwendungsorientierte Forschung im Bereich thermischer Ener-giesysteme (Solarthermie, thermische Speicher, Energiesystemanalysen, etc.), im Bereich energieeffizienter Geb\u00e4ude so-wie im Bereich Energieeffizienzsteigerung in industriellen Prozessen. [&hellip;]<\/p>\n","protected":false},"author":2,"featured_media":0,"parent":0,"menu_order":0,"comment_status":"closed","ping_status":"closed","template":"","meta":{"_acf_changed":false,"inline_featured_image":false,"footnotes":""},"class_list":["post-1892","page","type-page","status-publish","hentry"],"acf":[],"yoast_head":"<!-- This site is optimized with the Yoast SEO plugin v27.5 - https:\/\/yoast.com\/product\/yoast-seo-wordpress\/ -->\n<title>Master&#039;s thesis: Development of industrial energy supply concepts with high-temperature heat pumps for temperatures &gt; 150\u00b0C - AEE INTEC<\/title>\n<meta name=\"robots\" content=\"index, follow, max-snippet:-1, max-image-preview:large, max-video-preview:-1\" \/>\n<link rel=\"canonical\" href=\"https:\/\/www.aee-intec.at\/en\/masters-thesis-development-of-industrial-energy-supply-concepts-with-high-temperature-heat-pumps-for-temperatures-150c\/\" \/>\n<script type=\"application\/ld+json\" class=\"yoast-schema-graph\">{\"@context\":\"https:\\\/\\\/schema.org\",\"@graph\":[{\"@type\":\"WebPage\",\"@id\":\"https:\\\/\\\/www.aee-intec.at\\\/en\\\/masters-thesis-development-of-industrial-energy-supply-concepts-with-high-temperature-heat-pumps-for-temperatures-150c\\\/\",\"url\":\"https:\\\/\\\/www.aee-intec.at\\\/en\\\/masters-thesis-development-of-industrial-energy-supply-concepts-with-high-temperature-heat-pumps-for-temperatures-150c\\\/\",\"name\":\"Master's thesis: Development of industrial energy supply concepts with high-temperature heat pumps for temperatures &gt; 150\u00b0C - AEE INTEC\",\"isPartOf\":{\"@id\":\"https:\\\/\\\/www.aee-intec.at\\\/en\\\/#website\"},\"datePublished\":\"2025-03-24T06:24:26+00:00\",\"dateModified\":\"2025-03-24T06:29:45+00:00\",\"breadcrumb\":{\"@id\":\"https:\\\/\\\/www.aee-intec.at\\\/en\\\/masters-thesis-development-of-industrial-energy-supply-concepts-with-high-temperature-heat-pumps-for-temperatures-150c\\\/#breadcrumb\"},\"inLanguage\":\"en-US\",\"potentialAction\":[{\"@type\":\"ReadAction\",\"target\":[\"https:\\\/\\\/www.aee-intec.at\\\/en\\\/masters-thesis-development-of-industrial-energy-supply-concepts-with-high-temperature-heat-pumps-for-temperatures-150c\\\/\"]}]},{\"@type\":\"BreadcrumbList\",\"@id\":\"https:\\\/\\\/www.aee-intec.at\\\/en\\\/masters-thesis-development-of-industrial-energy-supply-concepts-with-high-temperature-heat-pumps-for-temperatures-150c\\\/#breadcrumb\",\"itemListElement\":[{\"@type\":\"ListItem\",\"position\":1,\"name\":\"Home\",\"item\":\"https:\\\/\\\/www.aee-intec.at\\\/en\\\/home-page\\\/\"},{\"@type\":\"ListItem\",\"position\":2,\"name\":\"Master&#8217;s thesis: Development of industrial energy supply concepts with high-temperature heat pumps for temperatures &gt; 150\u00b0C\"}]},{\"@type\":\"WebSite\",\"@id\":\"https:\\\/\\\/www.aee-intec.at\\\/en\\\/#website\",\"url\":\"https:\\\/\\\/www.aee-intec.at\\\/en\\\/\",\"name\":\"AEE - Institut f\u00fcr Nachhaltige Technologien\",\"description\":\"Willkommen bei AEE - Institut f\u00fcr Nachhaltige Technologien - AEE INTEC\",\"publisher\":{\"@id\":\"https:\\\/\\\/www.aee-intec.at\\\/en\\\/#organization\"},\"potentialAction\":[{\"@type\":\"SearchAction\",\"target\":{\"@type\":\"EntryPoint\",\"urlTemplate\":\"https:\\\/\\\/www.aee-intec.at\\\/en\\\/?s={search_term_string}\"},\"query-input\":{\"@type\":\"PropertyValueSpecification\",\"valueRequired\":true,\"valueName\":\"search_term_string\"}}],\"inLanguage\":\"en-US\"},{\"@type\":\"Organization\",\"@id\":\"https:\\\/\\\/www.aee-intec.at\\\/en\\\/#organization\",\"name\":\"AEE - Institut f\u00fcr Nachhaltige Technologien\",\"url\":\"https:\\\/\\\/www.aee-intec.at\\\/en\\\/\",\"logo\":{\"@type\":\"ImageObject\",\"inLanguage\":\"en-US\",\"@id\":\"https:\\\/\\\/www.aee-intec.at\\\/en\\\/#\\\/schema\\\/logo\\\/image\\\/\",\"url\":\"https:\\\/\\\/www.aee-intec.at\\\/wp-content\\\/uploads\\\/2025\\\/02\\\/logo-1.gif\",\"contentUrl\":\"https:\\\/\\\/www.aee-intec.at\\\/wp-content\\\/uploads\\\/2025\\\/02\\\/logo-1.gif\",\"width\":74,\"height\":96,\"caption\":\"AEE - Institut f\u00fcr Nachhaltige Technologien\"},\"image\":{\"@id\":\"https:\\\/\\\/www.aee-intec.at\\\/en\\\/#\\\/schema\\\/logo\\\/image\\\/\"},\"sameAs\":[\"https:\\\/\\\/at.linkedin.com\\\/company\\\/aee-intec\",\"https:\\\/\\\/www.youtube.com\\\/channel\\\/UC7y2Y-8u6IXEJXbVlEy_vew\"]}]}<\/script>\n<!-- \/ Yoast SEO plugin. -->","yoast_head_json":{"title":"Master's thesis: Development of industrial energy supply concepts with high-temperature heat pumps for temperatures &gt; 150\u00b0C - AEE INTEC","robots":{"index":"index","follow":"follow","max-snippet":"max-snippet:-1","max-image-preview":"max-image-preview:large","max-video-preview":"max-video-preview:-1"},"canonical":"https:\/\/www.aee-intec.at\/en\/masters-thesis-development-of-industrial-energy-supply-concepts-with-high-temperature-heat-pumps-for-temperatures-150c\/","schema":{"@context":"https:\/\/schema.org","@graph":[{"@type":"WebPage","@id":"https:\/\/www.aee-intec.at\/en\/masters-thesis-development-of-industrial-energy-supply-concepts-with-high-temperature-heat-pumps-for-temperatures-150c\/","url":"https:\/\/www.aee-intec.at\/en\/masters-thesis-development-of-industrial-energy-supply-concepts-with-high-temperature-heat-pumps-for-temperatures-150c\/","name":"Master's thesis: Development of industrial energy supply concepts with high-temperature heat pumps for temperatures &gt; 150\u00b0C - AEE INTEC","isPartOf":{"@id":"https:\/\/www.aee-intec.at\/en\/#website"},"datePublished":"2025-03-24T06:24:26+00:00","dateModified":"2025-03-24T06:29:45+00:00","breadcrumb":{"@id":"https:\/\/www.aee-intec.at\/en\/masters-thesis-development-of-industrial-energy-supply-concepts-with-high-temperature-heat-pumps-for-temperatures-150c\/#breadcrumb"},"inLanguage":"en-US","potentialAction":[{"@type":"ReadAction","target":["https:\/\/www.aee-intec.at\/en\/masters-thesis-development-of-industrial-energy-supply-concepts-with-high-temperature-heat-pumps-for-temperatures-150c\/"]}]},{"@type":"BreadcrumbList","@id":"https:\/\/www.aee-intec.at\/en\/masters-thesis-development-of-industrial-energy-supply-concepts-with-high-temperature-heat-pumps-for-temperatures-150c\/#breadcrumb","itemListElement":[{"@type":"ListItem","position":1,"name":"Home","item":"https:\/\/www.aee-intec.at\/en\/home-page\/"},{"@type":"ListItem","position":2,"name":"Master&#8217;s thesis: Development of industrial energy supply concepts with high-temperature heat pumps for temperatures &gt; 150\u00b0C"}]},{"@type":"WebSite","@id":"https:\/\/www.aee-intec.at\/en\/#website","url":"https:\/\/www.aee-intec.at\/en\/","name":"AEE - Institut f\u00fcr Nachhaltige Technologien","description":"Willkommen bei AEE - Institut f\u00fcr Nachhaltige Technologien - AEE INTEC","publisher":{"@id":"https:\/\/www.aee-intec.at\/en\/#organization"},"potentialAction":[{"@type":"SearchAction","target":{"@type":"EntryPoint","urlTemplate":"https:\/\/www.aee-intec.at\/en\/?s={search_term_string}"},"query-input":{"@type":"PropertyValueSpecification","valueRequired":true,"valueName":"search_term_string"}}],"inLanguage":"en-US"},{"@type":"Organization","@id":"https:\/\/www.aee-intec.at\/en\/#organization","name":"AEE - Institut f\u00fcr Nachhaltige Technologien","url":"https:\/\/www.aee-intec.at\/en\/","logo":{"@type":"ImageObject","inLanguage":"en-US","@id":"https:\/\/www.aee-intec.at\/en\/#\/schema\/logo\/image\/","url":"https:\/\/www.aee-intec.at\/wp-content\/uploads\/2025\/02\/logo-1.gif","contentUrl":"https:\/\/www.aee-intec.at\/wp-content\/uploads\/2025\/02\/logo-1.gif","width":74,"height":96,"caption":"AEE - Institut f\u00fcr Nachhaltige Technologien"},"image":{"@id":"https:\/\/www.aee-intec.at\/en\/#\/schema\/logo\/image\/"},"sameAs":["https:\/\/at.linkedin.com\/company\/aee-intec","https:\/\/www.youtube.com\/channel\/UC7y2Y-8u6IXEJXbVlEy_vew"]}]}},"_links":{"self":[{"href":"https:\/\/www.aee-intec.at\/en\/wp-json\/wp\/v2\/pages\/1892","targetHints":{"allow":["GET"]}}],"collection":[{"href":"https:\/\/www.aee-intec.at\/en\/wp-json\/wp\/v2\/pages"}],"about":[{"href":"https:\/\/www.aee-intec.at\/en\/wp-json\/wp\/v2\/types\/page"}],"author":[{"embeddable":true,"href":"https:\/\/www.aee-intec.at\/en\/wp-json\/wp\/v2\/users\/2"}],"replies":[{"embeddable":true,"href":"https:\/\/www.aee-intec.at\/en\/wp-json\/wp\/v2\/comments?post=1892"}],"version-history":[{"count":0,"href":"https:\/\/www.aee-intec.at\/en\/wp-json\/wp\/v2\/pages\/1892\/revisions"}],"wp:attachment":[{"href":"https:\/\/www.aee-intec.at\/en\/wp-json\/wp\/v2\/media?parent=1892"}],"curies":[{"name":"wp","href":"https:\/\/api.w.org\/{rel}","templated":true}]}}