{"id":1908,"date":"2025-03-24T09:11:03","date_gmt":"2025-03-24T07:11:03","guid":{"rendered":"https:\/\/p688098.mittwaldserver.info\/masters-thesis-evaluation-of-the-storage-potential-of-thermal-component-activation-in-buildings-2\/"},"modified":"2025-03-24T09:15:48","modified_gmt":"2025-03-24T07:15:48","slug":"masters-thesis-evaluation-of-the-storage-potential-of-thermal-component-activation-in-buildings-2","status":"publish","type":"page","link":"https:\/\/www.aee-intec.at\/en\/masters-thesis-evaluation-of-the-storage-potential-of-thermal-component-activation-in-buildings-2\/","title":{"rendered":"Master&#8217;s thesis: Evaluation of the storage potential of thermal component activation in buildings"},"content":{"rendered":"\t\t<div data-elementor-type=\"wp-page\" data-elementor-id=\"1908\" class=\"elementor elementor-1908\" data-elementor-post-type=\"page\">\n\t\t\t\t<div class=\"elementor-element elementor-element-22e06cc e-flex e-con-boxed e-con e-parent\" data-id=\"22e06cc\" data-element_type=\"container\" data-e-type=\"container\">\n\t\t\t\t\t<div class=\"e-con-inner\">\n\t\t\t\t\t<\/div>\n\t\t\t\t<\/div>\n\t\t<div class=\"elementor-element elementor-element-749ea26 e-flex e-con-boxed e-con e-parent\" data-id=\"749ea26\" data-element_type=\"container\" data-e-type=\"container\">\n\t\t\t\t\t<div class=\"e-con-inner\">\n\t\t\t\t<div class=\"elementor-element elementor-element-a2ead09 elementor-widget elementor-widget-text-editor\" data-id=\"a2ead09\" data-element_type=\"widget\" data-e-type=\"widget\" data-widget_type=\"text-editor.default\">\n\t\t\t\t<div class=\"elementor-widget-container\">\n\t\t\t\t\t\t\t\t\t<p><strong>AEE &#8211; Institut f\u00fcr Nachhaltige Technologien (AEE INTEC)<\/strong><\/p><p>AEE \u2013 Institut f\u00fcr Nachhaltige Technologien (AEE INTEC) ist eine au\u00dferuniversit\u00e4re Forschungs\u00adeinrichtung, die im Jahr 1988 gegr\u00fcndet wurde. AEE INTEC hat derzeit rund 80 MitarbeiterInnen.<\/p><p>AEE INTEC betreibt sowohl Grundlagenforschung als auch anwendungsorientierte Forschung im Bereich thermischer Energiesysteme (Solarthermie, thermische Speicher, Energiesystemanalysen, etc.), im Bereich energieeffizienter Geb\u00e4ude sowie im Bereich Energieeffizienzsteigerung in industriellen Prozessen. Dabei kooperiert AEE INTEC intensiv mit einschl\u00e4gigen Universit\u00e4ten und Fachhoch\u00adschulen und vergibt auch Bachelor- und Masterarbeiten, Dissertationen und div. Praktika.<\/p><p>\u00a0<\/p><p><strong>Forschungsprojekt<\/strong><\/p><p>In der F&amp;E-Dienstleistung \u201eBundesweites Monitoring von energieeffizienten bauteilaktivierten Demonstrationsgeb\u00e4uden (\u201eBreitentest Bauteilaktivierung\u201c)\u201c sollen bereits umgesetzte Geb\u00e4ude \u2013 Neubau oder Sanierung \u2013 in m\u00f6glichst allen Bundesl\u00e4ndern und Anwendungskategorien (Einfamilienhaus, Mehrfamilienhaus, Wohnhausanlage, Dienstleistungsgeb\u00e4ude, Gewerbebauten) einem Monitoring unterzogen werden, welches soweit m\u00f6glich neben Betriebsdaten auch Erfahrungen von Beteiligten (InvestorInnen, PlanerInnen, umsetzenden Betrieben, Geb\u00e4udenutzerInnen, etc.) mit einbindet.<\/p><p>Ziel dieser Untersuchung ist es, die unterschiedlichsten Anwendungen der Technologie Bauteilaktivierung allgemein zu betrachten. Durch die Entwicklung von geeigneten Kennzahlen und Parametern sollen die existierenden Pilotprojekte von unabh\u00e4ngigen wissenschaftlichen Institutionen bewertet und miteinander verglichen werden, um ein m\u00f6glichst vollst\u00e4ndiges Bild der M\u00f6glichkeiten von und mit Bauteilaktivierung zu erhalten.<\/p><p>\u00a0<\/p><p><strong>Inhalt der Masterarbeit<\/strong><\/p><ul><li>Messdatenanalyse und -bewertung von bauteilaktivierten Geb\u00e4uden<\/li><li>Anwendung bestehender sowie Entwicklung von neuen Kennzahlen zur Bewertung des Speicherpotentials von Bauteilaktivierung<\/li><li>Zusammenfassung der Aktivit\u00e4ten, Methoden und Erkenntnisse innerhalb einer akademischen Arbeit (Masterarbeit)<\/li><\/ul><p>\u00a0<\/p><p><strong>Wir erwarten\u2026<\/strong><\/p><ul><li>selbst\u00e4ndiges und l\u00f6sungsorientiertes Arbeiten<\/li><li>Strukturierte, analytische Arbeitsweise<\/li><li>Interesse an theoretischen Untersuchungen<\/li><\/ul><p>\u00a0<\/p><p><strong>Wir bieten&#8230; <\/strong><\/p><ul><li>bezahlte Masterarbeit in einem laufenden Forschungsprojekt<\/li><li>Betreuung durch erfahrene Mitarbeiter, kompetente fachliche Unterst\u00fctzung<\/li><li><em>Zeitrahmen:<\/em> Beginn ab sofort, Dauer: 6 Monate<\/li><\/ul><p>\u00a0<\/p><p><strong>Kontakte:<\/strong><\/p><p>Walter Becke<br \/>Tel.: 03112 5886-231<br \/><a href=\"mailto:t.ramschak@aee.at\">w.becke@aee.at<\/a><\/p>\t\t\t\t\t\t\t\t<\/div>\n\t\t\t\t<\/div>\n\t\t\t\t\t<\/div>\n\t\t\t\t<\/div>\n\t\t\t\t<\/div>\n\t\t","protected":false},"excerpt":{"rendered":"<p>AEE &#8211; Institut f\u00fcr Nachhaltige Technologien (AEE INTEC) AEE \u2013 Institut f\u00fcr Nachhaltige Technologien (AEE INTEC) ist eine au\u00dferuniversit\u00e4re Forschungs\u00adeinrichtung, die im Jahr 1988 gegr\u00fcndet wurde. AEE INTEC hat derzeit rund 80 MitarbeiterInnen. AEE INTEC betreibt sowohl Grundlagenforschung als auch anwendungsorientierte Forschung im Bereich thermischer Energiesysteme (Solarthermie, thermische Speicher, Energiesystemanalysen, etc.), im Bereich energieeffizienter Geb\u00e4ude [&hellip;]<\/p>\n","protected":false},"author":2,"featured_media":0,"parent":0,"menu_order":0,"comment_status":"closed","ping_status":"closed","template":"","meta":{"_acf_changed":false,"inline_featured_image":false,"footnotes":""},"class_list":["post-1908","page","type-page","status-publish","hentry"],"acf":[],"yoast_head":"<!-- This site is optimized with the Yoast SEO plugin v27.4 - https:\/\/yoast.com\/product\/yoast-seo-wordpress\/ -->\n<title>Master&#039;s thesis: Evaluation of the storage potential of thermal component activation in buildings - AEE INTEC<\/title>\n<meta name=\"robots\" content=\"index, follow, max-snippet:-1, max-image-preview:large, max-video-preview:-1\" \/>\n<link rel=\"canonical\" href=\"https:\/\/www.aee-intec.at\/en\/masters-thesis-evaluation-of-the-storage-potential-of-thermal-component-activation-in-buildings-2\/\" \/>\n<script type=\"application\/ld+json\" class=\"yoast-schema-graph\">{\"@context\":\"https:\\\/\\\/schema.org\",\"@graph\":[{\"@type\":\"WebPage\",\"@id\":\"https:\\\/\\\/www.aee-intec.at\\\/en\\\/masters-thesis-evaluation-of-the-storage-potential-of-thermal-component-activation-in-buildings-2\\\/\",\"url\":\"https:\\\/\\\/www.aee-intec.at\\\/en\\\/masters-thesis-evaluation-of-the-storage-potential-of-thermal-component-activation-in-buildings-2\\\/\",\"name\":\"Master's thesis: Evaluation of the storage potential of thermal component activation in buildings - AEE INTEC\",\"isPartOf\":{\"@id\":\"https:\\\/\\\/www.aee-intec.at\\\/en\\\/#website\"},\"datePublished\":\"2025-03-24T07:11:03+00:00\",\"dateModified\":\"2025-03-24T07:15:48+00:00\",\"breadcrumb\":{\"@id\":\"https:\\\/\\\/www.aee-intec.at\\\/en\\\/masters-thesis-evaluation-of-the-storage-potential-of-thermal-component-activation-in-buildings-2\\\/#breadcrumb\"},\"inLanguage\":\"en-US\",\"potentialAction\":[{\"@type\":\"ReadAction\",\"target\":[\"https:\\\/\\\/www.aee-intec.at\\\/en\\\/masters-thesis-evaluation-of-the-storage-potential-of-thermal-component-activation-in-buildings-2\\\/\"]}]},{\"@type\":\"BreadcrumbList\",\"@id\":\"https:\\\/\\\/www.aee-intec.at\\\/en\\\/masters-thesis-evaluation-of-the-storage-potential-of-thermal-component-activation-in-buildings-2\\\/#breadcrumb\",\"itemListElement\":[{\"@type\":\"ListItem\",\"position\":1,\"name\":\"Home\",\"item\":\"https:\\\/\\\/www.aee-intec.at\\\/en\\\/home-page\\\/\"},{\"@type\":\"ListItem\",\"position\":2,\"name\":\"Master&#8217;s thesis: Evaluation of the storage potential of thermal component activation in buildings\"}]},{\"@type\":\"WebSite\",\"@id\":\"https:\\\/\\\/www.aee-intec.at\\\/en\\\/#website\",\"url\":\"https:\\\/\\\/www.aee-intec.at\\\/en\\\/\",\"name\":\"AEE - Institut f\u00fcr Nachhaltige Technologien\",\"description\":\"Willkommen bei AEE - Institut f\u00fcr Nachhaltige Technologien - AEE INTEC\",\"publisher\":{\"@id\":\"https:\\\/\\\/www.aee-intec.at\\\/en\\\/#organization\"},\"potentialAction\":[{\"@type\":\"SearchAction\",\"target\":{\"@type\":\"EntryPoint\",\"urlTemplate\":\"https:\\\/\\\/www.aee-intec.at\\\/en\\\/?s={search_term_string}\"},\"query-input\":{\"@type\":\"PropertyValueSpecification\",\"valueRequired\":true,\"valueName\":\"search_term_string\"}}],\"inLanguage\":\"en-US\"},{\"@type\":\"Organization\",\"@id\":\"https:\\\/\\\/www.aee-intec.at\\\/en\\\/#organization\",\"name\":\"AEE - Institut f\u00fcr Nachhaltige Technologien\",\"url\":\"https:\\\/\\\/www.aee-intec.at\\\/en\\\/\",\"logo\":{\"@type\":\"ImageObject\",\"inLanguage\":\"en-US\",\"@id\":\"https:\\\/\\\/www.aee-intec.at\\\/en\\\/#\\\/schema\\\/logo\\\/image\\\/\",\"url\":\"https:\\\/\\\/www.aee-intec.at\\\/wp-content\\\/uploads\\\/2025\\\/02\\\/logo-1.gif\",\"contentUrl\":\"https:\\\/\\\/www.aee-intec.at\\\/wp-content\\\/uploads\\\/2025\\\/02\\\/logo-1.gif\",\"width\":74,\"height\":96,\"caption\":\"AEE - Institut f\u00fcr Nachhaltige Technologien\"},\"image\":{\"@id\":\"https:\\\/\\\/www.aee-intec.at\\\/en\\\/#\\\/schema\\\/logo\\\/image\\\/\"},\"sameAs\":[\"https:\\\/\\\/at.linkedin.com\\\/company\\\/aee-intec\",\"https:\\\/\\\/www.youtube.com\\\/channel\\\/UC7y2Y-8u6IXEJXbVlEy_vew\"]}]}<\/script>\n<!-- \/ Yoast SEO plugin. -->","yoast_head_json":{"title":"Master's thesis: Evaluation of the storage potential of thermal component activation in buildings - AEE INTEC","robots":{"index":"index","follow":"follow","max-snippet":"max-snippet:-1","max-image-preview":"max-image-preview:large","max-video-preview":"max-video-preview:-1"},"canonical":"https:\/\/www.aee-intec.at\/en\/masters-thesis-evaluation-of-the-storage-potential-of-thermal-component-activation-in-buildings-2\/","schema":{"@context":"https:\/\/schema.org","@graph":[{"@type":"WebPage","@id":"https:\/\/www.aee-intec.at\/en\/masters-thesis-evaluation-of-the-storage-potential-of-thermal-component-activation-in-buildings-2\/","url":"https:\/\/www.aee-intec.at\/en\/masters-thesis-evaluation-of-the-storage-potential-of-thermal-component-activation-in-buildings-2\/","name":"Master's thesis: Evaluation of the storage potential of thermal component activation in buildings - AEE INTEC","isPartOf":{"@id":"https:\/\/www.aee-intec.at\/en\/#website"},"datePublished":"2025-03-24T07:11:03+00:00","dateModified":"2025-03-24T07:15:48+00:00","breadcrumb":{"@id":"https:\/\/www.aee-intec.at\/en\/masters-thesis-evaluation-of-the-storage-potential-of-thermal-component-activation-in-buildings-2\/#breadcrumb"},"inLanguage":"en-US","potentialAction":[{"@type":"ReadAction","target":["https:\/\/www.aee-intec.at\/en\/masters-thesis-evaluation-of-the-storage-potential-of-thermal-component-activation-in-buildings-2\/"]}]},{"@type":"BreadcrumbList","@id":"https:\/\/www.aee-intec.at\/en\/masters-thesis-evaluation-of-the-storage-potential-of-thermal-component-activation-in-buildings-2\/#breadcrumb","itemListElement":[{"@type":"ListItem","position":1,"name":"Home","item":"https:\/\/www.aee-intec.at\/en\/home-page\/"},{"@type":"ListItem","position":2,"name":"Master&#8217;s thesis: Evaluation of the storage potential of thermal component activation in buildings"}]},{"@type":"WebSite","@id":"https:\/\/www.aee-intec.at\/en\/#website","url":"https:\/\/www.aee-intec.at\/en\/","name":"AEE - Institut f\u00fcr Nachhaltige Technologien","description":"Willkommen bei AEE - Institut f\u00fcr Nachhaltige Technologien - AEE INTEC","publisher":{"@id":"https:\/\/www.aee-intec.at\/en\/#organization"},"potentialAction":[{"@type":"SearchAction","target":{"@type":"EntryPoint","urlTemplate":"https:\/\/www.aee-intec.at\/en\/?s={search_term_string}"},"query-input":{"@type":"PropertyValueSpecification","valueRequired":true,"valueName":"search_term_string"}}],"inLanguage":"en-US"},{"@type":"Organization","@id":"https:\/\/www.aee-intec.at\/en\/#organization","name":"AEE - Institut f\u00fcr Nachhaltige Technologien","url":"https:\/\/www.aee-intec.at\/en\/","logo":{"@type":"ImageObject","inLanguage":"en-US","@id":"https:\/\/www.aee-intec.at\/en\/#\/schema\/logo\/image\/","url":"https:\/\/www.aee-intec.at\/wp-content\/uploads\/2025\/02\/logo-1.gif","contentUrl":"https:\/\/www.aee-intec.at\/wp-content\/uploads\/2025\/02\/logo-1.gif","width":74,"height":96,"caption":"AEE - Institut f\u00fcr Nachhaltige Technologien"},"image":{"@id":"https:\/\/www.aee-intec.at\/en\/#\/schema\/logo\/image\/"},"sameAs":["https:\/\/at.linkedin.com\/company\/aee-intec","https:\/\/www.youtube.com\/channel\/UC7y2Y-8u6IXEJXbVlEy_vew"]}]}},"_links":{"self":[{"href":"https:\/\/www.aee-intec.at\/en\/wp-json\/wp\/v2\/pages\/1908","targetHints":{"allow":["GET"]}}],"collection":[{"href":"https:\/\/www.aee-intec.at\/en\/wp-json\/wp\/v2\/pages"}],"about":[{"href":"https:\/\/www.aee-intec.at\/en\/wp-json\/wp\/v2\/types\/page"}],"author":[{"embeddable":true,"href":"https:\/\/www.aee-intec.at\/en\/wp-json\/wp\/v2\/users\/2"}],"replies":[{"embeddable":true,"href":"https:\/\/www.aee-intec.at\/en\/wp-json\/wp\/v2\/comments?post=1908"}],"version-history":[{"count":0,"href":"https:\/\/www.aee-intec.at\/en\/wp-json\/wp\/v2\/pages\/1908\/revisions"}],"wp:attachment":[{"href":"https:\/\/www.aee-intec.at\/en\/wp-json\/wp\/v2\/media?parent=1908"}],"curies":[{"name":"wp","href":"https:\/\/api.w.org\/{rel}","templated":true}]}}