{"id":1973,"date":"2025-03-24T15:18:58","date_gmt":"2025-03-24T13:18:58","guid":{"rendered":"https:\/\/p688098.mittwaldserver.info\/masters-thesis-analysis-of-decentralized-flexibility-potentials-for-electricity-and-heating-networks\/"},"modified":"2025-03-24T15:23:15","modified_gmt":"2025-03-24T13:23:15","slug":"masters-thesis-analysis-of-decentralized-flexibility-potentials-for-electricity-and-heating-networks","status":"publish","type":"page","link":"https:\/\/www.aee-intec.at\/en\/masters-thesis-analysis-of-decentralized-flexibility-potentials-for-electricity-and-heating-networks\/","title":{"rendered":"Master&#8217;s thesis \u2013 Analysis of decentralized flexibility potentials for electricity and heating networks"},"content":{"rendered":"\t\t<div data-elementor-type=\"wp-page\" data-elementor-id=\"1973\" class=\"elementor elementor-1973\" data-elementor-post-type=\"page\">\n\t\t\t\t<div class=\"elementor-element elementor-element-e1bb98c e-flex e-con-boxed e-con e-parent\" data-id=\"e1bb98c\" data-element_type=\"container\" data-e-type=\"container\">\n\t\t\t\t\t<div class=\"e-con-inner\">\n\t\t\t\t\t<\/div>\n\t\t\t\t<\/div>\n\t\t<div class=\"elementor-element elementor-element-1e8593f e-flex e-con-boxed e-con e-parent\" data-id=\"1e8593f\" data-element_type=\"container\" data-e-type=\"container\">\n\t\t\t\t\t<div class=\"e-con-inner\">\n\t\t\t\t<div class=\"elementor-element elementor-element-c011f75 elementor-widget elementor-widget-text-editor\" data-id=\"c011f75\" data-element_type=\"widget\" data-e-type=\"widget\" data-widget_type=\"text-editor.default\">\n\t\t\t\t<div class=\"elementor-widget-container\">\n\t\t\t\t\t\t\t\t\t<p><strong>AEE INTEC:<\/strong><br \/>AEE &#8211; Institut f\u00fcr Nachhaltige Technologien (AEE INTEC) wurde 1988 gegr\u00fcndet und ist heute eines der f\u00fchrenden europ\u00e4ischen Institute der angewandten Forschung auf dem Gebiet erneuerbarer Energie und Ressourceneffizienz. Das Institut besch\u00e4ftigt derzeit in Gleisdorf rund 80 Personen aus acht verschiedenen Nationen. Im Rahmen von nationalen, europ\u00e4ischen und internationalen For-schungs- und Entwicklungsprojekten hat AEE INTEC in den vergangenen Jahren wesentlich zur Wei-terentwicklung von nachhaltigen Technologien beigetragen.<\/p><p>\u00a0<\/p><p><strong>Verbundene Forschungsprojekte:<br \/><\/strong>Der fortschreitende Ausbau erneuerbarer Energie in der Strom- und W\u00e4rmeversorgung f\u00fchrt zu einem immer volatileren Energieangebot. Um diese Schwankungen auszugleichen, m\u00fcssen Flexibilit\u00e4ten geschaffen werden. Neben zentralisierten L\u00f6sungen wie gro\u00dfen Speichern k\u00f6nnen auch dezentrale, kleinr\u00e4umig verteilte Flexibilit\u00e4ten zum Lastausgleich genutzt werden, z.B. individuelle Warmwasserboiler in Wohnungen, Batterien in E-Autos oder die thermischen Massen von Geb\u00e4uden. Um diese ansprechen zu k\u00f6nnen sind nicht nur technische L\u00f6sungen erforderlich, sondern auch Kenntnis bzw. Anpassung der rechtlichen Rahmenbedingungen. Die vorliegende Masterarbeit soll auf Basis mehrerer laufender Forschungsprojekte, den aktuellen technischen und rechtlich\/regulatorischen Status Quo in \u00d6sterreich und ausgew\u00e4hlten Drittl\u00e4ndern analysieren, vergleichen und auf Eignung zur Nutzung von Flexibilit\u00e4ten hin bewerten.<\/p><p>\u00a0<\/p><p><strong>Master-Arbeit:<\/strong><\/p><ul><li>Analyse des aktuellen Stands der Technik f\u00fcr Flexibilit\u00e4tsl\u00f6sungen im Strom- und W\u00e4rme-sektor aus technischer Sicht<\/li><li>Vergleich verschiedener Technologien anhand ausgew\u00e4hlter Bewertungsindikatoren (z.B. Warmwasserspeicher, Gro\u00dfw\u00e4rmespeicher, Batteriespeicher, Bauteilaktivierung, Geb\u00e4u-demassen etc.)<\/li><li>Analyse der aktuellen rechtlichen und regulatorischen Rahmenbedingungen f\u00fcr Flexibili-t\u00e4tsmanagement in \u00d6sterreich<\/li><li>Ausweitung der rechtlichen und regulatorischen Analyse auf ausgew\u00e4hlte Drittl\u00e4nder (D\u00e4-nemark, Deutschland u.a.)<\/li><li>Einbettung in mehrere laufende nationale und internationale Forschungsprojekte zum Thema Flexibilit\u00e4t<\/li><\/ul><p>\u00a0<\/p><p><strong>Wir bieten&#8230;<\/strong><\/p><ul><li>eine bezahlte Master-Arbeit sowie einen Arbeitsplatz am Institut in Gleisdorf<\/li><li>Einbindung in laufende Forschungsprojekte und in das Forschungsteam<\/li><li>Betreuung durch erfahrene Mitarbeiter- und ForscherInnen<\/li><li>Zeitrahmen: 6 Monate, ab sofort<\/li><\/ul><p>\u00a0<\/p><p><strong>Kontakt:<br \/><\/strong>Marnoch Hamilton-Jones<br \/>E-Mail: <a href=\"mailto:m.hamilton-jones@aee.at\">m.hamilton-jones@aee.at<\/a><\/p>\t\t\t\t\t\t\t\t<\/div>\n\t\t\t\t<\/div>\n\t\t\t\t\t<\/div>\n\t\t\t\t<\/div>\n\t\t\t\t<\/div>\n\t\t","protected":false},"excerpt":{"rendered":"<p>AEE INTEC:AEE &#8211; Institut f\u00fcr Nachhaltige Technologien (AEE INTEC) wurde 1988 gegr\u00fcndet und ist heute eines der f\u00fchrenden europ\u00e4ischen Institute der angewandten Forschung auf dem Gebiet erneuerbarer Energie und Ressourceneffizienz. Das Institut besch\u00e4ftigt derzeit in Gleisdorf rund 80 Personen aus acht verschiedenen Nationen. Im Rahmen von nationalen, europ\u00e4ischen und internationalen For-schungs- und Entwicklungsprojekten hat AEE [&hellip;]<\/p>\n","protected":false},"author":2,"featured_media":0,"parent":0,"menu_order":0,"comment_status":"closed","ping_status":"closed","template":"","meta":{"_acf_changed":false,"inline_featured_image":false,"footnotes":""},"class_list":["post-1973","page","type-page","status-publish","hentry"],"acf":[],"yoast_head":"<!-- This site is optimized with the Yoast SEO plugin v27.5 - https:\/\/yoast.com\/product\/yoast-seo-wordpress\/ -->\n<title>Master&#039;s thesis \u2013 Analysis of decentralized flexibility potentials for electricity and heating networks - AEE INTEC<\/title>\n<meta name=\"robots\" content=\"index, follow, max-snippet:-1, max-image-preview:large, max-video-preview:-1\" \/>\n<link rel=\"canonical\" href=\"https:\/\/www.aee-intec.at\/en\/masters-thesis-analysis-of-decentralized-flexibility-potentials-for-electricity-and-heating-networks\/\" \/>\n<script type=\"application\/ld+json\" class=\"yoast-schema-graph\">{\"@context\":\"https:\\\/\\\/schema.org\",\"@graph\":[{\"@type\":\"WebPage\",\"@id\":\"https:\\\/\\\/www.aee-intec.at\\\/en\\\/masters-thesis-analysis-of-decentralized-flexibility-potentials-for-electricity-and-heating-networks\\\/\",\"url\":\"https:\\\/\\\/www.aee-intec.at\\\/en\\\/masters-thesis-analysis-of-decentralized-flexibility-potentials-for-electricity-and-heating-networks\\\/\",\"name\":\"Master's thesis \u2013 Analysis of decentralized flexibility potentials for electricity and heating networks - AEE INTEC\",\"isPartOf\":{\"@id\":\"https:\\\/\\\/www.aee-intec.at\\\/en\\\/#website\"},\"datePublished\":\"2025-03-24T13:18:58+00:00\",\"dateModified\":\"2025-03-24T13:23:15+00:00\",\"breadcrumb\":{\"@id\":\"https:\\\/\\\/www.aee-intec.at\\\/en\\\/masters-thesis-analysis-of-decentralized-flexibility-potentials-for-electricity-and-heating-networks\\\/#breadcrumb\"},\"inLanguage\":\"en-US\",\"potentialAction\":[{\"@type\":\"ReadAction\",\"target\":[\"https:\\\/\\\/www.aee-intec.at\\\/en\\\/masters-thesis-analysis-of-decentralized-flexibility-potentials-for-electricity-and-heating-networks\\\/\"]}]},{\"@type\":\"BreadcrumbList\",\"@id\":\"https:\\\/\\\/www.aee-intec.at\\\/en\\\/masters-thesis-analysis-of-decentralized-flexibility-potentials-for-electricity-and-heating-networks\\\/#breadcrumb\",\"itemListElement\":[{\"@type\":\"ListItem\",\"position\":1,\"name\":\"Home\",\"item\":\"https:\\\/\\\/www.aee-intec.at\\\/en\\\/home-page\\\/\"},{\"@type\":\"ListItem\",\"position\":2,\"name\":\"Master&#8217;s thesis \u2013 Analysis of decentralized flexibility potentials for electricity and heating networks\"}]},{\"@type\":\"WebSite\",\"@id\":\"https:\\\/\\\/www.aee-intec.at\\\/en\\\/#website\",\"url\":\"https:\\\/\\\/www.aee-intec.at\\\/en\\\/\",\"name\":\"AEE - Institut f\u00fcr Nachhaltige Technologien\",\"description\":\"Willkommen bei AEE - Institut f\u00fcr Nachhaltige Technologien - AEE INTEC\",\"publisher\":{\"@id\":\"https:\\\/\\\/www.aee-intec.at\\\/en\\\/#organization\"},\"potentialAction\":[{\"@type\":\"SearchAction\",\"target\":{\"@type\":\"EntryPoint\",\"urlTemplate\":\"https:\\\/\\\/www.aee-intec.at\\\/en\\\/?s={search_term_string}\"},\"query-input\":{\"@type\":\"PropertyValueSpecification\",\"valueRequired\":true,\"valueName\":\"search_term_string\"}}],\"inLanguage\":\"en-US\"},{\"@type\":\"Organization\",\"@id\":\"https:\\\/\\\/www.aee-intec.at\\\/en\\\/#organization\",\"name\":\"AEE - Institut f\u00fcr Nachhaltige Technologien\",\"url\":\"https:\\\/\\\/www.aee-intec.at\\\/en\\\/\",\"logo\":{\"@type\":\"ImageObject\",\"inLanguage\":\"en-US\",\"@id\":\"https:\\\/\\\/www.aee-intec.at\\\/en\\\/#\\\/schema\\\/logo\\\/image\\\/\",\"url\":\"https:\\\/\\\/www.aee-intec.at\\\/wp-content\\\/uploads\\\/2025\\\/02\\\/logo-1.gif\",\"contentUrl\":\"https:\\\/\\\/www.aee-intec.at\\\/wp-content\\\/uploads\\\/2025\\\/02\\\/logo-1.gif\",\"width\":74,\"height\":96,\"caption\":\"AEE - Institut f\u00fcr Nachhaltige Technologien\"},\"image\":{\"@id\":\"https:\\\/\\\/www.aee-intec.at\\\/en\\\/#\\\/schema\\\/logo\\\/image\\\/\"},\"sameAs\":[\"https:\\\/\\\/at.linkedin.com\\\/company\\\/aee-intec\",\"https:\\\/\\\/www.youtube.com\\\/channel\\\/UC7y2Y-8u6IXEJXbVlEy_vew\"]}]}<\/script>\n<!-- \/ Yoast SEO plugin. -->","yoast_head_json":{"title":"Master's thesis \u2013 Analysis of decentralized flexibility potentials for electricity and heating networks - AEE INTEC","robots":{"index":"index","follow":"follow","max-snippet":"max-snippet:-1","max-image-preview":"max-image-preview:large","max-video-preview":"max-video-preview:-1"},"canonical":"https:\/\/www.aee-intec.at\/en\/masters-thesis-analysis-of-decentralized-flexibility-potentials-for-electricity-and-heating-networks\/","schema":{"@context":"https:\/\/schema.org","@graph":[{"@type":"WebPage","@id":"https:\/\/www.aee-intec.at\/en\/masters-thesis-analysis-of-decentralized-flexibility-potentials-for-electricity-and-heating-networks\/","url":"https:\/\/www.aee-intec.at\/en\/masters-thesis-analysis-of-decentralized-flexibility-potentials-for-electricity-and-heating-networks\/","name":"Master's thesis \u2013 Analysis of decentralized flexibility potentials for electricity and heating networks - AEE INTEC","isPartOf":{"@id":"https:\/\/www.aee-intec.at\/en\/#website"},"datePublished":"2025-03-24T13:18:58+00:00","dateModified":"2025-03-24T13:23:15+00:00","breadcrumb":{"@id":"https:\/\/www.aee-intec.at\/en\/masters-thesis-analysis-of-decentralized-flexibility-potentials-for-electricity-and-heating-networks\/#breadcrumb"},"inLanguage":"en-US","potentialAction":[{"@type":"ReadAction","target":["https:\/\/www.aee-intec.at\/en\/masters-thesis-analysis-of-decentralized-flexibility-potentials-for-electricity-and-heating-networks\/"]}]},{"@type":"BreadcrumbList","@id":"https:\/\/www.aee-intec.at\/en\/masters-thesis-analysis-of-decentralized-flexibility-potentials-for-electricity-and-heating-networks\/#breadcrumb","itemListElement":[{"@type":"ListItem","position":1,"name":"Home","item":"https:\/\/www.aee-intec.at\/en\/home-page\/"},{"@type":"ListItem","position":2,"name":"Master&#8217;s thesis \u2013 Analysis of decentralized flexibility potentials for electricity and heating networks"}]},{"@type":"WebSite","@id":"https:\/\/www.aee-intec.at\/en\/#website","url":"https:\/\/www.aee-intec.at\/en\/","name":"AEE - Institut f\u00fcr Nachhaltige Technologien","description":"Willkommen bei AEE - Institut f\u00fcr Nachhaltige Technologien - AEE INTEC","publisher":{"@id":"https:\/\/www.aee-intec.at\/en\/#organization"},"potentialAction":[{"@type":"SearchAction","target":{"@type":"EntryPoint","urlTemplate":"https:\/\/www.aee-intec.at\/en\/?s={search_term_string}"},"query-input":{"@type":"PropertyValueSpecification","valueRequired":true,"valueName":"search_term_string"}}],"inLanguage":"en-US"},{"@type":"Organization","@id":"https:\/\/www.aee-intec.at\/en\/#organization","name":"AEE - Institut f\u00fcr Nachhaltige Technologien","url":"https:\/\/www.aee-intec.at\/en\/","logo":{"@type":"ImageObject","inLanguage":"en-US","@id":"https:\/\/www.aee-intec.at\/en\/#\/schema\/logo\/image\/","url":"https:\/\/www.aee-intec.at\/wp-content\/uploads\/2025\/02\/logo-1.gif","contentUrl":"https:\/\/www.aee-intec.at\/wp-content\/uploads\/2025\/02\/logo-1.gif","width":74,"height":96,"caption":"AEE - Institut f\u00fcr Nachhaltige Technologien"},"image":{"@id":"https:\/\/www.aee-intec.at\/en\/#\/schema\/logo\/image\/"},"sameAs":["https:\/\/at.linkedin.com\/company\/aee-intec","https:\/\/www.youtube.com\/channel\/UC7y2Y-8u6IXEJXbVlEy_vew"]}]}},"_links":{"self":[{"href":"https:\/\/www.aee-intec.at\/en\/wp-json\/wp\/v2\/pages\/1973","targetHints":{"allow":["GET"]}}],"collection":[{"href":"https:\/\/www.aee-intec.at\/en\/wp-json\/wp\/v2\/pages"}],"about":[{"href":"https:\/\/www.aee-intec.at\/en\/wp-json\/wp\/v2\/types\/page"}],"author":[{"embeddable":true,"href":"https:\/\/www.aee-intec.at\/en\/wp-json\/wp\/v2\/users\/2"}],"replies":[{"embeddable":true,"href":"https:\/\/www.aee-intec.at\/en\/wp-json\/wp\/v2\/comments?post=1973"}],"version-history":[{"count":0,"href":"https:\/\/www.aee-intec.at\/en\/wp-json\/wp\/v2\/pages\/1973\/revisions"}],"wp:attachment":[{"href":"https:\/\/www.aee-intec.at\/en\/wp-json\/wp\/v2\/media?parent=1973"}],"curies":[{"name":"wp","href":"https:\/\/api.w.org\/{rel}","templated":true}]}}