{"id":2198,"date":"2025-03-25T18:55:29","date_gmt":"2025-03-25T16:55:29","guid":{"rendered":"https:\/\/p688098.mittwaldserver.info\/masters-thesis-portfolio-management-for-the-decarbonization-of-large-housing-stocks\/"},"modified":"2025-03-25T18:59:28","modified_gmt":"2025-03-25T16:59:28","slug":"masters-thesis-portfolio-management-for-the-decarbonization-of-large-housing-stocks","status":"publish","type":"page","link":"https:\/\/www.aee-intec.at\/en\/masters-thesis-portfolio-management-for-the-decarbonization-of-large-housing-stocks\/","title":{"rendered":"Master&#8217;s thesis: Portfolio management for the decarbonization of large housing stocks"},"content":{"rendered":"\t\t<div data-elementor-type=\"wp-page\" data-elementor-id=\"2198\" class=\"elementor elementor-2198 elementor-2196\" data-elementor-post-type=\"page\">\n\t\t\t\t<div class=\"elementor-element elementor-element-2b17e99 e-flex e-con-boxed e-con e-parent\" data-id=\"2b17e99\" data-element_type=\"container\" data-e-type=\"container\">\n\t\t\t\t\t<div class=\"e-con-inner\">\n\t\t\t\t\t<\/div>\n\t\t\t\t<\/div>\n\t\t<div class=\"elementor-element elementor-element-069698b e-flex e-con-boxed e-con e-parent\" data-id=\"069698b\" data-element_type=\"container\" data-e-type=\"container\">\n\t\t\t\t\t<div class=\"e-con-inner\">\n\t\t\t\t<div class=\"elementor-element elementor-element-f59021b elementor-widget elementor-widget-text-editor\" data-id=\"f59021b\" data-element_type=\"widget\" data-e-type=\"widget\" data-widget_type=\"text-editor.default\">\n\t\t\t\t<div class=\"elementor-widget-container\">\n\t\t\t\t\t\t\t\t\t<div class=\"WordSection1\"><p><strong>AEE INTEC<\/strong><\/p><p>AEE \u2013 Institut f\u00fcr Nachhaltige Technologien (AEE INTEC) ist ein au\u00dferuniversit\u00e4res Forschungsinstitut, das im Jahr 1988 gegr\u00fcndet wurde. AEE INTEC besch\u00e4ftigt derzeit rund 85 Mitarbeiter*innen aus acht Nationen und vergibt laufend Bachelor- und Masterarbeiten sowie Praktika. AEE INTEC arbeitet in den thematischen Bereichen \u201eGeb\u00e4ude\u201c, \u201eSt\u00e4dte und Netze\u201c, \u201eTechnologieentwicklung\u201c und \u201eIndustrielle Systeme\u201c an Grundlagen- und anwendungsorientierter Forschung in nationalen und internationalen F&amp;E-Projekte in Kooperationen mit Universit\u00e4ten, FHs, anderen Forschungseinrichtungen und der Industrie.<\/p><p>\u00a0<\/p><p><strong>Forschungsprojekt<\/strong><\/p><p>Ziel der ausgeschriebenen Masterarbeit ist die Entwicklung und Erprobung einer Management-Methode, die Eigent\u00fcmer*innen gro\u00dfer Geb\u00e4udebest\u00e4nde bei der Festlegung und Umsetzung einer Langfriststrategie zur weitgehenden Reduktion des Energieverbrauchs und zur vollst\u00e4ndigen Dekarbonisierung ihres Gesamtbestandes (unterschiedliche Geb\u00e4udetypen unterschiedlicher Baualtersklassen) bei gleichzeitiger Minimierung der Investitions- und Lebenszykluskosten unterst\u00fctzt.<\/p><p>\u00a0<\/p><p><strong>Inhalt der Masterarbeit<\/strong><\/p><p>Die Masterarbeit ist in ein laufendes Forschungsprojekt von AEE INTEC eingebunden und soll in enger Kooperation mit dem Projektteam als auch punktuell mit dem gesamten Projektkonsortium erfolgen.<\/p><ul><li>Welche Parameter beeinflussen Energieeinsparpotenzial, Investitions- und Lebenszykluskosten priorit\u00e4r (Geb\u00e4udealter, Geometrie, Konstruktion, Erhaltungszustand und Teilsanierungen, W\u00e4rmeerzeugungssystem, W\u00e4rmeverteil- und Abgabesystem, Stand des EVB-Kontos\u2026), wie k\u00f6nnen sie mit geringem Aufwand erhoben und wie gewichtet werden?<\/li><li>Wie k\u00f6nnen die gewonnenen Daten genutzt werden k\u00f6nnen, um langfristige Dekarbonisierungspl\u00e4ne f\u00fcr Gesamt-Geb\u00e4udebest\u00e4nde zu erstellen?<\/li><li>Exemplarische Berechnung der Energieeinsparung und der Treibhausgasreduktionen f\u00fcr verschiedene Konzepte zur energetischen Sanierung von repr\u00e4sentativen Geb\u00e4udetypen<\/li><\/ul><p>\u00a0<\/p><p><strong>Wir erwarten\u2026<\/strong><\/p><ul><li>Kenntnisse im Bereich Geb\u00e4ude und Energie; Energieausweis; Wirtschaftlichkeitsrechung<\/li><li>Interesse an Geb\u00e4uden, Geb\u00e4udetechnik sowie Planungs- und Bauprozessen<\/li><li>Kreatives, exaktes, selbst\u00e4ndiges und l\u00f6sungsorientiertes Arbeiten<\/li><li>Sehr gute Deutschkenntnisse in Wort und Schrift<\/li><\/ul><p>\u00a0<\/p><p><strong>Wir bieten&#8230;<\/strong><\/p><ul><li>Bezahlte Masterarbeit eingebunden in ein nationales Forschungsprojekt mit Daten von gro\u00dfen Immobilieneigent\u00fcmer:innen und Wohnbautr\u00e4ger*innen<\/li><li>Intensive Betreuung durch qualifizierte, erfahrene Mitarbeiter*innen auf dem Gebieten nachhaltige Geb\u00e4ude, Bau- und Planungsprozesse, erneuerbaren Energiequellen und Geb\u00e4udesanierung<\/li><li>Geplante Dauer: 6 Monate (ggf. auch l\u00e4nger); Start: nach Absprache (ab sofort)<\/li><\/ul><\/div><p>\u00a0<\/p><p><strong>Kontakt f\u00fcr inhaltliche Fragen und Bewerbungen an: <\/strong><\/p><p>Tobias Weiss<br \/><a href=\"mailto:t.weiss@aee.at\">t.weiss@aee.at<br \/><\/a>+43 3112\/5886-365<\/p>\t\t\t\t\t\t\t\t<\/div>\n\t\t\t\t<\/div>\n\t\t\t\t\t<\/div>\n\t\t\t\t<\/div>\n\t\t\t\t<\/div>\n\t\t","protected":false},"excerpt":{"rendered":"<p>AEE INTEC AEE \u2013 Institut f\u00fcr Nachhaltige Technologien (AEE INTEC) ist ein au\u00dferuniversit\u00e4res Forschungsinstitut, das im Jahr 1988 gegr\u00fcndet wurde. AEE INTEC besch\u00e4ftigt derzeit rund 85 Mitarbeiter*innen aus acht Nationen und vergibt laufend Bachelor- und Masterarbeiten sowie Praktika. AEE INTEC arbeitet in den thematischen Bereichen \u201eGeb\u00e4ude\u201c, \u201eSt\u00e4dte und Netze\u201c, \u201eTechnologieentwicklung\u201c und \u201eIndustrielle Systeme\u201c an Grundlagen- [&hellip;]<\/p>\n","protected":false},"author":2,"featured_media":0,"parent":0,"menu_order":0,"comment_status":"closed","ping_status":"closed","template":"","meta":{"_acf_changed":false,"inline_featured_image":false,"footnotes":""},"class_list":["post-2198","page","type-page","status-publish","hentry"],"acf":[],"yoast_head":"<!-- This site is optimized with the Yoast SEO plugin v27.5 - https:\/\/yoast.com\/product\/yoast-seo-wordpress\/ -->\n<title>Master&#039;s thesis: Portfolio management for the decarbonization of large housing stocks - AEE INTEC<\/title>\n<meta name=\"robots\" content=\"index, follow, max-snippet:-1, max-image-preview:large, max-video-preview:-1\" \/>\n<link rel=\"canonical\" href=\"https:\/\/www.aee-intec.at\/en\/masters-thesis-portfolio-management-for-the-decarbonization-of-large-housing-stocks\/\" \/>\n<script type=\"application\/ld+json\" class=\"yoast-schema-graph\">{\"@context\":\"https:\\\/\\\/schema.org\",\"@graph\":[{\"@type\":\"WebPage\",\"@id\":\"https:\\\/\\\/www.aee-intec.at\\\/en\\\/masters-thesis-portfolio-management-for-the-decarbonization-of-large-housing-stocks\\\/\",\"url\":\"https:\\\/\\\/www.aee-intec.at\\\/en\\\/masters-thesis-portfolio-management-for-the-decarbonization-of-large-housing-stocks\\\/\",\"name\":\"Master's thesis: Portfolio management for the decarbonization of large housing stocks - AEE INTEC\",\"isPartOf\":{\"@id\":\"https:\\\/\\\/www.aee-intec.at\\\/en\\\/#website\"},\"datePublished\":\"2025-03-25T16:55:29+00:00\",\"dateModified\":\"2025-03-25T16:59:28+00:00\",\"breadcrumb\":{\"@id\":\"https:\\\/\\\/www.aee-intec.at\\\/en\\\/masters-thesis-portfolio-management-for-the-decarbonization-of-large-housing-stocks\\\/#breadcrumb\"},\"inLanguage\":\"en-US\",\"potentialAction\":[{\"@type\":\"ReadAction\",\"target\":[\"https:\\\/\\\/www.aee-intec.at\\\/en\\\/masters-thesis-portfolio-management-for-the-decarbonization-of-large-housing-stocks\\\/\"]}]},{\"@type\":\"BreadcrumbList\",\"@id\":\"https:\\\/\\\/www.aee-intec.at\\\/en\\\/masters-thesis-portfolio-management-for-the-decarbonization-of-large-housing-stocks\\\/#breadcrumb\",\"itemListElement\":[{\"@type\":\"ListItem\",\"position\":1,\"name\":\"Home\",\"item\":\"https:\\\/\\\/www.aee-intec.at\\\/en\\\/home-page\\\/\"},{\"@type\":\"ListItem\",\"position\":2,\"name\":\"Master&#8217;s thesis: Portfolio management for the decarbonization of large housing stocks\"}]},{\"@type\":\"WebSite\",\"@id\":\"https:\\\/\\\/www.aee-intec.at\\\/en\\\/#website\",\"url\":\"https:\\\/\\\/www.aee-intec.at\\\/en\\\/\",\"name\":\"AEE - Institut f\u00fcr Nachhaltige Technologien\",\"description\":\"Willkommen bei AEE - Institut f\u00fcr Nachhaltige Technologien - AEE INTEC\",\"publisher\":{\"@id\":\"https:\\\/\\\/www.aee-intec.at\\\/en\\\/#organization\"},\"potentialAction\":[{\"@type\":\"SearchAction\",\"target\":{\"@type\":\"EntryPoint\",\"urlTemplate\":\"https:\\\/\\\/www.aee-intec.at\\\/en\\\/?s={search_term_string}\"},\"query-input\":{\"@type\":\"PropertyValueSpecification\",\"valueRequired\":true,\"valueName\":\"search_term_string\"}}],\"inLanguage\":\"en-US\"},{\"@type\":\"Organization\",\"@id\":\"https:\\\/\\\/www.aee-intec.at\\\/en\\\/#organization\",\"name\":\"AEE - Institut f\u00fcr Nachhaltige Technologien\",\"url\":\"https:\\\/\\\/www.aee-intec.at\\\/en\\\/\",\"logo\":{\"@type\":\"ImageObject\",\"inLanguage\":\"en-US\",\"@id\":\"https:\\\/\\\/www.aee-intec.at\\\/en\\\/#\\\/schema\\\/logo\\\/image\\\/\",\"url\":\"https:\\\/\\\/www.aee-intec.at\\\/wp-content\\\/uploads\\\/2025\\\/02\\\/logo-1.gif\",\"contentUrl\":\"https:\\\/\\\/www.aee-intec.at\\\/wp-content\\\/uploads\\\/2025\\\/02\\\/logo-1.gif\",\"width\":74,\"height\":96,\"caption\":\"AEE - Institut f\u00fcr Nachhaltige Technologien\"},\"image\":{\"@id\":\"https:\\\/\\\/www.aee-intec.at\\\/en\\\/#\\\/schema\\\/logo\\\/image\\\/\"},\"sameAs\":[\"https:\\\/\\\/at.linkedin.com\\\/company\\\/aee-intec\",\"https:\\\/\\\/www.youtube.com\\\/channel\\\/UC7y2Y-8u6IXEJXbVlEy_vew\"]}]}<\/script>\n<!-- \/ Yoast SEO plugin. -->","yoast_head_json":{"title":"Master's thesis: Portfolio management for the decarbonization of large housing stocks - AEE INTEC","robots":{"index":"index","follow":"follow","max-snippet":"max-snippet:-1","max-image-preview":"max-image-preview:large","max-video-preview":"max-video-preview:-1"},"canonical":"https:\/\/www.aee-intec.at\/en\/masters-thesis-portfolio-management-for-the-decarbonization-of-large-housing-stocks\/","schema":{"@context":"https:\/\/schema.org","@graph":[{"@type":"WebPage","@id":"https:\/\/www.aee-intec.at\/en\/masters-thesis-portfolio-management-for-the-decarbonization-of-large-housing-stocks\/","url":"https:\/\/www.aee-intec.at\/en\/masters-thesis-portfolio-management-for-the-decarbonization-of-large-housing-stocks\/","name":"Master's thesis: Portfolio management for the decarbonization of large housing stocks - AEE INTEC","isPartOf":{"@id":"https:\/\/www.aee-intec.at\/en\/#website"},"datePublished":"2025-03-25T16:55:29+00:00","dateModified":"2025-03-25T16:59:28+00:00","breadcrumb":{"@id":"https:\/\/www.aee-intec.at\/en\/masters-thesis-portfolio-management-for-the-decarbonization-of-large-housing-stocks\/#breadcrumb"},"inLanguage":"en-US","potentialAction":[{"@type":"ReadAction","target":["https:\/\/www.aee-intec.at\/en\/masters-thesis-portfolio-management-for-the-decarbonization-of-large-housing-stocks\/"]}]},{"@type":"BreadcrumbList","@id":"https:\/\/www.aee-intec.at\/en\/masters-thesis-portfolio-management-for-the-decarbonization-of-large-housing-stocks\/#breadcrumb","itemListElement":[{"@type":"ListItem","position":1,"name":"Home","item":"https:\/\/www.aee-intec.at\/en\/home-page\/"},{"@type":"ListItem","position":2,"name":"Master&#8217;s thesis: Portfolio management for the decarbonization of large housing stocks"}]},{"@type":"WebSite","@id":"https:\/\/www.aee-intec.at\/en\/#website","url":"https:\/\/www.aee-intec.at\/en\/","name":"AEE - Institut f\u00fcr Nachhaltige Technologien","description":"Willkommen bei AEE - Institut f\u00fcr Nachhaltige Technologien - AEE INTEC","publisher":{"@id":"https:\/\/www.aee-intec.at\/en\/#organization"},"potentialAction":[{"@type":"SearchAction","target":{"@type":"EntryPoint","urlTemplate":"https:\/\/www.aee-intec.at\/en\/?s={search_term_string}"},"query-input":{"@type":"PropertyValueSpecification","valueRequired":true,"valueName":"search_term_string"}}],"inLanguage":"en-US"},{"@type":"Organization","@id":"https:\/\/www.aee-intec.at\/en\/#organization","name":"AEE - Institut f\u00fcr Nachhaltige Technologien","url":"https:\/\/www.aee-intec.at\/en\/","logo":{"@type":"ImageObject","inLanguage":"en-US","@id":"https:\/\/www.aee-intec.at\/en\/#\/schema\/logo\/image\/","url":"https:\/\/www.aee-intec.at\/wp-content\/uploads\/2025\/02\/logo-1.gif","contentUrl":"https:\/\/www.aee-intec.at\/wp-content\/uploads\/2025\/02\/logo-1.gif","width":74,"height":96,"caption":"AEE - Institut f\u00fcr Nachhaltige Technologien"},"image":{"@id":"https:\/\/www.aee-intec.at\/en\/#\/schema\/logo\/image\/"},"sameAs":["https:\/\/at.linkedin.com\/company\/aee-intec","https:\/\/www.youtube.com\/channel\/UC7y2Y-8u6IXEJXbVlEy_vew"]}]}},"_links":{"self":[{"href":"https:\/\/www.aee-intec.at\/en\/wp-json\/wp\/v2\/pages\/2198","targetHints":{"allow":["GET"]}}],"collection":[{"href":"https:\/\/www.aee-intec.at\/en\/wp-json\/wp\/v2\/pages"}],"about":[{"href":"https:\/\/www.aee-intec.at\/en\/wp-json\/wp\/v2\/types\/page"}],"author":[{"embeddable":true,"href":"https:\/\/www.aee-intec.at\/en\/wp-json\/wp\/v2\/users\/2"}],"replies":[{"embeddable":true,"href":"https:\/\/www.aee-intec.at\/en\/wp-json\/wp\/v2\/comments?post=2198"}],"version-history":[{"count":0,"href":"https:\/\/www.aee-intec.at\/en\/wp-json\/wp\/v2\/pages\/2198\/revisions"}],"wp:attachment":[{"href":"https:\/\/www.aee-intec.at\/en\/wp-json\/wp\/v2\/media?parent=2198"}],"curies":[{"name":"wp","href":"https:\/\/api.w.org\/{rel}","templated":true}]}}