{"id":2328,"date":"2025-03-26T18:34:20","date_gmt":"2025-03-26T16:34:20","guid":{"rendered":"https:\/\/p688098.mittwaldserver.info\/tsol\/"},"modified":"2025-05-09T10:23:20","modified_gmt":"2025-05-09T08:23:20","slug":"tsol","status":"publish","type":"page","link":"https:\/\/www.aee-intec.at\/en\/tsol\/","title":{"rendered":"T*SOL\u00ae"},"content":{"rendered":"\t\t<div data-elementor-type=\"wp-page\" data-elementor-id=\"2328\" class=\"elementor elementor-2328 elementor-2323\" data-elementor-post-type=\"page\">\n\t\t\t\t<div class=\"elementor-element elementor-element-8c2097f e-flex e-con-boxed e-con e-parent\" data-id=\"8c2097f\" data-element_type=\"container\" data-e-type=\"container\">\n\t\t\t\t\t<div class=\"e-con-inner\">\n\t\t\t\t\t<\/div>\n\t\t\t\t<\/div>\n\t\t<div class=\"elementor-element elementor-element-d3c6f19 e-flex e-con-boxed e-con e-parent\" data-id=\"d3c6f19\" data-element_type=\"container\" data-e-type=\"container\">\n\t\t\t\t\t<div class=\"e-con-inner\">\n\t\t\t\t<div class=\"elementor-element elementor-element-ca98a07 elementor-widget elementor-widget-image\" data-id=\"ca98a07\" data-element_type=\"widget\" data-e-type=\"widget\" data-widget_type=\"image.default\">\n\t\t\t\t<div class=\"elementor-widget-container\">\n\t\t\t\t\t\t\t\t\t\t\t\t\t\t\t\t<a href=\"https:\/\/www.aee-intec.at\/wp-content\/uploads\/2025\/03\/bilder2360.png\" data-elementor-open-lightbox=\"yes\" data-e-action-hash=\"#elementor-action%3Aaction%3Dlightbox%26settings%3DeyJpZCI6MjMyNSwidXJsIjoiaHR0cHM6XC9cL3d3dy5hZWUtaW50ZWMuYXRcL3dwLWNvbnRlbnRcL3VwbG9hZHNcLzIwMjVcLzAzXC9iaWxkZXIyMzYwLnBuZyJ9\">\n\t\t\t\t\t\t\t<img fetchpriority=\"high\" decoding=\"async\" width=\"1280\" height=\"430\" src=\"https:\/\/www.aee-intec.at\/wp-content\/uploads\/2025\/03\/bilder2360.png\" class=\"attachment-full size-full wp-image-2325\" alt=\"\" srcset=\"https:\/\/www.aee-intec.at\/wp-content\/uploads\/2025\/03\/bilder2360.png 1280w, https:\/\/www.aee-intec.at\/wp-content\/uploads\/2025\/03\/bilder2360-300x101.png 300w, https:\/\/www.aee-intec.at\/wp-content\/uploads\/2025\/03\/bilder2360-1024x344.png 1024w, https:\/\/www.aee-intec.at\/wp-content\/uploads\/2025\/03\/bilder2360-768x258.png 768w\" sizes=\"(max-width: 1280px) 100vw, 1280px\" \/>\t\t\t\t\t\t\t\t<\/a>\n\t\t\t\t\t\t\t\t\t\t\t\t\t\t\t<\/div>\n\t\t\t\t<\/div>\n\t\t\t\t\t<\/div>\n\t\t\t\t<\/div>\n\t\t<div class=\"elementor-element elementor-element-85bdd63 e-flex e-con-boxed e-con e-parent\" data-id=\"85bdd63\" data-element_type=\"container\" data-e-type=\"container\">\n\t\t\t\t\t<div class=\"e-con-inner\">\n\t\t\t\t<div class=\"elementor-element elementor-element-43f31ef elementor-widget elementor-widget-text-editor\" data-id=\"43f31ef\" data-element_type=\"widget\" data-e-type=\"widget\" data-widget_type=\"text-editor.default\">\n\t\t\t\t<div class=\"elementor-widget-container\">\n\t\t\t\t\t\t\t\t\t<p><strong>T*SOL<\/strong> is the simulation program with which you can calculate the yield of a thermal solar system. No matter whether for domestic water heating, heating support, swimming pools or process heat, with T*SOL you can optimally design your planned solar thermal system, dimension storage and collector arrays (also east \/ west roofs) and determine the economic efficiency. <\/p>\n<p>At the start of the design process, you have a large selection of all relevant systems for domestic hot water heating and heating support, as well as for swimming pools and process heat. During the design, you will be supported with dimensioning suggestions and can use a parameter variation to find the optimal combination, e.g. of storage size and collector area. <\/p>\n<p>After the simulation you will receive a comprehensive and appealing project report with all system data as well as detailed simulation and profitability results. This report also contains all the data necessary to be recognized as evidence by BAFA.<\/p>\n<p><strong>\u00dcber 200 vorkonfigurierte Anlagensysteme<\/strong><\/p>\n<p><strong>Alle Komponenten k\u00f6nnen detailliert parametriert oder aus der Datenbank ausgew\u00e4hlt werden.<\/strong><\/p>\n<ul>\n<li>Trinkwarmwasser<\/li>\n<li>Heizung<\/li>\n<li>Schwimmbad<\/li>\n<li>Prozessw\u00e4rme<\/li>\n<li>Gro\u00dfanlagen<strong> <br \/><\/strong><\/li>\n<\/ul>\n<p><strong>Datenbanken mit Solarkollektoren, Kesseln und Speicher<\/strong><\/p>\n<p>T*SOL wird mit einer umfangreichen Datenbank ausgeliefert. Diese enth\u00e4lt mehr als: <\/p>\n<ul>\n<li>4.000 Kollektoren (Flachkollektoren, R\u00f6hrenkollektoren, Luftkollektoren)<\/li>\n<li>5.000 W\u00e4rmeerzeuger (Brennwertkessel, Holzkessel, Pelletkessel, Fernw\u00e4rme, BHKW, u.a.)<\/li>\n<li>600 Speicher (Kombi- und Pufferspeicher, monovalent, bivalent, u.a.)<\/li>\n<\/ul>\n<p>Dazu kommt eine Vielzahl an vordefinierten Lastprofilen (Ein- und Mehrfamilienhaus, Gewerbe, Hotels, u.a.) und eine Auswahl an Frischwasserstationen und W\u00e4rme\u00fcbertrager. Es k\u00f6nnen eigene Produkte angelegt, bearbeitet und gel\u00f6scht werden. <\/p>\n<p>Au\u00dferdem k\u00f6nnen Hersteller*innen kostenlos weitere Speicher, Kessel, Kollektoren, Frischwasserstationen und W\u00e4rme\u00fcbertrager aufnehmen lassen.<\/p>\n\t\t\t\t\t\t\t\t<\/div>\n\t\t\t\t<\/div>\n\t\t\t\t\t<\/div>\n\t\t\t\t<\/div>\n\t\t<div class=\"elementor-element elementor-element-24f6164 e-flex e-con-boxed e-con e-parent\" data-id=\"24f6164\" data-element_type=\"container\" data-e-type=\"container\">\n\t\t\t\t\t<div class=\"e-con-inner\">\n\t\t\t\t<div class=\"elementor-element elementor-element-d670477 link-box elementor-widget elementor-widget-text-editor\" data-id=\"d670477\" data-element_type=\"widget\" data-e-type=\"widget\" data-widget_type=\"text-editor.default\">\n\t\t\t\t<div class=\"elementor-widget-container\">\n\t\t\t\t\t\t\t\t\t<p><strong><a href=\"\/wp-content\/uploads\/2025\/05\/Preisliste_ValentinSoftware.pdf\" target=\"_blank\" rel=\"noopener\">Preis- und Bestellliste<\/a><\/strong><\/p>\n\t\t\t\t\t\t\t\t<\/div>\n\t\t\t\t<\/div>\n\t\t\t\t\t<\/div>\n\t\t\t\t<\/div>\n\t\t\t\t<\/div>\n\t\t","protected":false},"excerpt":{"rendered":"<p>T*SOL is the simulation program with which you can calculate the yield of a thermal solar system. No matter whether for domestic water heating, heating support, swimming pools or process heat, with T*SOL you can optimally design your planned solar thermal system, dimension storage and collector arrays (also east \/ west roofs) and determine the [&hellip;]<\/p>\n","protected":false},"author":2,"featured_media":0,"parent":0,"menu_order":0,"comment_status":"closed","ping_status":"closed","template":"","meta":{"_acf_changed":false,"inline_featured_image":false,"footnotes":""},"class_list":["post-2328","page","type-page","status-publish","hentry"],"acf":[],"yoast_head":"<!-- This site is optimized with the Yoast SEO plugin v27.4 - https:\/\/yoast.com\/product\/yoast-seo-wordpress\/ -->\n<title>T*SOL\u00ae - AEE INTEC<\/title>\n<meta name=\"robots\" content=\"index, follow, max-snippet:-1, max-image-preview:large, max-video-preview:-1\" \/>\n<link rel=\"canonical\" href=\"https:\/\/www.aee-intec.at\/en\/tsol\/\" \/>\n<script type=\"application\/ld+json\" class=\"yoast-schema-graph\">{\"@context\":\"https:\\\/\\\/schema.org\",\"@graph\":[{\"@type\":\"WebPage\",\"@id\":\"https:\\\/\\\/www.aee-intec.at\\\/en\\\/tsol\\\/\",\"url\":\"https:\\\/\\\/www.aee-intec.at\\\/en\\\/tsol\\\/\",\"name\":\"T*SOL\u00ae - AEE INTEC\",\"isPartOf\":{\"@id\":\"https:\\\/\\\/www.aee-intec.at\\\/en\\\/#website\"},\"primaryImageOfPage\":{\"@id\":\"https:\\\/\\\/www.aee-intec.at\\\/en\\\/tsol\\\/#primaryimage\"},\"image\":{\"@id\":\"https:\\\/\\\/www.aee-intec.at\\\/en\\\/tsol\\\/#primaryimage\"},\"thumbnailUrl\":\"https:\\\/\\\/p688098.mittwaldserver.info\\\/wp-content\\\/uploads\\\/2025\\\/03\\\/bilder2360.png\",\"datePublished\":\"2025-03-26T16:34:20+00:00\",\"dateModified\":\"2025-05-09T08:23:20+00:00\",\"breadcrumb\":{\"@id\":\"https:\\\/\\\/www.aee-intec.at\\\/en\\\/tsol\\\/#breadcrumb\"},\"inLanguage\":\"en-US\",\"potentialAction\":[{\"@type\":\"ReadAction\",\"target\":[\"https:\\\/\\\/www.aee-intec.at\\\/en\\\/tsol\\\/\"]}]},{\"@type\":\"ImageObject\",\"inLanguage\":\"en-US\",\"@id\":\"https:\\\/\\\/www.aee-intec.at\\\/en\\\/tsol\\\/#primaryimage\",\"url\":\"https:\\\/\\\/p688098.mittwaldserver.info\\\/wp-content\\\/uploads\\\/2025\\\/03\\\/bilder2360.png\",\"contentUrl\":\"https:\\\/\\\/p688098.mittwaldserver.info\\\/wp-content\\\/uploads\\\/2025\\\/03\\\/bilder2360.png\"},{\"@type\":\"BreadcrumbList\",\"@id\":\"https:\\\/\\\/www.aee-intec.at\\\/en\\\/tsol\\\/#breadcrumb\",\"itemListElement\":[{\"@type\":\"ListItem\",\"position\":1,\"name\":\"Home\",\"item\":\"https:\\\/\\\/www.aee-intec.at\\\/en\\\/home-page\\\/\"},{\"@type\":\"ListItem\",\"position\":2,\"name\":\"T*SOL\u00ae\"}]},{\"@type\":\"WebSite\",\"@id\":\"https:\\\/\\\/www.aee-intec.at\\\/en\\\/#website\",\"url\":\"https:\\\/\\\/www.aee-intec.at\\\/en\\\/\",\"name\":\"AEE - Institut f\u00fcr Nachhaltige Technologien\",\"description\":\"Willkommen bei AEE - Institut f\u00fcr Nachhaltige Technologien - AEE INTEC\",\"publisher\":{\"@id\":\"https:\\\/\\\/www.aee-intec.at\\\/en\\\/#organization\"},\"potentialAction\":[{\"@type\":\"SearchAction\",\"target\":{\"@type\":\"EntryPoint\",\"urlTemplate\":\"https:\\\/\\\/www.aee-intec.at\\\/en\\\/?s={search_term_string}\"},\"query-input\":{\"@type\":\"PropertyValueSpecification\",\"valueRequired\":true,\"valueName\":\"search_term_string\"}}],\"inLanguage\":\"en-US\"},{\"@type\":\"Organization\",\"@id\":\"https:\\\/\\\/www.aee-intec.at\\\/en\\\/#organization\",\"name\":\"AEE - Institut f\u00fcr Nachhaltige Technologien\",\"url\":\"https:\\\/\\\/www.aee-intec.at\\\/en\\\/\",\"logo\":{\"@type\":\"ImageObject\",\"inLanguage\":\"en-US\",\"@id\":\"https:\\\/\\\/www.aee-intec.at\\\/en\\\/#\\\/schema\\\/logo\\\/image\\\/\",\"url\":\"https:\\\/\\\/www.aee-intec.at\\\/wp-content\\\/uploads\\\/2025\\\/02\\\/logo-1.gif\",\"contentUrl\":\"https:\\\/\\\/www.aee-intec.at\\\/wp-content\\\/uploads\\\/2025\\\/02\\\/logo-1.gif\",\"width\":74,\"height\":96,\"caption\":\"AEE - Institut f\u00fcr Nachhaltige Technologien\"},\"image\":{\"@id\":\"https:\\\/\\\/www.aee-intec.at\\\/en\\\/#\\\/schema\\\/logo\\\/image\\\/\"},\"sameAs\":[\"https:\\\/\\\/at.linkedin.com\\\/company\\\/aee-intec\",\"https:\\\/\\\/www.youtube.com\\\/channel\\\/UC7y2Y-8u6IXEJXbVlEy_vew\"]}]}<\/script>\n<!-- \/ Yoast SEO plugin. -->","yoast_head_json":{"title":"T*SOL\u00ae - AEE INTEC","robots":{"index":"index","follow":"follow","max-snippet":"max-snippet:-1","max-image-preview":"max-image-preview:large","max-video-preview":"max-video-preview:-1"},"canonical":"https:\/\/www.aee-intec.at\/en\/tsol\/","schema":{"@context":"https:\/\/schema.org","@graph":[{"@type":"WebPage","@id":"https:\/\/www.aee-intec.at\/en\/tsol\/","url":"https:\/\/www.aee-intec.at\/en\/tsol\/","name":"T*SOL\u00ae - AEE INTEC","isPartOf":{"@id":"https:\/\/www.aee-intec.at\/en\/#website"},"primaryImageOfPage":{"@id":"https:\/\/www.aee-intec.at\/en\/tsol\/#primaryimage"},"image":{"@id":"https:\/\/www.aee-intec.at\/en\/tsol\/#primaryimage"},"thumbnailUrl":"https:\/\/p688098.mittwaldserver.info\/wp-content\/uploads\/2025\/03\/bilder2360.png","datePublished":"2025-03-26T16:34:20+00:00","dateModified":"2025-05-09T08:23:20+00:00","breadcrumb":{"@id":"https:\/\/www.aee-intec.at\/en\/tsol\/#breadcrumb"},"inLanguage":"en-US","potentialAction":[{"@type":"ReadAction","target":["https:\/\/www.aee-intec.at\/en\/tsol\/"]}]},{"@type":"ImageObject","inLanguage":"en-US","@id":"https:\/\/www.aee-intec.at\/en\/tsol\/#primaryimage","url":"https:\/\/p688098.mittwaldserver.info\/wp-content\/uploads\/2025\/03\/bilder2360.png","contentUrl":"https:\/\/p688098.mittwaldserver.info\/wp-content\/uploads\/2025\/03\/bilder2360.png"},{"@type":"BreadcrumbList","@id":"https:\/\/www.aee-intec.at\/en\/tsol\/#breadcrumb","itemListElement":[{"@type":"ListItem","position":1,"name":"Home","item":"https:\/\/www.aee-intec.at\/en\/home-page\/"},{"@type":"ListItem","position":2,"name":"T*SOL\u00ae"}]},{"@type":"WebSite","@id":"https:\/\/www.aee-intec.at\/en\/#website","url":"https:\/\/www.aee-intec.at\/en\/","name":"AEE - Institut f\u00fcr Nachhaltige Technologien","description":"Willkommen bei AEE - Institut f\u00fcr Nachhaltige Technologien - AEE INTEC","publisher":{"@id":"https:\/\/www.aee-intec.at\/en\/#organization"},"potentialAction":[{"@type":"SearchAction","target":{"@type":"EntryPoint","urlTemplate":"https:\/\/www.aee-intec.at\/en\/?s={search_term_string}"},"query-input":{"@type":"PropertyValueSpecification","valueRequired":true,"valueName":"search_term_string"}}],"inLanguage":"en-US"},{"@type":"Organization","@id":"https:\/\/www.aee-intec.at\/en\/#organization","name":"AEE - Institut f\u00fcr Nachhaltige Technologien","url":"https:\/\/www.aee-intec.at\/en\/","logo":{"@type":"ImageObject","inLanguage":"en-US","@id":"https:\/\/www.aee-intec.at\/en\/#\/schema\/logo\/image\/","url":"https:\/\/www.aee-intec.at\/wp-content\/uploads\/2025\/02\/logo-1.gif","contentUrl":"https:\/\/www.aee-intec.at\/wp-content\/uploads\/2025\/02\/logo-1.gif","width":74,"height":96,"caption":"AEE - Institut f\u00fcr Nachhaltige Technologien"},"image":{"@id":"https:\/\/www.aee-intec.at\/en\/#\/schema\/logo\/image\/"},"sameAs":["https:\/\/at.linkedin.com\/company\/aee-intec","https:\/\/www.youtube.com\/channel\/UC7y2Y-8u6IXEJXbVlEy_vew"]}]}},"_links":{"self":[{"href":"https:\/\/www.aee-intec.at\/en\/wp-json\/wp\/v2\/pages\/2328","targetHints":{"allow":["GET"]}}],"collection":[{"href":"https:\/\/www.aee-intec.at\/en\/wp-json\/wp\/v2\/pages"}],"about":[{"href":"https:\/\/www.aee-intec.at\/en\/wp-json\/wp\/v2\/types\/page"}],"author":[{"embeddable":true,"href":"https:\/\/www.aee-intec.at\/en\/wp-json\/wp\/v2\/users\/2"}],"replies":[{"embeddable":true,"href":"https:\/\/www.aee-intec.at\/en\/wp-json\/wp\/v2\/comments?post=2328"}],"version-history":[{"count":0,"href":"https:\/\/www.aee-intec.at\/en\/wp-json\/wp\/v2\/pages\/2328\/revisions"}],"wp:attachment":[{"href":"https:\/\/www.aee-intec.at\/en\/wp-json\/wp\/v2\/media?parent=2328"}],"curies":[{"name":"wp","href":"https:\/\/api.w.org\/{rel}","templated":true}]}}