{"id":3294,"date":"2025-04-04T07:00:01","date_gmt":"2025-04-04T05:00:01","guid":{"rendered":"https:\/\/p688098.mittwaldserver.info\/poster\/"},"modified":"2025-12-09T13:30:48","modified_gmt":"2025-12-09T11:30:48","slug":"poster","status":"publish","type":"page","link":"https:\/\/www.aee-intec.at\/en\/poster\/","title":{"rendered":"Poster"},"content":{"rendered":"\t\t<div data-elementor-type=\"wp-page\" data-elementor-id=\"3294\" class=\"elementor elementor-3294 elementor-3279\" data-elementor-post-type=\"page\">\n\t\t\t\t<div class=\"elementor-element elementor-element-5e6744c e-flex e-con-boxed e-con e-parent\" data-id=\"5e6744c\" data-element_type=\"container\" data-e-type=\"container\">\n\t\t\t\t\t<div class=\"e-con-inner\">\n\t\t\t\t\t<\/div>\n\t\t\t\t<\/div>\n\t\t<div class=\"elementor-element elementor-element-d7b4435 e-flex e-con-boxed e-con e-parent\" data-id=\"d7b4435\" data-element_type=\"container\" data-e-type=\"container\">\n\t\t\t\t\t<div class=\"e-con-inner\">\n\t\t\t\t<div class=\"elementor-element elementor-element-765884c elementor-widget elementor-widget-text-editor\" data-id=\"765884c\" data-element_type=\"widget\" data-e-type=\"widget\" data-widget_type=\"text-editor.default\">\n\t\t\t\t<div class=\"elementor-widget-container\">\n\t\t\t\t\t\t\t\t\t<h2>S-GeoHeat: Shallow-Geothermal sourced Low-Temperature District Heating<\/h2><p><strong>Authors:<\/strong> W. Wei\u00df, L. Leppin, J. Paetzold, F. Z. \u00c7ak\u0131c\u0131, H. I. Tol, T. Ak\u0131n, M. Alparslan Zehir, S. Coss, A. Duro<\/p><p><strong>Date:<\/strong> 11.09.2024<\/p><p><strong>Place:<\/strong> Ittingen (CH)<\/p><div class=\"download-box\"><a href=\"https:\/\/www.aee-intec.at\/wp-content\/uploads\/2025\/12\/Poster_S-GeoHeat_GeoThermica-Workshop.pdf\" target=\"_blank\" rel=\"noopener\">Shallow-Geothermal sourced Low-Temperature District Heating<\/a><\/div>\t\t\t\t\t\t\t\t<\/div>\n\t\t\t\t<\/div>\n\t\t\t\t\t<\/div>\n\t\t\t\t<\/div>\n\t\t<div class=\"elementor-element elementor-element-47828d3 e-flex e-con-boxed e-con e-parent\" data-id=\"47828d3\" data-element_type=\"container\" data-e-type=\"container\">\n\t\t\t\t\t<div class=\"e-con-inner\">\n\t\t\t\t<div class=\"elementor-element elementor-element-feb0397 elementor-widget elementor-widget-text-editor\" data-id=\"feb0397\" data-element_type=\"widget\" data-e-type=\"widget\" data-widget_type=\"text-editor.default\">\n\t\t\t\t<div class=\"elementor-widget-container\">\n\t\t\t\t\t\t\t\t\t<h2>DECARBONISING EUROPEAN DHC NETWORKS \u2013 THE ENABLE DHC PROJECT<\/h2>\n<strong>Authors:<\/strong> Ingo Ball, Dominik Rutz, Riccardo Battisti, Chiara Lazzari, Stefan Retschitzegger, Hakan Tol, Matteo Pozzi, Evan Bernardi, Ralf-Roman Schmidt, In\u00e1 Maia-Novak, Thomas Pauschinger, Pascal Koschwitz, Nereo Milin8, Jelena Ziemele, Filip Drakovic, Yurii Polianskyi, Lucy McCarthy\n\n<strong>Date:<\/strong> 10.06.2025\n\n<strong>Place:<\/strong> Valencia\n\n<div class=\"download-box\"><a href=\"https:\/\/www.aee-intec.at\/wp-content\/uploads\/2025\/12\/2AV.1.26_Ball_WIP_final.pdf\" target=\"_blank\" rel=\"noopener\">Download Paper<\/a><\/div>\n\n<div class=\"yellow-btn\"><a href=\"https:\/\/www.etaflorence.it\/proceedings\/\" target=\"_blank\" rel=\"noopener\">European Biomass Conference and Exhibition (EUBCE)<\/a><\/div>\t\t\t\t\t\t\t\t<\/div>\n\t\t\t\t<\/div>\n\t\t\t\t\t<\/div>\n\t\t\t\t<\/div>\n\t\t<div class=\"elementor-element elementor-element-9fe3a65 e-flex e-con-boxed e-con e-parent\" data-id=\"9fe3a65\" data-element_type=\"container\" data-e-type=\"container\">\n\t\t\t\t\t<div class=\"e-con-inner\">\n\t\t\t\t<div class=\"elementor-element elementor-element-5285829 elementor-widget elementor-widget-text-editor\" data-id=\"5285829\" data-element_type=\"widget\" data-e-type=\"widget\" data-widget_type=\"text-editor.default\">\n\t\t\t\t<div class=\"elementor-widget-container\">\n\t\t\t\t\t\t\t\t\t<h2>Konzepte f\u00fcr die Implementierung von erneuerbarer Energie und Abw\u00e4rme in Fernw\u00e4rmesystemen<\/h2><p><strong>Author:<\/strong> Stefan Retschitzegger<\/p><p><strong>Date:<\/strong> 21.03.2024<\/p><p><strong>Place:<\/strong> Linz, \u00d6sterreich<\/p><div class=\"yellow-btn\"><a href=\"https:\/\/eventmaker.at\/fachverband_der_gas-_und_waermeversorgungsunternehmen\/fernwaermetage_2024\" target=\"_blank\" rel=\"noopener\">Fernw\u00e4rmetage 2024<\/a><\/div><div class=\"download-box\"><a href=\"https:\/\/www.aee-intec.at\/wp-content\/uploads\/2025\/12\/FGW2023_Retschitzegger_Versand.pdf\" target=\"_blank\" rel=\"noopener\">Presentation<\/a><\/div>\t\t\t\t\t\t\t\t<\/div>\n\t\t\t\t<\/div>\n\t\t\t\t\t<\/div>\n\t\t\t\t<\/div>\n\t\t<div class=\"elementor-element elementor-element-9cd5f2f e-flex e-con-boxed e-con e-parent\" data-id=\"9cd5f2f\" data-element_type=\"container\" data-e-type=\"container\">\n\t\t\t\t\t<div class=\"e-con-inner\">\n\t\t\t\t<div class=\"elementor-element elementor-element-a229688 elementor-widget elementor-widget-text-editor\" data-id=\"a229688\" data-element_type=\"widget\" data-e-type=\"widget\" data-widget_type=\"text-editor.default\">\n\t\t\t\t<div class=\"elementor-widget-container\">\n\t\t\t\t\t\t\t\t\t<h2>Recovery of valuable substances by treatment of liquids from the Printed-Circuit-Board industry with Membrane Distillation<\/h2>\n<strong>Authors:<\/strong> C. Platzer, S. Meitz, E. Guillen, A. A. J. Tahir, C. Brunner, J. Buchmaier, B. Muster (AEE-INTEC)\n\nPublication in Conference proceedings\/Workshop, Euromembrane 2018\nPublisher: European Membrane Society, Valencia 2018\n\n<div class=\"download-box\"><a href=\"\/wp-content\/uploads\/2025\/04\/dateien1523.pdf\" target=\"_blank\" rel=\"noopener\">Recovery of valuable substances by treatment of liquids from the Printed-Circuit-Board industry with Membrane Distillation.pdf<\/a><\/div>\t\t\t\t\t\t\t\t<\/div>\n\t\t\t\t<\/div>\n\t\t\t\t\t<\/div>\n\t\t\t\t<\/div>\n\t\t<div class=\"elementor-element elementor-element-2c6dedc e-flex e-con-boxed e-con e-parent\" data-id=\"2c6dedc\" data-element_type=\"container\" data-e-type=\"container\">\n\t\t\t\t\t<div class=\"e-con-inner\">\n\t\t\t\t<div class=\"elementor-element elementor-element-44a1f3c elementor-widget elementor-widget-text-editor\" data-id=\"44a1f3c\" data-element_type=\"widget\" data-e-type=\"widget\" data-widget_type=\"text-editor.default\">\n\t\t\t\t<div class=\"elementor-widget-container\">\n\t\t\t\t\t\t\t\t\t<h2>Temperaturbegrenzung f\u00fcr Kunststoffkollektoren durch Durchl\u00fcftung<\/h2><p><strong>Author:<\/strong> DI Thomas Ramschak<\/p><p><strong>Event:<\/strong> 26. Symposium Thermische Solarenergie<\/p><p><strong>Date:<\/strong> 01.04.2016<\/p><p><strong>Place:<\/strong> Bad Staffelstein, Deutschland<\/p><div class=\"download-box\"><a href=\"\/wp-content\/uploads\/2025\/04\/dateien1138.pdf\" target=\"_blank\" rel=\"noopener\">Temperaturbegrenzung f\u00fcr Kunststoffkollektoren<\/a><\/div>\t\t\t\t\t\t\t\t<\/div>\n\t\t\t\t<\/div>\n\t\t\t\t\t<\/div>\n\t\t\t\t<\/div>\n\t\t<div class=\"elementor-element elementor-element-168d5e0 e-flex e-con-boxed e-con e-parent\" data-id=\"168d5e0\" data-element_type=\"container\" data-e-type=\"container\">\n\t\t\t\t\t<div class=\"e-con-inner\">\n\t\t\t\t<div class=\"elementor-element elementor-element-b048818 elementor-widget elementor-widget-text-editor\" data-id=\"b048818\" data-element_type=\"widget\" data-e-type=\"widget\" data-widget_type=\"text-editor.default\">\n\t\t\t\t<div class=\"elementor-widget-container\">\n\t\t\t\t\t\t\t\t\t<h2>Demonstration eines saisonalen Sorptionsspeichersystems im realen Ma\u00dfstab<\/h2><p><strong>Author:<\/strong> DI Rebekka K\u00f6ll<\/p><p><strong>Event:<\/strong> 5. Fachforum Thermische Energiespeicher<\/p><p><strong>Date:<\/strong> 01.06.2016<\/p><p><strong>Place:<\/strong> Neumarkt, Deutschland<\/p>\t\t\t\t\t\t\t\t<\/div>\n\t\t\t\t<\/div>\n\t\t\t\t\t<\/div>\n\t\t\t\t<\/div>\n\t\t<div class=\"elementor-element elementor-element-adb24d4 e-flex e-con-boxed e-con e-parent\" data-id=\"adb24d4\" data-element_type=\"container\" data-e-type=\"container\">\n\t\t\t\t\t<div class=\"e-con-inner\">\n\t\t\t\t<div class=\"elementor-element elementor-element-1b13de6 elementor-widget elementor-widget-text-editor\" data-id=\"1b13de6\" data-element_type=\"widget\" data-e-type=\"widget\" data-widget_type=\"text-editor.default\">\n\t\t\t\t<div class=\"elementor-widget-container\">\n\t\t\t\t\t\t\t\t\t<h2>Potential Enhancement of Solar Process Heat by Emerging Technologies<\/h2><p><strong>Author:<\/strong> Dr. Bettina Muster-Slawitsch<\/p><p><strong>Event: <\/strong>11th ISES Eurosun Conference<\/p><p><strong>Date:<\/strong> 11.10.2016<\/p><p><strong>Place:<\/strong> Mallorca, Spanien<\/p>\t\t\t\t\t\t\t\t<\/div>\n\t\t\t\t<\/div>\n\t\t\t\t\t<\/div>\n\t\t\t\t<\/div>\n\t\t<div class=\"elementor-element elementor-element-ab68bd4 e-flex e-con-boxed e-con e-parent\" data-id=\"ab68bd4\" data-element_type=\"container\" data-e-type=\"container\">\n\t\t\t\t\t<div class=\"e-con-inner\">\n\t\t\t\t<div class=\"elementor-element elementor-element-b30471a elementor-widget elementor-widget-text-editor\" data-id=\"b30471a\" data-element_type=\"widget\" data-e-type=\"widget\" data-widget_type=\"text-editor.default\">\n\t\t\t\t<div class=\"elementor-widget-container\">\n\t\t\t\t\t\t\t\t\t<h2>Experimental Investigation of Water Evaporation for Closed Adsorption Storage Systems<\/h2><p><strong>Author:<\/strong> DI Bao Nam Dang<\/p><p><strong>Event: <\/strong>11th ISES Eurosun Conference<\/p><p><strong>Date:<\/strong> 12.10.2016<\/p><p><strong>Place:<\/strong> Mallorca, Spanien<\/p>\t\t\t\t\t\t\t\t<\/div>\n\t\t\t\t<\/div>\n\t\t\t\t\t<\/div>\n\t\t\t\t<\/div>\n\t\t\t\t<\/div>\n\t\t","protected":false},"excerpt":{"rendered":"<p>S-GeoHeat: Shallow-Geothermal sourced Low-Temperature District Heating Authors: W. Wei\u00df, L. Leppin, J. Paetzold, F. Z. \u00c7ak\u0131c\u0131, H. I. Tol, T. Ak\u0131n, M. Alparslan Zehir, S. Coss, A. Duro Date: 11.09.2024 Place: Ittingen (CH) Shallow-Geothermal sourced Low-Temperature District Heating DECARBONISING EUROPEAN DHC NETWORKS \u2013 THE ENABLE DHC PROJECT Authors: Ingo Ball, Dominik Rutz, Riccardo Battisti, Chiara [&hellip;]<\/p>\n","protected":false},"author":2,"featured_media":0,"parent":0,"menu_order":0,"comment_status":"closed","ping_status":"closed","template":"","meta":{"_acf_changed":false,"inline_featured_image":false,"footnotes":""},"class_list":["post-3294","page","type-page","status-publish","hentry"],"acf":[],"yoast_head":"<!-- This site is optimized with the Yoast SEO plugin v27.4 - https:\/\/yoast.com\/product\/yoast-seo-wordpress\/ -->\n<title>Poster - AEE INTEC<\/title>\n<meta name=\"robots\" content=\"index, follow, max-snippet:-1, max-image-preview:large, max-video-preview:-1\" \/>\n<link rel=\"canonical\" href=\"https:\/\/www.aee-intec.at\/en\/poster\/\" \/>\n<script type=\"application\/ld+json\" class=\"yoast-schema-graph\">{\"@context\":\"https:\\\/\\\/schema.org\",\"@graph\":[{\"@type\":\"WebPage\",\"@id\":\"https:\\\/\\\/www.aee-intec.at\\\/en\\\/poster\\\/\",\"url\":\"https:\\\/\\\/www.aee-intec.at\\\/en\\\/poster\\\/\",\"name\":\"Poster - AEE INTEC\",\"isPartOf\":{\"@id\":\"https:\\\/\\\/www.aee-intec.at\\\/en\\\/#website\"},\"datePublished\":\"2025-04-04T05:00:01+00:00\",\"dateModified\":\"2025-12-09T11:30:48+00:00\",\"breadcrumb\":{\"@id\":\"https:\\\/\\\/www.aee-intec.at\\\/en\\\/poster\\\/#breadcrumb\"},\"inLanguage\":\"en-US\",\"potentialAction\":[{\"@type\":\"ReadAction\",\"target\":[\"https:\\\/\\\/www.aee-intec.at\\\/en\\\/poster\\\/\"]}]},{\"@type\":\"BreadcrumbList\",\"@id\":\"https:\\\/\\\/www.aee-intec.at\\\/en\\\/poster\\\/#breadcrumb\",\"itemListElement\":[{\"@type\":\"ListItem\",\"position\":1,\"name\":\"Home\",\"item\":\"https:\\\/\\\/www.aee-intec.at\\\/en\\\/home-page\\\/\"},{\"@type\":\"ListItem\",\"position\":2,\"name\":\"Poster\"}]},{\"@type\":\"WebSite\",\"@id\":\"https:\\\/\\\/www.aee-intec.at\\\/en\\\/#website\",\"url\":\"https:\\\/\\\/www.aee-intec.at\\\/en\\\/\",\"name\":\"AEE - Institut f\u00fcr Nachhaltige Technologien\",\"description\":\"Willkommen bei AEE - Institut f\u00fcr Nachhaltige Technologien - AEE INTEC\",\"publisher\":{\"@id\":\"https:\\\/\\\/www.aee-intec.at\\\/en\\\/#organization\"},\"potentialAction\":[{\"@type\":\"SearchAction\",\"target\":{\"@type\":\"EntryPoint\",\"urlTemplate\":\"https:\\\/\\\/www.aee-intec.at\\\/en\\\/?s={search_term_string}\"},\"query-input\":{\"@type\":\"PropertyValueSpecification\",\"valueRequired\":true,\"valueName\":\"search_term_string\"}}],\"inLanguage\":\"en-US\"},{\"@type\":\"Organization\",\"@id\":\"https:\\\/\\\/www.aee-intec.at\\\/en\\\/#organization\",\"name\":\"AEE - Institut f\u00fcr Nachhaltige Technologien\",\"url\":\"https:\\\/\\\/www.aee-intec.at\\\/en\\\/\",\"logo\":{\"@type\":\"ImageObject\",\"inLanguage\":\"en-US\",\"@id\":\"https:\\\/\\\/www.aee-intec.at\\\/en\\\/#\\\/schema\\\/logo\\\/image\\\/\",\"url\":\"https:\\\/\\\/www.aee-intec.at\\\/wp-content\\\/uploads\\\/2025\\\/02\\\/logo-1.gif\",\"contentUrl\":\"https:\\\/\\\/www.aee-intec.at\\\/wp-content\\\/uploads\\\/2025\\\/02\\\/logo-1.gif\",\"width\":74,\"height\":96,\"caption\":\"AEE - Institut f\u00fcr Nachhaltige Technologien\"},\"image\":{\"@id\":\"https:\\\/\\\/www.aee-intec.at\\\/en\\\/#\\\/schema\\\/logo\\\/image\\\/\"},\"sameAs\":[\"https:\\\/\\\/at.linkedin.com\\\/company\\\/aee-intec\",\"https:\\\/\\\/www.youtube.com\\\/channel\\\/UC7y2Y-8u6IXEJXbVlEy_vew\"]}]}<\/script>\n<!-- \/ Yoast SEO plugin. -->","yoast_head_json":{"title":"Poster - AEE INTEC","robots":{"index":"index","follow":"follow","max-snippet":"max-snippet:-1","max-image-preview":"max-image-preview:large","max-video-preview":"max-video-preview:-1"},"canonical":"https:\/\/www.aee-intec.at\/en\/poster\/","schema":{"@context":"https:\/\/schema.org","@graph":[{"@type":"WebPage","@id":"https:\/\/www.aee-intec.at\/en\/poster\/","url":"https:\/\/www.aee-intec.at\/en\/poster\/","name":"Poster - AEE INTEC","isPartOf":{"@id":"https:\/\/www.aee-intec.at\/en\/#website"},"datePublished":"2025-04-04T05:00:01+00:00","dateModified":"2025-12-09T11:30:48+00:00","breadcrumb":{"@id":"https:\/\/www.aee-intec.at\/en\/poster\/#breadcrumb"},"inLanguage":"en-US","potentialAction":[{"@type":"ReadAction","target":["https:\/\/www.aee-intec.at\/en\/poster\/"]}]},{"@type":"BreadcrumbList","@id":"https:\/\/www.aee-intec.at\/en\/poster\/#breadcrumb","itemListElement":[{"@type":"ListItem","position":1,"name":"Home","item":"https:\/\/www.aee-intec.at\/en\/home-page\/"},{"@type":"ListItem","position":2,"name":"Poster"}]},{"@type":"WebSite","@id":"https:\/\/www.aee-intec.at\/en\/#website","url":"https:\/\/www.aee-intec.at\/en\/","name":"AEE - Institut f\u00fcr Nachhaltige Technologien","description":"Willkommen bei AEE - Institut f\u00fcr Nachhaltige Technologien - AEE INTEC","publisher":{"@id":"https:\/\/www.aee-intec.at\/en\/#organization"},"potentialAction":[{"@type":"SearchAction","target":{"@type":"EntryPoint","urlTemplate":"https:\/\/www.aee-intec.at\/en\/?s={search_term_string}"},"query-input":{"@type":"PropertyValueSpecification","valueRequired":true,"valueName":"search_term_string"}}],"inLanguage":"en-US"},{"@type":"Organization","@id":"https:\/\/www.aee-intec.at\/en\/#organization","name":"AEE - Institut f\u00fcr Nachhaltige Technologien","url":"https:\/\/www.aee-intec.at\/en\/","logo":{"@type":"ImageObject","inLanguage":"en-US","@id":"https:\/\/www.aee-intec.at\/en\/#\/schema\/logo\/image\/","url":"https:\/\/www.aee-intec.at\/wp-content\/uploads\/2025\/02\/logo-1.gif","contentUrl":"https:\/\/www.aee-intec.at\/wp-content\/uploads\/2025\/02\/logo-1.gif","width":74,"height":96,"caption":"AEE - Institut f\u00fcr Nachhaltige Technologien"},"image":{"@id":"https:\/\/www.aee-intec.at\/en\/#\/schema\/logo\/image\/"},"sameAs":["https:\/\/at.linkedin.com\/company\/aee-intec","https:\/\/www.youtube.com\/channel\/UC7y2Y-8u6IXEJXbVlEy_vew"]}]}},"_links":{"self":[{"href":"https:\/\/www.aee-intec.at\/en\/wp-json\/wp\/v2\/pages\/3294","targetHints":{"allow":["GET"]}}],"collection":[{"href":"https:\/\/www.aee-intec.at\/en\/wp-json\/wp\/v2\/pages"}],"about":[{"href":"https:\/\/www.aee-intec.at\/en\/wp-json\/wp\/v2\/types\/page"}],"author":[{"embeddable":true,"href":"https:\/\/www.aee-intec.at\/en\/wp-json\/wp\/v2\/users\/2"}],"replies":[{"embeddable":true,"href":"https:\/\/www.aee-intec.at\/en\/wp-json\/wp\/v2\/comments?post=3294"}],"version-history":[{"count":0,"href":"https:\/\/www.aee-intec.at\/en\/wp-json\/wp\/v2\/pages\/3294\/revisions"}],"wp:attachment":[{"href":"https:\/\/www.aee-intec.at\/en\/wp-json\/wp\/v2\/media?parent=3294"}],"curies":[{"name":"wp","href":"https:\/\/api.w.org\/{rel}","templated":true}]}}