{"id":3322,"date":"2025-04-04T07:42:25","date_gmt":"2025-04-04T05:42:25","guid":{"rendered":"https:\/\/p688098.mittwaldserver.info\/buecher-und-studien\/"},"modified":"2025-11-13T11:00:44","modified_gmt":"2025-11-13T09:00:44","slug":"buecher-und-studien","status":"publish","type":"page","link":"https:\/\/www.aee-intec.at\/en\/buecher-und-studien\/","title":{"rendered":"Books and Studies"},"content":{"rendered":"\t\t<div data-elementor-type=\"wp-page\" data-elementor-id=\"3322\" class=\"elementor elementor-3322 elementor-3307\" data-elementor-post-type=\"page\">\n\t\t\t\t<div class=\"elementor-element elementor-element-2905bfd e-flex e-con-boxed e-con e-parent\" data-id=\"2905bfd\" data-element_type=\"container\" data-e-type=\"container\">\n\t\t\t\t\t<div class=\"e-con-inner\">\n\t\t\t\t\t<\/div>\n\t\t\t\t<\/div>\n\t\t<div class=\"elementor-element elementor-element-987c7e9 e-flex e-con-boxed e-con e-parent\" data-id=\"987c7e9\" data-element_type=\"container\" data-e-type=\"container\">\n\t\t\t\t\t<div class=\"e-con-inner\">\n\t\t\t\t<div class=\"elementor-element elementor-element-2ddbbd6 elementor-widget elementor-widget-text-editor\" data-id=\"2ddbbd6\" data-element_type=\"widget\" data-e-type=\"widget\" data-widget_type=\"text-editor.default\">\n\t\t\t\t<div class=\"elementor-widget-container\">\n\t\t\t\t\t\t\t\t\t<h2>Kommunale W\u00e4rmeplanung \u2013 Leitfaden<\/h2><p><strong>AutorInnen:<\/strong> Franz Mauthner, Joachim Kelz, Xhoi Zhupani, Ingo Leusbrock<\/p><p><strong>Datum:<\/strong> 2025<\/p><p><strong>Leitfaden:<\/strong> <a href=\"https:\/\/www.aee-intec.at\/wp-content\/uploads\/2025\/11\/Leitfaden_Waermeplanung_KEM.pdf\" target=\"_blank\" rel=\"noopener\">www.aee-intec.at<\/a><br><strong>Brosch\u00fcre:<\/strong> <a href=\"https:\/\/www.aee-intec.at\/wp-content\/uploads\/2025\/11\/Kommunale-Waermeplanung_Folder_Upload_digital.pdf\" target=\"_blank\" rel=\"noopener\">www.aee-intec.at<\/a><\/p>\t\t\t\t\t\t\t\t<\/div>\n\t\t\t\t<\/div>\n\t\t\t\t<div class=\"elementor-element elementor-element-2e26dd3 elementor-widget elementor-widget-text-editor\" data-id=\"2e26dd3\" data-element_type=\"widget\" data-e-type=\"widget\" data-widget_type=\"text-editor.default\">\n\t\t\t\t<div class=\"elementor-widget-container\">\n\t\t\t\t\t\t\t\t\t<h2>Innovative Energietechnologien in \u00d6sterreich Marktentwicklung 2019<\/h2><p><strong>Authors:<\/strong> P. Biermayr, C. Di\u00dfauer, M. Eberl, M. Enigl, H. Fechner, B. F\u00fcrnsinn, M. Jaksch-Fliegenschnee, K. Leonhartsberger, S. Moidl, E. Prem, C. Schmidl, C. Strasser, W. Weiss, M. Wittmann, P. Wonisch, E. Wopienka<\/p><p><strong>Date:<\/strong> 2020<\/p><p><strong>Link:<\/strong> <a href=\"https:\/\/www.aee-intec.at\/0uploads\/dateien1539.pdf\" target=\"_blank\" rel=\"noopener\">www.aee-intec.at<\/a><\/p>\t\t\t\t\t\t\t\t<\/div>\n\t\t\t\t<\/div>\n\t\t\t\t\t<\/div>\n\t\t\t\t<\/div>\n\t\t<div class=\"elementor-element elementor-element-07205aa e-flex e-con-boxed e-con e-parent\" data-id=\"07205aa\" data-element_type=\"container\" data-e-type=\"container\">\n\t\t\t\t\t<div class=\"e-con-inner\">\n\t\t\t\t<div class=\"elementor-element elementor-element-c59ef97 elementor-widget elementor-widget-text-editor\" data-id=\"c59ef97\" data-element_type=\"widget\" data-e-type=\"widget\" data-widget_type=\"text-editor.default\">\n\t\t\t\t<div class=\"elementor-widget-container\">\n\t\t\t\t\t\t\t\t\t<h2>Solar Heat Worldwide \u2013 Global market developments and trends 2019 I Detailed market figures 2018<\/h2><p><strong>Authors:<\/strong> Werner Weiss und Monika Sp\u00f6rk-D\u00fcr<\/p><p><strong>Date:<\/strong> 2018<\/p><p><strong>Link:<\/strong> <a href=\"\/wp-content\/uploads\/2025\/04\/dateien1535.pdf\" target=\"_blank\" rel=\"noopener\">www.aee-intec.at<\/a><\/p>\t\t\t\t\t\t\t\t<\/div>\n\t\t\t\t<\/div>\n\t\t\t\t\t<\/div>\n\t\t\t\t<\/div>\n\t\t<div class=\"elementor-element elementor-element-90a1af2 e-flex e-con-boxed e-con e-parent\" data-id=\"90a1af2\" data-element_type=\"container\" data-e-type=\"container\">\n\t\t\t\t\t<div class=\"e-con-inner\">\n\t\t\t\t<div class=\"elementor-element elementor-element-fa7b6e6 elementor-widget elementor-widget-text-editor\" data-id=\"fa7b6e6\" data-element_type=\"widget\" data-e-type=\"widget\" data-widget_type=\"text-editor.default\">\n\t\t\t\t<div class=\"elementor-widget-container\">\n\t\t\t\t\t\t\t\t\t<h2>IEA SHC Bericht: Weltweite Marktentwicklung Solarthermie &#8211; Edition 2018<\/h2><p><strong>Authors:<\/strong> Dipl. P\u00e4d.  Ing. Werner Weiss, DI Monika Sp\u00f6rk-D\u00fcr<\/p><p><strong>Date:<\/strong> 2018<\/p><p><strong>Link: <\/strong><a href=\"\/wp-content\/uploads\/2025\/04\/dateien1286.pdf\" target=\"_blank\" rel=\"noopener\">https:\/\/www.aee-intec.at<\/a><\/p>\t\t\t\t\t\t\t\t<\/div>\n\t\t\t\t<\/div>\n\t\t\t\t\t<\/div>\n\t\t\t\t<\/div>\n\t\t<div class=\"elementor-element elementor-element-126014f e-flex e-con-boxed e-con e-parent\" data-id=\"126014f\" data-element_type=\"container\" data-e-type=\"container\">\n\t\t\t\t\t<div class=\"e-con-inner\">\n\t\t\t\t<div class=\"elementor-element elementor-element-fbbd143 elementor-widget elementor-widget-text-editor\" data-id=\"fbbd143\" data-element_type=\"widget\" data-e-type=\"widget\" data-widget_type=\"text-editor.default\">\n\t\t\t\t<div class=\"elementor-widget-container\">\n\t\t\t\t\t\t\t\t\t<h2>Innovative Energietechnologien in \u00d6sterreich Marktentwicklung 2017<\/h2><p><strong>AutorInnen:<\/strong> Peter Biermayr, Christa Di\u00dfauer, Manuela Eberl, Monika Enigl, Hubert Fechner, Lukas Fischer, Kurt Leonhartsberger, Florian Maringer, Stefan Moidl, Christoph Schmidl, Christoph Strasser, Werner Weiss, Patrik Wonisch, Elisabeth Wopienka<\/p><p><strong>Datum:<\/strong> 2018<br><br><strong>Link: <\/strong><a href=\"https:\/\/www.aee-intec.at\/0uploads\/dateien1287.pdf\" target=\"_blank\" rel=\"noopener\">https:\/\/www.aee-intec.at<\/a><\/p>\t\t\t\t\t\t\t\t<\/div>\n\t\t\t\t<\/div>\n\t\t\t\t\t<\/div>\n\t\t\t\t<\/div>\n\t\t<div class=\"elementor-element elementor-element-e2cb8c4 e-flex e-con-boxed e-con e-parent\" data-id=\"e2cb8c4\" data-element_type=\"container\" data-e-type=\"container\">\n\t\t\t\t\t<div class=\"e-con-inner\">\n\t\t\t\t<div class=\"elementor-element elementor-element-96a1255 elementor-widget elementor-widget-text-editor\" data-id=\"96a1255\" data-element_type=\"widget\" data-e-type=\"widget\" data-widget_type=\"text-editor.default\">\n\t\t\t\t<div class=\"elementor-widget-container\">\n\t\t\t\t\t\t\t\t\t<h2>IEA SHC Report: Solar Heat Worldwide \u2013 Global Market Development and Trends 2016 \/ Detailed Market Figures 2015<\/h2><p><strong>Authors: <\/strong>Dipl. P\u00e4d.  Ing. Werner Weiss, DI Monika Sp\u00f6rk-D\u00fcr<\/p><p><strong>Date:<\/strong> 2017<\/p><p><strong>Link: <\/strong><a href=\"\/wp-content\/uploads\/2025\/04\/dateien1255.pdf\" target=\"_blank\" rel=\"noopener\">http:\/\/www.aee-intec.at<\/a><\/p>\t\t\t\t\t\t\t\t<\/div>\n\t\t\t\t<\/div>\n\t\t\t\t\t<\/div>\n\t\t\t\t<\/div>\n\t\t<div class=\"elementor-element elementor-element-2357c7a e-flex e-con-boxed e-con e-parent\" data-id=\"2357c7a\" data-element_type=\"container\" data-e-type=\"container\">\n\t\t\t\t\t<div class=\"e-con-inner\">\n\t\t\t\t<div class=\"elementor-element elementor-element-f55f5dd elementor-widget elementor-widget-text-editor\" data-id=\"f55f5dd\" data-element_type=\"widget\" data-e-type=\"widget\" data-widget_type=\"text-editor.default\">\n\t\t\t\t<div class=\"elementor-widget-container\">\n\t\t\t\t\t\t\t\t\t<h2>Innovative Energietechnologien in \u00d6sterreich Marktentwicklung 2016<\/h2><p><strong>AutorInnen: <\/strong>Peter Biermayr, Christa Di\u00dfauer, Manuela Eberl, Monika Enigl, Hubert Fechner, Kurt Leonhartsberger, Florian Maringer, Stefan Moidl, Christoph Schmidl, Christoph Strasser, Werner Weiss, Patrik Wonisch, Elisabeth Wopienka.<\/p><p><strong>Date:<\/strong> 2017<\/p><p><strong>Link: <\/strong><a href=\"\/wp-content\/uploads\/2025\/04\/dateien1264.pdf\" target=\"_blank\" rel=\"noopener\">http:\/\/www.aee-intec.at<\/a><\/p>\t\t\t\t\t\t\t\t<\/div>\n\t\t\t\t<\/div>\n\t\t\t\t\t<\/div>\n\t\t\t\t<\/div>\n\t\t<div class=\"elementor-element elementor-element-7500d01 e-flex e-con-boxed e-con e-parent\" data-id=\"7500d01\" data-element_type=\"container\" data-e-type=\"container\">\n\t\t\t\t\t<div class=\"e-con-inner\">\n\t\t\t\t<div class=\"elementor-element elementor-element-7862f0a elementor-widget elementor-widget-text-editor\" data-id=\"7862f0a\" data-element_type=\"widget\" data-e-type=\"widget\" data-widget_type=\"text-editor.default\">\n\t\t\t\t<div class=\"elementor-widget-container\">\n\t\t\t\t\t\t\t\t\t<h2>Innovative Energietechnologien in \u00d6sterreich Marktentwicklung 2015<\/h2><div id=\"tinymce_inhalte_text459\" class=\"tinymce_deactivated\"><p><strong>Autoren:<\/strong> Biermayr, P., Eberl, M., Enigl, M., Fechner, H., Krist\u00f6fel, C., Leonhartsberger, K., Maringer, F., Moidl, S., Schmidl, C., Strasser, C., Weiss, W., Wopienk, E.<\/p><p><strong>Veranstaltung:<\/strong> Berichte aus Energie- und Umweltforschung 6\/2016, BMVIT<\/p><p><strong>Date:<\/strong> 2016<\/p><p><strong>Link: <\/strong><a href=\"\/wp-content\/uploads\/2025\/04\/dateien1194.pdf\" target=\"_blank\" rel=\"noopener\">http:\/\/www.aee-intec.at<\/a><\/p><\/div>\t\t\t\t\t\t\t\t<\/div>\n\t\t\t\t<\/div>\n\t\t\t\t\t<\/div>\n\t\t\t\t<\/div>\n\t\t<div class=\"elementor-element elementor-element-50a81e8 e-flex e-con-boxed e-con e-parent\" data-id=\"50a81e8\" data-element_type=\"container\" data-e-type=\"container\">\n\t\t\t\t\t<div class=\"e-con-inner\">\n\t\t\t\t<div class=\"elementor-element elementor-element-0973cd3 elementor-widget elementor-widget-text-editor\" data-id=\"0973cd3\" data-element_type=\"widget\" data-e-type=\"widget\" data-widget_type=\"text-editor.default\">\n\t\t\t\t<div class=\"elementor-widget-container\">\n\t\t\t\t\t\t\t\t\t<h2>Solar Heat Worldwide, Markets and Contribution to the Energy Supply 2014<\/h2><p><strong>Autoren:<\/strong> DI Franz Mauthner, Dipl. P\u00e4d.  Ing. Werner Weiss, DI Monika Sp\u00f6rk-D\u00fcr<\/p><p><strong>Veranstaltung:<\/strong> IEA Solar Heating and Cooling Programme and BMVIT<\/p><p><strong>Date:<\/strong> 2016<\/p><p><strong>Link: <\/strong><a href=\"\/wp-content\/uploads\/2025\/04\/dateien1104.pdf\" target=\"_blank\" rel=\"noopener\">http:\/\/www.aee-intec.at<\/a><\/p>\t\t\t\t\t\t\t\t<\/div>\n\t\t\t\t<\/div>\n\t\t\t\t\t<\/div>\n\t\t\t\t<\/div>\n\t\t<div class=\"elementor-element elementor-element-c4c096c e-flex e-con-boxed e-con e-parent\" data-id=\"c4c096c\" data-element_type=\"container\" data-e-type=\"container\">\n\t\t\t\t\t<div class=\"e-con-inner\">\n\t\t\t\t<div class=\"elementor-element elementor-element-81bd513 elementor-widget elementor-widget-text-editor\" data-id=\"81bd513\" data-element_type=\"widget\" data-e-type=\"widget\" data-widget_type=\"text-editor.default\">\n\t\t\t\t<div class=\"elementor-widget-container\">\n\t\t\t\t\t\t\t\t\t<h2>Design of a facility for testing evaporator concepts for compact heat exchangers<\/h2><p><strong>Autor:<\/strong> Thaler, T.,<\/p><p><strong>Veranstaltung:<\/strong> Diploma thesis, TU Graz<\/p><p><strong>Date:<\/strong> 2016<\/p><p><strong>Link: <\/strong><a href=\"https:\/\/diglib.tugraz.at\/design-of-a-facility-for-testing-evaporator-concepts-for-compact-heat-exchangers-2016\" target=\"_blank\" rel=\"noopener\">https:\/\/diglib.tugraz.at<\/a><\/p>\t\t\t\t\t\t\t\t<\/div>\n\t\t\t\t<\/div>\n\t\t\t\t\t<\/div>\n\t\t\t\t<\/div>\n\t\t<div class=\"elementor-element elementor-element-b490e82 e-flex e-con-boxed e-con e-parent\" data-id=\"b490e82\" data-element_type=\"container\" data-e-type=\"container\">\n\t\t\t\t\t<div class=\"e-con-inner\">\n\t\t\t\t<div class=\"elementor-element elementor-element-460d911 elementor-widget elementor-widget-text-editor\" data-id=\"460d911\" data-element_type=\"widget\" data-e-type=\"widget\" data-widget_type=\"text-editor.default\">\n\t\t\t\t<div class=\"elementor-widget-container\">\n\t\t\t\t\t\t\t\t\t<h2>Technical report in the framework of IEA-SHC Task 52 \u2013 Solar Heat and Energy Economics in Urban Environments<\/h2><p><strong>Autor:<\/strong> Mauthner F., Herkel S.<\/p><p><strong>Veranstaltung:<\/strong> Technical report in the framework of IEA-SHC Task 52 \u2013 Solar Heat and Energy Economics in Urban Environments<\/p><p><strong>Date:<\/strong> 2016<\/p><p><strong>Link: <\/strong><a href=\"http:\/\/task52.iea-shc.org\/data\/sites\/1\/publications\/IEA-SHC-Task52-STC1-Classification-and-Benchmarking-Report-2016-03-311.pdf\" target=\"_blank\" rel=\"noopener\">http:\/\/task52.iea-shc.org<\/a><\/p>\t\t\t\t\t\t\t\t<\/div>\n\t\t\t\t<\/div>\n\t\t\t\t\t<\/div>\n\t\t\t\t<\/div>\n\t\t<div class=\"elementor-element elementor-element-e615305 e-flex e-con-boxed e-con e-parent\" data-id=\"e615305\" data-element_type=\"container\" data-e-type=\"container\">\n\t\t\t\t\t<div class=\"e-con-inner\">\n\t\t\t\t<div class=\"elementor-element elementor-element-beca0d7 elementor-widget elementor-widget-text-editor\" data-id=\"beca0d7\" data-element_type=\"widget\" data-e-type=\"widget\" data-widget_type=\"text-editor.default\">\n\t\t\t\t<div class=\"elementor-widget-container\">\n\t\t\t\t\t\t\t\t\t<h2>Die Energiewirtschaft am Wendepunkt<\/h2><p><strong>Autoren:<\/strong> Dipl.-Ing. Dr. mont., Univ-Prof. i.R. Gerhard Faninger<\/p><p><strong>Date:<\/strong> 2016<\/p><p><strong>Link: <\/strong><a href=\"https:\/\/www.aee-intec.at\/0uploads\/dateien1044.pdf\" target=\"_blank\" rel=\"noopener\">www.aee-intec.at<\/a><\/p>\t\t\t\t\t\t\t\t<\/div>\n\t\t\t\t<\/div>\n\t\t\t\t\t<\/div>\n\t\t\t\t<\/div>\n\t\t\t\t<\/div>\n\t\t","protected":false},"excerpt":{"rendered":"<p>Kommunale W\u00e4rmeplanung \u2013 Leitfaden AutorInnen: Franz Mauthner, Joachim Kelz, Xhoi Zhupani, Ingo Leusbrock Datum: 2025 Leitfaden: www.aee-intec.atBrosch\u00fcre: www.aee-intec.at Innovative Energietechnologien in \u00d6sterreich Marktentwicklung 2019 Authors: P. Biermayr, C. Di\u00dfauer, M. Eberl, M. Enigl, H. Fechner, B. F\u00fcrnsinn, M. Jaksch-Fliegenschnee, K. Leonhartsberger, S. Moidl, E. Prem, C. Schmidl, C. Strasser, W. Weiss, M. Wittmann, P. Wonisch, [&hellip;]<\/p>\n","protected":false},"author":2,"featured_media":0,"parent":0,"menu_order":0,"comment_status":"closed","ping_status":"closed","template":"","meta":{"_acf_changed":false,"inline_featured_image":false,"footnotes":""},"class_list":["post-3322","page","type-page","status-publish","hentry"],"acf":[],"yoast_head":"<!-- This site is optimized with the Yoast SEO plugin v27.6 - https:\/\/yoast.com\/product\/yoast-seo-wordpress\/ -->\n<title>Books and Studies - AEE INTEC<\/title>\n<meta name=\"robots\" content=\"index, follow, max-snippet:-1, max-image-preview:large, max-video-preview:-1\" \/>\n<link rel=\"canonical\" href=\"https:\/\/www.aee-intec.at\/en\/buecher-und-studien\/\" \/>\n<script type=\"application\/ld+json\" class=\"yoast-schema-graph\">{\"@context\":\"https:\\\/\\\/schema.org\",\"@graph\":[{\"@type\":\"WebPage\",\"@id\":\"https:\\\/\\\/www.aee-intec.at\\\/en\\\/buecher-und-studien\\\/\",\"url\":\"https:\\\/\\\/www.aee-intec.at\\\/en\\\/buecher-und-studien\\\/\",\"name\":\"Books and Studies - AEE INTEC\",\"isPartOf\":{\"@id\":\"https:\\\/\\\/www.aee-intec.at\\\/en\\\/#website\"},\"datePublished\":\"2025-04-04T05:42:25+00:00\",\"dateModified\":\"2025-11-13T09:00:44+00:00\",\"breadcrumb\":{\"@id\":\"https:\\\/\\\/www.aee-intec.at\\\/en\\\/buecher-und-studien\\\/#breadcrumb\"},\"inLanguage\":\"en-US\",\"potentialAction\":[{\"@type\":\"ReadAction\",\"target\":[\"https:\\\/\\\/www.aee-intec.at\\\/en\\\/buecher-und-studien\\\/\"]}]},{\"@type\":\"BreadcrumbList\",\"@id\":\"https:\\\/\\\/www.aee-intec.at\\\/en\\\/buecher-und-studien\\\/#breadcrumb\",\"itemListElement\":[{\"@type\":\"ListItem\",\"position\":1,\"name\":\"Home\",\"item\":\"https:\\\/\\\/www.aee-intec.at\\\/en\\\/home-page\\\/\"},{\"@type\":\"ListItem\",\"position\":2,\"name\":\"Books and Studies\"}]},{\"@type\":\"WebSite\",\"@id\":\"https:\\\/\\\/www.aee-intec.at\\\/en\\\/#website\",\"url\":\"https:\\\/\\\/www.aee-intec.at\\\/en\\\/\",\"name\":\"AEE - Institut f\u00fcr Nachhaltige Technologien\",\"description\":\"Willkommen bei AEE - Institut f\u00fcr Nachhaltige Technologien - AEE INTEC\",\"publisher\":{\"@id\":\"https:\\\/\\\/www.aee-intec.at\\\/en\\\/#organization\"},\"potentialAction\":[{\"@type\":\"SearchAction\",\"target\":{\"@type\":\"EntryPoint\",\"urlTemplate\":\"https:\\\/\\\/www.aee-intec.at\\\/en\\\/?s={search_term_string}\"},\"query-input\":{\"@type\":\"PropertyValueSpecification\",\"valueRequired\":true,\"valueName\":\"search_term_string\"}}],\"inLanguage\":\"en-US\"},{\"@type\":\"Organization\",\"@id\":\"https:\\\/\\\/www.aee-intec.at\\\/en\\\/#organization\",\"name\":\"AEE - Institut f\u00fcr Nachhaltige Technologien\",\"url\":\"https:\\\/\\\/www.aee-intec.at\\\/en\\\/\",\"logo\":{\"@type\":\"ImageObject\",\"inLanguage\":\"en-US\",\"@id\":\"https:\\\/\\\/www.aee-intec.at\\\/en\\\/#\\\/schema\\\/logo\\\/image\\\/\",\"url\":\"https:\\\/\\\/www.aee-intec.at\\\/wp-content\\\/uploads\\\/2025\\\/02\\\/logo-1.gif\",\"contentUrl\":\"https:\\\/\\\/www.aee-intec.at\\\/wp-content\\\/uploads\\\/2025\\\/02\\\/logo-1.gif\",\"width\":74,\"height\":96,\"caption\":\"AEE - Institut f\u00fcr Nachhaltige Technologien\"},\"image\":{\"@id\":\"https:\\\/\\\/www.aee-intec.at\\\/en\\\/#\\\/schema\\\/logo\\\/image\\\/\"},\"sameAs\":[\"https:\\\/\\\/at.linkedin.com\\\/company\\\/aee-intec\",\"https:\\\/\\\/www.youtube.com\\\/channel\\\/UC7y2Y-8u6IXEJXbVlEy_vew\"]}]}<\/script>\n<!-- \/ Yoast SEO plugin. -->","yoast_head_json":{"title":"Books and Studies - AEE INTEC","robots":{"index":"index","follow":"follow","max-snippet":"max-snippet:-1","max-image-preview":"max-image-preview:large","max-video-preview":"max-video-preview:-1"},"canonical":"https:\/\/www.aee-intec.at\/en\/buecher-und-studien\/","schema":{"@context":"https:\/\/schema.org","@graph":[{"@type":"WebPage","@id":"https:\/\/www.aee-intec.at\/en\/buecher-und-studien\/","url":"https:\/\/www.aee-intec.at\/en\/buecher-und-studien\/","name":"Books and Studies - AEE INTEC","isPartOf":{"@id":"https:\/\/www.aee-intec.at\/en\/#website"},"datePublished":"2025-04-04T05:42:25+00:00","dateModified":"2025-11-13T09:00:44+00:00","breadcrumb":{"@id":"https:\/\/www.aee-intec.at\/en\/buecher-und-studien\/#breadcrumb"},"inLanguage":"en-US","potentialAction":[{"@type":"ReadAction","target":["https:\/\/www.aee-intec.at\/en\/buecher-und-studien\/"]}]},{"@type":"BreadcrumbList","@id":"https:\/\/www.aee-intec.at\/en\/buecher-und-studien\/#breadcrumb","itemListElement":[{"@type":"ListItem","position":1,"name":"Home","item":"https:\/\/www.aee-intec.at\/en\/home-page\/"},{"@type":"ListItem","position":2,"name":"Books and Studies"}]},{"@type":"WebSite","@id":"https:\/\/www.aee-intec.at\/en\/#website","url":"https:\/\/www.aee-intec.at\/en\/","name":"AEE - Institut f\u00fcr Nachhaltige Technologien","description":"Willkommen bei AEE - Institut f\u00fcr Nachhaltige Technologien - AEE INTEC","publisher":{"@id":"https:\/\/www.aee-intec.at\/en\/#organization"},"potentialAction":[{"@type":"SearchAction","target":{"@type":"EntryPoint","urlTemplate":"https:\/\/www.aee-intec.at\/en\/?s={search_term_string}"},"query-input":{"@type":"PropertyValueSpecification","valueRequired":true,"valueName":"search_term_string"}}],"inLanguage":"en-US"},{"@type":"Organization","@id":"https:\/\/www.aee-intec.at\/en\/#organization","name":"AEE - Institut f\u00fcr Nachhaltige Technologien","url":"https:\/\/www.aee-intec.at\/en\/","logo":{"@type":"ImageObject","inLanguage":"en-US","@id":"https:\/\/www.aee-intec.at\/en\/#\/schema\/logo\/image\/","url":"https:\/\/www.aee-intec.at\/wp-content\/uploads\/2025\/02\/logo-1.gif","contentUrl":"https:\/\/www.aee-intec.at\/wp-content\/uploads\/2025\/02\/logo-1.gif","width":74,"height":96,"caption":"AEE - Institut f\u00fcr Nachhaltige Technologien"},"image":{"@id":"https:\/\/www.aee-intec.at\/en\/#\/schema\/logo\/image\/"},"sameAs":["https:\/\/at.linkedin.com\/company\/aee-intec","https:\/\/www.youtube.com\/channel\/UC7y2Y-8u6IXEJXbVlEy_vew"]}]}},"_links":{"self":[{"href":"https:\/\/www.aee-intec.at\/en\/wp-json\/wp\/v2\/pages\/3322","targetHints":{"allow":["GET"]}}],"collection":[{"href":"https:\/\/www.aee-intec.at\/en\/wp-json\/wp\/v2\/pages"}],"about":[{"href":"https:\/\/www.aee-intec.at\/en\/wp-json\/wp\/v2\/types\/page"}],"author":[{"embeddable":true,"href":"https:\/\/www.aee-intec.at\/en\/wp-json\/wp\/v2\/users\/2"}],"replies":[{"embeddable":true,"href":"https:\/\/www.aee-intec.at\/en\/wp-json\/wp\/v2\/comments?post=3322"}],"version-history":[{"count":0,"href":"https:\/\/www.aee-intec.at\/en\/wp-json\/wp\/v2\/pages\/3322\/revisions"}],"wp:attachment":[{"href":"https:\/\/www.aee-intec.at\/en\/wp-json\/wp\/v2\/media?parent=3322"}],"curies":[{"name":"wp","href":"https:\/\/api.w.org\/{rel}","templated":true}]}}