{"id":37,"date":"2025-01-30T09:49:49","date_gmt":"2025-01-30T07:49:49","guid":{"rendered":"https:\/\/aeewpclone.aee-intec.at\/home-page\/"},"modified":"2026-03-03T10:23:30","modified_gmt":"2026-03-03T08:23:30","slug":"home-page","status":"publish","type":"page","link":"https:\/\/www.aee-intec.at\/en\/","title":{"rendered":"Home"},"content":{"rendered":"\t\t<div data-elementor-type=\"wp-page\" data-elementor-id=\"37\" class=\"elementor elementor-37 elementor-2\" data-elementor-post-type=\"page\">\n\t\t\t\t<div class=\"elementor-element elementor-element-5283450 e-con-full e-flex e-con e-parent\" data-id=\"5283450\" data-element_type=\"container\" data-e-type=\"container\" data-settings=\"{&quot;animation&quot;:&quot;none&quot;}\">\n\t\t\t\t<div class=\"elementor-element elementor-element-7452881 elementor--h-position-center elementor--v-position-middle elementor-arrows-position-inside elementor-widget elementor-widget-slides\" data-id=\"7452881\" data-element_type=\"widget\" data-e-type=\"widget\" data-settings=\"{&quot;navigation&quot;:&quot;arrows&quot;,&quot;transition&quot;:&quot;fade&quot;,&quot;_animation&quot;:&quot;none&quot;,&quot;autoplay&quot;:&quot;yes&quot;,&quot;pause_on_interaction&quot;:&quot;yes&quot;,&quot;autoplay_speed&quot;:5000,&quot;infinite&quot;:&quot;yes&quot;,&quot;transition_speed&quot;:500}\" data-widget_type=\"slides.default\">\n\t\t\t\t<div class=\"elementor-widget-container\">\n\t\t\t\t\t\t\t\t\t<div class=\"elementor-swiper\">\n\t\t\t\t\t<div class=\"elementor-slides-wrapper elementor-main-swiper swiper\" role=\"region\" aria-roledescription=\"carousel\" aria-label=\"Slides\" dir=\"ltr\" data-animation=\"fadeInUp\">\n\t\t\t\t<div class=\"swiper-wrapper elementor-slides\">\n\t\t\t\t\t\t\t\t\t\t<div class=\"elementor-repeater-item-82c514f swiper-slide\" role=\"group\" aria-roledescription=\"slide\"><div class=\"swiper-slide-bg\" role=\"img\" aria-label=\"bilder1317\"><\/div><div class=\"swiper-slide-inner\" ><div class=\"swiper-slide-contents\"><div class=\"elementor-slide-heading\"><div class=\"slide-subtitle\">Welcome to<\/div>AEE \u2013 Institute for Sustainable Technologies<\/div><div class=\"elementor-slide-description\"><p>Idea to Action<\/p>\n<\/div><a href=\"https:\/\/www.aee-intec.at\/en\/fields-of-research\/\" class=\"elementor-button elementor-slide-button elementor-size-sm\">Unsere Forschungsbereiche<\/a><\/div><\/div><\/div><div class=\"elementor-repeater-item-b16e965 swiper-slide\" role=\"group\" aria-roledescription=\"slide\"><div class=\"swiper-slide-bg\" role=\"img\" aria-label=\"\u00a9 Siemens Energy Austria GmbH R&amp;T\"><\/div><div class=\"swiper-slide-inner\" ><div class=\"swiper-slide-contents\"><div class=\"elementor-slide-heading\">AEE INTEC unterst\u00fctzte Siemens Energy bei der Entwicklung ihrer klimaneutralen Fabrik<\/div><a href=\"https:\/\/www.aee-intec.at\/newsletter-stories\/aee-intec-unterstutzt-siemens-energy-bei-der-entwicklung-ihrer-klimaneutralen-fabrik\/\" class=\"elementor-button elementor-slide-button elementor-size-sm\">TO THE CONTRIBUTION<\/a><\/div><\/div><\/div><div class=\"elementor-repeater-item-66064e9 swiper-slide\" role=\"group\" aria-roledescription=\"slide\"><div class=\"swiper-slide-bg\" role=\"img\" aria-label=\"\u00a9 SGracious Studios_SOLTRAIN\"><\/div><div class=\"swiper-slide-inner\" ><div class=\"swiper-slide-contents\"><div class=\"elementor-slide-heading\">Ein neues Kapitel f\u00fcr die erneuerbare W\u00e4rmewende in Afrika<\/div><a href=\"\/newsletter-stories\/ein-neues-kapitel-fuer-die-erneuerbare-waermewende-in-afrik\" class=\"elementor-button elementor-slide-button elementor-size-sm\">TO THE CONTRIBUTION<\/a><\/div><\/div><\/div><div class=\"elementor-repeater-item-a1a1f23 swiper-slide\" role=\"group\" aria-roledescription=\"slide\"><div class=\"swiper-slide-bg\" role=\"img\" aria-label=\"\u00a9 Rene Lagler\"><\/div><div class=\"swiper-slide-inner\" ><div class=\"swiper-slide-contents\"><div class=\"elementor-slide-heading\">B\u00fcrger*innenbeteiligung \u2013 regionale Projekte mit regionalen Mitteln finanzieren<\/div><a href=\"https:\/\/www.aee-intec.at\/newsletter-stories\/buergerbeteiligung-regionale-projekte-mit-regionalen-mitteln-finanzieren\/\" class=\"elementor-button elementor-slide-button elementor-size-sm\">TO THE CONTRIBUTION<\/a><\/div><\/div><\/div>\t\t\t\t<\/div>\n\t\t\t\t\t\t\t\t\t\t\t\t\t\t\t<div class=\"elementor-swiper-button elementor-swiper-button-prev\" role=\"button\" tabindex=\"0\" aria-label=\"Previous slide\">\n\t\t\t\t\t\t\t<svg aria-hidden=\"true\" class=\"e-font-icon-svg e-eicon-chevron-left\" viewBox=\"0 0 1000 1000\" xmlns=\"http:\/\/www.w3.org\/2000\/svg\"><path d=\"M646 125C629 125 613 133 604 142L308 442C296 454 292 471 292 487 292 504 296 521 308 533L604 854C617 867 629 875 646 875 663 875 679 871 692 858 704 846 713 829 713 812 713 796 708 779 692 767L438 487 692 225C700 217 708 204 708 187 708 171 704 154 692 142 675 129 663 125 646 125Z\"><\/path><\/svg>\t\t\t\t\t\t<\/div>\n\t\t\t\t\t\t<div class=\"elementor-swiper-button elementor-swiper-button-next\" role=\"button\" tabindex=\"0\" aria-label=\"Next slide\">\n\t\t\t\t\t\t\t<svg aria-hidden=\"true\" class=\"e-font-icon-svg e-eicon-chevron-right\" viewBox=\"0 0 1000 1000\" xmlns=\"http:\/\/www.w3.org\/2000\/svg\"><path d=\"M696 533C708 521 713 504 713 487 713 471 708 454 696 446L400 146C388 133 375 125 354 125 338 125 325 129 313 142 300 154 292 171 292 187 292 204 296 221 308 233L563 492 304 771C292 783 288 800 288 817 288 833 296 850 308 863 321 871 338 875 354 875 371 875 388 867 400 854L696 533Z\"><\/path><\/svg>\t\t\t\t\t\t<\/div>\n\t\t\t\t\t\t\t\t\t\t\t\t\t\t\t\t\t<\/div>\n\t\t\t\t<\/div>\n\t\t\t\t\t\t\t\t<\/div>\n\t\t\t\t<\/div>\n\t\t\t\t<\/div>\n\t\t<div class=\"elementor-element elementor-element-7114385 e-flex e-con-boxed e-con e-parent\" data-id=\"7114385\" data-element_type=\"container\" data-e-type=\"container\">\n\t\t\t\t\t<div class=\"e-con-inner\">\n\t\t\t\t<div class=\"elementor-element elementor-element-d704f52 elementor-widget elementor-widget-heading\" data-id=\"d704f52\" data-element_type=\"widget\" data-e-type=\"widget\" data-widget_type=\"heading.default\">\n\t\t\t\t<div class=\"elementor-widget-container\">\n\t\t\t\t\t<h2 class=\"elementor-heading-title elementor-size-default\">Research for Sustainable Technologies<\/h2>\t\t\t\t<\/div>\n\t\t\t\t<\/div>\n\t\t\t\t<div class=\"elementor-element elementor-element-65b07b1 elementor-widget elementor-widget-text-editor\" data-id=\"65b07b1\" data-element_type=\"widget\" data-e-type=\"widget\" data-widget_type=\"text-editor.default\">\n\t\t\t\t<div class=\"elementor-widget-container\">\n\t\t\t\t\t\t\t\t\t<p>AEE &#8211; Institute for Sustainable Technologies (AEE INTEC) was founded in 1988 and is today one of the leading European institutes of applied research in renewable energy and resource efficiency. In the three target group areas &#8220;Buildings&#8221;, &#8220;Cities &amp; Grids&#8221; and &#8220;Industrial Systems&#8221; as well as three technological working groups &#8220;Renewable Energies&#8221;, &#8220;Thermal Storage&#8221; and &#8220;Water and Process Technologies&#8221;, the R&amp;D projects carried out range from basic research projects to the implementation of demonstration plants. <\/p><p>AEE INTEC currently employs around 80 people from eight different nations in Gleisdorf. With an average of three PhD students and about ten master thesis students, interns and student assistants, the institute also contributes to the training of highly qualified specialists. <\/p><p>Within the framework of national, European and international research and development projects, AEE INTEC has made a significant contribution to the further development of sustainable technologies in recent years. Clients of these projects are federal states, federal ministries, the European Commission, international organizations such as UNIDO as well as industrial and commercial enterprises.<\/p><p>Since 2015 AEE INTEC is a member of <a href=\"https:\/\/www.acr.ac.at\/\">Austrian Cooperative Research \u2013 ACR<\/a>. <img decoding=\"async\" class=\"alignnone wp-image-69\" style=\"padding-left: 20px;\" src=\"https:\/\/aeewpclone.aee-intec.at\/wp-content\/uploads\/2025\/02\/bilder1343-300x104.jpg\" alt=\"\" width=\"200\" height=\"69\" srcset=\"https:\/\/www.aee-intec.at\/wp-content\/uploads\/2025\/02\/bilder1343-300x104.jpg 300w, https:\/\/www.aee-intec.at\/wp-content\/uploads\/2025\/02\/bilder1343-768x265.jpg 768w, https:\/\/www.aee-intec.at\/wp-content\/uploads\/2025\/02\/bilder1343.jpg 800w\" sizes=\"(max-width: 200px) 100vw, 200px\" \/><\/p>\t\t\t\t\t\t\t\t<\/div>\n\t\t\t\t<\/div>\n\t\t\t\t\t<\/div>\n\t\t\t\t<\/div>\n\t\t<div class=\"elementor-element elementor-element-418fabc e-flex e-con-boxed e-con e-parent\" data-id=\"418fabc\" data-element_type=\"container\" data-e-type=\"container\" data-settings=\"{&quot;background_background&quot;:&quot;classic&quot;}\">\n\t\t\t\t\t<div class=\"e-con-inner\">\n\t\t\t\t<div class=\"elementor-element elementor-element-4c56837 elementor-widget elementor-widget-shortcode\" data-id=\"4c56837\" data-element_type=\"widget\" data-e-type=\"widget\" data-widget_type=\"shortcode.default\">\n\t\t\t\t<div class=\"elementor-widget-container\">\n\t\t\t\t\t\t\t<div class=\"elementor-shortcode\"><div class=\"intec-topics-overview\"><div class=\"topics-item\">\n                       <div class=\"row\">\n                            <div class=\"col-12\">\n                                <div><a href=\"https:\/\/www.aee-intec.at\/en\/topics\/industry\/\" class=\"\" ><img decoding=\"async\" src=\"https:\/\/www.aee-intec.at\/wp-content\/uploads\/2025\/02\/bilder120.png\" alt=\"Industry\" style=\"width: 150px; height: 150px;\"><\/a><\/div>\n                                <p class=\"lead-text\"><a href=\"https:\/\/www.aee-intec.at\/en\/topics\/industry\/\" class=\"ovr_brd_link\" >Industry<\/a><\/p>\n                            <\/div>\n                        <\/div>\n                        <\/div><div class=\"topics-item\">\n                       <div class=\"row\">\n                            <div class=\"col-12\">\n                                <div><a href=\"https:\/\/www.aee-intec.at\/en\/topics\/buildings\/\" class=\"\" ><img decoding=\"async\" src=\"https:\/\/www.aee-intec.at\/wp-content\/uploads\/2025\/02\/bilder112.png\" alt=\"Buildings\" style=\"width: 150px; height: 150px;\"><\/a><\/div>\n                                <p class=\"lead-text\"><a href=\"https:\/\/www.aee-intec.at\/en\/topics\/buildings\/\" class=\"ovr_brd_link\" >Buildings<\/a><\/p>\n                            <\/div>\n                        <\/div>\n                        <\/div><div class=\"topics-item\">\n                       <div class=\"row\">\n                            <div class=\"col-12\">\n                                <div><a href=\"https:\/\/www.aee-intec.at\/en\/topics\/cities-networks\/\" class=\"\" ><img decoding=\"async\" src=\"https:\/\/www.aee-intec.at\/wp-content\/uploads\/2025\/02\/bilder622.png\" alt=\"Cities &amp; Networks\" style=\"width: 150px; height: 150px;\"><\/a><\/div>\n                                <p class=\"lead-text\"><a href=\"https:\/\/www.aee-intec.at\/en\/topics\/cities-networks\/\" class=\"ovr_brd_link\" >Cities &amp; Networks<\/a><\/p>\n                            <\/div>\n                        <\/div>\n                        <\/div><div class=\"topics-item\">\n                       <div class=\"row\">\n                            <div class=\"col-12\">\n                                <div><a href=\"https:\/\/www.aee-intec.at\/en\/topics\/water\/\" class=\"\" ><img decoding=\"async\" src=\"https:\/\/www.aee-intec.at\/wp-content\/uploads\/2025\/02\/bilder1662.png\" alt=\"Water\" style=\"width: 150px; height: 150px;\"><\/a><\/div>\n                                <p class=\"lead-text\"><a href=\"https:\/\/www.aee-intec.at\/en\/topics\/water\/\" class=\"ovr_brd_link\" >Water<\/a><\/p>\n                            <\/div>\n                        <\/div>\n                        <\/div><div class=\"topics-item\">\n                       <div class=\"row\">\n                            <div class=\"col-12\">\n                                <div><a href=\"https:\/\/www.aee-intec.at\/en\/topics\/biorefinery\/\" class=\"\" ><img decoding=\"async\" src=\"https:\/\/www.aee-intec.at\/wp-content\/uploads\/2025\/02\/bilder1663.png\" alt=\"Biorefinery\" style=\"width: 150px; height: 150px;\"><\/a><\/div>\n                                <p class=\"lead-text\"><a href=\"https:\/\/www.aee-intec.at\/en\/topics\/biorefinery\/\" class=\"ovr_brd_link\" >Biorefinery<\/a><\/p>\n                            <\/div>\n                        <\/div>\n                        <\/div><div class=\"topics-item\">\n                       <div class=\"row\">\n                            <div class=\"col-12\">\n                                <div><a href=\"https:\/\/www.aee-intec.at\/en\/topics\/renewable-energy\/\" class=\"\" ><img decoding=\"async\" src=\"https:\/\/www.aee-intec.at\/wp-content\/uploads\/2025\/02\/bilder1668.png\" alt=\"Renewable Energy\" style=\"width: 150px; height: 150px;\"><\/a><\/div>\n                                <p class=\"lead-text\"><a href=\"https:\/\/www.aee-intec.at\/en\/topics\/renewable-energy\/\" class=\"ovr_brd_link\" >Renewable Energy<\/a><\/p>\n                            <\/div>\n                        <\/div>\n                        <\/div><div class=\"topics-item\">\n                       <div class=\"row\">\n                            <div class=\"col-12\">\n                                <div><a href=\"https:\/\/www.aee-intec.at\/en\/topics\/thermal-energy-storage\/\" class=\"\" ><img decoding=\"async\" src=\"https:\/\/www.aee-intec.at\/wp-content\/uploads\/2025\/02\/bilder1664.png\" alt=\"Thermal energy storages\" style=\"width: 150px; height: 150px;\"><\/a><\/div>\n                                <p class=\"lead-text\"><a href=\"https:\/\/www.aee-intec.at\/en\/topics\/thermal-energy-storage\/\" class=\"ovr_brd_link\" >Thermal energy storages<\/a><\/p>\n                            <\/div>\n                        <\/div>\n                        <\/div><div class=\"topics-item\">\n                       <div class=\"row\">\n                            <div class=\"col-12\">\n                                <div><a href=\"https:\/\/www.aee-intec.at\/en\/topics\/technical-lab-demonstration\/\" class=\"\" ><img decoding=\"async\" src=\"https:\/\/www.aee-intec.at\/wp-content\/uploads\/2025\/02\/bilder1670.png\" alt=\"Technical lab &amp; demonstration\" style=\"width: 150px; height: 150px;\"><\/a><\/div>\n                                <p class=\"lead-text\"><a href=\"https:\/\/www.aee-intec.at\/en\/topics\/technical-lab-demonstration\/\" class=\"ovr_brd_link\" >Technical lab &amp; demonstration<\/a><\/p>\n                            <\/div>\n                        <\/div>\n                        <\/div><div class=\"topics-item\">\n                       <div class=\"row\">\n                            <div class=\"col-12\">\n                                <div><a href=\"https:\/\/www.aee-intec.at\/en\/topics\/digitalization-simulation\/\" class=\"\" ><img decoding=\"async\" src=\"https:\/\/www.aee-intec.at\/wp-content\/uploads\/2025\/02\/bilder1667.png\" alt=\"Digitalization &amp; simulation\" style=\"width: 150px; height: 150px;\"><\/a><\/div>\n                                <p class=\"lead-text\"><a href=\"https:\/\/www.aee-intec.at\/en\/topics\/digitalization-simulation\/\" class=\"ovr_brd_link\" >Digitalization &amp; simulation<\/a><\/p>\n                            <\/div>\n                        <\/div>\n                        <\/div><div class=\"topics-item\">\n                       <div class=\"row\">\n                            <div class=\"col-12\">\n                                <div><a href=\"https:\/\/www.aee-intec.at\/en\/topics\/knowledge-transfer\/\" class=\"\" ><img decoding=\"async\" src=\"https:\/\/www.aee-intec.at\/wp-content\/uploads\/2025\/02\/bilder1700.png\" alt=\"Knowledge transfer\" style=\"width: 150px; height: 150px;\"><\/a><\/div>\n                                <p class=\"lead-text\"><a href=\"https:\/\/www.aee-intec.at\/en\/topics\/knowledge-transfer\/\" class=\"ovr_brd_link\" >Knowledge transfer<\/a><\/p>\n                            <\/div>\n                        <\/div>\n                        <\/div><\/div><\/div>\n\t\t\t\t\t\t<\/div>\n\t\t\t\t<\/div>\n\t\t\t\t\t<\/div>\n\t\t\t\t<\/div>\n\t\t<div class=\"elementor-element elementor-element-d104a51 search-parallax e-flex e-con-boxed e-con e-parent\" data-id=\"d104a51\" data-element_type=\"container\" data-e-type=\"container\" data-settings=\"{&quot;background_background&quot;:&quot;classic&quot;}\">\n\t\t\t\t\t<div class=\"e-con-inner\">\n\t\t\t\t<div class=\"elementor-element elementor-element-033085a elementor-widget elementor-widget-shortcode\" data-id=\"033085a\" data-element_type=\"widget\" data-e-type=\"widget\" data-widget_type=\"shortcode.default\">\n\t\t\t\t<div class=\"elementor-widget-container\">\n\t\t\t\t\t\t\t<div class=\"elementor-shortcode\"><div class=\"row\">\n\t            <div class=\"col-md-3\"><span class=\"suchen-title\">Search for topics<\/span><\/div>\n                <div class=\"col-md-9\">\n                    <form id=\"schnellsuche\" action=\"https:\/\/www.aee-intec.at\/en\/search\/\" method=\"get\">\t\t\n                        <input type=\"text\" class=\"text\" name=\"srword\" value=\"\" size=\"12\" required id=\"home_search_input\">\n                        <input type=\"hidden\" name=\"suche_in_seiten\" value=\"1\" >\n                        <input type=\"hidden\" name=\"suche_in_projekten\" value=\"2\" >\n                        <input type=\"hidden\" name=\"suche_in_veranstaltungen\" value=\"3\" >\n                        <input type=\"hidden\" name=\"suche_in_mitarbeiter\" value=\"4\" >\n                        <input type=\"hidden\" name=\"suche_in_downloadcenter\" value=\"5\" >\n                        <input type=\"hidden\" name=\"suche_in_publikationen\" value=\"6\" >\n                        <input type=\"hidden\" name=\"suche_in_themen\" value=\"7\" >\n                        <input type=\"submit\" class=\"button\" name=\"searchsubmit\" value=\"Search\">\n                    <\/form>\n                    <p class=\"home-search-input-warning\">Please enter a value to perform the search.<\/p>\n                <\/div>\n            <\/div><\/div>\n\t\t\t\t\t\t<\/div>\n\t\t\t\t<\/div>\n\t\t\t\t\t<\/div>\n\t\t\t\t<\/div>\n\t\t\t\t<\/div>\n\t\t","protected":false},"excerpt":{"rendered":"<p>Welcome toAEE \u2013 Institute for Sustainable Technologies Idea to Action Unsere ForschungsbereicheAEE INTEC unterst\u00fctzte Siemens Energy bei der Entwicklung ihrer klimaneutralen FabrikTO THE CONTRIBUTIONEin neues Kapitel f\u00fcr die erneuerbare W\u00e4rmewende in AfrikaTO THE CONTRIBUTIONB\u00fcrger*innenbeteiligung \u2013 regionale Projekte mit regionalen Mitteln finanzierenTO THE CONTRIBUTION Research for Sustainable Technologies AEE &#8211; Institute for Sustainable Technologies (AEE INTEC) [&hellip;]<\/p>\n","protected":false},"author":1,"featured_media":0,"parent":0,"menu_order":0,"comment_status":"closed","ping_status":"open","template":"","meta":{"_acf_changed":false,"inline_featured_image":false,"footnotes":""},"class_list":["post-37","page","type-page","status-publish","hentry"],"acf":[],"yoast_head":"<!-- This site is optimized with the Yoast SEO plugin v27.4 - https:\/\/yoast.com\/product\/yoast-seo-wordpress\/ -->\n<title>Home - AEE INTEC<\/title>\n<meta name=\"robots\" content=\"index, follow, max-snippet:-1, max-image-preview:large, max-video-preview:-1\" \/>\n<link rel=\"canonical\" href=\"https:\/\/www.aee-intec.at\/en\/\" \/>\n<script type=\"application\/ld+json\" class=\"yoast-schema-graph\">{\"@context\":\"https:\\\/\\\/schema.org\",\"@graph\":[{\"@type\":\"WebPage\",\"@id\":\"https:\\\/\\\/www.aee-intec.at\\\/en\\\/\",\"url\":\"https:\\\/\\\/www.aee-intec.at\\\/en\\\/\",\"name\":\"Home - AEE INTEC\",\"isPartOf\":{\"@id\":\"https:\\\/\\\/www.aee-intec.at\\\/en\\\/#website\"},\"primaryImageOfPage\":{\"@id\":\"https:\\\/\\\/www.aee-intec.at\\\/en\\\/#primaryimage\"},\"image\":{\"@id\":\"https:\\\/\\\/www.aee-intec.at\\\/en\\\/#primaryimage\"},\"thumbnailUrl\":\"https:\\\/\\\/aeewpclone.aee-intec.at\\\/wp-content\\\/uploads\\\/2025\\\/02\\\/bilder1343-300x104.jpg\",\"datePublished\":\"2025-01-30T07:49:49+00:00\",\"dateModified\":\"2026-03-03T08:23:30+00:00\",\"breadcrumb\":{\"@id\":\"https:\\\/\\\/www.aee-intec.at\\\/en\\\/#breadcrumb\"},\"inLanguage\":\"en-US\",\"potentialAction\":[{\"@type\":\"ReadAction\",\"target\":[\"https:\\\/\\\/www.aee-intec.at\\\/en\\\/\"]}]},{\"@type\":\"ImageObject\",\"inLanguage\":\"en-US\",\"@id\":\"https:\\\/\\\/www.aee-intec.at\\\/en\\\/#primaryimage\",\"url\":\"https:\\\/\\\/aeewpclone.aee-intec.at\\\/wp-content\\\/uploads\\\/2025\\\/02\\\/bilder1343-300x104.jpg\",\"contentUrl\":\"https:\\\/\\\/aeewpclone.aee-intec.at\\\/wp-content\\\/uploads\\\/2025\\\/02\\\/bilder1343-300x104.jpg\"},{\"@type\":\"BreadcrumbList\",\"@id\":\"https:\\\/\\\/www.aee-intec.at\\\/en\\\/#breadcrumb\",\"itemListElement\":[{\"@type\":\"ListItem\",\"position\":1,\"name\":\"Home\",\"item\":\"https:\\\/\\\/www.aee-intec.at\\\/en\\\/home-page\\\/\"},{\"@type\":\"ListItem\",\"position\":2,\"name\":\"Home\"}]},{\"@type\":\"WebSite\",\"@id\":\"https:\\\/\\\/www.aee-intec.at\\\/en\\\/#website\",\"url\":\"https:\\\/\\\/www.aee-intec.at\\\/en\\\/\",\"name\":\"AEE - Institut f\u00fcr Nachhaltige Technologien\",\"description\":\"Willkommen bei AEE - Institut f\u00fcr Nachhaltige Technologien - AEE INTEC\",\"publisher\":{\"@id\":\"https:\\\/\\\/www.aee-intec.at\\\/en\\\/#organization\"},\"potentialAction\":[{\"@type\":\"SearchAction\",\"target\":{\"@type\":\"EntryPoint\",\"urlTemplate\":\"https:\\\/\\\/www.aee-intec.at\\\/en\\\/?s={search_term_string}\"},\"query-input\":{\"@type\":\"PropertyValueSpecification\",\"valueRequired\":true,\"valueName\":\"search_term_string\"}}],\"inLanguage\":\"en-US\"},{\"@type\":\"Organization\",\"@id\":\"https:\\\/\\\/www.aee-intec.at\\\/en\\\/#organization\",\"name\":\"AEE - Institut f\u00fcr Nachhaltige Technologien\",\"url\":\"https:\\\/\\\/www.aee-intec.at\\\/en\\\/\",\"logo\":{\"@type\":\"ImageObject\",\"inLanguage\":\"en-US\",\"@id\":\"https:\\\/\\\/www.aee-intec.at\\\/en\\\/#\\\/schema\\\/logo\\\/image\\\/\",\"url\":\"https:\\\/\\\/www.aee-intec.at\\\/wp-content\\\/uploads\\\/2025\\\/02\\\/logo-1.gif\",\"contentUrl\":\"https:\\\/\\\/www.aee-intec.at\\\/wp-content\\\/uploads\\\/2025\\\/02\\\/logo-1.gif\",\"width\":74,\"height\":96,\"caption\":\"AEE - Institut f\u00fcr Nachhaltige Technologien\"},\"image\":{\"@id\":\"https:\\\/\\\/www.aee-intec.at\\\/en\\\/#\\\/schema\\\/logo\\\/image\\\/\"},\"sameAs\":[\"https:\\\/\\\/at.linkedin.com\\\/company\\\/aee-intec\",\"https:\\\/\\\/www.youtube.com\\\/channel\\\/UC7y2Y-8u6IXEJXbVlEy_vew\"]}]}<\/script>\n<!-- \/ Yoast SEO plugin. -->","yoast_head_json":{"title":"Home - AEE INTEC","robots":{"index":"index","follow":"follow","max-snippet":"max-snippet:-1","max-image-preview":"max-image-preview:large","max-video-preview":"max-video-preview:-1"},"canonical":"https:\/\/www.aee-intec.at\/en\/","schema":{"@context":"https:\/\/schema.org","@graph":[{"@type":"WebPage","@id":"https:\/\/www.aee-intec.at\/en\/","url":"https:\/\/www.aee-intec.at\/en\/","name":"Home - AEE INTEC","isPartOf":{"@id":"https:\/\/www.aee-intec.at\/en\/#website"},"primaryImageOfPage":{"@id":"https:\/\/www.aee-intec.at\/en\/#primaryimage"},"image":{"@id":"https:\/\/www.aee-intec.at\/en\/#primaryimage"},"thumbnailUrl":"https:\/\/aeewpclone.aee-intec.at\/wp-content\/uploads\/2025\/02\/bilder1343-300x104.jpg","datePublished":"2025-01-30T07:49:49+00:00","dateModified":"2026-03-03T08:23:30+00:00","breadcrumb":{"@id":"https:\/\/www.aee-intec.at\/en\/#breadcrumb"},"inLanguage":"en-US","potentialAction":[{"@type":"ReadAction","target":["https:\/\/www.aee-intec.at\/en\/"]}]},{"@type":"ImageObject","inLanguage":"en-US","@id":"https:\/\/www.aee-intec.at\/en\/#primaryimage","url":"https:\/\/aeewpclone.aee-intec.at\/wp-content\/uploads\/2025\/02\/bilder1343-300x104.jpg","contentUrl":"https:\/\/aeewpclone.aee-intec.at\/wp-content\/uploads\/2025\/02\/bilder1343-300x104.jpg"},{"@type":"BreadcrumbList","@id":"https:\/\/www.aee-intec.at\/en\/#breadcrumb","itemListElement":[{"@type":"ListItem","position":1,"name":"Home","item":"https:\/\/www.aee-intec.at\/en\/home-page\/"},{"@type":"ListItem","position":2,"name":"Home"}]},{"@type":"WebSite","@id":"https:\/\/www.aee-intec.at\/en\/#website","url":"https:\/\/www.aee-intec.at\/en\/","name":"AEE - Institut f\u00fcr Nachhaltige Technologien","description":"Willkommen bei AEE - Institut f\u00fcr Nachhaltige Technologien - AEE INTEC","publisher":{"@id":"https:\/\/www.aee-intec.at\/en\/#organization"},"potentialAction":[{"@type":"SearchAction","target":{"@type":"EntryPoint","urlTemplate":"https:\/\/www.aee-intec.at\/en\/?s={search_term_string}"},"query-input":{"@type":"PropertyValueSpecification","valueRequired":true,"valueName":"search_term_string"}}],"inLanguage":"en-US"},{"@type":"Organization","@id":"https:\/\/www.aee-intec.at\/en\/#organization","name":"AEE - Institut f\u00fcr Nachhaltige Technologien","url":"https:\/\/www.aee-intec.at\/en\/","logo":{"@type":"ImageObject","inLanguage":"en-US","@id":"https:\/\/www.aee-intec.at\/en\/#\/schema\/logo\/image\/","url":"https:\/\/www.aee-intec.at\/wp-content\/uploads\/2025\/02\/logo-1.gif","contentUrl":"https:\/\/www.aee-intec.at\/wp-content\/uploads\/2025\/02\/logo-1.gif","width":74,"height":96,"caption":"AEE - Institut f\u00fcr Nachhaltige Technologien"},"image":{"@id":"https:\/\/www.aee-intec.at\/en\/#\/schema\/logo\/image\/"},"sameAs":["https:\/\/at.linkedin.com\/company\/aee-intec","https:\/\/www.youtube.com\/channel\/UC7y2Y-8u6IXEJXbVlEy_vew"]}]}},"_links":{"self":[{"href":"https:\/\/www.aee-intec.at\/en\/wp-json\/wp\/v2\/pages\/37","targetHints":{"allow":["GET"]}}],"collection":[{"href":"https:\/\/www.aee-intec.at\/en\/wp-json\/wp\/v2\/pages"}],"about":[{"href":"https:\/\/www.aee-intec.at\/en\/wp-json\/wp\/v2\/types\/page"}],"author":[{"embeddable":true,"href":"https:\/\/www.aee-intec.at\/en\/wp-json\/wp\/v2\/users\/1"}],"replies":[{"embeddable":true,"href":"https:\/\/www.aee-intec.at\/en\/wp-json\/wp\/v2\/comments?post=37"}],"version-history":[{"count":0,"href":"https:\/\/www.aee-intec.at\/en\/wp-json\/wp\/v2\/pages\/37\/revisions"}],"wp:attachment":[{"href":"https:\/\/www.aee-intec.at\/en\/wp-json\/wp\/v2\/media?parent=37"}],"curies":[{"name":"wp","href":"https:\/\/api.w.org\/{rel}","templated":true}]}}