{"id":4937,"date":"2025-04-17T07:55:38","date_gmt":"2025-04-17T05:55:38","guid":{"rendered":"https:\/\/p688098.mittwaldserver.info\/zukunftsweisende-konferenz-in-botswana-mit-soltrain-im-scheinwerferlicht\/"},"modified":"2025-05-15T07:55:07","modified_gmt":"2025-05-15T05:55:07","slug":"zukunftsweisende-konferenz-in-botswana-mit-soltrain-im-scheinwerferlicht","status":"publish","type":"page","link":"https:\/\/www.aee-intec.at\/en\/zukunftsweisende-konferenz-in-botswana-mit-soltrain-im-scheinwerferlicht\/","title":{"rendered":"Zukunftsweisende Konferenz in Botswana mit SOLTRAIN im Scheinwerferlicht"},"content":{"rendered":"\t\t<div data-elementor-type=\"wp-page\" data-elementor-id=\"4937\" class=\"elementor elementor-4937 elementor-4935\" data-elementor-post-type=\"page\">\n\t\t\t\t<div class=\"elementor-element elementor-element-9dd9e93 e-flex e-con-boxed e-con e-parent\" data-id=\"9dd9e93\" data-element_type=\"container\" data-e-type=\"container\">\n\t\t\t\t\t<div class=\"e-con-inner\">\n\t\t\t\t\t<\/div>\n\t\t\t\t<\/div>\n\t\t<div class=\"elementor-element elementor-element-dd82dca e-flex e-con-boxed e-con e-parent\" data-id=\"dd82dca\" data-element_type=\"container\" data-e-type=\"container\">\n\t\t\t\t\t<div class=\"e-con-inner\">\n\t\t<div class=\"elementor-element elementor-element-98808f3 e-con-full e-flex e-con e-child\" data-id=\"98808f3\" data-element_type=\"container\" data-e-type=\"container\">\n\t\t\t\t<div class=\"elementor-element elementor-element-8b91f8c elementor-widget elementor-widget-image\" data-id=\"8b91f8c\" data-element_type=\"widget\" data-e-type=\"widget\" data-widget_type=\"image.default\">\n\t\t\t\t<div class=\"elementor-widget-container\">\n\t\t\t\t\t\t\t\t\t\t\t\t<figure class=\"wp-caption\">\n\t\t\t\t\t\t\t\t\t\t\t<a href=\"https:\/\/www.aee-intec.at\/wp-content\/uploads\/2025\/04\/bilder3005.jpg\" data-elementor-open-lightbox=\"yes\" data-e-action-hash=\"#elementor-action%3Aaction%3Dlightbox%26settings%3DeyJpZCI6NDI5MywidXJsIjoiaHR0cHM6XC9cL3d3dy5hZWUtaW50ZWMuYXRcL3dwLWNvbnRlbnRcL3VwbG9hZHNcLzIwMjVcLzA0XC9iaWxkZXIzMDA1LmpwZyJ9\">\n\t\t\t\t\t\t\t<img fetchpriority=\"high\" decoding=\"async\" width=\"800\" height=\"533\" src=\"https:\/\/www.aee-intec.at\/wp-content\/uploads\/2025\/04\/bilder3005-1024x682.jpg\" class=\"attachment-large size-large wp-image-4293\" alt=\"\" srcset=\"https:\/\/www.aee-intec.at\/wp-content\/uploads\/2025\/04\/bilder3005-1024x682.jpg 1024w, https:\/\/www.aee-intec.at\/wp-content\/uploads\/2025\/04\/bilder3005-300x200.jpg 300w, https:\/\/www.aee-intec.at\/wp-content\/uploads\/2025\/04\/bilder3005-768x512.jpg 768w, https:\/\/www.aee-intec.at\/wp-content\/uploads\/2025\/04\/bilder3005.jpg 1226w\" sizes=\"(max-width: 800px) 100vw, 800px\" \/>\t\t\t\t\t\t\t\t<\/a>\n\t\t\t\t\t\t\t\t\t\t\t<figcaption class=\"widget-image-caption wp-caption-text\">\u00a9 SADC<\/figcaption>\n\t\t\t\t\t\t\t\t\t\t<\/figure>\n\t\t\t\t\t\t\t\t\t<\/div>\n\t\t\t\t<\/div>\n\t\t\t\t<\/div>\n\t\t<div class=\"elementor-element elementor-element-0cb2cef e-con-full e-flex e-con e-child\" data-id=\"0cb2cef\" data-element_type=\"container\" data-e-type=\"container\">\n\t\t\t\t<div class=\"elementor-element elementor-element-efb471c elementor-widget elementor-widget-text-editor\" data-id=\"efb471c\" data-element_type=\"widget\" data-e-type=\"widget\" data-widget_type=\"text-editor.default\">\n\t\t\t\t<div class=\"elementor-widget-container\">\n\t\t\t\t\t\t\t\t\t<p>Es ist beeindruckend, wenn ein neu gew\u00e4hltes Staatsoberhaupt der nachhaltigen Energiezukunft besondere Aufmerksamkeit schenkt. Pr\u00e4sident Duma Gideon Boko er\u00f6ffnete pers\u00f6nlich die erste SADC Sustainable Energy Week in Botswana. <\/p><p>SADC (Southern African Development Community) ist eine regionale Organisation zur wirtschaftlichen und politischen Zusammenarbeit von 16 L\u00e4ndern im s\u00fcdlichen Afrika. Ganz oben auf der Agenda und Motto der Konferenz: \u201eAccelerating Sustainable Energy Solutions for an Energy Secure SADC Region\u201c. <\/p><p>SOLTRAIN war gemeinsam mit UNIDO, IRENA und GN-SEC Mitorganisator der SADC Sustainable Energy Week bei der mehr als 400 Teilnehmer*innen anwesend waren. Die Initiative zeigte eindrucksvoll, wie wichtig erneuerbare Energien und Energieeffizienz f\u00fcr eine nachhaltige Zukunft sind. Ein Highlight waren die zwei eigenen SOLTRAIN-Sessions bei denen die Ergebnisse aus den letzten Jahren vorgestellt wurden.  <\/p><p>SOLTRAIN-Projektleiter Wolfgang Gruber-Glatzl verdeutlichte in seiner Keynote-Speech die nachhaltige Wirksamkeit der bisherigen Projektergebnisse. AEE INTEC Gesch\u00e4ftsf\u00fchrer Christoph Brunner teilte in der darauffolgenden Panel-Diskussion mit u.a. den Energie-Ministern aus Botswana und Zambia die Erfahrungen in Europa beim nachhaltigen Umbau des Energiesystems. Monika Sp\u00f6rk-D\u00fcr und Rudi Moschik &#8211; beide von AEE INTEC pr\u00e4sentierten die Erfahrungen aus Roadmap-Entwicklung und Monitoring-Daten. Daneben gab es einen bunten und guten Mix an Vortr\u00e4gen der SOLTRAIN-Projektpartner.   <\/p><p>Durch die Teilnahme von Vertreter*innen aus dem SADC-Raum und dem restlichen Afrika, konnten die SOLTRAIN Partner exzellente Kontakte kn\u00fcpfen, um ein weiteres Ausrollen der Initiative zu erm\u00f6glichen \u2013 erkl\u00e4rtes Ziel und Aufgabe des laufenden Projekts. Die Ministerin f\u00fcr Youth and Gender Affairs, Hon. Lesego Chombo bereicherte die Nachmittags-Session zum Gender-Mainstreaming im Energiesektor bei der die vielf\u00e4ltigen Ma\u00dfnahmen des SOLTRAIN-Projekts pr\u00e4sentiert wurden. <\/p><p>Weitere Programmpunkte der Sustainable Energy Week:<\/p><ul><li>Technical Session mit Paper\/Poster Pr\u00e4sentation zum Thema &#8220;Thermische Speicher&#8221;<\/li><li>Expertentraining f\u00fcr Qualit\u00e4tsbeauftragte von Solarthermie-Systemen<\/li><li>Panel Diskussion zu &#8220;Youth, Gender &amp; Entrepreneurship in Sustainable Energy&#8221;<\/li><li>Technische Tour zu einer neu installierten Solarthermieanlage von SOLTRAIN<\/li><\/ul><p>Die erfolgreiche Umsetzung der Soltrain-Initiative w\u00e4re ohne die enge und vertrauensvolle Zusammenarbeit mit SACREE und der Austrian Development Agency (ADA) sowie die engagierte Unterst\u00fctzung von der \u00f6sterreichischen Botschafterin Romana K\u00f6nigsbrunn nicht m\u00f6glich gewesen. Ihr unerm\u00fcdlicher Einsatz f\u00fcr nachhaltige Energieprojekte in der Region hat ma\u00dfgeblich dazu beigetragen, dass SOLTRAIN weiterhin als Vorreiter f\u00fcr erneuerbare Energien und Energieeffizienz im s\u00fcdlichen Afrika agiert. Gemeinsam setzen wir ein starkes Zeichen f\u00fcr eine zukunftsf\u00e4hige, nachhaltige Energieversorgung und eine langfristige Partnerschaft, die \u00fcber L\u00e4ndergrenzen hinaus Wirkung zeigt.  <\/p><h4>Auftrag\/F\u00f6rdergeber<\/h4><p><a title=\"link to: https:\/\/www.entwicklung.at\/\" href=\"https:\/\/www.entwicklung.at\/\" target=\"_blank\" rel=\"noopener\">Austrian Development Agency<\/a><\/p><h4>Projektkoordinator<\/h4><p><a href=\"https:\/\/www.aee-intec.at\/en\/\" target=\"_blank\" rel=\"noopener\">AEE INTEC<\/a><\/p><h4>Projektpartner<\/h4><ul><li><a href=\"http:\/\/www.sacreee.org\/\" target=\"_blank\" rel=\"noopener\">SADC Centre for Renewable Energy and Energy Efficiency (SACREEE)<\/a><\/li><li><a href=\"https:\/\/sanedi.org.za\/\" target=\"_blank\" rel=\"noopener\">South African National Energy Development In-stitute (SANEDI) South Africa<\/a><\/li><li><a href=\"http:\/\/www.crses.sun.ac.za\/\" target=\"_blank\" rel=\"noopener\">Centre for Renewable and Sustainable Energy Studies (CRSES) Stellenbosch University, South Africa<\/a><\/li><li><a href=\"http:\/\/nei.nust.na\/\" target=\"_blank\" rel=\"noopener\">Namibian Energy Institute (NEI), at the Namibia University of Science and Technology (NUST \u2013 Namibia)<\/a><\/li><li><a href=\"https:\/\/erc.nul.ls\/\" target=\"_blank\" rel=\"noopener\">Energy Research Centre (ERC) National University of Lesotho (NUL)<\/a><\/li><li><a href=\"http:\/\/www.facebook.com\/bethelbusinessandcommunitydevelopmentcentre\" target=\"_blank\" rel=\"noopener\">Bethel Business and Community Development Centre (BBCDC), Lesotho<\/a><\/li><li><a href=\"http:\/\/www.nust.ac.zw\/\" target=\"_blank\" rel=\"noopener\">National University of Science and Technology (NUST &#8211; Zimbabwe)<\/a><\/li><li><a href=\"http:\/\/www.ub.bw\/research\/research-centres\/clean-energy-research-centre\" target=\"_blank\" rel=\"noopener\">University of Botswana Clean Energy Research Centre (CERC-UB)<\/a><\/li><li><a href=\"https:\/\/solar.org.bw\/solar-industries-association\" target=\"_blank\" rel=\"noopener\">Solar Industries Association Botswana (SIAB)<\/a><\/li><\/ul><h4>Kontakt<\/h4><p><a href=\"https:\/\/www.aee-intec.at\/en\/people\/di-wolfgang-gruber-glatzl\/\" target=\"_blank\" rel=\"noopener\">Wolfgang Gruber-Glatzl<\/a><\/p><p><a href=\"https:\/\/www.soltrain.org\/\" target=\"_blank\" rel=\"noopener\">Soltrain<\/a><br><a href=\"https:\/\/sadcenergyweek.org\/\" target=\"_blank\" rel=\"noopener\">SADC Konferenz-Website<\/a><\/p>\t\t\t\t\t\t\t\t<\/div>\n\t\t\t\t<\/div>\n\t\t\t\t<\/div>\n\t\t\t\t\t<\/div>\n\t\t\t\t<\/div>\n\t\t\t\t<\/div>\n\t\t","protected":false},"excerpt":{"rendered":"<p>\u00a9 SADC Es ist beeindruckend, wenn ein neu gew\u00e4hltes Staatsoberhaupt der nachhaltigen Energiezukunft besondere Aufmerksamkeit schenkt. Pr\u00e4sident Duma Gideon Boko er\u00f6ffnete pers\u00f6nlich die erste SADC Sustainable Energy Week in Botswana. SADC (Southern African Development Community) ist eine regionale Organisation zur wirtschaftlichen und politischen Zusammenarbeit von 16 L\u00e4ndern im s\u00fcdlichen Afrika. Ganz oben auf der Agenda [&hellip;]<\/p>\n","protected":false},"author":2,"featured_media":0,"parent":0,"menu_order":0,"comment_status":"closed","ping_status":"closed","template":"","meta":{"_acf_changed":false,"inline_featured_image":false,"footnotes":""},"class_list":["post-4937","page","type-page","status-publish","hentry"],"acf":[],"yoast_head":"<!-- This site is optimized with the Yoast SEO plugin v27.4 - https:\/\/yoast.com\/product\/yoast-seo-wordpress\/ -->\n<title>Zukunftsweisende Konferenz in Botswana mit SOLTRAIN im Scheinwerferlicht - AEE INTEC<\/title>\n<meta name=\"robots\" content=\"index, follow, max-snippet:-1, max-image-preview:large, max-video-preview:-1\" \/>\n<link rel=\"canonical\" href=\"https:\/\/www.aee-intec.at\/en\/zukunftsweisende-konferenz-in-botswana-mit-soltrain-im-scheinwerferlicht\/\" \/>\n<script type=\"application\/ld+json\" class=\"yoast-schema-graph\">{\"@context\":\"https:\\\/\\\/schema.org\",\"@graph\":[{\"@type\":\"WebPage\",\"@id\":\"https:\\\/\\\/www.aee-intec.at\\\/en\\\/zukunftsweisende-konferenz-in-botswana-mit-soltrain-im-scheinwerferlicht\\\/\",\"url\":\"https:\\\/\\\/www.aee-intec.at\\\/en\\\/zukunftsweisende-konferenz-in-botswana-mit-soltrain-im-scheinwerferlicht\\\/\",\"name\":\"Zukunftsweisende Konferenz in Botswana mit SOLTRAIN im Scheinwerferlicht - AEE INTEC\",\"isPartOf\":{\"@id\":\"https:\\\/\\\/www.aee-intec.at\\\/en\\\/#website\"},\"primaryImageOfPage\":{\"@id\":\"https:\\\/\\\/www.aee-intec.at\\\/en\\\/zukunftsweisende-konferenz-in-botswana-mit-soltrain-im-scheinwerferlicht\\\/#primaryimage\"},\"image\":{\"@id\":\"https:\\\/\\\/www.aee-intec.at\\\/en\\\/zukunftsweisende-konferenz-in-botswana-mit-soltrain-im-scheinwerferlicht\\\/#primaryimage\"},\"thumbnailUrl\":\"https:\\\/\\\/www.aee-intec.at\\\/wp-content\\\/uploads\\\/2025\\\/04\\\/bilder3005-1024x682.jpg\",\"datePublished\":\"2025-04-17T05:55:38+00:00\",\"dateModified\":\"2025-05-15T05:55:07+00:00\",\"breadcrumb\":{\"@id\":\"https:\\\/\\\/www.aee-intec.at\\\/en\\\/zukunftsweisende-konferenz-in-botswana-mit-soltrain-im-scheinwerferlicht\\\/#breadcrumb\"},\"inLanguage\":\"en-US\",\"potentialAction\":[{\"@type\":\"ReadAction\",\"target\":[\"https:\\\/\\\/www.aee-intec.at\\\/en\\\/zukunftsweisende-konferenz-in-botswana-mit-soltrain-im-scheinwerferlicht\\\/\"]}]},{\"@type\":\"ImageObject\",\"inLanguage\":\"en-US\",\"@id\":\"https:\\\/\\\/www.aee-intec.at\\\/en\\\/zukunftsweisende-konferenz-in-botswana-mit-soltrain-im-scheinwerferlicht\\\/#primaryimage\",\"url\":\"https:\\\/\\\/www.aee-intec.at\\\/wp-content\\\/uploads\\\/2025\\\/04\\\/bilder3005-1024x682.jpg\",\"contentUrl\":\"https:\\\/\\\/www.aee-intec.at\\\/wp-content\\\/uploads\\\/2025\\\/04\\\/bilder3005-1024x682.jpg\"},{\"@type\":\"BreadcrumbList\",\"@id\":\"https:\\\/\\\/www.aee-intec.at\\\/en\\\/zukunftsweisende-konferenz-in-botswana-mit-soltrain-im-scheinwerferlicht\\\/#breadcrumb\",\"itemListElement\":[{\"@type\":\"ListItem\",\"position\":1,\"name\":\"Home\",\"item\":\"https:\\\/\\\/www.aee-intec.at\\\/en\\\/home-page\\\/\"},{\"@type\":\"ListItem\",\"position\":2,\"name\":\"Zukunftsweisende Konferenz in Botswana mit SOLTRAIN im Scheinwerferlicht\"}]},{\"@type\":\"WebSite\",\"@id\":\"https:\\\/\\\/www.aee-intec.at\\\/en\\\/#website\",\"url\":\"https:\\\/\\\/www.aee-intec.at\\\/en\\\/\",\"name\":\"AEE - Institut f\u00fcr Nachhaltige Technologien\",\"description\":\"Willkommen bei AEE - Institut f\u00fcr Nachhaltige Technologien - AEE INTEC\",\"publisher\":{\"@id\":\"https:\\\/\\\/www.aee-intec.at\\\/en\\\/#organization\"},\"potentialAction\":[{\"@type\":\"SearchAction\",\"target\":{\"@type\":\"EntryPoint\",\"urlTemplate\":\"https:\\\/\\\/www.aee-intec.at\\\/en\\\/?s={search_term_string}\"},\"query-input\":{\"@type\":\"PropertyValueSpecification\",\"valueRequired\":true,\"valueName\":\"search_term_string\"}}],\"inLanguage\":\"en-US\"},{\"@type\":\"Organization\",\"@id\":\"https:\\\/\\\/www.aee-intec.at\\\/en\\\/#organization\",\"name\":\"AEE - Institut f\u00fcr Nachhaltige Technologien\",\"url\":\"https:\\\/\\\/www.aee-intec.at\\\/en\\\/\",\"logo\":{\"@type\":\"ImageObject\",\"inLanguage\":\"en-US\",\"@id\":\"https:\\\/\\\/www.aee-intec.at\\\/en\\\/#\\\/schema\\\/logo\\\/image\\\/\",\"url\":\"https:\\\/\\\/www.aee-intec.at\\\/wp-content\\\/uploads\\\/2025\\\/02\\\/logo-1.gif\",\"contentUrl\":\"https:\\\/\\\/www.aee-intec.at\\\/wp-content\\\/uploads\\\/2025\\\/02\\\/logo-1.gif\",\"width\":74,\"height\":96,\"caption\":\"AEE - Institut f\u00fcr Nachhaltige Technologien\"},\"image\":{\"@id\":\"https:\\\/\\\/www.aee-intec.at\\\/en\\\/#\\\/schema\\\/logo\\\/image\\\/\"},\"sameAs\":[\"https:\\\/\\\/at.linkedin.com\\\/company\\\/aee-intec\",\"https:\\\/\\\/www.youtube.com\\\/channel\\\/UC7y2Y-8u6IXEJXbVlEy_vew\"]}]}<\/script>\n<!-- \/ Yoast SEO plugin. -->","yoast_head_json":{"title":"Zukunftsweisende Konferenz in Botswana mit SOLTRAIN im Scheinwerferlicht - AEE INTEC","robots":{"index":"index","follow":"follow","max-snippet":"max-snippet:-1","max-image-preview":"max-image-preview:large","max-video-preview":"max-video-preview:-1"},"canonical":"https:\/\/www.aee-intec.at\/en\/zukunftsweisende-konferenz-in-botswana-mit-soltrain-im-scheinwerferlicht\/","schema":{"@context":"https:\/\/schema.org","@graph":[{"@type":"WebPage","@id":"https:\/\/www.aee-intec.at\/en\/zukunftsweisende-konferenz-in-botswana-mit-soltrain-im-scheinwerferlicht\/","url":"https:\/\/www.aee-intec.at\/en\/zukunftsweisende-konferenz-in-botswana-mit-soltrain-im-scheinwerferlicht\/","name":"Zukunftsweisende Konferenz in Botswana mit SOLTRAIN im Scheinwerferlicht - AEE INTEC","isPartOf":{"@id":"https:\/\/www.aee-intec.at\/en\/#website"},"primaryImageOfPage":{"@id":"https:\/\/www.aee-intec.at\/en\/zukunftsweisende-konferenz-in-botswana-mit-soltrain-im-scheinwerferlicht\/#primaryimage"},"image":{"@id":"https:\/\/www.aee-intec.at\/en\/zukunftsweisende-konferenz-in-botswana-mit-soltrain-im-scheinwerferlicht\/#primaryimage"},"thumbnailUrl":"https:\/\/www.aee-intec.at\/wp-content\/uploads\/2025\/04\/bilder3005-1024x682.jpg","datePublished":"2025-04-17T05:55:38+00:00","dateModified":"2025-05-15T05:55:07+00:00","breadcrumb":{"@id":"https:\/\/www.aee-intec.at\/en\/zukunftsweisende-konferenz-in-botswana-mit-soltrain-im-scheinwerferlicht\/#breadcrumb"},"inLanguage":"en-US","potentialAction":[{"@type":"ReadAction","target":["https:\/\/www.aee-intec.at\/en\/zukunftsweisende-konferenz-in-botswana-mit-soltrain-im-scheinwerferlicht\/"]}]},{"@type":"ImageObject","inLanguage":"en-US","@id":"https:\/\/www.aee-intec.at\/en\/zukunftsweisende-konferenz-in-botswana-mit-soltrain-im-scheinwerferlicht\/#primaryimage","url":"https:\/\/www.aee-intec.at\/wp-content\/uploads\/2025\/04\/bilder3005-1024x682.jpg","contentUrl":"https:\/\/www.aee-intec.at\/wp-content\/uploads\/2025\/04\/bilder3005-1024x682.jpg"},{"@type":"BreadcrumbList","@id":"https:\/\/www.aee-intec.at\/en\/zukunftsweisende-konferenz-in-botswana-mit-soltrain-im-scheinwerferlicht\/#breadcrumb","itemListElement":[{"@type":"ListItem","position":1,"name":"Home","item":"https:\/\/www.aee-intec.at\/en\/home-page\/"},{"@type":"ListItem","position":2,"name":"Zukunftsweisende Konferenz in Botswana mit SOLTRAIN im Scheinwerferlicht"}]},{"@type":"WebSite","@id":"https:\/\/www.aee-intec.at\/en\/#website","url":"https:\/\/www.aee-intec.at\/en\/","name":"AEE - Institut f\u00fcr Nachhaltige Technologien","description":"Willkommen bei AEE - Institut f\u00fcr Nachhaltige Technologien - AEE INTEC","publisher":{"@id":"https:\/\/www.aee-intec.at\/en\/#organization"},"potentialAction":[{"@type":"SearchAction","target":{"@type":"EntryPoint","urlTemplate":"https:\/\/www.aee-intec.at\/en\/?s={search_term_string}"},"query-input":{"@type":"PropertyValueSpecification","valueRequired":true,"valueName":"search_term_string"}}],"inLanguage":"en-US"},{"@type":"Organization","@id":"https:\/\/www.aee-intec.at\/en\/#organization","name":"AEE - Institut f\u00fcr Nachhaltige Technologien","url":"https:\/\/www.aee-intec.at\/en\/","logo":{"@type":"ImageObject","inLanguage":"en-US","@id":"https:\/\/www.aee-intec.at\/en\/#\/schema\/logo\/image\/","url":"https:\/\/www.aee-intec.at\/wp-content\/uploads\/2025\/02\/logo-1.gif","contentUrl":"https:\/\/www.aee-intec.at\/wp-content\/uploads\/2025\/02\/logo-1.gif","width":74,"height":96,"caption":"AEE - Institut f\u00fcr Nachhaltige Technologien"},"image":{"@id":"https:\/\/www.aee-intec.at\/en\/#\/schema\/logo\/image\/"},"sameAs":["https:\/\/at.linkedin.com\/company\/aee-intec","https:\/\/www.youtube.com\/channel\/UC7y2Y-8u6IXEJXbVlEy_vew"]}]}},"_links":{"self":[{"href":"https:\/\/www.aee-intec.at\/en\/wp-json\/wp\/v2\/pages\/4937","targetHints":{"allow":["GET"]}}],"collection":[{"href":"https:\/\/www.aee-intec.at\/en\/wp-json\/wp\/v2\/pages"}],"about":[{"href":"https:\/\/www.aee-intec.at\/en\/wp-json\/wp\/v2\/types\/page"}],"author":[{"embeddable":true,"href":"https:\/\/www.aee-intec.at\/en\/wp-json\/wp\/v2\/users\/2"}],"replies":[{"embeddable":true,"href":"https:\/\/www.aee-intec.at\/en\/wp-json\/wp\/v2\/comments?post=4937"}],"version-history":[{"count":0,"href":"https:\/\/www.aee-intec.at\/en\/wp-json\/wp\/v2\/pages\/4937\/revisions"}],"wp:attachment":[{"href":"https:\/\/www.aee-intec.at\/en\/wp-json\/wp\/v2\/media?parent=4937"}],"curies":[{"name":"wp","href":"https:\/\/api.w.org\/{rel}","templated":true}]}}