{"id":5008,"date":"2025-04-25T13:47:51","date_gmt":"2025-04-25T11:47:51","guid":{"rendered":"https:\/\/p688098.mittwaldserver.info\/soziales-engagement-unserer-mitarbeiterinnen\/"},"modified":"2025-05-09T10:14:45","modified_gmt":"2025-05-09T08:14:45","slug":"soziales-engagement-unserer-mitarbeiterinnen","status":"publish","type":"page","link":"https:\/\/www.aee-intec.at\/en\/soziales-engagement-unserer-mitarbeiterinnen\/","title":{"rendered":"Soziales Engagement unserer Mitarbeiter*innen"},"content":{"rendered":"\t\t<div data-elementor-type=\"wp-page\" data-elementor-id=\"5008\" class=\"elementor elementor-5008 elementor-5005\" data-elementor-post-type=\"page\">\n\t\t\t\t<div class=\"elementor-element elementor-element-f285c54 e-flex e-con-boxed e-con e-parent\" data-id=\"f285c54\" data-element_type=\"container\" data-e-type=\"container\">\n\t\t\t\t\t<div class=\"e-con-inner\">\n\t\t\t\t\t<\/div>\n\t\t\t\t<\/div>\n\t\t<div class=\"elementor-element elementor-element-f176bb9 e-flex e-con-boxed e-con e-parent\" data-id=\"f176bb9\" data-element_type=\"container\" data-e-type=\"container\">\n\t\t\t\t\t<div class=\"e-con-inner\">\n\t\t<div class=\"elementor-element elementor-element-a3bd725 e-con-full e-flex e-con e-child\" data-id=\"a3bd725\" data-element_type=\"container\" data-e-type=\"container\">\n\t\t\t\t<div class=\"elementor-element elementor-element-e30f809 elementor-widget elementor-widget-image\" data-id=\"e30f809\" data-element_type=\"widget\" data-e-type=\"widget\" data-widget_type=\"image.default\">\n\t\t\t\t<div class=\"elementor-widget-container\">\n\t\t\t\t\t\t\t\t\t\t\t\t<figure class=\"wp-caption\">\n\t\t\t\t\t\t\t\t\t\t\t<a href=\"https:\/\/www.aee-intec.at\/wp-content\/uploads\/2025\/04\/bilder2337.jpg\" data-elementor-open-lightbox=\"yes\" data-e-action-hash=\"#elementor-action%3Aaction%3Dlightbox%26settings%3DeyJpZCI6NTAwNywidXJsIjoiaHR0cHM6XC9cL3d3dy5hZWUtaW50ZWMuYXRcL3dwLWNvbnRlbnRcL3VwbG9hZHNcLzIwMjVcLzA0XC9iaWxkZXIyMzM3LmpwZyJ9\">\n\t\t\t\t\t\t\t<img fetchpriority=\"high\" decoding=\"async\" width=\"800\" height=\"533\" src=\"https:\/\/www.aee-intec.at\/wp-content\/uploads\/2025\/04\/bilder2337-1024x682.jpg\" class=\"attachment-large size-large wp-image-5007\" alt=\"\" srcset=\"https:\/\/www.aee-intec.at\/wp-content\/uploads\/2025\/04\/bilder2337-1024x682.jpg 1024w, https:\/\/www.aee-intec.at\/wp-content\/uploads\/2025\/04\/bilder2337-300x200.jpg 300w, https:\/\/www.aee-intec.at\/wp-content\/uploads\/2025\/04\/bilder2337-768x512.jpg 768w, https:\/\/www.aee-intec.at\/wp-content\/uploads\/2025\/04\/bilder2337-1536x1024.jpg 1536w, https:\/\/www.aee-intec.at\/wp-content\/uploads\/2025\/04\/bilder2337.jpg 1733w\" sizes=\"(max-width: 800px) 100vw, 800px\" \/>\t\t\t\t\t\t\t\t<\/a>\n\t\t\t\t\t\t\t\t\t\t\t<figcaption class=\"widget-image-caption wp-caption-text\">\u00a9 Steirische Kinderkrebshilfe<\/figcaption>\n\t\t\t\t\t\t\t\t\t\t<\/figure>\n\t\t\t\t\t\t\t\t\t<\/div>\n\t\t\t\t<\/div>\n\t\t\t\t<\/div>\n\t\t<div class=\"elementor-element elementor-element-7f4cd27 e-con-full e-flex e-con e-child\" data-id=\"7f4cd27\" data-element_type=\"container\" data-e-type=\"container\">\n\t\t\t\t<div class=\"elementor-element elementor-element-e586161 elementor-widget elementor-widget-text-editor\" data-id=\"e586161\" data-element_type=\"widget\" data-e-type=\"widget\" data-widget_type=\"text-editor.default\">\n\t\t\t\t<div class=\"elementor-widget-container\">\n\t\t\t\t\t\t\t\t\t<p class=\"Pa1\">Das Jahr 2022 war in vieler Hinsicht ein spannendes Jahr mit erheblichen Ver\u00e4nderungen und neuen Herausforderungen, insbesondere in Folge der geopolitischen Entwicklungen. Uns wurde wieder deutlich, wie notwendig es ist, die Klimaziele umzusetzen und von \u00d6l und Gas unabh\u00e4ngig zu werden. <\/p>\n<p>Die Mitarbeiter*innen von AEE INTEC haben auch in diesem Jahr mit vollem Engagement daran gearbeitet, unseren Teil zu einer nachhaltigen Energiewende beizutragen. Aber auch die Solidarit\u00e4t gegen\u00fcber den Mitmenschen, die auf Unterst\u00fctzung angewiesen sind, ist uns wichtig. Deshalb haben die Mitarbeiter*innen von AEE INTEC wieder \u00fcber \u20ac 12.000,\u2013 f\u00fcr soziale Einrichtungen gespendet. In diesem Jahr erh\u00e4lt die \u201eSteirische Kinderkrebshilfe\u201c mit \u20ac 3.000,\u2013 den gr\u00f6\u00dften Betrag.   <\/p>\n<p>Stellvertretend f\u00fcr unsere Mitarbeiterinnen und Mitarbeiter w\u00fcnschen wir Ihnen frohe Weihnachten sowie ein erfolgreiches und insbesondere gesundes Jahr 2023.<\/p>\n<p>Christian Fink, Ewald Selvi\u010dka und Christoph Brunner<br \/>Gesch\u00e4ftsf\u00fchrung<\/p>\n<p><strong>Steirische Kinderkrebshilfe \u2013 mobile onkologische Pflege<\/strong><\/p>\n<p>Junge Patientinnen und Patienten, deren Immunsystem krankheits- und therapiebedingt geschw\u00e4cht ist, k\u00f6nnen gef\u00e4hrliche Mikroorganismen kaum abwehren. Selbst Infektionen mit Viren oder Keimen, die einem gesunden K\u00f6rper keine Probleme verursachen, k\u00f6nnen f\u00fcr einen Vorerkrankten schwerwiegende Folgen haben. Um daher m\u00f6glichst vielen an Krebs erkrankten Kindern in der Steiermark den belastenden Weg ins Krankenhaus zu ersparen, absolviert der externe onkologischer Pflegedienst (EOP) der Steirischen Kinderkrebshilfe derzeit noch mehr Hausbesuche, um den Genesungsprozess bestm\u00f6glich zu unterst\u00fctzen.  <\/p>\n<p>Der EOP ist eines der wichtigsten und erfolgreichsten Projekte der Steirischen Kinderkrebshilfe. Er erm\u00f6glicht eine medizinische Versorgung der Kinder in ihrer vertrauten, h\u00e4uslichen Umgebung und bietet dabei eine medizinische Qualit\u00e4t, die der Versorgung in der Ambulanz eines Krankenhauses gleichwertig ist. Eltern gehen bei der Betreuung ihrer Kinder psychisch und physisch an ihre Grenzen und hier kommt der EOP ins Spiel. Der EOP ist Schnittstelle zwischen Krankenhaus und Familie und da, wenn die Belastung \u00fcberm\u00e4chtig wird.   <\/p>\n<p>Das Projekt ist mit der liebevollen Arbeit einer Kinderkrankenschwester verbunden, die tagt\u00e4glich wertvolle Arbeit leistet, damit die an Krebs erkrankten Kinder und Jugendlichen zu Hause im famili\u00e4ren Umfeld versorgt werden. Frau Doris Prasch ist diplomierte Gesundheits- und Krankenpflegerin mit langj\u00e4hriger Erfahrung in der Kinderonkologie. Als Mitglied des Behandlungsteams an der Grazer Kinderonkologie ist sie mit dem Krankheitsverlauf und den Therapien der einzelnen Patienten bestens vertraut. Sie begleitet von Anfang an, w\u00e4hrend der gesamten Therapie und auch in der Nachsorge.   <\/p>\n<p>Das Projekt EOP ist in seiner Art einzigartig in \u00d6sterreich und wird, ebenso wie alle anderen Projekte der Steirischen Kinderkrebshilfe, ausschlie\u00dflich durch Spenden finanziert.<\/p>\n<p>Die Spende von AEE INTEC leistet einen Beitrag um die onkologische mobile Betreuung der Steirischen Kinderkrebshilfe in gewohnter Qualit\u00e4t durchf\u00fchren zu k\u00f6nnen.<\/p>\n<p>Wenn Sie mehr \u00fcber das Projekt wissen m\u00f6chten, nachfolgend link zur Projektbeschreibung:<\/p>\n<p>Stellvertretend f\u00fcr unsere Mitarbeiterinnen und Mitarbeiter w\u00fcnschen wir Ihnen frohe Weihnachten sowie ein erfolgreiches und insbesondere gesundes Jahr 2023.<\/p>\n<p>Christian Fink, Ewald Selvi\u010dka und Christoph Brunner<br \/>Gesch\u00e4ftsf\u00fchrung<\/p>\n<div class=\"yellow-btn\"><a href=\"https:\/\/www.steirische-kinderkrebshilfe.at\/projekte\/\" target=\"_blank\" rel=\"noopener\">Steirische Kinderkrebshilfe<\/a><\/div>\n\t\t\t\t\t\t\t\t<\/div>\n\t\t\t\t<\/div>\n\t\t\t\t<\/div>\n\t\t\t\t\t<\/div>\n\t\t\t\t<\/div>\n\t\t\t\t<\/div>\n\t\t","protected":false},"excerpt":{"rendered":"<p>\u00a9 Steirische Kinderkrebshilfe Das Jahr 2022 war in vieler Hinsicht ein spannendes Jahr mit erheblichen Ver\u00e4nderungen und neuen Herausforderungen, insbesondere in Folge der geopolitischen Entwicklungen. Uns wurde wieder deutlich, wie notwendig es ist, die Klimaziele umzusetzen und von \u00d6l und Gas unabh\u00e4ngig zu werden. Die Mitarbeiter*innen von AEE INTEC haben auch in diesem Jahr mit [&hellip;]<\/p>\n","protected":false},"author":2,"featured_media":0,"parent":0,"menu_order":0,"comment_status":"closed","ping_status":"closed","template":"","meta":{"_acf_changed":false,"inline_featured_image":false,"footnotes":""},"class_list":["post-5008","page","type-page","status-publish","hentry"],"acf":[],"yoast_head":"<!-- This site is optimized with the Yoast SEO plugin v27.3 - https:\/\/yoast.com\/product\/yoast-seo-wordpress\/ -->\n<title>Soziales Engagement unserer Mitarbeiter*innen - AEE INTEC<\/title>\n<meta name=\"robots\" content=\"index, follow, max-snippet:-1, max-image-preview:large, max-video-preview:-1\" \/>\n<link rel=\"canonical\" href=\"https:\/\/www.aee-intec.at\/en\/soziales-engagement-unserer-mitarbeiterinnen\/\" \/>\n<script type=\"application\/ld+json\" class=\"yoast-schema-graph\">{\"@context\":\"https:\\\/\\\/schema.org\",\"@graph\":[{\"@type\":\"WebPage\",\"@id\":\"https:\\\/\\\/www.aee-intec.at\\\/en\\\/soziales-engagement-unserer-mitarbeiterinnen\\\/\",\"url\":\"https:\\\/\\\/www.aee-intec.at\\\/en\\\/soziales-engagement-unserer-mitarbeiterinnen\\\/\",\"name\":\"Soziales Engagement unserer Mitarbeiter*innen - AEE INTEC\",\"isPartOf\":{\"@id\":\"https:\\\/\\\/www.aee-intec.at\\\/en\\\/#website\"},\"primaryImageOfPage\":{\"@id\":\"https:\\\/\\\/www.aee-intec.at\\\/en\\\/soziales-engagement-unserer-mitarbeiterinnen\\\/#primaryimage\"},\"image\":{\"@id\":\"https:\\\/\\\/www.aee-intec.at\\\/en\\\/soziales-engagement-unserer-mitarbeiterinnen\\\/#primaryimage\"},\"thumbnailUrl\":\"https:\\\/\\\/p688098.mittwaldserver.info\\\/wp-content\\\/uploads\\\/2025\\\/04\\\/bilder2337-1024x682.jpg\",\"datePublished\":\"2025-04-25T11:47:51+00:00\",\"dateModified\":\"2025-05-09T08:14:45+00:00\",\"breadcrumb\":{\"@id\":\"https:\\\/\\\/www.aee-intec.at\\\/en\\\/soziales-engagement-unserer-mitarbeiterinnen\\\/#breadcrumb\"},\"inLanguage\":\"en-US\",\"potentialAction\":[{\"@type\":\"ReadAction\",\"target\":[\"https:\\\/\\\/www.aee-intec.at\\\/en\\\/soziales-engagement-unserer-mitarbeiterinnen\\\/\"]}]},{\"@type\":\"ImageObject\",\"inLanguage\":\"en-US\",\"@id\":\"https:\\\/\\\/www.aee-intec.at\\\/en\\\/soziales-engagement-unserer-mitarbeiterinnen\\\/#primaryimage\",\"url\":\"https:\\\/\\\/p688098.mittwaldserver.info\\\/wp-content\\\/uploads\\\/2025\\\/04\\\/bilder2337-1024x682.jpg\",\"contentUrl\":\"https:\\\/\\\/p688098.mittwaldserver.info\\\/wp-content\\\/uploads\\\/2025\\\/04\\\/bilder2337-1024x682.jpg\"},{\"@type\":\"BreadcrumbList\",\"@id\":\"https:\\\/\\\/www.aee-intec.at\\\/en\\\/soziales-engagement-unserer-mitarbeiterinnen\\\/#breadcrumb\",\"itemListElement\":[{\"@type\":\"ListItem\",\"position\":1,\"name\":\"Home\",\"item\":\"https:\\\/\\\/www.aee-intec.at\\\/en\\\/home-page\\\/\"},{\"@type\":\"ListItem\",\"position\":2,\"name\":\"Soziales Engagement unserer Mitarbeiter*innen\"}]},{\"@type\":\"WebSite\",\"@id\":\"https:\\\/\\\/www.aee-intec.at\\\/en\\\/#website\",\"url\":\"https:\\\/\\\/www.aee-intec.at\\\/en\\\/\",\"name\":\"AEE - Institut f\u00fcr Nachhaltige Technologien\",\"description\":\"Willkommen bei AEE - Institut f\u00fcr Nachhaltige Technologien - AEE INTEC\",\"publisher\":{\"@id\":\"https:\\\/\\\/www.aee-intec.at\\\/en\\\/#organization\"},\"potentialAction\":[{\"@type\":\"SearchAction\",\"target\":{\"@type\":\"EntryPoint\",\"urlTemplate\":\"https:\\\/\\\/www.aee-intec.at\\\/en\\\/?s={search_term_string}\"},\"query-input\":{\"@type\":\"PropertyValueSpecification\",\"valueRequired\":true,\"valueName\":\"search_term_string\"}}],\"inLanguage\":\"en-US\"},{\"@type\":\"Organization\",\"@id\":\"https:\\\/\\\/www.aee-intec.at\\\/en\\\/#organization\",\"name\":\"AEE - Institut f\u00fcr Nachhaltige Technologien\",\"url\":\"https:\\\/\\\/www.aee-intec.at\\\/en\\\/\",\"logo\":{\"@type\":\"ImageObject\",\"inLanguage\":\"en-US\",\"@id\":\"https:\\\/\\\/www.aee-intec.at\\\/en\\\/#\\\/schema\\\/logo\\\/image\\\/\",\"url\":\"https:\\\/\\\/www.aee-intec.at\\\/wp-content\\\/uploads\\\/2025\\\/02\\\/logo-1.gif\",\"contentUrl\":\"https:\\\/\\\/www.aee-intec.at\\\/wp-content\\\/uploads\\\/2025\\\/02\\\/logo-1.gif\",\"width\":74,\"height\":96,\"caption\":\"AEE - Institut f\u00fcr Nachhaltige Technologien\"},\"image\":{\"@id\":\"https:\\\/\\\/www.aee-intec.at\\\/en\\\/#\\\/schema\\\/logo\\\/image\\\/\"},\"sameAs\":[\"https:\\\/\\\/at.linkedin.com\\\/company\\\/aee-intec\",\"https:\\\/\\\/www.youtube.com\\\/channel\\\/UC7y2Y-8u6IXEJXbVlEy_vew\"]}]}<\/script>\n<!-- \/ Yoast SEO plugin. -->","yoast_head_json":{"title":"Soziales Engagement unserer Mitarbeiter*innen - AEE INTEC","robots":{"index":"index","follow":"follow","max-snippet":"max-snippet:-1","max-image-preview":"max-image-preview:large","max-video-preview":"max-video-preview:-1"},"canonical":"https:\/\/www.aee-intec.at\/en\/soziales-engagement-unserer-mitarbeiterinnen\/","schema":{"@context":"https:\/\/schema.org","@graph":[{"@type":"WebPage","@id":"https:\/\/www.aee-intec.at\/en\/soziales-engagement-unserer-mitarbeiterinnen\/","url":"https:\/\/www.aee-intec.at\/en\/soziales-engagement-unserer-mitarbeiterinnen\/","name":"Soziales Engagement unserer Mitarbeiter*innen - AEE INTEC","isPartOf":{"@id":"https:\/\/www.aee-intec.at\/en\/#website"},"primaryImageOfPage":{"@id":"https:\/\/www.aee-intec.at\/en\/soziales-engagement-unserer-mitarbeiterinnen\/#primaryimage"},"image":{"@id":"https:\/\/www.aee-intec.at\/en\/soziales-engagement-unserer-mitarbeiterinnen\/#primaryimage"},"thumbnailUrl":"https:\/\/p688098.mittwaldserver.info\/wp-content\/uploads\/2025\/04\/bilder2337-1024x682.jpg","datePublished":"2025-04-25T11:47:51+00:00","dateModified":"2025-05-09T08:14:45+00:00","breadcrumb":{"@id":"https:\/\/www.aee-intec.at\/en\/soziales-engagement-unserer-mitarbeiterinnen\/#breadcrumb"},"inLanguage":"en-US","potentialAction":[{"@type":"ReadAction","target":["https:\/\/www.aee-intec.at\/en\/soziales-engagement-unserer-mitarbeiterinnen\/"]}]},{"@type":"ImageObject","inLanguage":"en-US","@id":"https:\/\/www.aee-intec.at\/en\/soziales-engagement-unserer-mitarbeiterinnen\/#primaryimage","url":"https:\/\/p688098.mittwaldserver.info\/wp-content\/uploads\/2025\/04\/bilder2337-1024x682.jpg","contentUrl":"https:\/\/p688098.mittwaldserver.info\/wp-content\/uploads\/2025\/04\/bilder2337-1024x682.jpg"},{"@type":"BreadcrumbList","@id":"https:\/\/www.aee-intec.at\/en\/soziales-engagement-unserer-mitarbeiterinnen\/#breadcrumb","itemListElement":[{"@type":"ListItem","position":1,"name":"Home","item":"https:\/\/www.aee-intec.at\/en\/home-page\/"},{"@type":"ListItem","position":2,"name":"Soziales Engagement unserer Mitarbeiter*innen"}]},{"@type":"WebSite","@id":"https:\/\/www.aee-intec.at\/en\/#website","url":"https:\/\/www.aee-intec.at\/en\/","name":"AEE - Institut f\u00fcr Nachhaltige Technologien","description":"Willkommen bei AEE - Institut f\u00fcr Nachhaltige Technologien - AEE INTEC","publisher":{"@id":"https:\/\/www.aee-intec.at\/en\/#organization"},"potentialAction":[{"@type":"SearchAction","target":{"@type":"EntryPoint","urlTemplate":"https:\/\/www.aee-intec.at\/en\/?s={search_term_string}"},"query-input":{"@type":"PropertyValueSpecification","valueRequired":true,"valueName":"search_term_string"}}],"inLanguage":"en-US"},{"@type":"Organization","@id":"https:\/\/www.aee-intec.at\/en\/#organization","name":"AEE - Institut f\u00fcr Nachhaltige Technologien","url":"https:\/\/www.aee-intec.at\/en\/","logo":{"@type":"ImageObject","inLanguage":"en-US","@id":"https:\/\/www.aee-intec.at\/en\/#\/schema\/logo\/image\/","url":"https:\/\/www.aee-intec.at\/wp-content\/uploads\/2025\/02\/logo-1.gif","contentUrl":"https:\/\/www.aee-intec.at\/wp-content\/uploads\/2025\/02\/logo-1.gif","width":74,"height":96,"caption":"AEE - Institut f\u00fcr Nachhaltige Technologien"},"image":{"@id":"https:\/\/www.aee-intec.at\/en\/#\/schema\/logo\/image\/"},"sameAs":["https:\/\/at.linkedin.com\/company\/aee-intec","https:\/\/www.youtube.com\/channel\/UC7y2Y-8u6IXEJXbVlEy_vew"]}]}},"_links":{"self":[{"href":"https:\/\/www.aee-intec.at\/en\/wp-json\/wp\/v2\/pages\/5008","targetHints":{"allow":["GET"]}}],"collection":[{"href":"https:\/\/www.aee-intec.at\/en\/wp-json\/wp\/v2\/pages"}],"about":[{"href":"https:\/\/www.aee-intec.at\/en\/wp-json\/wp\/v2\/types\/page"}],"author":[{"embeddable":true,"href":"https:\/\/www.aee-intec.at\/en\/wp-json\/wp\/v2\/users\/2"}],"replies":[{"embeddable":true,"href":"https:\/\/www.aee-intec.at\/en\/wp-json\/wp\/v2\/comments?post=5008"}],"version-history":[{"count":0,"href":"https:\/\/www.aee-intec.at\/en\/wp-json\/wp\/v2\/pages\/5008\/revisions"}],"wp:attachment":[{"href":"https:\/\/www.aee-intec.at\/en\/wp-json\/wp\/v2\/media?parent=5008"}],"curies":[{"name":"wp","href":"https:\/\/api.w.org\/{rel}","templated":true}]}}