{"id":5018,"date":"2025-04-25T13:57:16","date_gmt":"2025-04-25T11:57:16","guid":{"rendered":"https:\/\/p688098.mittwaldserver.info\/erweiterung-des-wissenschaftlich-strategischen-beirats-von-aee-intec\/"},"modified":"2025-05-08T13:48:31","modified_gmt":"2025-05-08T11:48:31","slug":"erweiterung-des-wissenschaftlich-strategischen-beirats-von-aee-intec","status":"publish","type":"page","link":"https:\/\/www.aee-intec.at\/en\/erweiterung-des-wissenschaftlich-strategischen-beirats-von-aee-intec\/","title":{"rendered":"Erweiterung des wissenschaftlich-strategischen Beirats von AEE INTEC"},"content":{"rendered":"\t\t<div data-elementor-type=\"wp-page\" data-elementor-id=\"5018\" class=\"elementor elementor-5018 elementor-5009\" data-elementor-post-type=\"page\">\n\t\t\t\t<div class=\"elementor-element elementor-element-71a5649 e-flex e-con-boxed e-con e-parent\" data-id=\"71a5649\" data-element_type=\"container\" data-e-type=\"container\">\n\t\t\t\t\t<div class=\"e-con-inner\">\n\t\t\t\t\t<\/div>\n\t\t\t\t<\/div>\n\t\t<div class=\"elementor-element elementor-element-b6d04c7 e-flex e-con-boxed e-con e-parent\" data-id=\"b6d04c7\" data-element_type=\"container\" data-e-type=\"container\">\n\t\t\t\t\t<div class=\"e-con-inner\">\n\t\t<div class=\"elementor-element elementor-element-3938147 e-con-full e-flex e-con e-child\" data-id=\"3938147\" data-element_type=\"container\" data-e-type=\"container\">\n\t\t\t\t<div class=\"elementor-element elementor-element-92aa16e elementor-widget elementor-widget-image\" data-id=\"92aa16e\" data-element_type=\"widget\" data-e-type=\"widget\" data-widget_type=\"image.default\">\n\t\t\t\t<div class=\"elementor-widget-container\">\n\t\t\t\t\t\t\t\t\t\t\t\t<figure class=\"wp-caption\">\n\t\t\t\t\t\t\t\t\t\t\t<a href=\"https:\/\/www.aee-intec.at\/wp-content\/uploads\/2025\/04\/bilder2338.jpg\" data-elementor-open-lightbox=\"yes\" data-e-action-hash=\"#elementor-action%3Aaction%3Dlightbox%26settings%3DeyJpZCI6NTAxMSwidXJsIjoiaHR0cHM6XC9cL3d3dy5hZWUtaW50ZWMuYXRcL3dwLWNvbnRlbnRcL3VwbG9hZHNcLzIwMjVcLzA0XC9iaWxkZXIyMzM4LmpwZyJ9\">\n\t\t\t\t\t\t\t<img fetchpriority=\"high\" decoding=\"async\" width=\"597\" height=\"448\" src=\"https:\/\/www.aee-intec.at\/wp-content\/uploads\/2025\/04\/bilder2338.jpg\" class=\"attachment-large size-large wp-image-5011\" alt=\"\" srcset=\"https:\/\/www.aee-intec.at\/wp-content\/uploads\/2025\/04\/bilder2338.jpg 597w, https:\/\/www.aee-intec.at\/wp-content\/uploads\/2025\/04\/bilder2338-300x225.jpg 300w\" sizes=\"(max-width: 597px) 100vw, 597px\" \/>\t\t\t\t\t\t\t\t<\/a>\n\t\t\t\t\t\t\t\t\t\t\t<figcaption class=\"widget-image-caption wp-caption-text\">Treffen des wissenschaftlich-strategischen Beirats mit dem F\u00fchrungsteam von AEE INTEC im November 2022 (\u00a9 AEE INTEC)<\/figcaption>\n\t\t\t\t\t\t\t\t\t\t<\/figure>\n\t\t\t\t\t\t\t\t\t<\/div>\n\t\t\t\t<\/div>\n\t\t\t\t<\/div>\n\t\t<div class=\"elementor-element elementor-element-c53d1f8 e-con-full e-flex e-con e-child\" data-id=\"c53d1f8\" data-element_type=\"container\" data-e-type=\"container\">\n\t\t\t\t<div class=\"elementor-element elementor-element-3e86080 elementor-widget elementor-widget-text-editor\" data-id=\"3e86080\" data-element_type=\"widget\" data-e-type=\"widget\" data-widget_type=\"text-editor.default\">\n\t\t\t\t<div class=\"elementor-widget-container\">\n\t\t\t\t\t\t\t\t\t<p><strong>Univ.-Prof. Dipl.-Ing. Dr. Christina Hopfe und Prof. Dipl.-Ing. Dr. Elimar Frank verst\u00e4rken seit November 2022 den Beirat von AEE INTEC.<\/strong><\/p>\n<p>Bereits seit der Gr\u00fcndung im Jahr 1988 darf AEE \u2013 Institut f\u00fcr nachhaltige Technologien auf die Unterst\u00fctzung eines wissenschaftlich-strategischen Beirats z\u00e4hlen. Im Spektrum der Forschungsschwerpunkte von AEE INTEC setzt sich der Beirat aus Vertreter*innen aus Wissenschaft &amp; Forschung, der Industrie sowie einschl\u00e4gigen Stakeholder*innen aus Wirtschaft und \u00f6ffentlicher Hand zusammen. Der breite thematische Hintergrund des Beirats erlaubt einerseits eine sehr gute Diskussion der aktuellen und zuk\u00fcnftigen Institutsentwicklung aus unterschiedlichen Perspektiven und gibt andererseits vielf\u00e4ltigen Raum f\u00fcr Austausch, Vernetzung und Kooperation.<br \/>Das letzte Treffen des Beirats fand im November 2022 in Gleisdorf statt und widmete sich schwerpunktm\u00e4\u00dfig der allgemeinen Diskussion unserer Forschungsschwerpunkte unter Ber\u00fccksichtigung der j\u00fcngsten geopolitischen Entwicklungen und deren Auswirkungen. Weitere Agenda-Punkte waren auch die Besichtigung des Demonstrationsprojektes \u201eVirtuelles Heizwerk Gleisdorf &#8211; Abw\u00e4rmenutzung aus dem Ablauf der kommunalen Kl\u00e4ranlage \u00fcber eine Kompressionsw\u00e4rmepumpe und Einspeisung in das st\u00e4dtische Fernw\u00e4rmenetz\u201c sowie die Erweiterung des wissenschaftlich-strategischen Beirats von zehn auf zw\u00f6lf Mitglieder.   <\/p>\n<p>Das Team von AEE INTEC und die anderen Mitglieder des wissenschaftlich-strategischen Beirats durften dabei <a title=\"Link to www.tugraz.at\" href=\"https:\/\/online.tugraz.at\/tug_online\/visitenkarte.show_vcard?pPersonenId=6EC975343F45FB3E&amp;pPersonenGruppe=3\" target=\"_blank\" rel=\"noopener\">Univ.-Prof. Dipl.-Ing. Dr. Christina Hopfe<\/a> und <a title=\"Link to www.ost.ch\" href=\"https:\/\/www.ost.ch\/de\/person\/elimar-frank-1602\" target=\"_blank\" rel=\"noopener\">Prof. Dipl.-Ing. Dr. Elimar Frank<\/a> als neue Beir\u00e4te begr\u00fc\u00dfen.<\/p>\n\t\t\t\t\t\t\t\t<\/div>\n\t\t\t\t<\/div>\n\t\t<div class=\"elementor-element elementor-element-91f0dda e-con-full e-flex e-con e-child\" data-id=\"91f0dda\" data-element_type=\"container\" data-e-type=\"container\">\n\t\t<div class=\"elementor-element elementor-element-5914fbe e-grid e-con-full e-con e-child\" data-id=\"5914fbe\" data-element_type=\"container\" data-e-type=\"container\">\n\t\t\t\t<div class=\"elementor-element elementor-element-af88b32 elementor-widget elementor-widget-image\" data-id=\"af88b32\" data-element_type=\"widget\" data-e-type=\"widget\" data-widget_type=\"image.default\">\n\t\t\t\t<div class=\"elementor-widget-container\">\n\t\t\t\t\t\t\t\t\t\t\t\t\t\t\t<img decoding=\"async\" width=\"243\" height=\"243\" src=\"https:\/\/www.aee-intec.at\/wp-content\/uploads\/2025\/04\/bilder2339.jpg\" class=\"attachment-large size-large wp-image-5014\" alt=\"\" srcset=\"https:\/\/www.aee-intec.at\/wp-content\/uploads\/2025\/04\/bilder2339.jpg 243w, https:\/\/www.aee-intec.at\/wp-content\/uploads\/2025\/04\/bilder2339-150x150.jpg 150w\" sizes=\"(max-width: 243px) 100vw, 243px\" \/>\t\t\t\t\t\t\t\t\t\t\t\t\t\t\t<\/div>\n\t\t\t\t<\/div>\n\t\t\t\t<div class=\"elementor-element elementor-element-510eaeb elementor-widget elementor-widget-text-editor\" data-id=\"510eaeb\" data-element_type=\"widget\" data-e-type=\"widget\" data-widget_type=\"text-editor.default\">\n\t\t\t\t<div class=\"elementor-widget-container\">\n\t\t\t\t\t\t\t\t\t<p><a title=\"Link to www.tugraz.at\" href=\"https:\/\/online.tugraz.at\/tug_online\/visitenkarte.show_vcard?pPersonenId=6EC975343F45FB3E&amp;pPersonenGruppe=3\" target=\"_blank\" rel=\"noopener\">DI Dr. Christina Hopfe<\/a> ist Professorin und Leiterin des Instituts f\u00fcr Bauphysik, Geb\u00e4udetechnik und Hochbau der technischen Universit\u00e4t Graz (Foto: privat)<\/p>\n\t\t\t\t\t\t\t\t<\/div>\n\t\t\t\t<\/div>\n\t\t\t\t<div class=\"elementor-element elementor-element-79a3dad elementor-widget elementor-widget-image\" data-id=\"79a3dad\" data-element_type=\"widget\" data-e-type=\"widget\" data-widget_type=\"image.default\">\n\t\t\t\t<div class=\"elementor-widget-container\">\n\t\t\t\t\t\t\t\t\t\t\t\t\t\t\t<img decoding=\"async\" width=\"243\" height=\"243\" src=\"https:\/\/www.aee-intec.at\/wp-content\/uploads\/2025\/04\/bilder2340.jpg\" class=\"attachment-large size-large wp-image-5016\" alt=\"\" srcset=\"https:\/\/www.aee-intec.at\/wp-content\/uploads\/2025\/04\/bilder2340.jpg 243w, https:\/\/www.aee-intec.at\/wp-content\/uploads\/2025\/04\/bilder2340-150x150.jpg 150w\" sizes=\"(max-width: 243px) 100vw, 243px\" \/>\t\t\t\t\t\t\t\t\t\t\t\t\t\t\t<\/div>\n\t\t\t\t<\/div>\n\t\t\t\t<div class=\"elementor-element elementor-element-b36ab3f elementor-widget elementor-widget-text-editor\" data-id=\"b36ab3f\" data-element_type=\"widget\" data-e-type=\"widget\" data-widget_type=\"text-editor.default\">\n\t\t\t\t<div class=\"elementor-widget-container\">\n\t\t\t\t\t\t\t\t\t<p><a title=\"Link to www.ost.ch\" href=\"https:\/\/www.ost.ch\/de\/person\/elimar-frank-1602\" target=\"_blank\" rel=\"noopener\">Dr. Elimar Frank<\/a> ist Professor f\u00fcr Energiemanagement und unternehmerische Nachhaltigkeit an der Ostschweizer Fachhochschule (Foto: OST)<\/p>\n\t\t\t\t\t\t\t\t<\/div>\n\t\t\t\t<\/div>\n\t\t\t\t<\/div>\n\t\t\t\t<\/div>\n\t\t\t\t<div class=\"elementor-element elementor-element-4267cf1 elementor-widget elementor-widget-text-editor\" data-id=\"4267cf1\" data-element_type=\"widget\" data-e-type=\"widget\" data-widget_type=\"text-editor.default\">\n\t\t\t\t<div class=\"elementor-widget-container\">\n\t\t\t\t\t\t\t\t\t<p>Das Team von AEE INTEC freut sich auf die Zusammenarbeit!<\/p>\n<div class=\"yellow-btn\"><a href=\"https:\/\/www.aee-intec.at\/en\/scientific-strategic-board\/\">Alle Mitglieder des wissenschaftlich-strategischen Beirats von AEE INTEC<\/a><\/div>\n\t\t\t\t\t\t\t\t<\/div>\n\t\t\t\t<\/div>\n\t\t\t\t<\/div>\n\t\t\t\t\t<\/div>\n\t\t\t\t<\/div>\n\t\t\t\t<\/div>\n\t\t","protected":false},"excerpt":{"rendered":"<p>Treffen des wissenschaftlich-strategischen Beirats mit dem F\u00fchrungsteam von AEE INTEC im November 2022 (\u00a9 AEE INTEC) Univ.-Prof. Dipl.-Ing. Dr. Christina Hopfe und Prof. Dipl.-Ing. Dr. Elimar Frank verst\u00e4rken seit November 2022 den Beirat von AEE INTEC. Bereits seit der Gr\u00fcndung im Jahr 1988 darf AEE \u2013 Institut f\u00fcr nachhaltige Technologien auf die Unterst\u00fctzung eines wissenschaftlich-strategischen [&hellip;]<\/p>\n","protected":false},"author":2,"featured_media":0,"parent":0,"menu_order":0,"comment_status":"closed","ping_status":"closed","template":"","meta":{"_acf_changed":false,"inline_featured_image":false,"footnotes":""},"class_list":["post-5018","page","type-page","status-publish","hentry"],"acf":[],"yoast_head":"<!-- This site is optimized with the Yoast SEO plugin v27.3 - https:\/\/yoast.com\/product\/yoast-seo-wordpress\/ -->\n<title>Erweiterung des wissenschaftlich-strategischen Beirats von AEE INTEC - AEE INTEC<\/title>\n<meta name=\"robots\" content=\"index, follow, max-snippet:-1, max-image-preview:large, max-video-preview:-1\" \/>\n<link rel=\"canonical\" href=\"https:\/\/www.aee-intec.at\/en\/erweiterung-des-wissenschaftlich-strategischen-beirats-von-aee-intec\/\" \/>\n<script type=\"application\/ld+json\" class=\"yoast-schema-graph\">{\"@context\":\"https:\\\/\\\/schema.org\",\"@graph\":[{\"@type\":\"WebPage\",\"@id\":\"https:\\\/\\\/www.aee-intec.at\\\/en\\\/erweiterung-des-wissenschaftlich-strategischen-beirats-von-aee-intec\\\/\",\"url\":\"https:\\\/\\\/www.aee-intec.at\\\/en\\\/erweiterung-des-wissenschaftlich-strategischen-beirats-von-aee-intec\\\/\",\"name\":\"Erweiterung des wissenschaftlich-strategischen Beirats von AEE INTEC - AEE INTEC\",\"isPartOf\":{\"@id\":\"https:\\\/\\\/www.aee-intec.at\\\/en\\\/#website\"},\"primaryImageOfPage\":{\"@id\":\"https:\\\/\\\/www.aee-intec.at\\\/en\\\/erweiterung-des-wissenschaftlich-strategischen-beirats-von-aee-intec\\\/#primaryimage\"},\"image\":{\"@id\":\"https:\\\/\\\/www.aee-intec.at\\\/en\\\/erweiterung-des-wissenschaftlich-strategischen-beirats-von-aee-intec\\\/#primaryimage\"},\"thumbnailUrl\":\"https:\\\/\\\/p688098.mittwaldserver.info\\\/wp-content\\\/uploads\\\/2025\\\/04\\\/bilder2338.jpg\",\"datePublished\":\"2025-04-25T11:57:16+00:00\",\"dateModified\":\"2025-05-08T11:48:31+00:00\",\"breadcrumb\":{\"@id\":\"https:\\\/\\\/www.aee-intec.at\\\/en\\\/erweiterung-des-wissenschaftlich-strategischen-beirats-von-aee-intec\\\/#breadcrumb\"},\"inLanguage\":\"en-US\",\"potentialAction\":[{\"@type\":\"ReadAction\",\"target\":[\"https:\\\/\\\/www.aee-intec.at\\\/en\\\/erweiterung-des-wissenschaftlich-strategischen-beirats-von-aee-intec\\\/\"]}]},{\"@type\":\"ImageObject\",\"inLanguage\":\"en-US\",\"@id\":\"https:\\\/\\\/www.aee-intec.at\\\/en\\\/erweiterung-des-wissenschaftlich-strategischen-beirats-von-aee-intec\\\/#primaryimage\",\"url\":\"https:\\\/\\\/p688098.mittwaldserver.info\\\/wp-content\\\/uploads\\\/2025\\\/04\\\/bilder2338.jpg\",\"contentUrl\":\"https:\\\/\\\/p688098.mittwaldserver.info\\\/wp-content\\\/uploads\\\/2025\\\/04\\\/bilder2338.jpg\"},{\"@type\":\"BreadcrumbList\",\"@id\":\"https:\\\/\\\/www.aee-intec.at\\\/en\\\/erweiterung-des-wissenschaftlich-strategischen-beirats-von-aee-intec\\\/#breadcrumb\",\"itemListElement\":[{\"@type\":\"ListItem\",\"position\":1,\"name\":\"Home\",\"item\":\"https:\\\/\\\/www.aee-intec.at\\\/en\\\/home-page\\\/\"},{\"@type\":\"ListItem\",\"position\":2,\"name\":\"Erweiterung des wissenschaftlich-strategischen Beirats von AEE INTEC\"}]},{\"@type\":\"WebSite\",\"@id\":\"https:\\\/\\\/www.aee-intec.at\\\/en\\\/#website\",\"url\":\"https:\\\/\\\/www.aee-intec.at\\\/en\\\/\",\"name\":\"AEE - Institut f\u00fcr Nachhaltige Technologien\",\"description\":\"Willkommen bei AEE - Institut f\u00fcr Nachhaltige Technologien - AEE INTEC\",\"publisher\":{\"@id\":\"https:\\\/\\\/www.aee-intec.at\\\/en\\\/#organization\"},\"potentialAction\":[{\"@type\":\"SearchAction\",\"target\":{\"@type\":\"EntryPoint\",\"urlTemplate\":\"https:\\\/\\\/www.aee-intec.at\\\/en\\\/?s={search_term_string}\"},\"query-input\":{\"@type\":\"PropertyValueSpecification\",\"valueRequired\":true,\"valueName\":\"search_term_string\"}}],\"inLanguage\":\"en-US\"},{\"@type\":\"Organization\",\"@id\":\"https:\\\/\\\/www.aee-intec.at\\\/en\\\/#organization\",\"name\":\"AEE - Institut f\u00fcr Nachhaltige Technologien\",\"url\":\"https:\\\/\\\/www.aee-intec.at\\\/en\\\/\",\"logo\":{\"@type\":\"ImageObject\",\"inLanguage\":\"en-US\",\"@id\":\"https:\\\/\\\/www.aee-intec.at\\\/en\\\/#\\\/schema\\\/logo\\\/image\\\/\",\"url\":\"https:\\\/\\\/www.aee-intec.at\\\/wp-content\\\/uploads\\\/2025\\\/02\\\/logo-1.gif\",\"contentUrl\":\"https:\\\/\\\/www.aee-intec.at\\\/wp-content\\\/uploads\\\/2025\\\/02\\\/logo-1.gif\",\"width\":74,\"height\":96,\"caption\":\"AEE - Institut f\u00fcr Nachhaltige Technologien\"},\"image\":{\"@id\":\"https:\\\/\\\/www.aee-intec.at\\\/en\\\/#\\\/schema\\\/logo\\\/image\\\/\"},\"sameAs\":[\"https:\\\/\\\/at.linkedin.com\\\/company\\\/aee-intec\",\"https:\\\/\\\/www.youtube.com\\\/channel\\\/UC7y2Y-8u6IXEJXbVlEy_vew\"]}]}<\/script>\n<!-- \/ Yoast SEO plugin. -->","yoast_head_json":{"title":"Erweiterung des wissenschaftlich-strategischen Beirats von AEE INTEC - AEE INTEC","robots":{"index":"index","follow":"follow","max-snippet":"max-snippet:-1","max-image-preview":"max-image-preview:large","max-video-preview":"max-video-preview:-1"},"canonical":"https:\/\/www.aee-intec.at\/en\/erweiterung-des-wissenschaftlich-strategischen-beirats-von-aee-intec\/","schema":{"@context":"https:\/\/schema.org","@graph":[{"@type":"WebPage","@id":"https:\/\/www.aee-intec.at\/en\/erweiterung-des-wissenschaftlich-strategischen-beirats-von-aee-intec\/","url":"https:\/\/www.aee-intec.at\/en\/erweiterung-des-wissenschaftlich-strategischen-beirats-von-aee-intec\/","name":"Erweiterung des wissenschaftlich-strategischen Beirats von AEE INTEC - AEE INTEC","isPartOf":{"@id":"https:\/\/www.aee-intec.at\/en\/#website"},"primaryImageOfPage":{"@id":"https:\/\/www.aee-intec.at\/en\/erweiterung-des-wissenschaftlich-strategischen-beirats-von-aee-intec\/#primaryimage"},"image":{"@id":"https:\/\/www.aee-intec.at\/en\/erweiterung-des-wissenschaftlich-strategischen-beirats-von-aee-intec\/#primaryimage"},"thumbnailUrl":"https:\/\/p688098.mittwaldserver.info\/wp-content\/uploads\/2025\/04\/bilder2338.jpg","datePublished":"2025-04-25T11:57:16+00:00","dateModified":"2025-05-08T11:48:31+00:00","breadcrumb":{"@id":"https:\/\/www.aee-intec.at\/en\/erweiterung-des-wissenschaftlich-strategischen-beirats-von-aee-intec\/#breadcrumb"},"inLanguage":"en-US","potentialAction":[{"@type":"ReadAction","target":["https:\/\/www.aee-intec.at\/en\/erweiterung-des-wissenschaftlich-strategischen-beirats-von-aee-intec\/"]}]},{"@type":"ImageObject","inLanguage":"en-US","@id":"https:\/\/www.aee-intec.at\/en\/erweiterung-des-wissenschaftlich-strategischen-beirats-von-aee-intec\/#primaryimage","url":"https:\/\/p688098.mittwaldserver.info\/wp-content\/uploads\/2025\/04\/bilder2338.jpg","contentUrl":"https:\/\/p688098.mittwaldserver.info\/wp-content\/uploads\/2025\/04\/bilder2338.jpg"},{"@type":"BreadcrumbList","@id":"https:\/\/www.aee-intec.at\/en\/erweiterung-des-wissenschaftlich-strategischen-beirats-von-aee-intec\/#breadcrumb","itemListElement":[{"@type":"ListItem","position":1,"name":"Home","item":"https:\/\/www.aee-intec.at\/en\/home-page\/"},{"@type":"ListItem","position":2,"name":"Erweiterung des wissenschaftlich-strategischen Beirats von AEE INTEC"}]},{"@type":"WebSite","@id":"https:\/\/www.aee-intec.at\/en\/#website","url":"https:\/\/www.aee-intec.at\/en\/","name":"AEE - Institut f\u00fcr Nachhaltige Technologien","description":"Willkommen bei AEE - Institut f\u00fcr Nachhaltige Technologien - AEE INTEC","publisher":{"@id":"https:\/\/www.aee-intec.at\/en\/#organization"},"potentialAction":[{"@type":"SearchAction","target":{"@type":"EntryPoint","urlTemplate":"https:\/\/www.aee-intec.at\/en\/?s={search_term_string}"},"query-input":{"@type":"PropertyValueSpecification","valueRequired":true,"valueName":"search_term_string"}}],"inLanguage":"en-US"},{"@type":"Organization","@id":"https:\/\/www.aee-intec.at\/en\/#organization","name":"AEE - Institut f\u00fcr Nachhaltige Technologien","url":"https:\/\/www.aee-intec.at\/en\/","logo":{"@type":"ImageObject","inLanguage":"en-US","@id":"https:\/\/www.aee-intec.at\/en\/#\/schema\/logo\/image\/","url":"https:\/\/www.aee-intec.at\/wp-content\/uploads\/2025\/02\/logo-1.gif","contentUrl":"https:\/\/www.aee-intec.at\/wp-content\/uploads\/2025\/02\/logo-1.gif","width":74,"height":96,"caption":"AEE - Institut f\u00fcr Nachhaltige Technologien"},"image":{"@id":"https:\/\/www.aee-intec.at\/en\/#\/schema\/logo\/image\/"},"sameAs":["https:\/\/at.linkedin.com\/company\/aee-intec","https:\/\/www.youtube.com\/channel\/UC7y2Y-8u6IXEJXbVlEy_vew"]}]}},"_links":{"self":[{"href":"https:\/\/www.aee-intec.at\/en\/wp-json\/wp\/v2\/pages\/5018","targetHints":{"allow":["GET"]}}],"collection":[{"href":"https:\/\/www.aee-intec.at\/en\/wp-json\/wp\/v2\/pages"}],"about":[{"href":"https:\/\/www.aee-intec.at\/en\/wp-json\/wp\/v2\/types\/page"}],"author":[{"embeddable":true,"href":"https:\/\/www.aee-intec.at\/en\/wp-json\/wp\/v2\/users\/2"}],"replies":[{"embeddable":true,"href":"https:\/\/www.aee-intec.at\/en\/wp-json\/wp\/v2\/comments?post=5018"}],"version-history":[{"count":0,"href":"https:\/\/www.aee-intec.at\/en\/wp-json\/wp\/v2\/pages\/5018\/revisions"}],"wp:attachment":[{"href":"https:\/\/www.aee-intec.at\/en\/wp-json\/wp\/v2\/media?parent=5018"}],"curies":[{"name":"wp","href":"https:\/\/api.w.org\/{rel}","templated":true}]}}