{"id":8559,"date":"2025-10-02T08:32:02","date_gmt":"2025-10-02T06:32:02","guid":{"rendered":"https:\/\/www.aee-intec.at\/master-thesis-resource-recovery-from-industrial-process-waters-paper-and-metal-industry-using-membrane-crystallization-technology-at-laboratory-scale\/"},"modified":"2025-10-02T08:38:26","modified_gmt":"2025-10-02T06:38:26","slug":"master-thesis-resource-recovery-from-industrial-process-waters-paper-and-metal-industry-using-membrane-crystallization-technology-at-laboratory-scale","status":"publish","type":"page","link":"https:\/\/www.aee-intec.at\/en\/master-thesis-resource-recovery-from-industrial-process-waters-paper-and-metal-industry-using-membrane-crystallization-technology-at-laboratory-scale\/","title":{"rendered":"Master Thesis: Resource recovery from industrial process waters (paper and metal industry) using membrane crystallization technology at laboratory scale."},"content":{"rendered":"\t\t<div data-elementor-type=\"wp-page\" data-elementor-id=\"8559\" class=\"elementor elementor-8559 elementor-8558\" data-elementor-post-type=\"page\">\n\t\t\t\t<div class=\"elementor-element elementor-element-38cb828 e-flex e-con-boxed e-con e-parent\" data-id=\"38cb828\" data-element_type=\"container\" data-e-type=\"container\">\n\t\t\t\t\t<div class=\"e-con-inner\">\n\t\t\t\t\t<\/div>\n\t\t\t\t<\/div>\n\t\t<div class=\"elementor-element elementor-element-c894206 e-flex e-con-boxed e-con e-parent\" data-id=\"c894206\" data-element_type=\"container\" data-e-type=\"container\">\n\t\t\t\t\t<div class=\"e-con-inner\">\n\t\t\t\t<div class=\"elementor-element elementor-element-0d5e6ae elementor-widget elementor-widget-text-editor\" data-id=\"0d5e6ae\" data-element_type=\"widget\" data-e-type=\"widget\" data-widget_type=\"text-editor.default\">\n\t\t\t\t<div class=\"elementor-widget-container\">\n\t\t\t\t\t\t\t\t\t<h4>AEE &#8211; Institut f\u00fcr Nachhaltige Technologien (AEE INTEC)<\/h4><p>AEE &#8211; Institute for Sustainable Technologies (AEE INTEC) was founded in 1988 and is today one of the leading European institutes of applied research in renewable energy and resource efficiency. In the three target group areas &#8220;Buildings&#8221;, &#8220;Cities &amp; Grids&#8221; and &#8220;Industrial Systems&#8221; as well as three technological working groups &#8220;Renewable Energies&#8221;, &#8220;Thermal Storage&#8221; and &#8220;Water and Process Technologies&#8221;, the R&amp;D projects carried out range from basic research projects to the implementation of demonstration plants. <\/p><p>AEE INTEC besch\u00e4ftigt derzeit in Gleisdorf rund 80 Personen aus acht verschiedenen Nationen. Mit durchschnittlich drei PhD-StudentenInnen sowie etwa zehn DiplomandInnen, PraktikantInnen und studentischen Hilfskr\u00e4ften leistet das Institut auch einen Beitrag zur Ausbildung von hochqualifizierten Fachkr\u00e4ften. <\/p><p>Im Rahmen von nationalen, europ\u00e4ischen und internationalen Forschungs- und Entwicklungsprojekten hat AEE INTEC in den vergangenen Jahren wesentlich zur Weiterentwicklung von nachhaltigen Technologien beigetragen. Auftraggeber dieser Projekte sind L\u00e4nder, Bundesministerien, die Europ\u00e4ische Kommission, internationale Organisationen wie die UNIDO sowie Industrie- und Gewerbebetriebe. <br><br><\/p><h4>Forschungsprojekt<\/h4><p>Europa strebt bis 2050 Klimaneutralit\u00e4t und Kreislaufwirtschaft an. Im EU-Horizon-Projekt \u201eCornerstone\u201c werden Industrieabw\u00e4sser aufgewertet und wiederverwendet, indem neue technologische und digitale L\u00f6sungen in bestehende Anlagen integriert werden, um Wasser, Energie und gel\u00f6ste Stoffe zur\u00fcckzugewinnen. <\/p><p>Im Fokus stehen die Papier- und Metallindustrie, da sie f\u00fcr die Verwirklichung der Ziele von P4Planet wichtig sind, um die europ\u00e4ischen Prozessindustrien zu transformieren. Innerhalb des Projektes werden sechs Technologiemodule an verschiedenen Prozessw\u00e4ssern erprobt. <\/p><p>Die AEE INTEC hat hierbei den Fokus auf die Erprobung einer neuartigen Membrandestillations (MD) Laboranlage zur Membrankristallisation (MCr) zum gezielten auskristallisieren von wertvollen anorganischen Salzen.<\/p><p>Die Masterarbeit wird als integrativer Teil des oben genanntem Forschungsprojektes durchgef\u00fchrt. Ziel ist es im Labor der AEE INTEC zu untersuchen ob mithilfe von MCr kristalline Feststoffe aus W\u00e4ssern abgeschieden werden k\u00f6nnen und welche. <br><br><\/p><h4>Master-Arbeit<\/h4><p>In der Masterarbeit werden mehrere industrielle Wasserproben untersucht und Versuche mit der MD-Laboranlage durchgef\u00fchrt. Proben die m\u00f6glicherweise Kristalle enthalten werden durch Projektpartner analysiert, die Daten dann durch die Studierenden ausgewertet. <\/p><p><u>Folgende T\u00e4tigkeiten sind innerhalb der Masterarbeit durchzuf\u00fchren:<\/u><\/p><ul><li>Erprobung der Membrankristallisation (Mcr) und ggf. Adaptierung der Laboranlage<\/li><li>Durchf\u00fchrung von mehreren Versuchen im Laborma\u00dfstab mit Referenz und Realproben<\/li><li>Optimierung der Anlage, testen von Prozessbedingungen und Probenahme<\/li><li>Daten Aufbereitung und statistische Auswertung<\/li><li>Diskussion der Ergebnisse im Hinblick auf die Untersuchungshypothesen<\/li><li>Bewertung der Eignung des Verfahrens f\u00fcr die Papier- und Stahlindustrie Wasserproben.<\/li><\/ul><p> <\/p><h4>Wir erwarten<\/h4><ul><li>Interesse an der Durchf\u00fchrung von Experimenten im Wasser- und Prozesstechnischen Labor<\/li><\/ul><ul><li>Strukturierte, l\u00f6sungsorientierte und m\u00f6glichst eigenst\u00e4ndige Arbeitsweise<\/li><li>Grundkenntnisse in einem oder mehreren Fachgebieten, e.g. Umwelttechnik, Verfahrenstechnik, Siedlungswasserwirtschaft, Physik oder Chemie<\/li><li>Gute Englischkenntnisse (die Projektsprache ist Englisch)<\/li><\/ul><ul><li>Anwesenheit im Forschungsinstitut in Gleisdorf erforderlich<\/li><li>Homeoffice f\u00fcr Datenauswertung m\u00f6glich nach Absprache<\/li><\/ul><p> <\/p><p><strong>Wir bieten<\/strong><\/p><ul><li>Aufwandsentsch\u00e4digung der Master-Arbeit<\/li><li>B\u00fcro- und Laborarbeitsplatz am Institut in Gleisdorf<\/li><li>\u00d6ffi Ticket f\u00fcr den Zeitraum der Anstellung<\/li><li>Einbindung in ein laufendes Forschungsprojekt und in das Forschungsteam<\/li><li>Betreuung durch erfahrene Mitarbeiter- und ForscherInnen<\/li><li>Zeitrahmen: 6-8 Monate<\/li><li><u>Beginn: Okt\/Nov 2025<\/u><\/li><\/ul><h4><br>Kontakt:<\/h4><ul><li>DI Dr. Christoph H\u00f6fer, Tel.: +43 (0)3112 5886-456, E-Mail: <a href=\"mailto:c.hoefer@aee.at\">hoefer@aee.at<\/a><\/li><li>DI<sup>in<\/sup><sup>in<\/sup> Bettina Muster-Slawitsch Tel.: +43 (0)3112 5886-471, E-Mail: <a href=\"mailto:b.muster@aee.at\">b.muster@aee.at<\/a><\/li><\/ul>\t\t\t\t\t\t\t\t<\/div>\n\t\t\t\t<\/div>\n\t\t\t\t\t<\/div>\n\t\t\t\t<\/div>\n\t\t\t\t<\/div>\n\t\t","protected":false},"excerpt":{"rendered":"<p>AEE &#8211; Institut f\u00fcr Nachhaltige Technologien (AEE INTEC) AEE &#8211; Institute for Sustainable Technologies (AEE INTEC) was founded in 1988 and is today one of the leading European institutes of applied research in renewable energy and resource efficiency. In the three target group areas &#8220;Buildings&#8221;, &#8220;Cities &amp; Grids&#8221; and &#8220;Industrial Systems&#8221; as well as three [&hellip;]<\/p>\n","protected":false},"author":1,"featured_media":0,"parent":0,"menu_order":0,"comment_status":"closed","ping_status":"closed","template":"","meta":{"_acf_changed":false,"inline_featured_image":false,"footnotes":""},"class_list":["post-8559","page","type-page","status-publish","hentry"],"acf":[],"yoast_head":"<!-- This site is optimized with the Yoast SEO plugin v27.4 - https:\/\/yoast.com\/product\/yoast-seo-wordpress\/ -->\n<title>Master Thesis: Resource recovery from industrial process waters (paper and metal industry) using membrane crystallization technology at laboratory scale. - AEE INTEC<\/title>\n<meta name=\"robots\" content=\"index, follow, max-snippet:-1, max-image-preview:large, max-video-preview:-1\" \/>\n<link rel=\"canonical\" href=\"https:\/\/www.aee-intec.at\/en\/master-thesis-resource-recovery-from-industrial-process-waters-paper-and-metal-industry-using-membrane-crystallization-technology-at-laboratory-scale\/\" \/>\n<script type=\"application\/ld+json\" class=\"yoast-schema-graph\">{\"@context\":\"https:\\\/\\\/schema.org\",\"@graph\":[{\"@type\":\"WebPage\",\"@id\":\"https:\\\/\\\/www.aee-intec.at\\\/en\\\/master-thesis-resource-recovery-from-industrial-process-waters-paper-and-metal-industry-using-membrane-crystallization-technology-at-laboratory-scale\\\/\",\"url\":\"https:\\\/\\\/www.aee-intec.at\\\/en\\\/master-thesis-resource-recovery-from-industrial-process-waters-paper-and-metal-industry-using-membrane-crystallization-technology-at-laboratory-scale\\\/\",\"name\":\"Master Thesis: Resource recovery from industrial process waters (paper and metal industry) using membrane crystallization technology at laboratory scale. - AEE INTEC\",\"isPartOf\":{\"@id\":\"https:\\\/\\\/www.aee-intec.at\\\/en\\\/#website\"},\"datePublished\":\"2025-10-02T06:32:02+00:00\",\"dateModified\":\"2025-10-02T06:38:26+00:00\",\"breadcrumb\":{\"@id\":\"https:\\\/\\\/www.aee-intec.at\\\/en\\\/master-thesis-resource-recovery-from-industrial-process-waters-paper-and-metal-industry-using-membrane-crystallization-technology-at-laboratory-scale\\\/#breadcrumb\"},\"inLanguage\":\"en-US\",\"potentialAction\":[{\"@type\":\"ReadAction\",\"target\":[\"https:\\\/\\\/www.aee-intec.at\\\/en\\\/master-thesis-resource-recovery-from-industrial-process-waters-paper-and-metal-industry-using-membrane-crystallization-technology-at-laboratory-scale\\\/\"]}]},{\"@type\":\"BreadcrumbList\",\"@id\":\"https:\\\/\\\/www.aee-intec.at\\\/en\\\/master-thesis-resource-recovery-from-industrial-process-waters-paper-and-metal-industry-using-membrane-crystallization-technology-at-laboratory-scale\\\/#breadcrumb\",\"itemListElement\":[{\"@type\":\"ListItem\",\"position\":1,\"name\":\"Home\",\"item\":\"https:\\\/\\\/www.aee-intec.at\\\/en\\\/home-page\\\/\"},{\"@type\":\"ListItem\",\"position\":2,\"name\":\"Master Thesis: Resource recovery from industrial process waters (paper and metal industry) using membrane crystallization technology at laboratory scale.\"}]},{\"@type\":\"WebSite\",\"@id\":\"https:\\\/\\\/www.aee-intec.at\\\/en\\\/#website\",\"url\":\"https:\\\/\\\/www.aee-intec.at\\\/en\\\/\",\"name\":\"AEE - Institut f\u00fcr Nachhaltige Technologien\",\"description\":\"Willkommen bei AEE - Institut f\u00fcr Nachhaltige Technologien - AEE INTEC\",\"publisher\":{\"@id\":\"https:\\\/\\\/www.aee-intec.at\\\/en\\\/#organization\"},\"potentialAction\":[{\"@type\":\"SearchAction\",\"target\":{\"@type\":\"EntryPoint\",\"urlTemplate\":\"https:\\\/\\\/www.aee-intec.at\\\/en\\\/?s={search_term_string}\"},\"query-input\":{\"@type\":\"PropertyValueSpecification\",\"valueRequired\":true,\"valueName\":\"search_term_string\"}}],\"inLanguage\":\"en-US\"},{\"@type\":\"Organization\",\"@id\":\"https:\\\/\\\/www.aee-intec.at\\\/en\\\/#organization\",\"name\":\"AEE - Institut f\u00fcr Nachhaltige Technologien\",\"url\":\"https:\\\/\\\/www.aee-intec.at\\\/en\\\/\",\"logo\":{\"@type\":\"ImageObject\",\"inLanguage\":\"en-US\",\"@id\":\"https:\\\/\\\/www.aee-intec.at\\\/en\\\/#\\\/schema\\\/logo\\\/image\\\/\",\"url\":\"https:\\\/\\\/www.aee-intec.at\\\/wp-content\\\/uploads\\\/2025\\\/02\\\/logo-1.gif\",\"contentUrl\":\"https:\\\/\\\/www.aee-intec.at\\\/wp-content\\\/uploads\\\/2025\\\/02\\\/logo-1.gif\",\"width\":74,\"height\":96,\"caption\":\"AEE - Institut f\u00fcr Nachhaltige Technologien\"},\"image\":{\"@id\":\"https:\\\/\\\/www.aee-intec.at\\\/en\\\/#\\\/schema\\\/logo\\\/image\\\/\"},\"sameAs\":[\"https:\\\/\\\/at.linkedin.com\\\/company\\\/aee-intec\",\"https:\\\/\\\/www.youtube.com\\\/channel\\\/UC7y2Y-8u6IXEJXbVlEy_vew\"]}]}<\/script>\n<!-- \/ Yoast SEO plugin. -->","yoast_head_json":{"title":"Master Thesis: Resource recovery from industrial process waters (paper and metal industry) using membrane crystallization technology at laboratory scale. - AEE INTEC","robots":{"index":"index","follow":"follow","max-snippet":"max-snippet:-1","max-image-preview":"max-image-preview:large","max-video-preview":"max-video-preview:-1"},"canonical":"https:\/\/www.aee-intec.at\/en\/master-thesis-resource-recovery-from-industrial-process-waters-paper-and-metal-industry-using-membrane-crystallization-technology-at-laboratory-scale\/","schema":{"@context":"https:\/\/schema.org","@graph":[{"@type":"WebPage","@id":"https:\/\/www.aee-intec.at\/en\/master-thesis-resource-recovery-from-industrial-process-waters-paper-and-metal-industry-using-membrane-crystallization-technology-at-laboratory-scale\/","url":"https:\/\/www.aee-intec.at\/en\/master-thesis-resource-recovery-from-industrial-process-waters-paper-and-metal-industry-using-membrane-crystallization-technology-at-laboratory-scale\/","name":"Master Thesis: Resource recovery from industrial process waters (paper and metal industry) using membrane crystallization technology at laboratory scale. - AEE INTEC","isPartOf":{"@id":"https:\/\/www.aee-intec.at\/en\/#website"},"datePublished":"2025-10-02T06:32:02+00:00","dateModified":"2025-10-02T06:38:26+00:00","breadcrumb":{"@id":"https:\/\/www.aee-intec.at\/en\/master-thesis-resource-recovery-from-industrial-process-waters-paper-and-metal-industry-using-membrane-crystallization-technology-at-laboratory-scale\/#breadcrumb"},"inLanguage":"en-US","potentialAction":[{"@type":"ReadAction","target":["https:\/\/www.aee-intec.at\/en\/master-thesis-resource-recovery-from-industrial-process-waters-paper-and-metal-industry-using-membrane-crystallization-technology-at-laboratory-scale\/"]}]},{"@type":"BreadcrumbList","@id":"https:\/\/www.aee-intec.at\/en\/master-thesis-resource-recovery-from-industrial-process-waters-paper-and-metal-industry-using-membrane-crystallization-technology-at-laboratory-scale\/#breadcrumb","itemListElement":[{"@type":"ListItem","position":1,"name":"Home","item":"https:\/\/www.aee-intec.at\/en\/home-page\/"},{"@type":"ListItem","position":2,"name":"Master Thesis: Resource recovery from industrial process waters (paper and metal industry) using membrane crystallization technology at laboratory scale."}]},{"@type":"WebSite","@id":"https:\/\/www.aee-intec.at\/en\/#website","url":"https:\/\/www.aee-intec.at\/en\/","name":"AEE - Institut f\u00fcr Nachhaltige Technologien","description":"Willkommen bei AEE - Institut f\u00fcr Nachhaltige Technologien - AEE INTEC","publisher":{"@id":"https:\/\/www.aee-intec.at\/en\/#organization"},"potentialAction":[{"@type":"SearchAction","target":{"@type":"EntryPoint","urlTemplate":"https:\/\/www.aee-intec.at\/en\/?s={search_term_string}"},"query-input":{"@type":"PropertyValueSpecification","valueRequired":true,"valueName":"search_term_string"}}],"inLanguage":"en-US"},{"@type":"Organization","@id":"https:\/\/www.aee-intec.at\/en\/#organization","name":"AEE - Institut f\u00fcr Nachhaltige Technologien","url":"https:\/\/www.aee-intec.at\/en\/","logo":{"@type":"ImageObject","inLanguage":"en-US","@id":"https:\/\/www.aee-intec.at\/en\/#\/schema\/logo\/image\/","url":"https:\/\/www.aee-intec.at\/wp-content\/uploads\/2025\/02\/logo-1.gif","contentUrl":"https:\/\/www.aee-intec.at\/wp-content\/uploads\/2025\/02\/logo-1.gif","width":74,"height":96,"caption":"AEE - Institut f\u00fcr Nachhaltige Technologien"},"image":{"@id":"https:\/\/www.aee-intec.at\/en\/#\/schema\/logo\/image\/"},"sameAs":["https:\/\/at.linkedin.com\/company\/aee-intec","https:\/\/www.youtube.com\/channel\/UC7y2Y-8u6IXEJXbVlEy_vew"]}]}},"_links":{"self":[{"href":"https:\/\/www.aee-intec.at\/en\/wp-json\/wp\/v2\/pages\/8559","targetHints":{"allow":["GET"]}}],"collection":[{"href":"https:\/\/www.aee-intec.at\/en\/wp-json\/wp\/v2\/pages"}],"about":[{"href":"https:\/\/www.aee-intec.at\/en\/wp-json\/wp\/v2\/types\/page"}],"author":[{"embeddable":true,"href":"https:\/\/www.aee-intec.at\/en\/wp-json\/wp\/v2\/users\/1"}],"replies":[{"embeddable":true,"href":"https:\/\/www.aee-intec.at\/en\/wp-json\/wp\/v2\/comments?post=8559"}],"version-history":[{"count":0,"href":"https:\/\/www.aee-intec.at\/en\/wp-json\/wp\/v2\/pages\/8559\/revisions"}],"wp:attachment":[{"href":"https:\/\/www.aee-intec.at\/en\/wp-json\/wp\/v2\/media?parent=8559"}],"curies":[{"name":"wp","href":"https:\/\/api.w.org\/{rel}","templated":true}]}}