{"id":9191,"date":"2026-01-07T14:29:32","date_gmt":"2026-01-07T12:29:32","guid":{"rendered":"https:\/\/www.aee-intec.at\/leitung-kuenstliche-intelligenz-wissensmanagement-m-w-d-teil-oder-vollzeit\/"},"modified":"2026-01-16T10:48:46","modified_gmt":"2026-01-16T08:48:46","slug":"leitung-kuenstliche-intelligenz-wissensmanagement-m-w-d-teil-oder-vollzeit","status":"publish","type":"page","link":"https:\/\/www.aee-intec.at\/en\/leitung-kuenstliche-intelligenz-wissensmanagement-m-w-d-teil-oder-vollzeit\/","title":{"rendered":"Leitung K\u00fcnstliche Intelligenz &amp; Wissensmanagement (m\/w\/d) &#8211; (Teil- oder Vollzeit)"},"content":{"rendered":"\t\t<div data-elementor-type=\"wp-page\" data-elementor-id=\"9191\" class=\"elementor elementor-9191\" data-elementor-post-type=\"page\">\n\t\t\t\t<div class=\"elementor-element elementor-element-6706760 e-flex e-con-boxed e-con e-parent\" data-id=\"6706760\" data-element_type=\"container\" data-e-type=\"container\">\n\t\t\t\t\t<div class=\"e-con-inner\">\n\t\t\t\t\t<\/div>\n\t\t\t\t<\/div>\n\t\t<div class=\"elementor-element elementor-element-0b5ea92 e-flex e-con-boxed e-con e-parent\" data-id=\"0b5ea92\" data-element_type=\"container\" data-e-type=\"container\">\n\t\t\t\t\t<div class=\"e-con-inner\">\n\t\t\t\t<div class=\"elementor-element elementor-element-dfa31b6 elementor-widget elementor-widget-text-editor\" data-id=\"dfa31b6\" data-element_type=\"widget\" data-e-type=\"widget\" data-widget_type=\"text-editor.default\">\n\t\t\t\t<div class=\"elementor-widget-container\">\n\t\t\t\t\t\t\t\t\t<p><strong>AEE \u2013 Institut f\u00fcr Nachhaltige Technologien (AEE INTEC)<\/strong> ist eine f\u00fchrende au\u00dferuniversit\u00e4re Forschungseinrichtung im Bereich angewandter Forschung zu den thematischen Schwerpunkten <strong>Geb\u00e4ude<\/strong>, <strong>Industrielle<\/strong> <strong>Systeme<\/strong> sowie <strong>St\u00e4dte und Netze<\/strong> und <strong>Technologieentwicklung<\/strong>. Um die Potenziale von K\u00fcnstlicher Intelligenz systematisch, verantwortungsvoll und wirkungsorientiert zu nutzen, bauen wir eine neue institutsweite Schl\u00fcsselrolle auf. Wir suchen eine engagierte Pers\u00f6nlichkeit, die den strategischen und operativen Einsatz von KI bei AEE INTEC gestaltet, eine interne LLM-basierte Wissensinfrastruktur aufbaut und das Institut langfristig zukunftsfit macht.  <\/p><h4>Ihre Aufgaben<\/h4><ul><li><strong>Strategische Weiterentwicklung des KI-Einsatzes bei AEE INTEC<\/strong><ul><li>Entwicklung und kontinuierliche Weiterentwicklung einer institutsweiten KI-Strategie<\/li><li>Identifikation und Implementierung institutsrelevanter KI-L\u00f6sungen f\u00fcr Forschung, Administration und Kommunikation<\/li><li>Aufbau von KI-Governance, inkl. Datenschutz und interne Leitlinien <\/li><\/ul><\/li><li><strong>Monitoring &amp; Bewertung neuer KI-Tools und Entwicklungen<\/strong><ul><li>Systematische Verfolgung aktueller Entwicklungen im Bereich generativer KI, LLMs, Wissensdatenbanken und Automatisierung<\/li><li>Auswahl, Bewertung, Empfehlung und Implementierung geeigneter Tools f\u00fcr das Institut<\/li><\/ul><\/li><li><strong>Aufbau eines KI-gest\u00fctzten Wissensmanagements<\/strong><ul><li>Erarbeitung eines Konzepts f\u00fcr ein internes LLM<\/li><li>Umsetzung und kontinuierliche Weiterentwicklung einer LLM-gest\u00fctzten institutsweiten Wissensstruktur in Zusammenarbeit mit IT<\/li><\/ul><\/li><li><strong>Interne Schulungs- und Weiterbildungsma\u00dfnahmen<\/strong><ul><li>Organisation und Durchf\u00fchrung von Trainings zur sicheren und effizienten Nutzung von KI<\/li><li>Erstellung von Guidelines und Nutzungsvereinbarungen<\/li><\/ul><\/li><li><strong>Schnittstelle zu IT, Forschungsbereichen sowie Gesch\u00e4ftsf\u00fchrung<\/strong><ul><li>enge Abstimmung mit Kolleg*innen, um neue Tools und das interne LLM sinnvoll zu integrieren<\/li><li>Koordination zwischen technischen Anforderungen und institutsweiten Bed\u00fcrfnissen<\/li><\/ul><\/li><\/ul><h4><strong>Ihr Profil<\/strong><\/h4><ul><li><strong>Erfolgreich abgeschlossenes (Fach-) Hochschulstudium<\/strong> und Qualifikationen, vorzugsweise in den Bereichen Informatik, Data Science, Technische Mathematik oder einer verwandten Fachrichtung<\/li><li><strong>Sehr gutes Verst\u00e4ndnis<\/strong> von KI-Technologien, insb. Large Language Models (LLMs), Retrieval-Augmented Generation (RAG), semantischer Suche und KI-gest\u00fctzter Automatisierung <\/li><li><strong>Erfahrung in der Bewertung, Auswahl und Anwendung von KI-Tools<\/strong><\/li><li>Selbstst\u00e4ndige, strukturierte und verantwortungsvolle Arbeitsweise<\/li><li>Verst\u00e4ndnis f\u00fcr Datenschutz und IT-Schnittstellen<\/li><li>Erfahrung in Forschungs-, Innovations- oder wissensintensiven Organisationen von Vorteil<\/li><\/ul><h4>Unser Angebot<\/h4><ul><li><strong>Integration<\/strong> in ein <strong>engagiertes, internationales Team<\/strong> sowie Zugang zu internationalen Netzwerken<\/li><li>Raum f\u00fcr Eigeninitiative sowie individuelle fachliche sowie pers\u00f6nliche Weiterbildungs- und Entwicklungsm\u00f6glichkeiten<\/li><li>Institutsweite Zusammenarbeit und die M\u00f6glichkeit, innovative Ideen direkt umzusetzen<\/li><li><strong>Attraktive Benefits<\/strong> wie betriebliche Pensionsvorsorge, Pr\u00e4miensystem, flexible Arbeitszeitgestaltung mit der M\u00f6glichkeit zum Home-Office sowie ein nachhaltiges Mobilit\u00e4tskonzept f\u00fcr Mitarbeiter*innen inkl. Zuschuss zu \u00f6ffentlichen Verkehrsmitteln <\/li><\/ul><p>F\u00fcr die ausgeschriebene Stelle gilt der Kollektivvertrag der au\u00dferuniversit\u00e4ren Forschung. Das Mindestjahresgehalt betr\u00e4gt \u20ac 59.000,- brutto (Vollzeit). Die tats\u00e4chliche Einstufung erfolgt abh\u00e4ngig von Qualifikation und Erfahrung.  <\/p><p>Bitte senden Sie Ihre Unterlagen (Lebenslauf und Motivationsschreiben) per E-Mail an:<\/p><p><strong>AEE \u2013 Institut f\u00fcr Nachhaltige Technologien<br><\/strong>Frau Mag. Martina Fink,<br>Feldgasse 19, A-8200 Gleisdorf, Tel.: +43 3112 5886-125,<br><a href=\"mailto:bewerbungen@aee.at\">bewerbungen@aee.at<\/a><\/p>\t\t\t\t\t\t\t\t<\/div>\n\t\t\t\t<\/div>\n\t\t\t\t\t<\/div>\n\t\t\t\t<\/div>\n\t\t\t\t<\/div>\n\t\t","protected":false},"excerpt":{"rendered":"<p>AEE \u2013 Institut f\u00fcr Nachhaltige Technologien (AEE INTEC) ist eine f\u00fchrende au\u00dferuniversit\u00e4re Forschungseinrichtung im Bereich angewandter Forschung zu den thematischen Schwerpunkten Geb\u00e4ude, Industrielle Systeme sowie St\u00e4dte und Netze und Technologieentwicklung. Um die Potenziale von K\u00fcnstlicher Intelligenz systematisch, verantwortungsvoll und wirkungsorientiert zu nutzen, bauen wir eine neue institutsweite Schl\u00fcsselrolle auf. Wir suchen eine engagierte Pers\u00f6nlichkeit, die [&hellip;]<\/p>\n","protected":false},"author":1,"featured_media":0,"parent":0,"menu_order":0,"comment_status":"closed","ping_status":"closed","template":"","meta":{"_acf_changed":false,"inline_featured_image":false,"footnotes":""},"class_list":["post-9191","page","type-page","status-publish","hentry"],"acf":[],"yoast_head":"<!-- This site is optimized with the Yoast SEO plugin v27.5 - https:\/\/yoast.com\/product\/yoast-seo-wordpress\/ -->\n<title>Leitung K\u00fcnstliche Intelligenz &amp; Wissensmanagement (m\/w\/d) - (Teil- oder Vollzeit) - AEE INTEC<\/title>\n<meta name=\"robots\" content=\"index, follow, max-snippet:-1, max-image-preview:large, max-video-preview:-1\" \/>\n<link rel=\"canonical\" href=\"https:\/\/www.aee-intec.at\/en\/leitung-kuenstliche-intelligenz-wissensmanagement-m-w-d-teil-oder-vollzeit\/\" \/>\n<script type=\"application\/ld+json\" class=\"yoast-schema-graph\">{\"@context\":\"https:\\\/\\\/schema.org\",\"@graph\":[{\"@type\":\"WebPage\",\"@id\":\"https:\\\/\\\/www.aee-intec.at\\\/en\\\/leitung-kuenstliche-intelligenz-wissensmanagement-m-w-d-teil-oder-vollzeit\\\/\",\"url\":\"https:\\\/\\\/www.aee-intec.at\\\/en\\\/leitung-kuenstliche-intelligenz-wissensmanagement-m-w-d-teil-oder-vollzeit\\\/\",\"name\":\"Leitung K\u00fcnstliche Intelligenz &amp; Wissensmanagement (m\\\/w\\\/d) - (Teil- oder Vollzeit) - AEE INTEC\",\"isPartOf\":{\"@id\":\"https:\\\/\\\/www.aee-intec.at\\\/en\\\/#website\"},\"datePublished\":\"2026-01-07T12:29:32+00:00\",\"dateModified\":\"2026-01-16T08:48:46+00:00\",\"breadcrumb\":{\"@id\":\"https:\\\/\\\/www.aee-intec.at\\\/en\\\/leitung-kuenstliche-intelligenz-wissensmanagement-m-w-d-teil-oder-vollzeit\\\/#breadcrumb\"},\"inLanguage\":\"en-US\",\"potentialAction\":[{\"@type\":\"ReadAction\",\"target\":[\"https:\\\/\\\/www.aee-intec.at\\\/en\\\/leitung-kuenstliche-intelligenz-wissensmanagement-m-w-d-teil-oder-vollzeit\\\/\"]}]},{\"@type\":\"BreadcrumbList\",\"@id\":\"https:\\\/\\\/www.aee-intec.at\\\/en\\\/leitung-kuenstliche-intelligenz-wissensmanagement-m-w-d-teil-oder-vollzeit\\\/#breadcrumb\",\"itemListElement\":[{\"@type\":\"ListItem\",\"position\":1,\"name\":\"Home\",\"item\":\"https:\\\/\\\/www.aee-intec.at\\\/en\\\/home-page\\\/\"},{\"@type\":\"ListItem\",\"position\":2,\"name\":\"Leitung K\u00fcnstliche Intelligenz &amp; Wissensmanagement (m\\\/w\\\/d) &#8211; (Teil- oder Vollzeit)\"}]},{\"@type\":\"WebSite\",\"@id\":\"https:\\\/\\\/www.aee-intec.at\\\/en\\\/#website\",\"url\":\"https:\\\/\\\/www.aee-intec.at\\\/en\\\/\",\"name\":\"AEE - Institut f\u00fcr Nachhaltige Technologien\",\"description\":\"Willkommen bei AEE - Institut f\u00fcr Nachhaltige Technologien - AEE INTEC\",\"publisher\":{\"@id\":\"https:\\\/\\\/www.aee-intec.at\\\/en\\\/#organization\"},\"potentialAction\":[{\"@type\":\"SearchAction\",\"target\":{\"@type\":\"EntryPoint\",\"urlTemplate\":\"https:\\\/\\\/www.aee-intec.at\\\/en\\\/?s={search_term_string}\"},\"query-input\":{\"@type\":\"PropertyValueSpecification\",\"valueRequired\":true,\"valueName\":\"search_term_string\"}}],\"inLanguage\":\"en-US\"},{\"@type\":\"Organization\",\"@id\":\"https:\\\/\\\/www.aee-intec.at\\\/en\\\/#organization\",\"name\":\"AEE - Institut f\u00fcr Nachhaltige Technologien\",\"url\":\"https:\\\/\\\/www.aee-intec.at\\\/en\\\/\",\"logo\":{\"@type\":\"ImageObject\",\"inLanguage\":\"en-US\",\"@id\":\"https:\\\/\\\/www.aee-intec.at\\\/en\\\/#\\\/schema\\\/logo\\\/image\\\/\",\"url\":\"https:\\\/\\\/www.aee-intec.at\\\/wp-content\\\/uploads\\\/2025\\\/02\\\/logo-1.gif\",\"contentUrl\":\"https:\\\/\\\/www.aee-intec.at\\\/wp-content\\\/uploads\\\/2025\\\/02\\\/logo-1.gif\",\"width\":74,\"height\":96,\"caption\":\"AEE - Institut f\u00fcr Nachhaltige Technologien\"},\"image\":{\"@id\":\"https:\\\/\\\/www.aee-intec.at\\\/en\\\/#\\\/schema\\\/logo\\\/image\\\/\"},\"sameAs\":[\"https:\\\/\\\/at.linkedin.com\\\/company\\\/aee-intec\",\"https:\\\/\\\/www.youtube.com\\\/channel\\\/UC7y2Y-8u6IXEJXbVlEy_vew\"]}]}<\/script>\n<!-- \/ Yoast SEO plugin. -->","yoast_head_json":{"title":"Leitung K\u00fcnstliche Intelligenz &amp; Wissensmanagement (m\/w\/d) - (Teil- oder Vollzeit) - AEE INTEC","robots":{"index":"index","follow":"follow","max-snippet":"max-snippet:-1","max-image-preview":"max-image-preview:large","max-video-preview":"max-video-preview:-1"},"canonical":"https:\/\/www.aee-intec.at\/en\/leitung-kuenstliche-intelligenz-wissensmanagement-m-w-d-teil-oder-vollzeit\/","schema":{"@context":"https:\/\/schema.org","@graph":[{"@type":"WebPage","@id":"https:\/\/www.aee-intec.at\/en\/leitung-kuenstliche-intelligenz-wissensmanagement-m-w-d-teil-oder-vollzeit\/","url":"https:\/\/www.aee-intec.at\/en\/leitung-kuenstliche-intelligenz-wissensmanagement-m-w-d-teil-oder-vollzeit\/","name":"Leitung K\u00fcnstliche Intelligenz &amp; Wissensmanagement (m\/w\/d) - (Teil- oder Vollzeit) - AEE INTEC","isPartOf":{"@id":"https:\/\/www.aee-intec.at\/en\/#website"},"datePublished":"2026-01-07T12:29:32+00:00","dateModified":"2026-01-16T08:48:46+00:00","breadcrumb":{"@id":"https:\/\/www.aee-intec.at\/en\/leitung-kuenstliche-intelligenz-wissensmanagement-m-w-d-teil-oder-vollzeit\/#breadcrumb"},"inLanguage":"en-US","potentialAction":[{"@type":"ReadAction","target":["https:\/\/www.aee-intec.at\/en\/leitung-kuenstliche-intelligenz-wissensmanagement-m-w-d-teil-oder-vollzeit\/"]}]},{"@type":"BreadcrumbList","@id":"https:\/\/www.aee-intec.at\/en\/leitung-kuenstliche-intelligenz-wissensmanagement-m-w-d-teil-oder-vollzeit\/#breadcrumb","itemListElement":[{"@type":"ListItem","position":1,"name":"Home","item":"https:\/\/www.aee-intec.at\/en\/home-page\/"},{"@type":"ListItem","position":2,"name":"Leitung K\u00fcnstliche Intelligenz &amp; Wissensmanagement (m\/w\/d) &#8211; (Teil- oder Vollzeit)"}]},{"@type":"WebSite","@id":"https:\/\/www.aee-intec.at\/en\/#website","url":"https:\/\/www.aee-intec.at\/en\/","name":"AEE - Institut f\u00fcr Nachhaltige Technologien","description":"Willkommen bei AEE - Institut f\u00fcr Nachhaltige Technologien - AEE INTEC","publisher":{"@id":"https:\/\/www.aee-intec.at\/en\/#organization"},"potentialAction":[{"@type":"SearchAction","target":{"@type":"EntryPoint","urlTemplate":"https:\/\/www.aee-intec.at\/en\/?s={search_term_string}"},"query-input":{"@type":"PropertyValueSpecification","valueRequired":true,"valueName":"search_term_string"}}],"inLanguage":"en-US"},{"@type":"Organization","@id":"https:\/\/www.aee-intec.at\/en\/#organization","name":"AEE - Institut f\u00fcr Nachhaltige Technologien","url":"https:\/\/www.aee-intec.at\/en\/","logo":{"@type":"ImageObject","inLanguage":"en-US","@id":"https:\/\/www.aee-intec.at\/en\/#\/schema\/logo\/image\/","url":"https:\/\/www.aee-intec.at\/wp-content\/uploads\/2025\/02\/logo-1.gif","contentUrl":"https:\/\/www.aee-intec.at\/wp-content\/uploads\/2025\/02\/logo-1.gif","width":74,"height":96,"caption":"AEE - Institut f\u00fcr Nachhaltige Technologien"},"image":{"@id":"https:\/\/www.aee-intec.at\/en\/#\/schema\/logo\/image\/"},"sameAs":["https:\/\/at.linkedin.com\/company\/aee-intec","https:\/\/www.youtube.com\/channel\/UC7y2Y-8u6IXEJXbVlEy_vew"]}]}},"_links":{"self":[{"href":"https:\/\/www.aee-intec.at\/en\/wp-json\/wp\/v2\/pages\/9191","targetHints":{"allow":["GET"]}}],"collection":[{"href":"https:\/\/www.aee-intec.at\/en\/wp-json\/wp\/v2\/pages"}],"about":[{"href":"https:\/\/www.aee-intec.at\/en\/wp-json\/wp\/v2\/types\/page"}],"author":[{"embeddable":true,"href":"https:\/\/www.aee-intec.at\/en\/wp-json\/wp\/v2\/users\/1"}],"replies":[{"embeddable":true,"href":"https:\/\/www.aee-intec.at\/en\/wp-json\/wp\/v2\/comments?post=9191"}],"version-history":[{"count":0,"href":"https:\/\/www.aee-intec.at\/en\/wp-json\/wp\/v2\/pages\/9191\/revisions"}],"wp:attachment":[{"href":"https:\/\/www.aee-intec.at\/en\/wp-json\/wp\/v2\/media?parent=9191"}],"curies":[{"name":"wp","href":"https:\/\/api.w.org\/{rel}","templated":true}]}}