{"id":9192,"date":"2026-01-07T14:13:34","date_gmt":"2026-01-07T12:13:34","guid":{"rendered":"https:\/\/www.aee-intec.at\/software-entwicklerin-m-w-d-teil-oder-vollzeit\/"},"modified":"2026-01-16T10:49:01","modified_gmt":"2026-01-16T08:49:01","slug":"software-entwicklerin-m-w-d-teil-oder-vollzeit","status":"publish","type":"page","link":"https:\/\/www.aee-intec.at\/en\/software-entwicklerin-m-w-d-teil-oder-vollzeit\/","title":{"rendered":"Softwareentwickler*in (m\/w\/d) &#8211; (Teil- oder Vollzeit)"},"content":{"rendered":"\t\t<div data-elementor-type=\"wp-page\" data-elementor-id=\"9192\" class=\"elementor elementor-9192 elementor-9182\" data-elementor-post-type=\"page\">\n\t\t\t\t<div class=\"elementor-element elementor-element-b6e61f1 e-flex e-con-boxed e-con e-parent\" data-id=\"b6e61f1\" data-element_type=\"container\" data-e-type=\"container\">\n\t\t\t\t\t<div class=\"e-con-inner\">\n\t\t\t\t\t<\/div>\n\t\t\t\t<\/div>\n\t\t<div class=\"elementor-element elementor-element-d77c7fd e-flex e-con-boxed e-con e-parent\" data-id=\"d77c7fd\" data-element_type=\"container\" data-e-type=\"container\">\n\t\t\t\t\t<div class=\"e-con-inner\">\n\t\t\t\t<div class=\"elementor-element elementor-element-0efb61a elementor-widget elementor-widget-text-editor\" data-id=\"0efb61a\" data-element_type=\"widget\" data-e-type=\"widget\" data-widget_type=\"text-editor.default\">\n\t\t\t\t<div class=\"elementor-widget-container\">\n\t\t\t\t\t\t\t\t\t<p><strong>AEE \u2013 Institut f\u00fcr Nachhaltige Technologien (AEE INTEC) <\/strong>ist eine f\u00fchrende au\u00dferuniversit\u00e4re Forschungseinrichtung im Bereich angewandter Forschung zu den thematischen Schwerpunkten <strong>Geb\u00e4ude<\/strong>, <strong>Industrielle Systeme<\/strong> sowie <strong>St\u00e4dte und Netze <\/strong>und<strong> Technologieentwicklung<\/strong>. Rund 90 Mitarbeitende aus mehr als 15 Nationen arbeiten an unserem Standort in Gleisdorf gemeinsam an konkreten L\u00f6sungen f\u00fcr die Energiewende. <\/p><p>Der Schwerpunkt des Bereichs \u201eGeb\u00e4ude\u201c bei AEE INTEC liegt auf Null- und Plusenergiegeb\u00e4uden im Neubau und der Sanierung. Dabei sind Effizienz, optimierte Geb\u00e4udetechnik und die Integration regenerativer Energiequellen ein elementarer Bestandteil. Als Softwareentwickler*in f\u00fcr \u201eDigitale Geb\u00e4udezwillinge\u201c sind Sie ma\u00dfgeblich an der Konzeption, Entwicklung einer BIM-basierten, offenen Plattform f\u00fcr Monitoring, Evaluierung und Optimierung des Geb\u00e4udebetriebes beteiligt. Der globale Einsatz von Digitalen Geb\u00e4udezwillingen ist ein wesentlicher Beitrag zur weiteren Digitalisierung der Hochbauprozesse und zur Dekarbonisierung des Geb\u00e4udesektors. <\/p><h4>Ihre Herausforderungen<\/h4><ul><li><strong>Frontend und Backend-Entwicklung<\/strong> einer <strong>\u201eBIM-basierten Plattform f\u00fcr digitale Geb\u00e4udezwillinge\u201c<\/strong> auf Basis moderner Open Source Frameworks<\/li><li><strong>Implementierung<\/strong> und <strong>Administration<\/strong> einer Geb\u00e4udebetriebsplattform auf Linux-Servern<\/li><li>Mitarbeit in spannenden <strong>nationalen und internationalen Projekten<\/strong><\/li><\/ul><h4>Ihre Qualifikationen<\/h4><ul><li><strong>Erfolgreich abgeschlossenes<\/strong> <strong>(Fach-) Hochschulstudium<\/strong> und Qualifikationen, vorzugsweise in den Bereichen Informatik, Softwareentwicklung oder Naturwissenschaften oder einer verwandten Fachrichtung<\/li><li><strong>Umfangreiche Erfahrung mit der Programmiersprache Python und bekannten Open Source Bibliotheken wie pytest, FastAPI, SOLAlchemy, Jinja2, etc<\/strong><\/li><li><strong>Interesse an modernen Web-Technologien und Erfahrung in der Web-Entwicklung (HTTP, HTML5, CSS, JavaScript) mit den Frameworks Vue.js und three.js<\/strong><\/li><li>Gute <strong>Kenntnisse<\/strong> in PostgreSQL oder anderen relationalen SQL-Datenbanksystemen<\/li><li>Routinierter <strong>Umgang<\/strong> mit Git, Docker und Linux Kommandozeilen-Werkzeugen<\/li><li><strong>Verst\u00e4ndnis<\/strong> von 3D Computergrafik, 3D Modellierung, BIM\/IFC<\/li><li><strong>Kompetenzen<\/strong> in der reflektierten und verantwortungsvollen Nutzung sowie Entwicklung von KI-gest\u00fctzten Werkzeugen von Vorteil<\/li><li>Sehr gute <strong>Deutsch- und Englischkenntnisse<\/strong> in Wort und Schrift<\/li><\/ul><h4>Wir bieten Ihnen<\/h4><ul><li><strong>Anspruchsvolle und abwechslungsreiche T\u00e4tigkeiten<\/strong> in kooperativen Forschungsprojekten, deren Ergebnisse die Nachhaltigkeit im Geb\u00e4udebereich erh\u00f6hen<\/li><li>Raum f\u00fcr Eigeninitiative sowie individuelle fachliche sowie pers\u00f6nliche Weiterbildungs- und Entwicklungsm\u00f6glichkeiten<\/li><li>Austausch mit f\u00fchrenden Expert*innen<\/li><li><strong>Attraktive Benefits<\/strong> wie betriebliche Pensionsvorsorge, Pr\u00e4miensystem, flexible Arbeitszeitgestaltung mit der M\u00f6glichkeit zum Home-Office und ein nachhaltiges Mobilit\u00e4tskonzept f\u00fcr Mitarbeiter*innen inkl. Zuschuss zu \u00f6ffentlichen Verkehrsmitteln <\/li><\/ul><p>F\u00fcr die ausgeschriebene Stelle gilt der Kollektivvertrag der au\u00dferuniversit\u00e4ren Forschung. Das Mindestjahresgehalt betr\u00e4gt \u20ac 59.000,- brutto (Vollzeit). Die tats\u00e4chliche Einstufung erfolgt abh\u00e4ngig von Qualifikation und Erfahrung.  <\/p><p>Bitte senden Sie Ihre Unterlagen (Lebenslauf und Motivationsschreiben) per E-Mail an:<\/p><p><strong>AEE \u2013 Institut f\u00fcr Nachhaltige Technologien<br><\/strong>Frau Mag. Martina Fink,<br>Feldgasse 19, A-8200 Gleisdorf, Tel.: +43 3112 5886-125,<br><a href=\"mailto:bewerbungen@aee.at\">bewerbungen@aee.at<\/a><\/p>\t\t\t\t\t\t\t\t<\/div>\n\t\t\t\t<\/div>\n\t\t\t\t\t<\/div>\n\t\t\t\t<\/div>\n\t\t\t\t<\/div>\n\t\t","protected":false},"excerpt":{"rendered":"<p>AEE \u2013 Institut f\u00fcr Nachhaltige Technologien (AEE INTEC) ist eine f\u00fchrende au\u00dferuniversit\u00e4re Forschungseinrichtung im Bereich angewandter Forschung zu den thematischen Schwerpunkten Geb\u00e4ude, Industrielle Systeme sowie St\u00e4dte und Netze und Technologieentwicklung. Rund 90 Mitarbeitende aus mehr als 15 Nationen arbeiten an unserem Standort in Gleisdorf gemeinsam an konkreten L\u00f6sungen f\u00fcr die Energiewende. Der Schwerpunkt des Bereichs [&hellip;]<\/p>\n","protected":false},"author":1,"featured_media":0,"parent":0,"menu_order":0,"comment_status":"closed","ping_status":"closed","template":"","meta":{"_acf_changed":false,"inline_featured_image":false,"footnotes":""},"class_list":["post-9192","page","type-page","status-publish","hentry"],"acf":[],"yoast_head":"<!-- This site is optimized with the Yoast SEO plugin v27.5 - https:\/\/yoast.com\/product\/yoast-seo-wordpress\/ -->\n<title>Softwareentwickler*in (m\/w\/d) - (Teil- oder Vollzeit) - AEE INTEC<\/title>\n<meta name=\"robots\" content=\"index, follow, max-snippet:-1, max-image-preview:large, max-video-preview:-1\" \/>\n<link rel=\"canonical\" href=\"https:\/\/www.aee-intec.at\/en\/software-entwicklerin-m-w-d-teil-oder-vollzeit\/\" \/>\n<script type=\"application\/ld+json\" class=\"yoast-schema-graph\">{\"@context\":\"https:\\\/\\\/schema.org\",\"@graph\":[{\"@type\":\"WebPage\",\"@id\":\"https:\\\/\\\/www.aee-intec.at\\\/en\\\/software-entwicklerin-m-w-d-teil-oder-vollzeit\\\/\",\"url\":\"https:\\\/\\\/www.aee-intec.at\\\/en\\\/software-entwicklerin-m-w-d-teil-oder-vollzeit\\\/\",\"name\":\"Softwareentwickler*in (m\\\/w\\\/d) - (Teil- oder Vollzeit) - AEE INTEC\",\"isPartOf\":{\"@id\":\"https:\\\/\\\/www.aee-intec.at\\\/en\\\/#website\"},\"datePublished\":\"2026-01-07T12:13:34+00:00\",\"dateModified\":\"2026-01-16T08:49:01+00:00\",\"breadcrumb\":{\"@id\":\"https:\\\/\\\/www.aee-intec.at\\\/en\\\/software-entwicklerin-m-w-d-teil-oder-vollzeit\\\/#breadcrumb\"},\"inLanguage\":\"en-US\",\"potentialAction\":[{\"@type\":\"ReadAction\",\"target\":[\"https:\\\/\\\/www.aee-intec.at\\\/en\\\/software-entwicklerin-m-w-d-teil-oder-vollzeit\\\/\"]}]},{\"@type\":\"BreadcrumbList\",\"@id\":\"https:\\\/\\\/www.aee-intec.at\\\/en\\\/software-entwicklerin-m-w-d-teil-oder-vollzeit\\\/#breadcrumb\",\"itemListElement\":[{\"@type\":\"ListItem\",\"position\":1,\"name\":\"Home\",\"item\":\"https:\\\/\\\/www.aee-intec.at\\\/en\\\/home-page\\\/\"},{\"@type\":\"ListItem\",\"position\":2,\"name\":\"Softwareentwickler*in (m\\\/w\\\/d) &#8211; (Teil- oder Vollzeit)\"}]},{\"@type\":\"WebSite\",\"@id\":\"https:\\\/\\\/www.aee-intec.at\\\/en\\\/#website\",\"url\":\"https:\\\/\\\/www.aee-intec.at\\\/en\\\/\",\"name\":\"AEE - Institut f\u00fcr Nachhaltige Technologien\",\"description\":\"Willkommen bei AEE - Institut f\u00fcr Nachhaltige Technologien - AEE INTEC\",\"publisher\":{\"@id\":\"https:\\\/\\\/www.aee-intec.at\\\/en\\\/#organization\"},\"potentialAction\":[{\"@type\":\"SearchAction\",\"target\":{\"@type\":\"EntryPoint\",\"urlTemplate\":\"https:\\\/\\\/www.aee-intec.at\\\/en\\\/?s={search_term_string}\"},\"query-input\":{\"@type\":\"PropertyValueSpecification\",\"valueRequired\":true,\"valueName\":\"search_term_string\"}}],\"inLanguage\":\"en-US\"},{\"@type\":\"Organization\",\"@id\":\"https:\\\/\\\/www.aee-intec.at\\\/en\\\/#organization\",\"name\":\"AEE - Institut f\u00fcr Nachhaltige Technologien\",\"url\":\"https:\\\/\\\/www.aee-intec.at\\\/en\\\/\",\"logo\":{\"@type\":\"ImageObject\",\"inLanguage\":\"en-US\",\"@id\":\"https:\\\/\\\/www.aee-intec.at\\\/en\\\/#\\\/schema\\\/logo\\\/image\\\/\",\"url\":\"https:\\\/\\\/www.aee-intec.at\\\/wp-content\\\/uploads\\\/2025\\\/02\\\/logo-1.gif\",\"contentUrl\":\"https:\\\/\\\/www.aee-intec.at\\\/wp-content\\\/uploads\\\/2025\\\/02\\\/logo-1.gif\",\"width\":74,\"height\":96,\"caption\":\"AEE - Institut f\u00fcr Nachhaltige Technologien\"},\"image\":{\"@id\":\"https:\\\/\\\/www.aee-intec.at\\\/en\\\/#\\\/schema\\\/logo\\\/image\\\/\"},\"sameAs\":[\"https:\\\/\\\/at.linkedin.com\\\/company\\\/aee-intec\",\"https:\\\/\\\/www.youtube.com\\\/channel\\\/UC7y2Y-8u6IXEJXbVlEy_vew\"]}]}<\/script>\n<!-- \/ Yoast SEO plugin. -->","yoast_head_json":{"title":"Softwareentwickler*in (m\/w\/d) - (Teil- oder Vollzeit) - AEE INTEC","robots":{"index":"index","follow":"follow","max-snippet":"max-snippet:-1","max-image-preview":"max-image-preview:large","max-video-preview":"max-video-preview:-1"},"canonical":"https:\/\/www.aee-intec.at\/en\/software-entwicklerin-m-w-d-teil-oder-vollzeit\/","schema":{"@context":"https:\/\/schema.org","@graph":[{"@type":"WebPage","@id":"https:\/\/www.aee-intec.at\/en\/software-entwicklerin-m-w-d-teil-oder-vollzeit\/","url":"https:\/\/www.aee-intec.at\/en\/software-entwicklerin-m-w-d-teil-oder-vollzeit\/","name":"Softwareentwickler*in (m\/w\/d) - (Teil- oder Vollzeit) - AEE INTEC","isPartOf":{"@id":"https:\/\/www.aee-intec.at\/en\/#website"},"datePublished":"2026-01-07T12:13:34+00:00","dateModified":"2026-01-16T08:49:01+00:00","breadcrumb":{"@id":"https:\/\/www.aee-intec.at\/en\/software-entwicklerin-m-w-d-teil-oder-vollzeit\/#breadcrumb"},"inLanguage":"en-US","potentialAction":[{"@type":"ReadAction","target":["https:\/\/www.aee-intec.at\/en\/software-entwicklerin-m-w-d-teil-oder-vollzeit\/"]}]},{"@type":"BreadcrumbList","@id":"https:\/\/www.aee-intec.at\/en\/software-entwicklerin-m-w-d-teil-oder-vollzeit\/#breadcrumb","itemListElement":[{"@type":"ListItem","position":1,"name":"Home","item":"https:\/\/www.aee-intec.at\/en\/home-page\/"},{"@type":"ListItem","position":2,"name":"Softwareentwickler*in (m\/w\/d) &#8211; (Teil- oder Vollzeit)"}]},{"@type":"WebSite","@id":"https:\/\/www.aee-intec.at\/en\/#website","url":"https:\/\/www.aee-intec.at\/en\/","name":"AEE - Institut f\u00fcr Nachhaltige Technologien","description":"Willkommen bei AEE - Institut f\u00fcr Nachhaltige Technologien - AEE INTEC","publisher":{"@id":"https:\/\/www.aee-intec.at\/en\/#organization"},"potentialAction":[{"@type":"SearchAction","target":{"@type":"EntryPoint","urlTemplate":"https:\/\/www.aee-intec.at\/en\/?s={search_term_string}"},"query-input":{"@type":"PropertyValueSpecification","valueRequired":true,"valueName":"search_term_string"}}],"inLanguage":"en-US"},{"@type":"Organization","@id":"https:\/\/www.aee-intec.at\/en\/#organization","name":"AEE - Institut f\u00fcr Nachhaltige Technologien","url":"https:\/\/www.aee-intec.at\/en\/","logo":{"@type":"ImageObject","inLanguage":"en-US","@id":"https:\/\/www.aee-intec.at\/en\/#\/schema\/logo\/image\/","url":"https:\/\/www.aee-intec.at\/wp-content\/uploads\/2025\/02\/logo-1.gif","contentUrl":"https:\/\/www.aee-intec.at\/wp-content\/uploads\/2025\/02\/logo-1.gif","width":74,"height":96,"caption":"AEE - Institut f\u00fcr Nachhaltige Technologien"},"image":{"@id":"https:\/\/www.aee-intec.at\/en\/#\/schema\/logo\/image\/"},"sameAs":["https:\/\/at.linkedin.com\/company\/aee-intec","https:\/\/www.youtube.com\/channel\/UC7y2Y-8u6IXEJXbVlEy_vew"]}]}},"_links":{"self":[{"href":"https:\/\/www.aee-intec.at\/en\/wp-json\/wp\/v2\/pages\/9192","targetHints":{"allow":["GET"]}}],"collection":[{"href":"https:\/\/www.aee-intec.at\/en\/wp-json\/wp\/v2\/pages"}],"about":[{"href":"https:\/\/www.aee-intec.at\/en\/wp-json\/wp\/v2\/types\/page"}],"author":[{"embeddable":true,"href":"https:\/\/www.aee-intec.at\/en\/wp-json\/wp\/v2\/users\/1"}],"replies":[{"embeddable":true,"href":"https:\/\/www.aee-intec.at\/en\/wp-json\/wp\/v2\/comments?post=9192"}],"version-history":[{"count":0,"href":"https:\/\/www.aee-intec.at\/en\/wp-json\/wp\/v2\/pages\/9192\/revisions"}],"wp:attachment":[{"href":"https:\/\/www.aee-intec.at\/en\/wp-json\/wp\/v2\/media?parent=9192"}],"curies":[{"name":"wp","href":"https:\/\/api.w.org\/{rel}","templated":true}]}}