{"id":9195,"date":"2025-11-10T11:20:02","date_gmt":"2025-11-10T09:20:02","guid":{"rendered":"https:\/\/www.aee-intec.at\/masterarbeit-modellierung-und-simulation-der-integration-lokaler-fernwaermenetze-in-ueberregionale-fernwaermenetze\/"},"modified":"2026-01-07T14:40:50","modified_gmt":"2026-01-07T12:40:50","slug":"masterarbeit-modellierung-und-simulation-der-integration-lokaler-fernwaermenetze-in-ueberregionale-fernwaermenetze","status":"publish","type":"page","link":"https:\/\/www.aee-intec.at\/en\/masterarbeit-modellierung-und-simulation-der-integration-lokaler-fernwaermenetze-in-ueberregionale-fernwaermenetze\/","title":{"rendered":"Masterarbeit: Modellierung und Simulation der Integration lokaler Fernw\u00e4rmenetze in \u00fcberregionale Fernw\u00e4rmenetze"},"content":{"rendered":"\t\t<div data-elementor-type=\"wp-page\" data-elementor-id=\"9195\" class=\"elementor elementor-9195 elementor-8742\" data-elementor-post-type=\"page\">\n\t\t\t\t<div class=\"elementor-element elementor-element-2a72f82 e-flex e-con-boxed e-con e-parent\" data-id=\"2a72f82\" data-element_type=\"container\" data-e-type=\"container\">\n\t\t\t\t\t<div class=\"e-con-inner\">\n\t\t\t\t\t<\/div>\n\t\t\t\t<\/div>\n\t\t<div class=\"elementor-element elementor-element-20dedaa e-flex e-con-boxed e-con e-parent\" data-id=\"20dedaa\" data-element_type=\"container\" data-e-type=\"container\">\n\t\t\t\t\t<div class=\"e-con-inner\">\n\t\t\t\t<div class=\"elementor-element elementor-element-bba0094 elementor-widget elementor-widget-text-editor\" data-id=\"bba0094\" data-element_type=\"widget\" data-e-type=\"widget\" data-widget_type=\"text-editor.default\">\n\t\t\t\t<div class=\"elementor-widget-container\">\n\t\t\t\t\t\t\t\t\t<h4>AEE INTEC<\/h4><p>AEE \u2013 Institut f\u00fcr Nachhaltige Technologien (AEE INTEC) ist ein au\u00dferuniversit\u00e4res Forschungsinstitut, das im Jahr 1988 gegr\u00fcndet wurde. AEE INTEC besch\u00e4ftigt derzeit rund 90 Mitarbeiter*Innen aus f\u00fcnfzehn Nationen und vergibt laufend Bachelor- und Masterarbeiten sowie Praktika. Das Institut arbeitet in den thematischen Bereichen \u201eGeb\u00e4ude\u201c, \u201eSt\u00e4dte und Netze\u201c, \u201eTechnologieentwicklung\u201c und \u201eIndustrielle Systeme\u201c an Grundlagen- und anwendungsorientierter Forschung im Rahmen nationaler und internationaler F&amp;E-Projekte in Kooperation mit Universit\u00e4ten, FHs, anderen Forschungseinrichtungen &amp; Industriepartnern. <\/p><h4>Forschungsprojekt<\/h4><p>Ab dem Jahr 2050 muss die gesamte W\u00e4rme in Fernw\u00e4rmenetzen laut EU-Vorgabe vollst\u00e4ndig aus erneuerbaren Energiequellen oder industrieller Abw\u00e4rme stammen. \u00dcberregionale Fernw\u00e4rme-Transportleitungen k\u00f6nnen wesentlich dazu beitragen, dieses Ziel zu erreichen: Sie verbinden industrielle Abw\u00e4rme und andere nachhaltige Quellen mit bestehenden und zuk\u00fcnftigen Fernw\u00e4rmenetzen, industriellen Prozessw\u00e4rmesenken und W\u00e4rmespeichern. Dadurch k\u00f6nnen Unterschiede in Erzeugung und Verbrauch besser ausgeglichen und W\u00e4rme nachhaltig, effizient und gro\u00dffl\u00e4chig bereitgestellt werden. Um lokale Netze optimal in \u00fcberregionale Strukturen zu integrieren, sollen detaillierte transiente Simulationen durchgef\u00fchrt werden, mit deren Hilfe die technische und wirtschaftliche Integration untersucht wird.   <\/p><h4>Master-Arbeit<\/h4><p>Inhalte dieser Masterarbeit sind:<\/p><ul><li>Literaturrecherche zu \u00fcberregionalen Fernw\u00e4rmenetzen (z.B. bestehende \u00fcberregionale Fernw\u00e4rmenetze, Integrationsstrategien von lokalen in \u00fcberregionale Fernw\u00e4rmenetze, L\u00f6sen regionalen Engp\u00e4ssen mittels \u00fcberregionaler Netze)<\/li><li>Datenerhebung und -analyse von lokalen Fernw\u00e4rmenetzen als Input f\u00fcr die Simulationen<\/li><li>Modellaufbau und Simulation des Zusammenschlusses von Fernw\u00e4rmenetzen mittels Trennw\u00e4rmetauscher, W\u00e4rmepumpen und Absorptionsw\u00e4rmetauscher in Modelica\/Dymola<\/li><li>Techno-\u00f6konomische Optimierung des Betriebs bzw. des Energieaustauschs zwischen den Fernw\u00e4rmenetzen (z.B. via Sensitivit\u00e4tsanalyse, Parameterstudie etc.)<\/li><\/ul><h4> <\/h4><h4>We expect\u2026<\/h4><ul><li>Interessiertes, kreatives, wissenschaftliches, selbstst\u00e4ndiges und l\u00f6sungsorientiertes Arbeiten<\/li><li>Motivation und Verl\u00e4sslichkeit<\/li><\/ul><ul><li>Sehr gute Deutschkenntnisse bzw. verhandlungssichere Englischkenntnisse in Wort und Schrift<\/li><li>Fundierte Kenntnisse in Thermodynamik- und W\u00e4rmepumpentechnik<\/li><li>Bereitschaft zur Einarbeitung in das Konzept\u00fcberregionaler Fernw\u00e4rmenetze sowie in das Simulationstool Modelica\/Dymola<\/li><\/ul><h4> <\/h4><h4>Wir bieten&#8230;<\/h4><ul><li>Bezahlte Masterarbeit mit enger Einbindung in ein laufendes Forschungsprojekt<\/li><li>Hilfestellung durch erfahrene Kolleg*Innen<\/li><li>Zeitrahmen: Beginn ab sofort, Dauer: 6 Monate, Ort der Durchf\u00fchrung: Gleisdorf, Austria<\/li><\/ul><h4> <\/h4><h4>Contact<\/h4><p>Jakob H\u00fctter<br>Tel.: +43 (0)3112 5886-213, <br>E-Mail: <a href=\"mailto:j.huetter@aee.at\">j.huetter@aee.at<\/a><\/p>\t\t\t\t\t\t\t\t<\/div>\n\t\t\t\t<\/div>\n\t\t\t\t\t<\/div>\n\t\t\t\t<\/div>\n\t\t\t\t<\/div>\n\t\t","protected":false},"excerpt":{"rendered":"<p>AEE INTEC AEE \u2013 Institut f\u00fcr Nachhaltige Technologien (AEE INTEC) ist ein au\u00dferuniversit\u00e4res Forschungsinstitut, das im Jahr 1988 gegr\u00fcndet wurde. AEE INTEC besch\u00e4ftigt derzeit rund 90 Mitarbeiter*Innen aus f\u00fcnfzehn Nationen und vergibt laufend Bachelor- und Masterarbeiten sowie Praktika. Das Institut arbeitet in den thematischen Bereichen \u201eGeb\u00e4ude\u201c, \u201eSt\u00e4dte und Netze\u201c, \u201eTechnologieentwicklung\u201c und \u201eIndustrielle Systeme\u201c an Grundlagen- [&hellip;]<\/p>\n","protected":false},"author":1,"featured_media":0,"parent":0,"menu_order":0,"comment_status":"closed","ping_status":"closed","template":"","meta":{"_acf_changed":false,"inline_featured_image":false,"footnotes":""},"class_list":["post-9195","page","type-page","status-publish","hentry"],"acf":[],"yoast_head":"<!-- This site is optimized with the Yoast SEO plugin v27.4 - https:\/\/yoast.com\/product\/yoast-seo-wordpress\/ -->\n<title>Masterarbeit: Modellierung und Simulation der Integration lokaler Fernw\u00e4rmenetze in \u00fcberregionale Fernw\u00e4rmenetze - AEE INTEC<\/title>\n<meta name=\"robots\" content=\"index, follow, max-snippet:-1, max-image-preview:large, max-video-preview:-1\" \/>\n<link rel=\"canonical\" href=\"https:\/\/www.aee-intec.at\/en\/masterarbeit-modellierung-und-simulation-der-integration-lokaler-fernwaermenetze-in-ueberregionale-fernwaermenetze\/\" \/>\n<script type=\"application\/ld+json\" class=\"yoast-schema-graph\">{\"@context\":\"https:\\\/\\\/schema.org\",\"@graph\":[{\"@type\":\"WebPage\",\"@id\":\"https:\\\/\\\/www.aee-intec.at\\\/en\\\/masterarbeit-modellierung-und-simulation-der-integration-lokaler-fernwaermenetze-in-ueberregionale-fernwaermenetze\\\/\",\"url\":\"https:\\\/\\\/www.aee-intec.at\\\/en\\\/masterarbeit-modellierung-und-simulation-der-integration-lokaler-fernwaermenetze-in-ueberregionale-fernwaermenetze\\\/\",\"name\":\"Masterarbeit: Modellierung und Simulation der Integration lokaler Fernw\u00e4rmenetze in \u00fcberregionale Fernw\u00e4rmenetze - AEE INTEC\",\"isPartOf\":{\"@id\":\"https:\\\/\\\/www.aee-intec.at\\\/en\\\/#website\"},\"datePublished\":\"2025-11-10T09:20:02+00:00\",\"dateModified\":\"2026-01-07T12:40:50+00:00\",\"breadcrumb\":{\"@id\":\"https:\\\/\\\/www.aee-intec.at\\\/en\\\/masterarbeit-modellierung-und-simulation-der-integration-lokaler-fernwaermenetze-in-ueberregionale-fernwaermenetze\\\/#breadcrumb\"},\"inLanguage\":\"en-US\",\"potentialAction\":[{\"@type\":\"ReadAction\",\"target\":[\"https:\\\/\\\/www.aee-intec.at\\\/en\\\/masterarbeit-modellierung-und-simulation-der-integration-lokaler-fernwaermenetze-in-ueberregionale-fernwaermenetze\\\/\"]}]},{\"@type\":\"BreadcrumbList\",\"@id\":\"https:\\\/\\\/www.aee-intec.at\\\/en\\\/masterarbeit-modellierung-und-simulation-der-integration-lokaler-fernwaermenetze-in-ueberregionale-fernwaermenetze\\\/#breadcrumb\",\"itemListElement\":[{\"@type\":\"ListItem\",\"position\":1,\"name\":\"Home\",\"item\":\"https:\\\/\\\/www.aee-intec.at\\\/en\\\/home-page\\\/\"},{\"@type\":\"ListItem\",\"position\":2,\"name\":\"Masterarbeit: Modellierung und Simulation der Integration lokaler Fernw\u00e4rmenetze in \u00fcberregionale Fernw\u00e4rmenetze\"}]},{\"@type\":\"WebSite\",\"@id\":\"https:\\\/\\\/www.aee-intec.at\\\/en\\\/#website\",\"url\":\"https:\\\/\\\/www.aee-intec.at\\\/en\\\/\",\"name\":\"AEE - Institut f\u00fcr Nachhaltige Technologien\",\"description\":\"Willkommen bei AEE - Institut f\u00fcr Nachhaltige Technologien - AEE INTEC\",\"publisher\":{\"@id\":\"https:\\\/\\\/www.aee-intec.at\\\/en\\\/#organization\"},\"potentialAction\":[{\"@type\":\"SearchAction\",\"target\":{\"@type\":\"EntryPoint\",\"urlTemplate\":\"https:\\\/\\\/www.aee-intec.at\\\/en\\\/?s={search_term_string}\"},\"query-input\":{\"@type\":\"PropertyValueSpecification\",\"valueRequired\":true,\"valueName\":\"search_term_string\"}}],\"inLanguage\":\"en-US\"},{\"@type\":\"Organization\",\"@id\":\"https:\\\/\\\/www.aee-intec.at\\\/en\\\/#organization\",\"name\":\"AEE - Institut f\u00fcr Nachhaltige Technologien\",\"url\":\"https:\\\/\\\/www.aee-intec.at\\\/en\\\/\",\"logo\":{\"@type\":\"ImageObject\",\"inLanguage\":\"en-US\",\"@id\":\"https:\\\/\\\/www.aee-intec.at\\\/en\\\/#\\\/schema\\\/logo\\\/image\\\/\",\"url\":\"https:\\\/\\\/www.aee-intec.at\\\/wp-content\\\/uploads\\\/2025\\\/02\\\/logo-1.gif\",\"contentUrl\":\"https:\\\/\\\/www.aee-intec.at\\\/wp-content\\\/uploads\\\/2025\\\/02\\\/logo-1.gif\",\"width\":74,\"height\":96,\"caption\":\"AEE - Institut f\u00fcr Nachhaltige Technologien\"},\"image\":{\"@id\":\"https:\\\/\\\/www.aee-intec.at\\\/en\\\/#\\\/schema\\\/logo\\\/image\\\/\"},\"sameAs\":[\"https:\\\/\\\/at.linkedin.com\\\/company\\\/aee-intec\",\"https:\\\/\\\/www.youtube.com\\\/channel\\\/UC7y2Y-8u6IXEJXbVlEy_vew\"]}]}<\/script>\n<!-- \/ Yoast SEO plugin. -->","yoast_head_json":{"title":"Masterarbeit: Modellierung und Simulation der Integration lokaler Fernw\u00e4rmenetze in \u00fcberregionale Fernw\u00e4rmenetze - AEE INTEC","robots":{"index":"index","follow":"follow","max-snippet":"max-snippet:-1","max-image-preview":"max-image-preview:large","max-video-preview":"max-video-preview:-1"},"canonical":"https:\/\/www.aee-intec.at\/en\/masterarbeit-modellierung-und-simulation-der-integration-lokaler-fernwaermenetze-in-ueberregionale-fernwaermenetze\/","schema":{"@context":"https:\/\/schema.org","@graph":[{"@type":"WebPage","@id":"https:\/\/www.aee-intec.at\/en\/masterarbeit-modellierung-und-simulation-der-integration-lokaler-fernwaermenetze-in-ueberregionale-fernwaermenetze\/","url":"https:\/\/www.aee-intec.at\/en\/masterarbeit-modellierung-und-simulation-der-integration-lokaler-fernwaermenetze-in-ueberregionale-fernwaermenetze\/","name":"Masterarbeit: Modellierung und Simulation der Integration lokaler Fernw\u00e4rmenetze in \u00fcberregionale Fernw\u00e4rmenetze - AEE INTEC","isPartOf":{"@id":"https:\/\/www.aee-intec.at\/en\/#website"},"datePublished":"2025-11-10T09:20:02+00:00","dateModified":"2026-01-07T12:40:50+00:00","breadcrumb":{"@id":"https:\/\/www.aee-intec.at\/en\/masterarbeit-modellierung-und-simulation-der-integration-lokaler-fernwaermenetze-in-ueberregionale-fernwaermenetze\/#breadcrumb"},"inLanguage":"en-US","potentialAction":[{"@type":"ReadAction","target":["https:\/\/www.aee-intec.at\/en\/masterarbeit-modellierung-und-simulation-der-integration-lokaler-fernwaermenetze-in-ueberregionale-fernwaermenetze\/"]}]},{"@type":"BreadcrumbList","@id":"https:\/\/www.aee-intec.at\/en\/masterarbeit-modellierung-und-simulation-der-integration-lokaler-fernwaermenetze-in-ueberregionale-fernwaermenetze\/#breadcrumb","itemListElement":[{"@type":"ListItem","position":1,"name":"Home","item":"https:\/\/www.aee-intec.at\/en\/home-page\/"},{"@type":"ListItem","position":2,"name":"Masterarbeit: Modellierung und Simulation der Integration lokaler Fernw\u00e4rmenetze in \u00fcberregionale Fernw\u00e4rmenetze"}]},{"@type":"WebSite","@id":"https:\/\/www.aee-intec.at\/en\/#website","url":"https:\/\/www.aee-intec.at\/en\/","name":"AEE - Institut f\u00fcr Nachhaltige Technologien","description":"Willkommen bei AEE - Institut f\u00fcr Nachhaltige Technologien - AEE INTEC","publisher":{"@id":"https:\/\/www.aee-intec.at\/en\/#organization"},"potentialAction":[{"@type":"SearchAction","target":{"@type":"EntryPoint","urlTemplate":"https:\/\/www.aee-intec.at\/en\/?s={search_term_string}"},"query-input":{"@type":"PropertyValueSpecification","valueRequired":true,"valueName":"search_term_string"}}],"inLanguage":"en-US"},{"@type":"Organization","@id":"https:\/\/www.aee-intec.at\/en\/#organization","name":"AEE - Institut f\u00fcr Nachhaltige Technologien","url":"https:\/\/www.aee-intec.at\/en\/","logo":{"@type":"ImageObject","inLanguage":"en-US","@id":"https:\/\/www.aee-intec.at\/en\/#\/schema\/logo\/image\/","url":"https:\/\/www.aee-intec.at\/wp-content\/uploads\/2025\/02\/logo-1.gif","contentUrl":"https:\/\/www.aee-intec.at\/wp-content\/uploads\/2025\/02\/logo-1.gif","width":74,"height":96,"caption":"AEE - Institut f\u00fcr Nachhaltige Technologien"},"image":{"@id":"https:\/\/www.aee-intec.at\/en\/#\/schema\/logo\/image\/"},"sameAs":["https:\/\/at.linkedin.com\/company\/aee-intec","https:\/\/www.youtube.com\/channel\/UC7y2Y-8u6IXEJXbVlEy_vew"]}]}},"_links":{"self":[{"href":"https:\/\/www.aee-intec.at\/en\/wp-json\/wp\/v2\/pages\/9195","targetHints":{"allow":["GET"]}}],"collection":[{"href":"https:\/\/www.aee-intec.at\/en\/wp-json\/wp\/v2\/pages"}],"about":[{"href":"https:\/\/www.aee-intec.at\/en\/wp-json\/wp\/v2\/types\/page"}],"author":[{"embeddable":true,"href":"https:\/\/www.aee-intec.at\/en\/wp-json\/wp\/v2\/users\/1"}],"replies":[{"embeddable":true,"href":"https:\/\/www.aee-intec.at\/en\/wp-json\/wp\/v2\/comments?post=9195"}],"version-history":[{"count":0,"href":"https:\/\/www.aee-intec.at\/en\/wp-json\/wp\/v2\/pages\/9195\/revisions"}],"wp:attachment":[{"href":"https:\/\/www.aee-intec.at\/en\/wp-json\/wp\/v2\/media?parent=9195"}],"curies":[{"name":"wp","href":"https:\/\/api.w.org\/{rel}","templated":true}]}}