{"id":9196,"date":"2025-10-16T09:35:42","date_gmt":"2025-10-16T07:35:42","guid":{"rendered":"https:\/\/www.aee-intec.at\/masterarbeit-messungen-und-datenauswertung-als-basis-fuer-die-entwicklung-von-energiedienstleistungen-in-gebaeudeenergiesystemen\/"},"modified":"2026-01-07T14:41:26","modified_gmt":"2026-01-07T12:41:26","slug":"masterarbeit-messungen-und-datenauswertung-als-basis-fuer-die-entwicklung-von-energiedienstleistungen-in-gebaeudeenergiesystemen","status":"publish","type":"page","link":"https:\/\/www.aee-intec.at\/en\/masterarbeit-messungen-und-datenauswertung-als-basis-fuer-die-entwicklung-von-energiedienstleistungen-in-gebaeudeenergiesystemen\/","title":{"rendered":"Masterarbeit: Messungen und Datenauswertung als Basis f\u00fcr die Entwicklung von Energiedienstleistungen in Geb\u00e4udeenergiesystemen"},"content":{"rendered":"\t\t<div data-elementor-type=\"wp-page\" data-elementor-id=\"9196\" class=\"elementor elementor-9196 elementor-8653\" data-elementor-post-type=\"page\">\n\t\t\t\t<div class=\"elementor-element elementor-element-9ba16fa e-flex e-con-boxed e-con e-parent\" data-id=\"9ba16fa\" data-element_type=\"container\" data-e-type=\"container\">\n\t\t\t\t\t<div class=\"e-con-inner\">\n\t\t\t\t\t<\/div>\n\t\t\t\t<\/div>\n\t\t<div class=\"elementor-element elementor-element-018e006 e-flex e-con-boxed e-con e-parent\" data-id=\"018e006\" data-element_type=\"container\" data-e-type=\"container\">\n\t\t\t\t\t<div class=\"e-con-inner\">\n\t\t\t\t<div class=\"elementor-element elementor-element-4ce4428 elementor-widget elementor-widget-text-editor\" data-id=\"4ce4428\" data-element_type=\"widget\" data-e-type=\"widget\" data-widget_type=\"text-editor.default\">\n\t\t\t\t<div class=\"elementor-widget-container\">\n\t\t\t\t\t\t\t\t\t<h4>AEE INTEC<\/h4><p>AEE \u2013 Institut f\u00fcr Nachhaltige Technologien (AEE INTEC) ist ein au\u00dferuniversit\u00e4res Forschungsinstitut, das im Jahr 1988 gegr\u00fcndet wurde. AEE INTEC besch\u00e4ftigt derzeit rund 80 MitarbeiterInnen aus zehn Nationen und vergibt laufend Bachelor- und Masterarbeiten sowie Praktika. AEE INTEC arbeitet in den thematischen Bereichen \u201eGeb\u00e4ude\u201c, \u201eSt\u00e4dte und Netze\u201c, \u201eTechnologieentwicklung\u201c und \u201eIndustrielle Systeme\u201c an Grundlagen- und anwendungsorientierter Forschung in nationalen und internationalen F&amp;E-Projekte in Kooperationen mit Universit\u00e4ten, FHs, anderen Forschungseinrichtungen und der Industrie. <\/p><h4>Forschungsinhalte und Ziele<\/h4><p>Ziel der ausgeschriebenen Masterarbeit ist die Sammlung von Erkenntnissen bez\u00fcglich Datenqualit\u00e4t und -aufbereitung f\u00fcr die Entwicklung von Energiedienstleistungen in Geb\u00e4udeenergiesystemen. Dazu sollen Messungen in 3 gro\u00dfvolumigen Geb\u00e4uden einer Gemeinde betreut und die Daten ausgewertet werden. Dies soll der Gemeinde helfen, mehr Wissen zur direkten Nutzung Erneuerbarer Energien und CO<sub>2<\/sub>-Reduktion im Betrieb ihrer Geb\u00e4ude sowie zu Kostensenkungen dadurch zu erlangen. Es soll ein Beitrag zur Dekarbonisierung durch den Betrieb ihrer Geb\u00e4ude bei gleichzeitiger Minimierung der Betriebskosten und gesteigerter Flexibilit\u00e4t erzielt werden.   <\/p><h4>Inhalt der Masterarbeit<\/h4><p>Die Masterarbeit ist in ein laufendes Forschungsprojekt von AEE INTEC eingebunden und soll in enger Kooperation mit dem Projektteam als auch punktuell mit dem gesamten Projektkonsortium erfolgen. Inhaltliche Fragestellungen:<\/p><ul><li>Welche Daten sollen in Geb\u00e4uden mit Messungen erfasst werden, um die Ziele zu erreichen?<\/li><li>Wie kann die Datenqualit\u00e4t und -aufbereitung in Richtung Erfassung wichtiger Indikatoren optimiert werden?<\/li><li>Wie k\u00f6nnen die gewonnenen Daten zur Flexibilisierung im Betrieb und Kosteneinsparungen genutzt werden?<\/li><li>Welche Betriebs-Optimierungen oder Energiedienstleistungen w\u00e4ren f\u00fcr die jeweiligen Geb\u00e4ude denkbar?<\/li><\/ul><h4> <\/h4><h4>We expect\u2026<\/h4><ul><li>Kenntnisse im Bereich Geb\u00e4ude und Energie; Energieausweis; eventuell Mess-\/Regelungstechnik<\/li><li>Interesse an Geb\u00e4uden, Geb\u00e4udetechnik sowie Komponenten dazu<\/li><li>Kreatives, exaktes, selbst\u00e4ndiges und l\u00f6sungsorientiertes Arbeiten<\/li><li>Sehr gute Deutschkenntnisse in Wort und Schrift<\/li><\/ul><h4> <\/h4><h4>Wir bieten&#8230;<\/h4><ul><li>Bezahlte Masterarbeit eingebunden in ein nationales Forschungsprojekt mit realen Daten von gro\u00dfen Geb\u00e4uden<\/li><li>Intensive Betreuung durch qualifizierte, erfahrene Mitarbeiter*innen auf den Gebieten nachhaltige Geb\u00e4ude, erneuerbare Energiequellen und Geb\u00e4udesanierung<\/li><li>Geplante Dauer: 6 Monate (ggf. auch l\u00e4nger); Start: nach Absprache (ab sofort)<\/li><\/ul><h4> <\/h4><h4>Kontakt f\u00fcr inhaltliche Fragen und Bewerbungen an:<\/h4><p>DI Armin Knotzer <br>E-Mail: <a href=\"mailto:a.knotzer@aee.at\">a.knotzer@aee.at<\/a><br>Tel.: +43 3112\/5886-369<br><a href=\"https:\/\/www.aee-intec.at\/en\/\" target=\"_blank\" rel=\"noopener\">https:\/\/www.aee-intec.at<\/a>              <\/p>\t\t\t\t\t\t\t\t<\/div>\n\t\t\t\t<\/div>\n\t\t\t\t\t<\/div>\n\t\t\t\t<\/div>\n\t\t\t\t<\/div>\n\t\t","protected":false},"excerpt":{"rendered":"<p>AEE INTEC AEE \u2013 Institut f\u00fcr Nachhaltige Technologien (AEE INTEC) ist ein au\u00dferuniversit\u00e4res Forschungsinstitut, das im Jahr 1988 gegr\u00fcndet wurde. AEE INTEC besch\u00e4ftigt derzeit rund 80 MitarbeiterInnen aus zehn Nationen und vergibt laufend Bachelor- und Masterarbeiten sowie Praktika. AEE INTEC arbeitet in den thematischen Bereichen \u201eGeb\u00e4ude\u201c, \u201eSt\u00e4dte und Netze\u201c, \u201eTechnologieentwicklung\u201c und \u201eIndustrielle Systeme\u201c an Grundlagen- [&hellip;]<\/p>\n","protected":false},"author":1,"featured_media":0,"parent":0,"menu_order":0,"comment_status":"closed","ping_status":"closed","template":"","meta":{"_acf_changed":false,"inline_featured_image":false,"footnotes":""},"class_list":["post-9196","page","type-page","status-publish","hentry"],"acf":[],"yoast_head":"<!-- This site is optimized with the Yoast SEO plugin v27.4 - https:\/\/yoast.com\/product\/yoast-seo-wordpress\/ -->\n<title>Masterarbeit: Messungen und Datenauswertung als Basis f\u00fcr die Entwicklung von Energiedienstleistungen in Geb\u00e4udeenergiesystemen - AEE INTEC<\/title>\n<meta name=\"robots\" content=\"index, follow, max-snippet:-1, max-image-preview:large, max-video-preview:-1\" \/>\n<link rel=\"canonical\" href=\"https:\/\/www.aee-intec.at\/en\/masterarbeit-messungen-und-datenauswertung-als-basis-fuer-die-entwicklung-von-energiedienstleistungen-in-gebaeudeenergiesystemen\/\" \/>\n<script type=\"application\/ld+json\" class=\"yoast-schema-graph\">{\"@context\":\"https:\\\/\\\/schema.org\",\"@graph\":[{\"@type\":\"WebPage\",\"@id\":\"https:\\\/\\\/www.aee-intec.at\\\/en\\\/masterarbeit-messungen-und-datenauswertung-als-basis-fuer-die-entwicklung-von-energiedienstleistungen-in-gebaeudeenergiesystemen\\\/\",\"url\":\"https:\\\/\\\/www.aee-intec.at\\\/en\\\/masterarbeit-messungen-und-datenauswertung-als-basis-fuer-die-entwicklung-von-energiedienstleistungen-in-gebaeudeenergiesystemen\\\/\",\"name\":\"Masterarbeit: Messungen und Datenauswertung als Basis f\u00fcr die Entwicklung von Energiedienstleistungen in Geb\u00e4udeenergiesystemen - AEE INTEC\",\"isPartOf\":{\"@id\":\"https:\\\/\\\/www.aee-intec.at\\\/en\\\/#website\"},\"datePublished\":\"2025-10-16T07:35:42+00:00\",\"dateModified\":\"2026-01-07T12:41:26+00:00\",\"breadcrumb\":{\"@id\":\"https:\\\/\\\/www.aee-intec.at\\\/en\\\/masterarbeit-messungen-und-datenauswertung-als-basis-fuer-die-entwicklung-von-energiedienstleistungen-in-gebaeudeenergiesystemen\\\/#breadcrumb\"},\"inLanguage\":\"en-US\",\"potentialAction\":[{\"@type\":\"ReadAction\",\"target\":[\"https:\\\/\\\/www.aee-intec.at\\\/en\\\/masterarbeit-messungen-und-datenauswertung-als-basis-fuer-die-entwicklung-von-energiedienstleistungen-in-gebaeudeenergiesystemen\\\/\"]}]},{\"@type\":\"BreadcrumbList\",\"@id\":\"https:\\\/\\\/www.aee-intec.at\\\/en\\\/masterarbeit-messungen-und-datenauswertung-als-basis-fuer-die-entwicklung-von-energiedienstleistungen-in-gebaeudeenergiesystemen\\\/#breadcrumb\",\"itemListElement\":[{\"@type\":\"ListItem\",\"position\":1,\"name\":\"Home\",\"item\":\"https:\\\/\\\/www.aee-intec.at\\\/en\\\/home-page\\\/\"},{\"@type\":\"ListItem\",\"position\":2,\"name\":\"Masterarbeit: Messungen und Datenauswertung als Basis f\u00fcr die Entwicklung von Energiedienstleistungen in Geb\u00e4udeenergiesystemen\"}]},{\"@type\":\"WebSite\",\"@id\":\"https:\\\/\\\/www.aee-intec.at\\\/en\\\/#website\",\"url\":\"https:\\\/\\\/www.aee-intec.at\\\/en\\\/\",\"name\":\"AEE - Institut f\u00fcr Nachhaltige Technologien\",\"description\":\"Willkommen bei AEE - Institut f\u00fcr Nachhaltige Technologien - AEE INTEC\",\"publisher\":{\"@id\":\"https:\\\/\\\/www.aee-intec.at\\\/en\\\/#organization\"},\"potentialAction\":[{\"@type\":\"SearchAction\",\"target\":{\"@type\":\"EntryPoint\",\"urlTemplate\":\"https:\\\/\\\/www.aee-intec.at\\\/en\\\/?s={search_term_string}\"},\"query-input\":{\"@type\":\"PropertyValueSpecification\",\"valueRequired\":true,\"valueName\":\"search_term_string\"}}],\"inLanguage\":\"en-US\"},{\"@type\":\"Organization\",\"@id\":\"https:\\\/\\\/www.aee-intec.at\\\/en\\\/#organization\",\"name\":\"AEE - Institut f\u00fcr Nachhaltige Technologien\",\"url\":\"https:\\\/\\\/www.aee-intec.at\\\/en\\\/\",\"logo\":{\"@type\":\"ImageObject\",\"inLanguage\":\"en-US\",\"@id\":\"https:\\\/\\\/www.aee-intec.at\\\/en\\\/#\\\/schema\\\/logo\\\/image\\\/\",\"url\":\"https:\\\/\\\/www.aee-intec.at\\\/wp-content\\\/uploads\\\/2025\\\/02\\\/logo-1.gif\",\"contentUrl\":\"https:\\\/\\\/www.aee-intec.at\\\/wp-content\\\/uploads\\\/2025\\\/02\\\/logo-1.gif\",\"width\":74,\"height\":96,\"caption\":\"AEE - Institut f\u00fcr Nachhaltige Technologien\"},\"image\":{\"@id\":\"https:\\\/\\\/www.aee-intec.at\\\/en\\\/#\\\/schema\\\/logo\\\/image\\\/\"},\"sameAs\":[\"https:\\\/\\\/at.linkedin.com\\\/company\\\/aee-intec\",\"https:\\\/\\\/www.youtube.com\\\/channel\\\/UC7y2Y-8u6IXEJXbVlEy_vew\"]}]}<\/script>\n<!-- \/ Yoast SEO plugin. -->","yoast_head_json":{"title":"Masterarbeit: Messungen und Datenauswertung als Basis f\u00fcr die Entwicklung von Energiedienstleistungen in Geb\u00e4udeenergiesystemen - AEE INTEC","robots":{"index":"index","follow":"follow","max-snippet":"max-snippet:-1","max-image-preview":"max-image-preview:large","max-video-preview":"max-video-preview:-1"},"canonical":"https:\/\/www.aee-intec.at\/en\/masterarbeit-messungen-und-datenauswertung-als-basis-fuer-die-entwicklung-von-energiedienstleistungen-in-gebaeudeenergiesystemen\/","schema":{"@context":"https:\/\/schema.org","@graph":[{"@type":"WebPage","@id":"https:\/\/www.aee-intec.at\/en\/masterarbeit-messungen-und-datenauswertung-als-basis-fuer-die-entwicklung-von-energiedienstleistungen-in-gebaeudeenergiesystemen\/","url":"https:\/\/www.aee-intec.at\/en\/masterarbeit-messungen-und-datenauswertung-als-basis-fuer-die-entwicklung-von-energiedienstleistungen-in-gebaeudeenergiesystemen\/","name":"Masterarbeit: Messungen und Datenauswertung als Basis f\u00fcr die Entwicklung von Energiedienstleistungen in Geb\u00e4udeenergiesystemen - AEE INTEC","isPartOf":{"@id":"https:\/\/www.aee-intec.at\/en\/#website"},"datePublished":"2025-10-16T07:35:42+00:00","dateModified":"2026-01-07T12:41:26+00:00","breadcrumb":{"@id":"https:\/\/www.aee-intec.at\/en\/masterarbeit-messungen-und-datenauswertung-als-basis-fuer-die-entwicklung-von-energiedienstleistungen-in-gebaeudeenergiesystemen\/#breadcrumb"},"inLanguage":"en-US","potentialAction":[{"@type":"ReadAction","target":["https:\/\/www.aee-intec.at\/en\/masterarbeit-messungen-und-datenauswertung-als-basis-fuer-die-entwicklung-von-energiedienstleistungen-in-gebaeudeenergiesystemen\/"]}]},{"@type":"BreadcrumbList","@id":"https:\/\/www.aee-intec.at\/en\/masterarbeit-messungen-und-datenauswertung-als-basis-fuer-die-entwicklung-von-energiedienstleistungen-in-gebaeudeenergiesystemen\/#breadcrumb","itemListElement":[{"@type":"ListItem","position":1,"name":"Home","item":"https:\/\/www.aee-intec.at\/en\/home-page\/"},{"@type":"ListItem","position":2,"name":"Masterarbeit: Messungen und Datenauswertung als Basis f\u00fcr die Entwicklung von Energiedienstleistungen in Geb\u00e4udeenergiesystemen"}]},{"@type":"WebSite","@id":"https:\/\/www.aee-intec.at\/en\/#website","url":"https:\/\/www.aee-intec.at\/en\/","name":"AEE - Institut f\u00fcr Nachhaltige Technologien","description":"Willkommen bei AEE - Institut f\u00fcr Nachhaltige Technologien - AEE INTEC","publisher":{"@id":"https:\/\/www.aee-intec.at\/en\/#organization"},"potentialAction":[{"@type":"SearchAction","target":{"@type":"EntryPoint","urlTemplate":"https:\/\/www.aee-intec.at\/en\/?s={search_term_string}"},"query-input":{"@type":"PropertyValueSpecification","valueRequired":true,"valueName":"search_term_string"}}],"inLanguage":"en-US"},{"@type":"Organization","@id":"https:\/\/www.aee-intec.at\/en\/#organization","name":"AEE - Institut f\u00fcr Nachhaltige Technologien","url":"https:\/\/www.aee-intec.at\/en\/","logo":{"@type":"ImageObject","inLanguage":"en-US","@id":"https:\/\/www.aee-intec.at\/en\/#\/schema\/logo\/image\/","url":"https:\/\/www.aee-intec.at\/wp-content\/uploads\/2025\/02\/logo-1.gif","contentUrl":"https:\/\/www.aee-intec.at\/wp-content\/uploads\/2025\/02\/logo-1.gif","width":74,"height":96,"caption":"AEE - Institut f\u00fcr Nachhaltige Technologien"},"image":{"@id":"https:\/\/www.aee-intec.at\/en\/#\/schema\/logo\/image\/"},"sameAs":["https:\/\/at.linkedin.com\/company\/aee-intec","https:\/\/www.youtube.com\/channel\/UC7y2Y-8u6IXEJXbVlEy_vew"]}]}},"_links":{"self":[{"href":"https:\/\/www.aee-intec.at\/en\/wp-json\/wp\/v2\/pages\/9196","targetHints":{"allow":["GET"]}}],"collection":[{"href":"https:\/\/www.aee-intec.at\/en\/wp-json\/wp\/v2\/pages"}],"about":[{"href":"https:\/\/www.aee-intec.at\/en\/wp-json\/wp\/v2\/types\/page"}],"author":[{"embeddable":true,"href":"https:\/\/www.aee-intec.at\/en\/wp-json\/wp\/v2\/users\/1"}],"replies":[{"embeddable":true,"href":"https:\/\/www.aee-intec.at\/en\/wp-json\/wp\/v2\/comments?post=9196"}],"version-history":[{"count":0,"href":"https:\/\/www.aee-intec.at\/en\/wp-json\/wp\/v2\/pages\/9196\/revisions"}],"wp:attachment":[{"href":"https:\/\/www.aee-intec.at\/en\/wp-json\/wp\/v2\/media?parent=9196"}],"curies":[{"name":"wp","href":"https:\/\/api.w.org\/{rel}","templated":true}]}}