{"id":9314,"date":"2026-01-16T10:15:51","date_gmt":"2026-01-16T08:15:51","guid":{"rendered":"https:\/\/www.aee-intec.at\/masterarbeit-entwicklung-einer-planungsrichtlinie-guideline-zuroptimalen-integration-und-bewertung-von-hybriden-energiekonzepten-mitfokus-auf-solarthermische-energieerzeuger\/"},"modified":"2026-01-16T10:48:03","modified_gmt":"2026-01-16T08:48:03","slug":"masterarbeit-entwicklung-einer-planungsrichtlinie-guideline-zuroptimalen-integration-und-bewertung-von-hybriden-energiekonzepten-mitfokus-auf-solarthermische-energieerzeuger","status":"publish","type":"page","link":"https:\/\/www.aee-intec.at\/en\/masterarbeit-entwicklung-einer-planungsrichtlinie-guideline-zuroptimalen-integration-und-bewertung-von-hybriden-energiekonzepten-mitfokus-auf-solarthermische-energieerzeuger\/","title":{"rendered":"Masterarbeit: Entwicklung einer Planungsrichtlinie (\u201eGuideline\u201c) zuroptimalen Integration und Bewertung von hybriden Energiekonzepten mitFokus auf solarthermische Energieerzeuger"},"content":{"rendered":"\t\t<div data-elementor-type=\"wp-page\" data-elementor-id=\"9314\" class=\"elementor elementor-9314 elementor-9311\" data-elementor-post-type=\"page\">\n\t\t\t\t<div class=\"elementor-element elementor-element-a956077 e-flex e-con-boxed e-con e-parent\" data-id=\"a956077\" data-element_type=\"container\" data-e-type=\"container\">\n\t\t\t\t\t<div class=\"e-con-inner\">\n\t\t\t\t\t<\/div>\n\t\t\t\t<\/div>\n\t\t<div class=\"elementor-element elementor-element-250fd5e e-flex e-con-boxed e-con e-parent\" data-id=\"250fd5e\" data-element_type=\"container\" data-e-type=\"container\">\n\t\t\t\t\t<div class=\"e-con-inner\">\n\t\t\t\t<div class=\"elementor-element elementor-element-aa9534d elementor-widget elementor-widget-text-editor\" data-id=\"aa9534d\" data-element_type=\"widget\" data-e-type=\"widget\" data-widget_type=\"text-editor.default\">\n\t\t\t\t<div class=\"elementor-widget-container\">\n\t\t\t\t\t\t\t\t\t<h4>AEE INTEC<\/h4><p>AEE \u2013 Institut f\u00fcr Nachhaltige Technologien (AEE INTEC) ist eine au\u00dferuniversit\u00e4re Forschungs\u00adeinrichtung, die im Jahr 1988 gegr\u00fcndet wurde und derzeit rund 90 MitarbeiterInnen besch\u00e4ftigt.<\/p><p>AEE INTEC betreibt sowohl Grundlagenforschung als auch anwendungsorientierte Forschung im Bereich thermischer Energiesysteme (Solarthermie, thermische Speicher, Energiesystemanalysen, etc.), im Bereich energieeffizienter Geb\u00e4ude sowie im Bereich Energieeffizienzsteigerung in industriellen Prozessen. Dabei kooperiert AEE INTEC mit Industriepartnern, Universit\u00e4ten und Fachhoch\u00adschulen. <\/p><h4>Forschungsprojekt<\/h4><p>Die industrielle Prozessw\u00e4rme z\u00e4hlt zu den gr\u00f6\u00dften Energieverbrauchern unserer Wirtschaft \u2013 und oft wird sie noch fossilen Energietr\u00e4gern \u00fcberlassen. Genau hier setzt das INDHEAP-Projekt an: Mit der Kombination von Solarthermie (ST) und Photovoltaik (PV) sowie einem flexiblen thermischen Energiespeicher (e-TES) werden innovative L\u00f6sungen entwickelt, die zeigen, wie industrielle Prozesse bei mittleren Temperaturen (bis 250 \u00b0C) nachhaltig und effizient mit Solar-Energie versorgt werden k\u00f6nnen. <\/p><p>Das Konzept soll zudem bei einer realen Demonstrationsumsetzung bei einem Industriepartner auf TRL 7 getestet und ausgewertet werden.<\/p><p>Das Forschungsprojekt soll aber nicht nur anhand eines Demonstrators beweisen, wie effizient ein solch hybrides Energiesystem sein kann, sondern auch die methodischen und theoretischen Grundlagen zu schaffen. Diese Grundlagen sollen das Fundament f\u00fcr weiter Umsetzungen bilden, um so die Dekarbonisierung der Industrie voranzutreiben. <\/p><h4>Inhalt der Masterarbeit<\/h4><p>Im Zuge des Forschungsprojekts soll eine Guideline erstellt werden, die den methodischen und theoretischen Hintergrund zur optimalen Integration und Bewertung von hybriden Energiesystemen bietet. Dahingehend wird die Masterarbeit folgende T\u00e4tigkeiten umfassen: <\/p><ul><li>Recherche und Entwicklung von KPIs zur Bewertung von hybriden Energiekonzepten<\/li><li>Nutzung von Modelica-Tools, Python-Skrips oder anderen Tools zur Untersuchung und Bewertung von hybriden Konzepten<\/li><li>Entwicklung einer Integrationsrichtlinie (\u201eIntegration Guideline\u201c) f\u00fcr hybride Energiekonzepte<\/li><\/ul><p> <\/p><h4>We expect\u2026<\/h4><ul><li>organized, solution-oriented, and as independent working style as possible<\/li><li>intrinsic motivation for excellent work and drive to make an impact<\/li><li>fundierte Kenntnisse im Bereich der erneuerbaren Technologien<\/li><li>fundierte Kenntnisse in Programmiersprachen bzw. in der Verwendung von Modelica und\/oder Python<\/li><li>sehr gute Englischkenntnisse in Wort und speziell Schrift<\/li><\/ul><p> <\/p><h4>Wir bieten&#8230;<\/h4><ul><li>Bezahlte Masterarbeit in einem laufenden Forschungs- und Demonstrationsprojekt<\/li><li>Mobilit\u00e4tszuschuss und Nutzung der Infrastruktur des Instituts<\/li><li>T\u00e4glich verf\u00fcgbare Betreuung durch erfahrene Mitarbeiter und Zugang zu Firmennetzwerken<\/li><li><em>Zeitrahmen:<\/em> Beginn ab sofort, Dauer: 6 Monate<\/li><\/ul><p> <\/p><h4>Contact<\/h4><p>Wolfgang Gruber-Glatzl, <br>Tel.: 03112 5886-455,<br><a href=\"mailto:w.gruber-glatzl@aee.at\">gruber-glatzl@aee.at<\/a><\/p>\t\t\t\t\t\t\t\t<\/div>\n\t\t\t\t<\/div>\n\t\t\t\t\t<\/div>\n\t\t\t\t<\/div>\n\t\t\t\t<\/div>\n\t\t","protected":false},"excerpt":{"rendered":"<p>AEE INTEC AEE \u2013 Institut f\u00fcr Nachhaltige Technologien (AEE INTEC) ist eine au\u00dferuniversit\u00e4re Forschungs\u00adeinrichtung, die im Jahr 1988 gegr\u00fcndet wurde und derzeit rund 90 MitarbeiterInnen besch\u00e4ftigt. AEE INTEC betreibt sowohl Grundlagenforschung als auch anwendungsorientierte Forschung im Bereich thermischer Energiesysteme (Solarthermie, thermische Speicher, Energiesystemanalysen, etc.), im Bereich energieeffizienter Geb\u00e4ude sowie im Bereich Energieeffizienzsteigerung in industriellen Prozessen. [&hellip;]<\/p>\n","protected":false},"author":1,"featured_media":0,"parent":0,"menu_order":0,"comment_status":"closed","ping_status":"closed","template":"","meta":{"_acf_changed":false,"inline_featured_image":false,"footnotes":""},"class_list":["post-9314","page","type-page","status-publish","hentry"],"acf":[],"yoast_head":"<!-- This site is optimized with the Yoast SEO plugin v27.4 - https:\/\/yoast.com\/product\/yoast-seo-wordpress\/ -->\n<title>Masterarbeit: Entwicklung einer Planungsrichtlinie (\u201eGuideline\u201c) zuroptimalen Integration und Bewertung von hybriden Energiekonzepten mitFokus auf solarthermische Energieerzeuger - AEE INTEC<\/title>\n<meta name=\"robots\" content=\"index, follow, max-snippet:-1, max-image-preview:large, max-video-preview:-1\" \/>\n<link rel=\"canonical\" href=\"https:\/\/www.aee-intec.at\/en\/masterarbeit-entwicklung-einer-planungsrichtlinie-guideline-zuroptimalen-integration-und-bewertung-von-hybriden-energiekonzepten-mitfokus-auf-solarthermische-energieerzeuger\/\" \/>\n<script type=\"application\/ld+json\" class=\"yoast-schema-graph\">{\"@context\":\"https:\\\/\\\/schema.org\",\"@graph\":[{\"@type\":\"WebPage\",\"@id\":\"https:\\\/\\\/www.aee-intec.at\\\/en\\\/masterarbeit-entwicklung-einer-planungsrichtlinie-guideline-zuroptimalen-integration-und-bewertung-von-hybriden-energiekonzepten-mitfokus-auf-solarthermische-energieerzeuger\\\/\",\"url\":\"https:\\\/\\\/www.aee-intec.at\\\/en\\\/masterarbeit-entwicklung-einer-planungsrichtlinie-guideline-zuroptimalen-integration-und-bewertung-von-hybriden-energiekonzepten-mitfokus-auf-solarthermische-energieerzeuger\\\/\",\"name\":\"Masterarbeit: Entwicklung einer Planungsrichtlinie (\u201eGuideline\u201c) zuroptimalen Integration und Bewertung von hybriden Energiekonzepten mitFokus auf solarthermische Energieerzeuger - AEE INTEC\",\"isPartOf\":{\"@id\":\"https:\\\/\\\/www.aee-intec.at\\\/en\\\/#website\"},\"datePublished\":\"2026-01-16T08:15:51+00:00\",\"dateModified\":\"2026-01-16T08:48:03+00:00\",\"breadcrumb\":{\"@id\":\"https:\\\/\\\/www.aee-intec.at\\\/en\\\/masterarbeit-entwicklung-einer-planungsrichtlinie-guideline-zuroptimalen-integration-und-bewertung-von-hybriden-energiekonzepten-mitfokus-auf-solarthermische-energieerzeuger\\\/#breadcrumb\"},\"inLanguage\":\"en-US\",\"potentialAction\":[{\"@type\":\"ReadAction\",\"target\":[\"https:\\\/\\\/www.aee-intec.at\\\/en\\\/masterarbeit-entwicklung-einer-planungsrichtlinie-guideline-zuroptimalen-integration-und-bewertung-von-hybriden-energiekonzepten-mitfokus-auf-solarthermische-energieerzeuger\\\/\"]}]},{\"@type\":\"BreadcrumbList\",\"@id\":\"https:\\\/\\\/www.aee-intec.at\\\/en\\\/masterarbeit-entwicklung-einer-planungsrichtlinie-guideline-zuroptimalen-integration-und-bewertung-von-hybriden-energiekonzepten-mitfokus-auf-solarthermische-energieerzeuger\\\/#breadcrumb\",\"itemListElement\":[{\"@type\":\"ListItem\",\"position\":1,\"name\":\"Home\",\"item\":\"https:\\\/\\\/www.aee-intec.at\\\/en\\\/home-page\\\/\"},{\"@type\":\"ListItem\",\"position\":2,\"name\":\"Masterarbeit: Entwicklung einer Planungsrichtlinie (\u201eGuideline\u201c) zuroptimalen Integration und Bewertung von hybriden Energiekonzepten mitFokus auf solarthermische Energieerzeuger\"}]},{\"@type\":\"WebSite\",\"@id\":\"https:\\\/\\\/www.aee-intec.at\\\/en\\\/#website\",\"url\":\"https:\\\/\\\/www.aee-intec.at\\\/en\\\/\",\"name\":\"AEE - Institut f\u00fcr Nachhaltige Technologien\",\"description\":\"Willkommen bei AEE - Institut f\u00fcr Nachhaltige Technologien - AEE INTEC\",\"publisher\":{\"@id\":\"https:\\\/\\\/www.aee-intec.at\\\/en\\\/#organization\"},\"potentialAction\":[{\"@type\":\"SearchAction\",\"target\":{\"@type\":\"EntryPoint\",\"urlTemplate\":\"https:\\\/\\\/www.aee-intec.at\\\/en\\\/?s={search_term_string}\"},\"query-input\":{\"@type\":\"PropertyValueSpecification\",\"valueRequired\":true,\"valueName\":\"search_term_string\"}}],\"inLanguage\":\"en-US\"},{\"@type\":\"Organization\",\"@id\":\"https:\\\/\\\/www.aee-intec.at\\\/en\\\/#organization\",\"name\":\"AEE - Institut f\u00fcr Nachhaltige Technologien\",\"url\":\"https:\\\/\\\/www.aee-intec.at\\\/en\\\/\",\"logo\":{\"@type\":\"ImageObject\",\"inLanguage\":\"en-US\",\"@id\":\"https:\\\/\\\/www.aee-intec.at\\\/en\\\/#\\\/schema\\\/logo\\\/image\\\/\",\"url\":\"https:\\\/\\\/www.aee-intec.at\\\/wp-content\\\/uploads\\\/2025\\\/02\\\/logo-1.gif\",\"contentUrl\":\"https:\\\/\\\/www.aee-intec.at\\\/wp-content\\\/uploads\\\/2025\\\/02\\\/logo-1.gif\",\"width\":74,\"height\":96,\"caption\":\"AEE - Institut f\u00fcr Nachhaltige Technologien\"},\"image\":{\"@id\":\"https:\\\/\\\/www.aee-intec.at\\\/en\\\/#\\\/schema\\\/logo\\\/image\\\/\"},\"sameAs\":[\"https:\\\/\\\/at.linkedin.com\\\/company\\\/aee-intec\",\"https:\\\/\\\/www.youtube.com\\\/channel\\\/UC7y2Y-8u6IXEJXbVlEy_vew\"]}]}<\/script>\n<!-- \/ Yoast SEO plugin. -->","yoast_head_json":{"title":"Masterarbeit: Entwicklung einer Planungsrichtlinie (\u201eGuideline\u201c) zuroptimalen Integration und Bewertung von hybriden Energiekonzepten mitFokus auf solarthermische Energieerzeuger - AEE INTEC","robots":{"index":"index","follow":"follow","max-snippet":"max-snippet:-1","max-image-preview":"max-image-preview:large","max-video-preview":"max-video-preview:-1"},"canonical":"https:\/\/www.aee-intec.at\/en\/masterarbeit-entwicklung-einer-planungsrichtlinie-guideline-zuroptimalen-integration-und-bewertung-von-hybriden-energiekonzepten-mitfokus-auf-solarthermische-energieerzeuger\/","schema":{"@context":"https:\/\/schema.org","@graph":[{"@type":"WebPage","@id":"https:\/\/www.aee-intec.at\/en\/masterarbeit-entwicklung-einer-planungsrichtlinie-guideline-zuroptimalen-integration-und-bewertung-von-hybriden-energiekonzepten-mitfokus-auf-solarthermische-energieerzeuger\/","url":"https:\/\/www.aee-intec.at\/en\/masterarbeit-entwicklung-einer-planungsrichtlinie-guideline-zuroptimalen-integration-und-bewertung-von-hybriden-energiekonzepten-mitfokus-auf-solarthermische-energieerzeuger\/","name":"Masterarbeit: Entwicklung einer Planungsrichtlinie (\u201eGuideline\u201c) zuroptimalen Integration und Bewertung von hybriden Energiekonzepten mitFokus auf solarthermische Energieerzeuger - AEE INTEC","isPartOf":{"@id":"https:\/\/www.aee-intec.at\/en\/#website"},"datePublished":"2026-01-16T08:15:51+00:00","dateModified":"2026-01-16T08:48:03+00:00","breadcrumb":{"@id":"https:\/\/www.aee-intec.at\/en\/masterarbeit-entwicklung-einer-planungsrichtlinie-guideline-zuroptimalen-integration-und-bewertung-von-hybriden-energiekonzepten-mitfokus-auf-solarthermische-energieerzeuger\/#breadcrumb"},"inLanguage":"en-US","potentialAction":[{"@type":"ReadAction","target":["https:\/\/www.aee-intec.at\/en\/masterarbeit-entwicklung-einer-planungsrichtlinie-guideline-zuroptimalen-integration-und-bewertung-von-hybriden-energiekonzepten-mitfokus-auf-solarthermische-energieerzeuger\/"]}]},{"@type":"BreadcrumbList","@id":"https:\/\/www.aee-intec.at\/en\/masterarbeit-entwicklung-einer-planungsrichtlinie-guideline-zuroptimalen-integration-und-bewertung-von-hybriden-energiekonzepten-mitfokus-auf-solarthermische-energieerzeuger\/#breadcrumb","itemListElement":[{"@type":"ListItem","position":1,"name":"Home","item":"https:\/\/www.aee-intec.at\/en\/home-page\/"},{"@type":"ListItem","position":2,"name":"Masterarbeit: Entwicklung einer Planungsrichtlinie (\u201eGuideline\u201c) zuroptimalen Integration und Bewertung von hybriden Energiekonzepten mitFokus auf solarthermische Energieerzeuger"}]},{"@type":"WebSite","@id":"https:\/\/www.aee-intec.at\/en\/#website","url":"https:\/\/www.aee-intec.at\/en\/","name":"AEE - Institut f\u00fcr Nachhaltige Technologien","description":"Willkommen bei AEE - Institut f\u00fcr Nachhaltige Technologien - AEE INTEC","publisher":{"@id":"https:\/\/www.aee-intec.at\/en\/#organization"},"potentialAction":[{"@type":"SearchAction","target":{"@type":"EntryPoint","urlTemplate":"https:\/\/www.aee-intec.at\/en\/?s={search_term_string}"},"query-input":{"@type":"PropertyValueSpecification","valueRequired":true,"valueName":"search_term_string"}}],"inLanguage":"en-US"},{"@type":"Organization","@id":"https:\/\/www.aee-intec.at\/en\/#organization","name":"AEE - Institut f\u00fcr Nachhaltige Technologien","url":"https:\/\/www.aee-intec.at\/en\/","logo":{"@type":"ImageObject","inLanguage":"en-US","@id":"https:\/\/www.aee-intec.at\/en\/#\/schema\/logo\/image\/","url":"https:\/\/www.aee-intec.at\/wp-content\/uploads\/2025\/02\/logo-1.gif","contentUrl":"https:\/\/www.aee-intec.at\/wp-content\/uploads\/2025\/02\/logo-1.gif","width":74,"height":96,"caption":"AEE - Institut f\u00fcr Nachhaltige Technologien"},"image":{"@id":"https:\/\/www.aee-intec.at\/en\/#\/schema\/logo\/image\/"},"sameAs":["https:\/\/at.linkedin.com\/company\/aee-intec","https:\/\/www.youtube.com\/channel\/UC7y2Y-8u6IXEJXbVlEy_vew"]}]}},"_links":{"self":[{"href":"https:\/\/www.aee-intec.at\/en\/wp-json\/wp\/v2\/pages\/9314","targetHints":{"allow":["GET"]}}],"collection":[{"href":"https:\/\/www.aee-intec.at\/en\/wp-json\/wp\/v2\/pages"}],"about":[{"href":"https:\/\/www.aee-intec.at\/en\/wp-json\/wp\/v2\/types\/page"}],"author":[{"embeddable":true,"href":"https:\/\/www.aee-intec.at\/en\/wp-json\/wp\/v2\/users\/1"}],"replies":[{"embeddable":true,"href":"https:\/\/www.aee-intec.at\/en\/wp-json\/wp\/v2\/comments?post=9314"}],"version-history":[{"count":0,"href":"https:\/\/www.aee-intec.at\/en\/wp-json\/wp\/v2\/pages\/9314\/revisions"}],"wp:attachment":[{"href":"https:\/\/www.aee-intec.at\/en\/wp-json\/wp\/v2\/media?parent=9314"}],"curies":[{"name":"wp","href":"https:\/\/api.w.org\/{rel}","templated":true}]}}