{"id":9315,"date":"2026-01-16T10:11:04","date_gmt":"2026-01-16T08:11:04","guid":{"rendered":"https:\/\/www.aee-intec.at\/masterarbeit-dymola-simulation-einer-komplexenfernwaerme-booster-station-fuer-einen-industriebetrieb\/"},"modified":"2026-01-16T10:48:25","modified_gmt":"2026-01-16T08:48:25","slug":"masterarbeit-dymola-simulation-einer-komplexenfernwaerme-booster-station-fuer-einen-industriebetrieb","status":"publish","type":"page","link":"https:\/\/www.aee-intec.at\/en\/masterarbeit-dymola-simulation-einer-komplexenfernwaerme-booster-station-fuer-einen-industriebetrieb\/","title":{"rendered":"Masterarbeit: Dymola Simulation einer komplexenFernw\u00e4rme-Booster-Station f\u00fcr einen Industriebetrieb"},"content":{"rendered":"\t\t<div data-elementor-type=\"wp-page\" data-elementor-id=\"9315\" class=\"elementor elementor-9315 elementor-9310\" data-elementor-post-type=\"page\">\n\t\t\t\t<div class=\"elementor-element elementor-element-cab8604 e-flex e-con-boxed e-con e-parent\" data-id=\"cab8604\" data-element_type=\"container\" data-e-type=\"container\">\n\t\t\t\t\t<div class=\"e-con-inner\">\n\t\t\t\t\t<\/div>\n\t\t\t\t<\/div>\n\t\t<div class=\"elementor-element elementor-element-1782225 e-flex e-con-boxed e-con e-parent\" data-id=\"1782225\" data-element_type=\"container\" data-e-type=\"container\">\n\t\t\t\t\t<div class=\"e-con-inner\">\n\t\t\t\t<div class=\"elementor-element elementor-element-4d2b46b elementor-widget elementor-widget-text-editor\" data-id=\"4d2b46b\" data-element_type=\"widget\" data-e-type=\"widget\" data-widget_type=\"text-editor.default\">\n\t\t\t\t<div class=\"elementor-widget-container\">\n\t\t\t\t\t\t\t\t\t<h4>AEE INTEC<\/h4><p>AEE \u2013 Institut f\u00fcr Nachhaltige Technologien (AEE INTEC) ist eine au\u00dferuniversit\u00e4re Forschungs\u00adeinrichtung, die im Jahr 1988 gegr\u00fcndet wurde und derzeit rund 90 MitarbeiterInnen besch\u00e4ftigt.<\/p><p>AEE INTEC betreibt sowohl Grundlagenforschung als auch anwendungsorientierte Forschung im Bereich thermischer Energiesysteme (Solarthermie, thermische Speicher, Energiesystemanalysen, etc.), im Bereich energieeffizienter Geb\u00e4ude sowie im Bereich Energieeffizienzsteigerung in industriellen Prozessen. Dabei kooperiert AEE INTEC mit Industriepartnern, Universit\u00e4ten und Fachhoch\u00adschulen. <\/p><h4>Forschungsprojekt<\/h4><p>Die Stadtwerke Murau verfolgen im Rahmen der Initiative #Systemkraftwerk Murau ein ambitioniertes Ziel: Die vollst\u00e4ndige, bedarfsgerechte Energieversorgung auf Basis 100 % erneuerbarer Energietr\u00e4ger sicherzustellen. Ein zentraler Baustein dieser Strategie ist die Optimierung des bestehenden Fernw\u00e4rmenetzes, insbesondere im Hinblick auf die Senkung der Netztemperaturen. Aktuell werden in Teilbereichen Vorlauftemperaturen von bis zu 120 \u00b0C ben\u00f6tigt, unter anderem f\u00fcr die W\u00e4rmeversorgung der Brauerei Murau.  <\/p><p>F\u00fcr einen effizienzgewinn und eine einfachere Versorgung soll dieses Netz nun auf 100\u00b0C abgesenkt werden. Dies h\u00e4tte allerdings zur Folge, dass die Brauerei Murau (Bedarf 115\u00b0C) nicht mehr durch die Fernw\u00e4rme versorgt werden kann. <\/p><p>Auf Basis dieser Gegebenheiten soll durch eine Booster-Station die Fernw\u00e4rme rein f\u00fcr die Brauerei auf 120\u00b0C \u201egeboostert\u201c werden.<\/p><p>Um eine Absch\u00e4tzung treffen zu k\u00f6nnen ob ein solches Vorhaben technisch und wirtschaftlich sinnvoll m\u00f6glich ist, wird eine Simulation dieser Booster-Station ben\u00f6tigt.<\/p><h4>Inhalt der Masterarbeit<\/h4><p>Ziel der Arbeit ist die Simulation einer Fernw\u00e4rme-Booster-Station eines realen Industriebetriebs. Daraus ergeben sich folgende T\u00e4tigkeiten: <\/p><ul><li>Direkte Absprachen mit und (m\u00f6gliche) Standortbesuche bei dem Industriebetrieb<\/li><li>Aufbau einer Simulationsumgebung zur realgetreuen Abbildung der Booster-Station<\/li><li>Alteration von Eingabedaten\/Komponentenverhalten und Simulationsvariantendarstellungen<\/li><li>Auswertung und Berichtsverfassung der Simulationsergebnisse<\/li><\/ul><p> <\/p><h4>We expect\u2026<\/h4><ul><li>organized, solution-oriented, and as independent working style as possible<\/li><li>intrinsic motivation for excellent work and drive to make an impact<\/li><li>fundierte Kenntnisse im Bereich der erneuerbaren Technologien<\/li><li>fundierte Kenntnisse in Programmiersprachen bzw. in der Verwendung von Dymola oder gleichwertiger Simulationssoftware<\/li><li>gute Englischkenntnisse in Wort und Schrift<\/li><li>Pr\u00e4senz\/Remote-Arbeit nach Absprache<\/li><\/ul><p> <\/p><h4>Wir bieten&#8230;<\/h4><ul><li>Bezahlte Masterarbeit in einem laufenden Forschungs- und Demonstrationsprojekt<\/li><li>Mobilit\u00e4tszuschuss und Nutzung der Infrastruktur des Instituts<\/li><li>T\u00e4glich verf\u00fcgbare Betreuung durch erfahrene Mitarbeiter und Zugang zu Firmennetzwerken<\/li><li><em>Zeitrahmen:<\/em> Beginn ab sofort, Dauer: 6 Monate<\/li><\/ul><p> <\/p><h4>Contact<\/h4><p>Wolfgang Gruber-Glatzl, <br>Tel.: 03112 5886-455, <br><a href=\"mailto:w.gruber-glatzl@aee.at\">gruber-glatzl@aee.at<\/a><\/p>\t\t\t\t\t\t\t\t<\/div>\n\t\t\t\t<\/div>\n\t\t\t\t\t<\/div>\n\t\t\t\t<\/div>\n\t\t\t\t<\/div>\n\t\t","protected":false},"excerpt":{"rendered":"<p>AEE INTEC AEE \u2013 Institut f\u00fcr Nachhaltige Technologien (AEE INTEC) ist eine au\u00dferuniversit\u00e4re Forschungs\u00adeinrichtung, die im Jahr 1988 gegr\u00fcndet wurde und derzeit rund 90 MitarbeiterInnen besch\u00e4ftigt. AEE INTEC betreibt sowohl Grundlagenforschung als auch anwendungsorientierte Forschung im Bereich thermischer Energiesysteme (Solarthermie, thermische Speicher, Energiesystemanalysen, etc.), im Bereich energieeffizienter Geb\u00e4ude sowie im Bereich Energieeffizienzsteigerung in industriellen Prozessen. [&hellip;]<\/p>\n","protected":false},"author":1,"featured_media":0,"parent":0,"menu_order":0,"comment_status":"closed","ping_status":"closed","template":"","meta":{"_acf_changed":false,"inline_featured_image":false,"footnotes":""},"class_list":["post-9315","page","type-page","status-publish","hentry"],"acf":[],"yoast_head":"<!-- This site is optimized with the Yoast SEO plugin v27.4 - https:\/\/yoast.com\/product\/yoast-seo-wordpress\/ -->\n<title>Masterarbeit: Dymola Simulation einer komplexenFernw\u00e4rme-Booster-Station f\u00fcr einen Industriebetrieb - AEE INTEC<\/title>\n<meta name=\"robots\" content=\"index, follow, max-snippet:-1, max-image-preview:large, max-video-preview:-1\" \/>\n<link rel=\"canonical\" href=\"https:\/\/www.aee-intec.at\/en\/masterarbeit-dymola-simulation-einer-komplexenfernwaerme-booster-station-fuer-einen-industriebetrieb\/\" \/>\n<script type=\"application\/ld+json\" class=\"yoast-schema-graph\">{\"@context\":\"https:\\\/\\\/schema.org\",\"@graph\":[{\"@type\":\"WebPage\",\"@id\":\"https:\\\/\\\/www.aee-intec.at\\\/en\\\/masterarbeit-dymola-simulation-einer-komplexenfernwaerme-booster-station-fuer-einen-industriebetrieb\\\/\",\"url\":\"https:\\\/\\\/www.aee-intec.at\\\/en\\\/masterarbeit-dymola-simulation-einer-komplexenfernwaerme-booster-station-fuer-einen-industriebetrieb\\\/\",\"name\":\"Masterarbeit: Dymola Simulation einer komplexenFernw\u00e4rme-Booster-Station f\u00fcr einen Industriebetrieb - AEE INTEC\",\"isPartOf\":{\"@id\":\"https:\\\/\\\/www.aee-intec.at\\\/en\\\/#website\"},\"datePublished\":\"2026-01-16T08:11:04+00:00\",\"dateModified\":\"2026-01-16T08:48:25+00:00\",\"breadcrumb\":{\"@id\":\"https:\\\/\\\/www.aee-intec.at\\\/en\\\/masterarbeit-dymola-simulation-einer-komplexenfernwaerme-booster-station-fuer-einen-industriebetrieb\\\/#breadcrumb\"},\"inLanguage\":\"en-US\",\"potentialAction\":[{\"@type\":\"ReadAction\",\"target\":[\"https:\\\/\\\/www.aee-intec.at\\\/en\\\/masterarbeit-dymola-simulation-einer-komplexenfernwaerme-booster-station-fuer-einen-industriebetrieb\\\/\"]}]},{\"@type\":\"BreadcrumbList\",\"@id\":\"https:\\\/\\\/www.aee-intec.at\\\/en\\\/masterarbeit-dymola-simulation-einer-komplexenfernwaerme-booster-station-fuer-einen-industriebetrieb\\\/#breadcrumb\",\"itemListElement\":[{\"@type\":\"ListItem\",\"position\":1,\"name\":\"Home\",\"item\":\"https:\\\/\\\/www.aee-intec.at\\\/en\\\/home-page\\\/\"},{\"@type\":\"ListItem\",\"position\":2,\"name\":\"Masterarbeit: Dymola Simulation einer komplexenFernw\u00e4rme-Booster-Station f\u00fcr einen Industriebetrieb\"}]},{\"@type\":\"WebSite\",\"@id\":\"https:\\\/\\\/www.aee-intec.at\\\/en\\\/#website\",\"url\":\"https:\\\/\\\/www.aee-intec.at\\\/en\\\/\",\"name\":\"AEE - Institut f\u00fcr Nachhaltige Technologien\",\"description\":\"Willkommen bei AEE - Institut f\u00fcr Nachhaltige Technologien - AEE INTEC\",\"publisher\":{\"@id\":\"https:\\\/\\\/www.aee-intec.at\\\/en\\\/#organization\"},\"potentialAction\":[{\"@type\":\"SearchAction\",\"target\":{\"@type\":\"EntryPoint\",\"urlTemplate\":\"https:\\\/\\\/www.aee-intec.at\\\/en\\\/?s={search_term_string}\"},\"query-input\":{\"@type\":\"PropertyValueSpecification\",\"valueRequired\":true,\"valueName\":\"search_term_string\"}}],\"inLanguage\":\"en-US\"},{\"@type\":\"Organization\",\"@id\":\"https:\\\/\\\/www.aee-intec.at\\\/en\\\/#organization\",\"name\":\"AEE - Institut f\u00fcr Nachhaltige Technologien\",\"url\":\"https:\\\/\\\/www.aee-intec.at\\\/en\\\/\",\"logo\":{\"@type\":\"ImageObject\",\"inLanguage\":\"en-US\",\"@id\":\"https:\\\/\\\/www.aee-intec.at\\\/en\\\/#\\\/schema\\\/logo\\\/image\\\/\",\"url\":\"https:\\\/\\\/www.aee-intec.at\\\/wp-content\\\/uploads\\\/2025\\\/02\\\/logo-1.gif\",\"contentUrl\":\"https:\\\/\\\/www.aee-intec.at\\\/wp-content\\\/uploads\\\/2025\\\/02\\\/logo-1.gif\",\"width\":74,\"height\":96,\"caption\":\"AEE - Institut f\u00fcr Nachhaltige Technologien\"},\"image\":{\"@id\":\"https:\\\/\\\/www.aee-intec.at\\\/en\\\/#\\\/schema\\\/logo\\\/image\\\/\"},\"sameAs\":[\"https:\\\/\\\/at.linkedin.com\\\/company\\\/aee-intec\",\"https:\\\/\\\/www.youtube.com\\\/channel\\\/UC7y2Y-8u6IXEJXbVlEy_vew\"]}]}<\/script>\n<!-- \/ Yoast SEO plugin. -->","yoast_head_json":{"title":"Masterarbeit: Dymola Simulation einer komplexenFernw\u00e4rme-Booster-Station f\u00fcr einen Industriebetrieb - AEE INTEC","robots":{"index":"index","follow":"follow","max-snippet":"max-snippet:-1","max-image-preview":"max-image-preview:large","max-video-preview":"max-video-preview:-1"},"canonical":"https:\/\/www.aee-intec.at\/en\/masterarbeit-dymola-simulation-einer-komplexenfernwaerme-booster-station-fuer-einen-industriebetrieb\/","schema":{"@context":"https:\/\/schema.org","@graph":[{"@type":"WebPage","@id":"https:\/\/www.aee-intec.at\/en\/masterarbeit-dymola-simulation-einer-komplexenfernwaerme-booster-station-fuer-einen-industriebetrieb\/","url":"https:\/\/www.aee-intec.at\/en\/masterarbeit-dymola-simulation-einer-komplexenfernwaerme-booster-station-fuer-einen-industriebetrieb\/","name":"Masterarbeit: Dymola Simulation einer komplexenFernw\u00e4rme-Booster-Station f\u00fcr einen Industriebetrieb - AEE INTEC","isPartOf":{"@id":"https:\/\/www.aee-intec.at\/en\/#website"},"datePublished":"2026-01-16T08:11:04+00:00","dateModified":"2026-01-16T08:48:25+00:00","breadcrumb":{"@id":"https:\/\/www.aee-intec.at\/en\/masterarbeit-dymola-simulation-einer-komplexenfernwaerme-booster-station-fuer-einen-industriebetrieb\/#breadcrumb"},"inLanguage":"en-US","potentialAction":[{"@type":"ReadAction","target":["https:\/\/www.aee-intec.at\/en\/masterarbeit-dymola-simulation-einer-komplexenfernwaerme-booster-station-fuer-einen-industriebetrieb\/"]}]},{"@type":"BreadcrumbList","@id":"https:\/\/www.aee-intec.at\/en\/masterarbeit-dymola-simulation-einer-komplexenfernwaerme-booster-station-fuer-einen-industriebetrieb\/#breadcrumb","itemListElement":[{"@type":"ListItem","position":1,"name":"Home","item":"https:\/\/www.aee-intec.at\/en\/home-page\/"},{"@type":"ListItem","position":2,"name":"Masterarbeit: Dymola Simulation einer komplexenFernw\u00e4rme-Booster-Station f\u00fcr einen Industriebetrieb"}]},{"@type":"WebSite","@id":"https:\/\/www.aee-intec.at\/en\/#website","url":"https:\/\/www.aee-intec.at\/en\/","name":"AEE - Institut f\u00fcr Nachhaltige Technologien","description":"Willkommen bei AEE - Institut f\u00fcr Nachhaltige Technologien - AEE INTEC","publisher":{"@id":"https:\/\/www.aee-intec.at\/en\/#organization"},"potentialAction":[{"@type":"SearchAction","target":{"@type":"EntryPoint","urlTemplate":"https:\/\/www.aee-intec.at\/en\/?s={search_term_string}"},"query-input":{"@type":"PropertyValueSpecification","valueRequired":true,"valueName":"search_term_string"}}],"inLanguage":"en-US"},{"@type":"Organization","@id":"https:\/\/www.aee-intec.at\/en\/#organization","name":"AEE - Institut f\u00fcr Nachhaltige Technologien","url":"https:\/\/www.aee-intec.at\/en\/","logo":{"@type":"ImageObject","inLanguage":"en-US","@id":"https:\/\/www.aee-intec.at\/en\/#\/schema\/logo\/image\/","url":"https:\/\/www.aee-intec.at\/wp-content\/uploads\/2025\/02\/logo-1.gif","contentUrl":"https:\/\/www.aee-intec.at\/wp-content\/uploads\/2025\/02\/logo-1.gif","width":74,"height":96,"caption":"AEE - Institut f\u00fcr Nachhaltige Technologien"},"image":{"@id":"https:\/\/www.aee-intec.at\/en\/#\/schema\/logo\/image\/"},"sameAs":["https:\/\/at.linkedin.com\/company\/aee-intec","https:\/\/www.youtube.com\/channel\/UC7y2Y-8u6IXEJXbVlEy_vew"]}]}},"_links":{"self":[{"href":"https:\/\/www.aee-intec.at\/en\/wp-json\/wp\/v2\/pages\/9315","targetHints":{"allow":["GET"]}}],"collection":[{"href":"https:\/\/www.aee-intec.at\/en\/wp-json\/wp\/v2\/pages"}],"about":[{"href":"https:\/\/www.aee-intec.at\/en\/wp-json\/wp\/v2\/types\/page"}],"author":[{"embeddable":true,"href":"https:\/\/www.aee-intec.at\/en\/wp-json\/wp\/v2\/users\/1"}],"replies":[{"embeddable":true,"href":"https:\/\/www.aee-intec.at\/en\/wp-json\/wp\/v2\/comments?post=9315"}],"version-history":[{"count":0,"href":"https:\/\/www.aee-intec.at\/en\/wp-json\/wp\/v2\/pages\/9315\/revisions"}],"wp:attachment":[{"href":"https:\/\/www.aee-intec.at\/en\/wp-json\/wp\/v2\/media?parent=9315"}],"curies":[{"name":"wp","href":"https:\/\/api.w.org\/{rel}","templated":true}]}}