{"id":9466,"date":"2026-02-17T16:48:08","date_gmt":"2026-02-17T14:48:08","guid":{"rendered":"https:\/\/www.aee-intec.at\/projektleiterin-kooperative-forschungsprojekte-m-w-d-teil-oder-vollzeit\/"},"modified":"2026-02-17T17:02:03","modified_gmt":"2026-02-17T15:02:03","slug":"projektleiterin-kooperative-forschungsprojekte-m-w-d-teil-oder-vollzeit","status":"publish","type":"page","link":"https:\/\/www.aee-intec.at\/en\/projektleiterin-kooperative-forschungsprojekte-m-w-d-teil-oder-vollzeit\/","title":{"rendered":"Projektleiter*in Kooperative Forschungsprojekte (m\/w\/d) (Teil- oder Vollzeit)"},"content":{"rendered":"\t\t<div data-elementor-type=\"wp-page\" data-elementor-id=\"9466\" class=\"elementor elementor-9466 elementor-9464\" data-elementor-post-type=\"page\">\n\t\t\t\t<div class=\"elementor-element elementor-element-6d429e2 e-flex e-con-boxed e-con e-parent\" data-id=\"6d429e2\" data-element_type=\"container\" data-e-type=\"container\">\n\t\t\t\t\t<div class=\"e-con-inner\">\n\t\t\t\t\t<\/div>\n\t\t\t\t<\/div>\n\t\t<div class=\"elementor-element elementor-element-fb4179c e-flex e-con-boxed e-con e-parent\" data-id=\"fb4179c\" data-element_type=\"container\" data-e-type=\"container\">\n\t\t\t\t\t<div class=\"e-con-inner\">\n\t\t\t\t<div class=\"elementor-element elementor-element-29ed28d elementor-widget elementor-widget-text-editor\" data-id=\"29ed28d\" data-element_type=\"widget\" data-e-type=\"widget\" data-widget_type=\"text-editor.default\">\n\t\t\t\t<div class=\"elementor-widget-container\">\n\t\t\t\t\t\t\t\t\t<p><g id=\"gid_0\">AEE \u2013 Institut f\u00fcr Nachhaltige Technologien (AEE INTEC) <\/g>ist eine f\u00fchrende au\u00dferuniversit\u00e4re Forschungseinrichtung im Bereich angewandter Forschung zu den thematischen Schwerpunkten <g id=\"gid_1\">Geb\u00e4ude<\/g>, <g id=\"gid_2\">Industrielle Systeme<\/g> sowie <g id=\"gid_3\">St\u00e4dte und Netze <\/g>und<g id=\"gid_4\"> Technologieentwicklung<\/g>. Rund 90 Mitarbeitende aus mehr als 15 Nationen arbeiten an unserem Standort in Gleisdorf gemeinsam an konkreten L\u00f6sungen f\u00fcr die Energiewende. <\/p><p>Die Schwerpunkte der Gruppe \u201eErneuerbare Energien\u201c sind die Weiterentwicklung erneuerbarer Energietechnologien wie W\u00e4rmepumpen, Solartechnologien und Geothermie sowie deren Systemintegration in Geb\u00e4ude, Netze und industrielle Systeme inkl. Datengetriebener Modellierung und Optimierung. <\/p><h4>Ihre Herausforderungen<\/h4><ul><li><strong>Leitung<\/strong> und <strong>aktive Mitarbeit<\/strong> in nationalen und internationalen F&amp;E Projekten (Open Source Software im Anwendungsfeld Energietechnik)<\/li><li><strong>Projektmanagement<\/strong>: Planung von Ressourcen, Meilensteinen, Deliverables, Koordination des Projektteams zur fristgerechten Zielerreichung<\/li><li><strong>Stakeholder und Konsortialmanagement<\/strong>: Abstimmung mit Partnern, F\u00f6rderstellen und Industrie; Workshops, Anforderungsmanagement, Ergebnisaufbereitung<\/li><li><strong>Entwicklungsmanagement<\/strong> f\u00fcr Open-Source-Software f\u00fcr erneuerbare Energiesysteme (Backlog-Management, Sprint-Koordination, Personalressourcen-Koordination)<\/li><li><strong>Technische Verantwortung<\/strong> f\u00fcr Architektur und Qualit\u00e4t (Git-Workflows, Reviews, Tests, CI\/CD, Dokumentation)<\/li><li><strong>Pr\u00e4sentation<\/strong> und <strong>Publikation<\/strong> der Ergebnisse (Projektmeetings, Konferenzen, Ver\u00f6ffentlichungen)<\/li><li><strong>Koordination<\/strong> von Projektantr\u00e4gen in nationalen und internationalen Programmen<\/li><\/ul><h4> <\/h4><h4>Ihre Qualifikationen<\/h4><ul><li><strong>Erfolgreich abgeschlossenes (Fach-) Hochschulstudium<\/strong> und Qualifikationen, vorzugsweise in den Bereichen Softwareentwicklung\/Informatik, Energietechnik, Maschinenbau, Verfahrenstechnik, Physik, Geb\u00e4udetechnik oder einer verwandten Fachrichtung<\/li><li><strong>Mehrj\u00e4hrige Erfahrung<\/strong> im <strong>Projektmanagement\/Koordination<\/strong> von F&amp;E Projekten, idealerweise international<\/li><li><strong>Open-Source-Softwarepraxis<\/strong> und solides Software-Engineering<\/li><li>Verst\u00e4ndnis f\u00fcr Energiesysteme\/W\u00e4rmetechnik; Erfahrung mit erneuerbaren Technologien (z.B. Solar, Geb\u00e4udeenergie, Speicher, W\u00e4rmepumpen, Netze) von Vorteil<\/li><li>Sehr gute <strong>Deutsch- und Englischkenntnisse<\/strong> in Wort und Schrift<\/li><li>Strukturierte, kommunikative Pers\u00f6nlichkeit mit Organisationstalent und Teamgeist; Freude an anspruchsvollen Projekten und neuen Ideen<\/li><\/ul><h4> <\/h4><h4>Wir bieten Ihnen<\/h4><ul><li><strong>Anspruchsvolle und abwechslungsreiche T\u00e4tigkeiten<\/strong> in kooperativen Forschungsprojekten, deren Ergebnisse wesentlich zu einer erfolgreichen Energiewende beitragen<\/li><li>Integration und wissenschaftliches Arbeiten in internationalen Expert*innennetzwerken<\/li><li>Leitung unterschiedlicher Projektteams von Forschenden mit Begeisterung f\u00fcr innovative Ideen<\/li><li>Eigenst\u00e4ndiges Gestalten von neuen interessanten Forschungsthemen<\/li><li><strong>Attraktive Benefits<\/strong> wie betriebliche Pensionsvorsorge, Pr\u00e4miensystem, flexible Arbeitszeitgestaltung mit der M\u00f6glichkeit zum Home-Office und ein nachhaltiges Mobilit\u00e4tskonzepte f\u00fcr Mitarbeiter*innen inkl. Zuschuss zu \u00f6ffentlichen Verkehrsmitteln <\/li><\/ul><p> <\/p><p>F\u00fcr die ausgeschriebene Stelle gilt der Kollektivvertrag der au\u00dferuniversit\u00e4ren Forschung. Das Mindestjahresgehalt betr\u00e4gt \u20ac 59.000,- brutto (Vollzeit). Die tats\u00e4chliche Einstufung erfolgt abh\u00e4ngig von Qualifikation und Erfahrung.   <br><br>Bitte senden Sie Ihre Unterlagen (Lebenslauf und Motivationsschreiben) per E-Mail an:<\/p><p><strong>AEE \u2013 Institut f\u00fcr Nachhaltige Technologien<\/strong><br>Frau Mag. Martina Fink,<br>Feldgasse 19, A-8200 Gleisdorf, Tel.: +43 3112 5886-125,<br><a href=\"mailto:bewerbungen@aee.at\">bewerbungen@aee.at<\/a><\/p>\t\t\t\t\t\t\t\t<\/div>\n\t\t\t\t<\/div>\n\t\t\t\t\t<\/div>\n\t\t\t\t<\/div>\n\t\t\t\t<\/div>\n\t\t","protected":false},"excerpt":{"rendered":"<p>AEE \u2013 Institut f\u00fcr Nachhaltige Technologien (AEE INTEC) ist eine f\u00fchrende au\u00dferuniversit\u00e4re Forschungseinrichtung im Bereich angewandter Forschung zu den thematischen Schwerpunkten Geb\u00e4ude, Industrielle Systeme sowie St\u00e4dte und Netze und Technologieentwicklung. Rund 90 Mitarbeitende aus mehr als 15 Nationen arbeiten an unserem Standort in Gleisdorf gemeinsam an konkreten L\u00f6sungen f\u00fcr die Energiewende. Die Schwerpunkte der Gruppe [&hellip;]<\/p>\n","protected":false},"author":1,"featured_media":0,"parent":0,"menu_order":0,"comment_status":"closed","ping_status":"closed","template":"","meta":{"_acf_changed":false,"inline_featured_image":false,"footnotes":""},"class_list":["post-9466","page","type-page","status-publish","hentry"],"acf":[],"yoast_head":"<!-- This site is optimized with the Yoast SEO plugin v27.3 - https:\/\/yoast.com\/product\/yoast-seo-wordpress\/ -->\n<title>Projektleiter*in Kooperative Forschungsprojekte (m\/w\/d) (Teil- oder Vollzeit) - AEE INTEC<\/title>\n<meta name=\"robots\" content=\"index, follow, max-snippet:-1, max-image-preview:large, max-video-preview:-1\" \/>\n<link rel=\"canonical\" href=\"https:\/\/www.aee-intec.at\/en\/projektleiterin-kooperative-forschungsprojekte-m-w-d-teil-oder-vollzeit\/\" \/>\n<script type=\"application\/ld+json\" class=\"yoast-schema-graph\">{\"@context\":\"https:\\\/\\\/schema.org\",\"@graph\":[{\"@type\":\"WebPage\",\"@id\":\"https:\\\/\\\/www.aee-intec.at\\\/en\\\/projektleiterin-kooperative-forschungsprojekte-m-w-d-teil-oder-vollzeit\\\/\",\"url\":\"https:\\\/\\\/www.aee-intec.at\\\/en\\\/projektleiterin-kooperative-forschungsprojekte-m-w-d-teil-oder-vollzeit\\\/\",\"name\":\"Projektleiter*in Kooperative Forschungsprojekte (m\\\/w\\\/d) (Teil- oder Vollzeit) - AEE INTEC\",\"isPartOf\":{\"@id\":\"https:\\\/\\\/www.aee-intec.at\\\/en\\\/#website\"},\"datePublished\":\"2026-02-17T14:48:08+00:00\",\"dateModified\":\"2026-02-17T15:02:03+00:00\",\"breadcrumb\":{\"@id\":\"https:\\\/\\\/www.aee-intec.at\\\/en\\\/projektleiterin-kooperative-forschungsprojekte-m-w-d-teil-oder-vollzeit\\\/#breadcrumb\"},\"inLanguage\":\"en-US\",\"potentialAction\":[{\"@type\":\"ReadAction\",\"target\":[\"https:\\\/\\\/www.aee-intec.at\\\/en\\\/projektleiterin-kooperative-forschungsprojekte-m-w-d-teil-oder-vollzeit\\\/\"]}]},{\"@type\":\"BreadcrumbList\",\"@id\":\"https:\\\/\\\/www.aee-intec.at\\\/en\\\/projektleiterin-kooperative-forschungsprojekte-m-w-d-teil-oder-vollzeit\\\/#breadcrumb\",\"itemListElement\":[{\"@type\":\"ListItem\",\"position\":1,\"name\":\"Home\",\"item\":\"https:\\\/\\\/www.aee-intec.at\\\/en\\\/home-page\\\/\"},{\"@type\":\"ListItem\",\"position\":2,\"name\":\"Projektleiter*in Kooperative Forschungsprojekte (m\\\/w\\\/d) (Teil- oder Vollzeit)\"}]},{\"@type\":\"WebSite\",\"@id\":\"https:\\\/\\\/www.aee-intec.at\\\/en\\\/#website\",\"url\":\"https:\\\/\\\/www.aee-intec.at\\\/en\\\/\",\"name\":\"AEE - Institut f\u00fcr Nachhaltige Technologien\",\"description\":\"Willkommen bei AEE - Institut f\u00fcr Nachhaltige Technologien - AEE INTEC\",\"publisher\":{\"@id\":\"https:\\\/\\\/www.aee-intec.at\\\/en\\\/#organization\"},\"potentialAction\":[{\"@type\":\"SearchAction\",\"target\":{\"@type\":\"EntryPoint\",\"urlTemplate\":\"https:\\\/\\\/www.aee-intec.at\\\/en\\\/?s={search_term_string}\"},\"query-input\":{\"@type\":\"PropertyValueSpecification\",\"valueRequired\":true,\"valueName\":\"search_term_string\"}}],\"inLanguage\":\"en-US\"},{\"@type\":\"Organization\",\"@id\":\"https:\\\/\\\/www.aee-intec.at\\\/en\\\/#organization\",\"name\":\"AEE - Institut f\u00fcr Nachhaltige Technologien\",\"url\":\"https:\\\/\\\/www.aee-intec.at\\\/en\\\/\",\"logo\":{\"@type\":\"ImageObject\",\"inLanguage\":\"en-US\",\"@id\":\"https:\\\/\\\/www.aee-intec.at\\\/en\\\/#\\\/schema\\\/logo\\\/image\\\/\",\"url\":\"https:\\\/\\\/www.aee-intec.at\\\/wp-content\\\/uploads\\\/2025\\\/02\\\/logo-1.gif\",\"contentUrl\":\"https:\\\/\\\/www.aee-intec.at\\\/wp-content\\\/uploads\\\/2025\\\/02\\\/logo-1.gif\",\"width\":74,\"height\":96,\"caption\":\"AEE - Institut f\u00fcr Nachhaltige Technologien\"},\"image\":{\"@id\":\"https:\\\/\\\/www.aee-intec.at\\\/en\\\/#\\\/schema\\\/logo\\\/image\\\/\"},\"sameAs\":[\"https:\\\/\\\/at.linkedin.com\\\/company\\\/aee-intec\",\"https:\\\/\\\/www.youtube.com\\\/channel\\\/UC7y2Y-8u6IXEJXbVlEy_vew\"]}]}<\/script>\n<!-- \/ Yoast SEO plugin. -->","yoast_head_json":{"title":"Projektleiter*in Kooperative Forschungsprojekte (m\/w\/d) (Teil- oder Vollzeit) - AEE INTEC","robots":{"index":"index","follow":"follow","max-snippet":"max-snippet:-1","max-image-preview":"max-image-preview:large","max-video-preview":"max-video-preview:-1"},"canonical":"https:\/\/www.aee-intec.at\/en\/projektleiterin-kooperative-forschungsprojekte-m-w-d-teil-oder-vollzeit\/","schema":{"@context":"https:\/\/schema.org","@graph":[{"@type":"WebPage","@id":"https:\/\/www.aee-intec.at\/en\/projektleiterin-kooperative-forschungsprojekte-m-w-d-teil-oder-vollzeit\/","url":"https:\/\/www.aee-intec.at\/en\/projektleiterin-kooperative-forschungsprojekte-m-w-d-teil-oder-vollzeit\/","name":"Projektleiter*in Kooperative Forschungsprojekte (m\/w\/d) (Teil- oder Vollzeit) - AEE INTEC","isPartOf":{"@id":"https:\/\/www.aee-intec.at\/en\/#website"},"datePublished":"2026-02-17T14:48:08+00:00","dateModified":"2026-02-17T15:02:03+00:00","breadcrumb":{"@id":"https:\/\/www.aee-intec.at\/en\/projektleiterin-kooperative-forschungsprojekte-m-w-d-teil-oder-vollzeit\/#breadcrumb"},"inLanguage":"en-US","potentialAction":[{"@type":"ReadAction","target":["https:\/\/www.aee-intec.at\/en\/projektleiterin-kooperative-forschungsprojekte-m-w-d-teil-oder-vollzeit\/"]}]},{"@type":"BreadcrumbList","@id":"https:\/\/www.aee-intec.at\/en\/projektleiterin-kooperative-forschungsprojekte-m-w-d-teil-oder-vollzeit\/#breadcrumb","itemListElement":[{"@type":"ListItem","position":1,"name":"Home","item":"https:\/\/www.aee-intec.at\/en\/home-page\/"},{"@type":"ListItem","position":2,"name":"Projektleiter*in Kooperative Forschungsprojekte (m\/w\/d) (Teil- oder Vollzeit)"}]},{"@type":"WebSite","@id":"https:\/\/www.aee-intec.at\/en\/#website","url":"https:\/\/www.aee-intec.at\/en\/","name":"AEE - Institut f\u00fcr Nachhaltige Technologien","description":"Willkommen bei AEE - Institut f\u00fcr Nachhaltige Technologien - AEE INTEC","publisher":{"@id":"https:\/\/www.aee-intec.at\/en\/#organization"},"potentialAction":[{"@type":"SearchAction","target":{"@type":"EntryPoint","urlTemplate":"https:\/\/www.aee-intec.at\/en\/?s={search_term_string}"},"query-input":{"@type":"PropertyValueSpecification","valueRequired":true,"valueName":"search_term_string"}}],"inLanguage":"en-US"},{"@type":"Organization","@id":"https:\/\/www.aee-intec.at\/en\/#organization","name":"AEE - Institut f\u00fcr Nachhaltige Technologien","url":"https:\/\/www.aee-intec.at\/en\/","logo":{"@type":"ImageObject","inLanguage":"en-US","@id":"https:\/\/www.aee-intec.at\/en\/#\/schema\/logo\/image\/","url":"https:\/\/www.aee-intec.at\/wp-content\/uploads\/2025\/02\/logo-1.gif","contentUrl":"https:\/\/www.aee-intec.at\/wp-content\/uploads\/2025\/02\/logo-1.gif","width":74,"height":96,"caption":"AEE - Institut f\u00fcr Nachhaltige Technologien"},"image":{"@id":"https:\/\/www.aee-intec.at\/en\/#\/schema\/logo\/image\/"},"sameAs":["https:\/\/at.linkedin.com\/company\/aee-intec","https:\/\/www.youtube.com\/channel\/UC7y2Y-8u6IXEJXbVlEy_vew"]}]}},"_links":{"self":[{"href":"https:\/\/www.aee-intec.at\/en\/wp-json\/wp\/v2\/pages\/9466","targetHints":{"allow":["GET"]}}],"collection":[{"href":"https:\/\/www.aee-intec.at\/en\/wp-json\/wp\/v2\/pages"}],"about":[{"href":"https:\/\/www.aee-intec.at\/en\/wp-json\/wp\/v2\/types\/page"}],"author":[{"embeddable":true,"href":"https:\/\/www.aee-intec.at\/en\/wp-json\/wp\/v2\/users\/1"}],"replies":[{"embeddable":true,"href":"https:\/\/www.aee-intec.at\/en\/wp-json\/wp\/v2\/comments?post=9466"}],"version-history":[{"count":0,"href":"https:\/\/www.aee-intec.at\/en\/wp-json\/wp\/v2\/pages\/9466\/revisions"}],"wp:attachment":[{"href":"https:\/\/www.aee-intec.at\/en\/wp-json\/wp\/v2\/media?parent=9466"}],"curies":[{"name":"wp","href":"https:\/\/api.w.org\/{rel}","templated":true}]}}